{"id":66,"date":"2019-11-13T20:01:31","date_gmt":"2019-11-13T20:01:31","guid":{"rendered":"https:\/\/transakcija.si\/med-modro-in-roza\/?page_id=66"},"modified":"2019-11-18T14:13:33","modified_gmt":"2019-11-18T14:13:33","slug":"uvod","status":"publish","type":"page","link":"https:\/\/transakcija.si\/med-modro-in-roza\/","title":{"rendered":"Uvod"},"content":{"rendered":"<p>&#8221;Bo fantek ali pun\u010dka?&#8221; je pogosto prvo vpra\u0161anje, ki ga zastavimo osebam, ki pri\u010dakujejo otroka. &#8221;Se \u017ee ve?&#8221; &#8221;Kaj pa si \u017eeli\u0161?&#8221; &#8221;Sta \u017ee izbrali_a ime?&#8221; Pomislimo &#8211; vse to nas zanima, \u0161e preden otrok sploh pride na svet in postane \u2013 otrok. Zato, da bomo vedele_i, kak\u0161no \u010destitko poslati in kak\u0161ne barve ji_mu kupiti prvo darilce. Roza ali modro. Razen, \u010de morda star\u0161i no\u010dejo vedeti ali pa povedati &#8211; v tem primeru se lahko izognemo nerodni situaciji in izberemo rumeno. Ponekod prirejajo celo zabave, tako imenovane &#8216;gender reveal parties&#8217;, kjer se pred rojstvom &#8216;razkrije&#8217; spol otroka in to na zabavi, ki je \u2013 dobesedno \u2013 tematsko obarvana. Tema zabave je spol otroka, ki poleg tega, da \u0161e niti ni na svetu, tudi nima \u0161e niti najmanj\u0161e ideje, kaj je spol, kaj \u0161ele, katerega spola je.<\/p>\n<p>To se nam morda zdi sme\u0161no, hkrati pa je del procesa, ki poteka skozi vse \u017eivljenje. Da bi otroka lahko vzgajale_i v skladu z dolo\u010denimi spolnimi vlogami in stereotipi in jo_ga &#8216;uspe\u0161no&#8217; vzgojile_i v punco ali fanta, \u017eensko ali mo\u0161kega, ji_mu takoj ob rojstvu pripi\u0161emo spol. Gre za arbitraren proces pripisovanja spola, ki predstavlja za\u010detek ukalupljanja v dva, umetno lo\u010dena spola. Barvi roza in modra sami po sebi nimata nobene povezave s spolom; skozi zgodovino sta imeli v zahodni dru\u017ebi ponekod prav nasproten pomen \u2013 za fantke je bila neko\u010d celo bolj primerna roza. Vse_i vemo tudi, da no\u0161enje krila in pet skozi zgodovino ni bilo zgolj v domeni \u017eensk. Pa vendar, v trgovinah in oglasih vidimo, da je \u017ee za otroke vse razdeljeno med roza in modro: &#8216;za punce&#8217; in &#8216;za fante&#8217;.<\/p>\n<p>Kaj pa, \u010de otroku ni v\u0161e\u010d roza, ki mu jo poklanjamo in v katero jo_ga obla\u010dimo? Ali pa modra? Morda je fantek, pa mu je v\u0161e\u010d balet? Pun\u010dka, pa ne mara oblekic in raje divja po igri\u0161\u010du? Kaj \u010de se najljub\u0161e barve otrok ne ujemajo s tem, kar se od njih pri\u010dakuje? Kaj \u010de jim je bolj v\u0161e\u010d druga barva? Morda sploh ne marajo ne modre, ne roza? Ali pa sta jim v\u0161e\u010d obe?<\/p>\n<p>Tudi transspolne osebe smo bile_i v\u010dasih otroci, kakor vsakdo med nami. Zaradi dru\u017ebe in njenega pojmovanja spola nam je (bilo) pogosto neprijetno ali pa smo se zaradi tega celo po\u010dutile_i, da ne spadamo vanjo. Morda smo se tega zavedale \u017ee kot otroci, morda v puberteti ali pa celo kasneje. Najverjetneje zato, ker nismo o temi transspolnosti videle_i ali sli\u0161ale_i ni\u010desar, ne v \u0161oli ne doma. \u0160ele v zadnjih letih se o tej temi ve\u010d govori, kar je tudi posledica ve\u010dje medijske vidnosti transspolnih oseb.<\/p>\n<p><img decoding=\"async\" loading=\"lazy\" class=\"alignnone size-full wp-image-13\" src=\"https:\/\/transakcija.si\/med-modro-in-roza\/wp-content\/uploads\/2019\/11\/0.uvod_-e1573673175377.jpg\" alt=\"oseba z rogovi ima na vsaki strani en miselni obla\u010dek z vpra\u0161ajem\" width=\"348\" height=\"192\" srcset=\"https:\/\/transakcija.si\/med-modro-in-roza\/wp-content\/uploads\/2019\/11\/0.uvod_-e1573673175377.jpg 348w, https:\/\/transakcija.si\/med-modro-in-roza\/wp-content\/uploads\/2019\/11\/0.uvod_-e1573673175377-300x166.jpg 300w\" sizes=\"(max-width: 348px) 100vw, 348px\" \/><\/p>\n<p><b>S tem priro\u010dnikom \u017eelimo ponuditi osnovne informacije o transspolnosti, predvsem pa \u017eelimo ponuditi podporo pri razumevanju lastne spolne identitete v svetu in dru\u017ebi, kjer transspolne osebe te podpore najve\u010dkrat nimajo. Podporo pa \u017eelimo ponuditi tudi vsem osebam, ki\u00a0 transspolne osebe spremljajo na njihovi poti.<\/b><\/p>\n<p>Priro\u010dnik je zato sestavljen iz ve\u010d delov, ki skupaj delujejo tako, da ponujajo najbolj klju\u010dne informacije za transspolne osebe in vse_i, ki jih \u017eelite podpirati. Da bi bila vsebina \u010dimbolj relevantna, dostopna in razumljiva za vse transspolne osebe v Sloveniji, se\u00a0 skozi ves priro\u010dnik s teorijo prepletajo izjave transspolnih oseb. Ve\u010dina poglavij je podkrepljenih tudi z rezultati iz najnovej\u0161e raziskave o Vsakdanjem \u017eivljenju transspolnih oseb v Sloveniji (2019), ki smo jo izvedle_i pri Zavodu TransAkcija.<\/p>\n<p>Priro\u010dnik posve\u010damo vsem transspolnim osebam, cisspolno nenormativnim osebam in vsem, ki se v binarnem spolnem sistemu ne po\u010dutite &#8216;kot doma&#8217;.<\/p>\n<p>Prijetno branje!<\/p>\n","protected":false},"excerpt":{"rendered":"<p>&#8221;Bo fantek ali pun\u010dka?&#8221; je pogosto prvo vpra\u0161anje, ki ga zastavimo osebam, ki pri\u010dakujejo otroka. &#8221;Se \u017ee ve?&#8221; &#8221;Kaj pa si \u017eeli\u0161?&#8221; &#8221;Sta \u017ee izbrali_a ime?&#8221; Pomislimo &#8211; vse to nas zanima, \u0161e preden otrok sploh pride na svet in postane \u2013 otrok. Zato, da bomo vedele_i, kak\u0161no \u010destitko poslati in kak\u0161ne barve ji_mu kupiti &hellip; <a href=\"https:\/\/transakcija.si\/med-modro-in-roza\/\" class=\"more-link\">Continue reading <span class=\"screen-reader-text\">Uvod<\/span><\/a><\/p>\n","protected":false},"author":1,"featured_media":76,"parent":0,"menu_order":0,"comment_status":"closed","ping_status":"closed","template":"","meta":{"footnotes":""},"_links":{"self":[{"href":"https:\/\/transakcija.si\/med-modro-in-roza\/wp-json\/wp\/v2\/pages\/66"}],"collection":[{"href":"https:\/\/transakcija.si\/med-modro-in-roza\/wp-json\/wp\/v2\/pages"}],"about":[{"href":"https:\/\/transakcija.si\/med-modro-in-roza\/wp-json\/wp\/v2\/types\/page"}],"author":[{"embeddable":true,"href":"https:\/\/transakcija.si\/med-modro-in-roza\/wp-json\/wp\/v2\/users\/1"}],"replies":[{"embeddable":true,"href":"https:\/\/transakcija.si\/med-modro-in-roza\/wp-json\/wp\/v2\/comments?post=66"}],"version-history":[{"count":3,"href":"https:\/\/transakcija.si\/med-modro-in-roza\/wp-json\/wp\/v2\/pages\/66\/revisions"}],"predecessor-version":[{"id":115,"href":"https:\/\/transakcija.si\/med-modro-in-roza\/wp-json\/wp\/v2\/pages\/66\/revisions\/115"}],"wp:featuredmedia":[{"embeddable":true,"href":"https:\/\/transakcija.si\/med-modro-in-roza\/wp-json\/wp\/v2\/media\/76"}],"wp:attachment":[{"href":"https:\/\/transakcija.si\/med-modro-in-roza\/wp-json\/wp\/v2\/media?parent=66"}],"curies":[{"name":"wp","href":"https:\/\/api.w.org\/{rel}","templated":true}]}}