{"id":1143,"date":"2017-09-11T13:30:58","date_gmt":"2017-09-11T11:30:58","guid":{"rendered":"https:\/\/transakcija.si\/old\/?page_id=1143"},"modified":"2023-11-11T03:16:14","modified_gmt":"2023-11-11T02:16:14","slug":"ponudba-delavnic-in-izobrazevanj","status":"publish","type":"page","link":"https:\/\/transakcija.si\/old\/aktivnosti-in-storitve\/ponudba-delavnic-in-izobrazevanj\/","title":{"rendered":"Delavnice in izobra\u017eevanja"},"content":{"rendered":"<div id=\"attachment_1900\" style=\"width: 711px\" class=\"wp-caption aligncenter\"><img loading=\"lazy\" decoding=\"async\" aria-describedby=\"caption-attachment-1900\" class=\"wp-image-1900\" src=\"https:\/\/transakcija.si\/old\/wp-content\/uploads\/2018\/09\/30516441_875657632633530_5878865782095478784_o.jpg\" alt=\"\" width=\"701\" height=\"467\" srcset=\"https:\/\/transakcija.si\/old\/wp-content\/uploads\/2018\/09\/30516441_875657632633530_5878865782095478784_o.jpg 1500w, https:\/\/transakcija.si\/old\/wp-content\/uploads\/2018\/09\/30516441_875657632633530_5878865782095478784_o-300x200.jpg 300w, https:\/\/transakcija.si\/old\/wp-content\/uploads\/2018\/09\/30516441_875657632633530_5878865782095478784_o-768x512.jpg 768w, https:\/\/transakcija.si\/old\/wp-content\/uploads\/2018\/09\/30516441_875657632633530_5878865782095478784_o-1024x683.jpg 1024w\" sizes=\"auto, (max-width: 701px) 100vw, 701px\" \/><p id=\"caption-attachment-1900\" class=\"wp-caption-text\">Fotografija: Niko Lapkovski<\/p><\/div>\n<h2>1. Ogled filma \u201cMed modro in roza: Nika in tovarna igra\u010d\u201d in pogovor<\/h2>\n<p><b>Ogledale_i si bomo kratek animirani film <\/b><strong>Med modro in roza: Nika in tovarna igra\u010d<\/strong> <b>(2020), ki bo slu\u017eil kot izto\u010dnica za nadaljnje razmi\u0161ljanje in diskusijo. <\/b>Kratki film Med modro in roza: Nika in tovarna igra\u010d je animirana adaptacija prvega slovenskega priro\u010dnika o transspolnosti\u00a0<strong><a href=\"https:\/\/transakcija.si\/old\/med-modro-in-roza\/\">Med modro in roza<\/a><\/strong>, ki smo ga pri Zavodu TransAkcija izdale_i novembra 2019.<\/p>\n<p>S filmom, kot tudi s priro\u010dnikom, \u017eelimo na prijazen na\u010din predstaviti osnove konceptov transspolnosti, spolne identitete in procesa pripisa spola ob rojstvu.<\/p>\n<p><span style=\"font-weight: 400;\">Film nam bo slu\u017eil kot odsko\u010dna deska za predstavitev razli\u010dnih izku\u0161nj transspolnih oseb v Sloveniji, odgovarjale_i bomo na pomembna vpra\u0161anja in skupaj iskale_i na\u010dine, kako biti spo\u0161tljiv_a in vklju\u010dujo\u010d_a do transspolnih oseb. <\/span><\/p>\n<p><strong>Cilji:<\/strong><\/p>\n<ul>\n<li style=\"font-weight: 400;\"><span style=\"font-weight: 400;\">Spoznati osrednje koncepte, kot so spolna identiteta, spolni izraz, spolna usmerjenost, in se seznaniti s \u010dlovekovimi pravicami transspolnih oseb<\/span><\/li>\n<li style=\"font-weight: 400;\"><span style=\"font-weight: 400;\">Predstaviti polo\u017eaj in izku\u0161nje transspolnih oseb v Sloveniji in tako prispevati k bolj\u0161i osve\u0161\u010denosti o tematiki.<\/span><\/li>\n<li style=\"font-weight: 400;\"><span style=\"font-weight: 400;\">Poiskati na\u010dine, kako smo lahko zaveznice_ki transspolnih oseb.<\/span><\/li>\n<\/ul>\n<h2>2. Izobra\u017eevanje o transspolnosti<\/h2>\n<p>Izobra\u017eevanje o transspolnosti izvajajo zaposlene_i in prostovoljke_ci. <strong>Izobra\u017eevanje je namenjeno osve\u0161\u010danju posameznic_kov in skupin\/kolektivov\/\u0161tudentk_ov itd., skozi informiranje o tematkah transspolnosti<\/strong>, ki je sestavljeno iz predavanja in metod neformalnega u\u010denja. Pri Zavodu TransAkcija \u017ee ve\u010d let izvajamo tovrstna izobra\u017eevanja in usposabljanja, ki jih izvajamo na fakultetah, v nevladnih organizacijah, podjetjih in drugih razli\u010dnih okoljih, kjer se posameznice_ki ali celotni kolektivi odlo\u010dijo, da \u017eelijo biti bolj vklju\u010dujo\u010de_i in spo\u0161tljive_i do transspolnih oseb.<\/p>\n<p><strong>Cilji: <\/strong><\/p>\n<ul>\n<li>Spoznati osrednje koncepte, kot so spolna identiteta, spolni izraz, spolna usmerjenost, in se seznaniti s \u010dlovekovimi pravicami transspolnih oseb<\/li>\n<li>Predstaviti polo\u017eaj in izku\u0161nje transspolnih oseb v Sloveniji in tako prispevati k bolj\u0161i osve\u0161\u010denosti o tematiki.<\/li>\n<li>Poiskati na\u010dine, kako smo lahko zaveznice_ki transspolnih oseb. Ta del izobra\u017eevanja prilagodimo specifi\u010dnemu kontekstu in potrebam naro\u010dnic_kov, tako da zagotovimo, da je izobra\u017eevanje \u010dimbolj koristno.<\/li>\n<\/ul>\n<h2>3. Delavnice<\/h2>\n<p><strong>\u010ce se zanimate za izobra\u017eevanje ali delavnico, vas vabimo, da nam pi\u0161ete na e-naslov <\/strong><a href=\"mailto:info@transakcija.si\"><strong>info@transakcija.si<\/strong><\/a><strong> in dogovorile_i se bomo za obliko izobra\u017eevanja, ki vam najbolj ustreza glede na va\u0161e \u017eelje in potrebe.<\/strong><\/p>\n","protected":false},"excerpt":{"rendered":"<p>1. Ogled filma \u201cMed modro in roza: Nika in tovarna igra\u010d\u201d in pogovor Ogledale_i si bomo kratek animirani film Med modro in roza: Nika in tovarna igra\u010d (2020), ki bo slu\u017eil kot izto\u010dnica za nadaljnje razmi\u0161ljanje in diskusijo. Kratki film Med modro in roza: Nika in tovarna igra\u010d je animirana adaptacija prvega slovenskega priro\u010dnika o [&hellip;]<\/p>\n","protected":false},"author":6,"featured_media":0,"parent":4581,"menu_order":0,"comment_status":"closed","ping_status":"closed","template":"","meta":{"footnotes":""},"class_list":["post-1143","page","type-page","status-publish","hentry"],"yoast_head":"<!-- This site is optimized with the Yoast SEO plugin v27.4 - https:\/\/yoast.com\/product\/yoast-seo-wordpress\/ -->\n<title>Delavnice in izobra\u017eevanja<\/title>\n<meta name=\"robots\" content=\"noindex, follow, max-snippet:-1, max-image-preview:large, max-video-preview:-1\" \/>\n<meta property=\"og:locale\" content=\"en_US\" \/>\n<meta property=\"og:type\" content=\"article\" \/>\n<meta property=\"og:title\" content=\"Delavnice in izobra\u017eevanja\" \/>\n<meta property=\"og:description\" content=\"1. Ogled filma \u201cMed modro in roza: Nika in tovarna igra\u010d\u201d in pogovor Ogledale_i si bomo kratek animirani film Med modro in roza: Nika in tovarna igra\u010d (2020), ki bo slu\u017eil kot izto\u010dnica za nadaljnje razmi\u0161ljanje in diskusijo. Kratki film Med modro in roza: Nika in tovarna igra\u010d je animirana adaptacija prvega slovenskega priro\u010dnika o [&hellip;]\" \/>\n<meta property=\"og:url\" content=\"https:\/\/transakcija.si\/old\/aktivnosti-in-storitve\/ponudba-delavnic-in-izobrazevanj\/\" \/>\n<meta property=\"og:site_name\" content=\"TransAkcija\" \/>\n<meta property=\"article:modified_time\" content=\"2023-11-11T02:16:14+00:00\" \/>\n<meta property=\"og:image\" content=\"https:\/\/transakcija.si\/old\/wp-content\/uploads\/2018\/09\/30516441_875657632633530_5878865782095478784_o.jpg\" \/>\n<meta name=\"twitter:card\" content=\"summary_large_image\" \/>\n<meta name=\"twitter:label1\" content=\"Est. reading time\" \/>\n\t<meta name=\"twitter:data1\" content=\"2 minutes\" \/>\n<script type=\"application\/ld+json\" class=\"yoast-schema-graph\">{\"@context\":\"https:\\\/\\\/schema.org\",\"@graph\":[{\"@type\":\"WebPage\",\"@id\":\"https:\\\/\\\/transakcija.si\\\/old\\\/aktivnosti-in-storitve\\\/ponudba-delavnic-in-izobrazevanj\\\/\",\"url\":\"https:\\\/\\\/transakcija.si\\\/old\\\/aktivnosti-in-storitve\\\/ponudba-delavnic-in-izobrazevanj\\\/\",\"name\":\"Delavnice in izobra\u017eevanja\",\"isPartOf\":{\"@id\":\"https:\\\/\\\/transakcija.si\\\/old\\\/#website\"},\"primaryImageOfPage\":{\"@id\":\"https:\\\/\\\/transakcija.si\\\/old\\\/aktivnosti-in-storitve\\\/ponudba-delavnic-in-izobrazevanj\\\/#primaryimage\"},\"image\":{\"@id\":\"https:\\\/\\\/transakcija.si\\\/old\\\/aktivnosti-in-storitve\\\/ponudba-delavnic-in-izobrazevanj\\\/#primaryimage\"},\"thumbnailUrl\":\"https:\\\/\\\/transakcija.si\\\/old\\\/wp-content\\\/uploads\\\/2018\\\/09\\\/30516441_875657632633530_5878865782095478784_o.jpg\",\"datePublished\":\"2017-09-11T11:30:58+00:00\",\"dateModified\":\"2023-11-11T02:16:14+00:00\",\"breadcrumb\":{\"@id\":\"https:\\\/\\\/transakcija.si\\\/old\\\/aktivnosti-in-storitve\\\/ponudba-delavnic-in-izobrazevanj\\\/#breadcrumb\"},\"inLanguage\":\"en-US\",\"potentialAction\":[{\"@type\":\"ReadAction\",\"target\":[\"https:\\\/\\\/transakcija.si\\\/old\\\/aktivnosti-in-storitve\\\/ponudba-delavnic-in-izobrazevanj\\\/\"]}]},{\"@type\":\"ImageObject\",\"inLanguage\":\"en-US\",\"@id\":\"https:\\\/\\\/transakcija.si\\\/old\\\/aktivnosti-in-storitve\\\/ponudba-delavnic-in-izobrazevanj\\\/#primaryimage\",\"url\":\"https:\\\/\\\/transakcija.si\\\/old\\\/wp-content\\\/uploads\\\/2018\\\/09\\\/30516441_875657632633530_5878865782095478784_o.jpg\",\"contentUrl\":\"https:\\\/\\\/transakcija.si\\\/old\\\/wp-content\\\/uploads\\\/2018\\\/09\\\/30516441_875657632633530_5878865782095478784_o.jpg\",\"width\":1500,\"height\":1000},{\"@type\":\"BreadcrumbList\",\"@id\":\"https:\\\/\\\/transakcija.si\\\/old\\\/aktivnosti-in-storitve\\\/ponudba-delavnic-in-izobrazevanj\\\/#breadcrumb\",\"itemListElement\":[{\"@type\":\"ListItem\",\"position\":1,\"name\":\"Home\",\"item\":\"https:\\\/\\\/transakcija.si\\\/old\\\/\"},{\"@type\":\"ListItem\",\"position\":2,\"name\":\"Aktivnosti in storitve\",\"item\":\"https:\\\/\\\/transakcija.si\\\/old\\\/aktivnosti-in-storitve\\\/\"},{\"@type\":\"ListItem\",\"position\":3,\"name\":\"Delavnice in izobra\u017eevanja\"}]},{\"@type\":\"WebSite\",\"@id\":\"https:\\\/\\\/transakcija.si\\\/old\\\/#website\",\"url\":\"https:\\\/\\\/transakcija.si\\\/old\\\/\",\"name\":\"TransAkcija\",\"description\":\"\",\"publisher\":{\"@id\":\"https:\\\/\\\/transakcija.si\\\/old\\\/#organization\"},\"potentialAction\":[{\"@type\":\"SearchAction\",\"target\":{\"@type\":\"EntryPoint\",\"urlTemplate\":\"https:\\\/\\\/transakcija.si\\\/old\\\/?s={search_term_string}\"},\"query-input\":{\"@type\":\"PropertyValueSpecification\",\"valueRequired\":true,\"valueName\":\"search_term_string\"}}],\"inLanguage\":\"en-US\"},{\"@type\":\"Organization\",\"@id\":\"https:\\\/\\\/transakcija.si\\\/old\\\/#organization\",\"name\":\"TransAkcija\",\"url\":\"https:\\\/\\\/transakcija.si\\\/old\\\/\",\"logo\":{\"@type\":\"ImageObject\",\"inLanguage\":\"en-US\",\"@id\":\"https:\\\/\\\/transakcija.si\\\/old\\\/#\\\/schema\\\/logo\\\/image\\\/\",\"url\":\"https:\\\/\\\/transakcija.si\\\/old\\\/wp-content\\\/uploads\\\/2017\\\/03\\\/logo-l-e1489058897303.png\",\"contentUrl\":\"https:\\\/\\\/transakcija.si\\\/old\\\/wp-content\\\/uploads\\\/2017\\\/03\\\/logo-l-e1489058897303.png\",\"width\":400,\"height\":251,\"caption\":\"TransAkcija\"},\"image\":{\"@id\":\"https:\\\/\\\/transakcija.si\\\/old\\\/#\\\/schema\\\/logo\\\/image\\\/\"}}]}<\/script>\n<!-- \/ Yoast SEO plugin. -->","yoast_head_json":{"title":"Delavnice in izobra\u017eevanja","robots":{"index":"noindex","follow":"follow","max-snippet":"max-snippet:-1","max-image-preview":"max-image-preview:large","max-video-preview":"max-video-preview:-1"},"og_locale":"en_US","og_type":"article","og_title":"Delavnice in izobra\u017eevanja","og_description":"1. Ogled filma \u201cMed modro in roza: Nika in tovarna igra\u010d\u201d in pogovor Ogledale_i si bomo kratek animirani film Med modro in roza: Nika in tovarna igra\u010d (2020), ki bo slu\u017eil kot izto\u010dnica za nadaljnje razmi\u0161ljanje in diskusijo. Kratki film Med modro in roza: Nika in tovarna igra\u010d je animirana adaptacija prvega slovenskega priro\u010dnika o [&hellip;]","og_url":"https:\/\/transakcija.si\/old\/aktivnosti-in-storitve\/ponudba-delavnic-in-izobrazevanj\/","og_site_name":"TransAkcija","article_modified_time":"2023-11-11T02:16:14+00:00","og_image":[{"url":"https:\/\/transakcija.si\/old\/wp-content\/uploads\/2018\/09\/30516441_875657632633530_5878865782095478784_o.jpg","type":"","width":"","height":""}],"twitter_card":"summary_large_image","twitter_misc":{"Est. reading time":"2 minutes"},"schema":{"@context":"https:\/\/schema.org","@graph":[{"@type":"WebPage","@id":"https:\/\/transakcija.si\/old\/aktivnosti-in-storitve\/ponudba-delavnic-in-izobrazevanj\/","url":"https:\/\/transakcija.si\/old\/aktivnosti-in-storitve\/ponudba-delavnic-in-izobrazevanj\/","name":"Delavnice in izobra\u017eevanja","isPartOf":{"@id":"https:\/\/transakcija.si\/old\/#website"},"primaryImageOfPage":{"@id":"https:\/\/transakcija.si\/old\/aktivnosti-in-storitve\/ponudba-delavnic-in-izobrazevanj\/#primaryimage"},"image":{"@id":"https:\/\/transakcija.si\/old\/aktivnosti-in-storitve\/ponudba-delavnic-in-izobrazevanj\/#primaryimage"},"thumbnailUrl":"https:\/\/transakcija.si\/old\/wp-content\/uploads\/2018\/09\/30516441_875657632633530_5878865782095478784_o.jpg","datePublished":"2017-09-11T11:30:58+00:00","dateModified":"2023-11-11T02:16:14+00:00","breadcrumb":{"@id":"https:\/\/transakcija.si\/old\/aktivnosti-in-storitve\/ponudba-delavnic-in-izobrazevanj\/#breadcrumb"},"inLanguage":"en-US","potentialAction":[{"@type":"ReadAction","target":["https:\/\/transakcija.si\/old\/aktivnosti-in-storitve\/ponudba-delavnic-in-izobrazevanj\/"]}]},{"@type":"ImageObject","inLanguage":"en-US","@id":"https:\/\/transakcija.si\/old\/aktivnosti-in-storitve\/ponudba-delavnic-in-izobrazevanj\/#primaryimage","url":"https:\/\/transakcija.si\/old\/wp-content\/uploads\/2018\/09\/30516441_875657632633530_5878865782095478784_o.jpg","contentUrl":"https:\/\/transakcija.si\/old\/wp-content\/uploads\/2018\/09\/30516441_875657632633530_5878865782095478784_o.jpg","width":1500,"height":1000},{"@type":"BreadcrumbList","@id":"https:\/\/transakcija.si\/old\/aktivnosti-in-storitve\/ponudba-delavnic-in-izobrazevanj\/#breadcrumb","itemListElement":[{"@type":"ListItem","position":1,"name":"Home","item":"https:\/\/transakcija.si\/old\/"},{"@type":"ListItem","position":2,"name":"Aktivnosti in storitve","item":"https:\/\/transakcija.si\/old\/aktivnosti-in-storitve\/"},{"@type":"ListItem","position":3,"name":"Delavnice in izobra\u017eevanja"}]},{"@type":"WebSite","@id":"https:\/\/transakcija.si\/old\/#website","url":"https:\/\/transakcija.si\/old\/","name":"TransAkcija","description":"","publisher":{"@id":"https:\/\/transakcija.si\/old\/#organization"},"potentialAction":[{"@type":"SearchAction","target":{"@type":"EntryPoint","urlTemplate":"https:\/\/transakcija.si\/old\/?s={search_term_string}"},"query-input":{"@type":"PropertyValueSpecification","valueRequired":true,"valueName":"search_term_string"}}],"inLanguage":"en-US"},{"@type":"Organization","@id":"https:\/\/transakcija.si\/old\/#organization","name":"TransAkcija","url":"https:\/\/transakcija.si\/old\/","logo":{"@type":"ImageObject","inLanguage":"en-US","@id":"https:\/\/transakcija.si\/old\/#\/schema\/logo\/image\/","url":"https:\/\/transakcija.si\/old\/wp-content\/uploads\/2017\/03\/logo-l-e1489058897303.png","contentUrl":"https:\/\/transakcija.si\/old\/wp-content\/uploads\/2017\/03\/logo-l-e1489058897303.png","width":400,"height":251,"caption":"TransAkcija"},"image":{"@id":"https:\/\/transakcija.si\/old\/#\/schema\/logo\/image\/"}}]}},"_links":{"self":[{"href":"https:\/\/transakcija.si\/old\/wp-json\/wp\/v2\/pages\/1143","targetHints":{"allow":["GET"]}}],"collection":[{"href":"https:\/\/transakcija.si\/old\/wp-json\/wp\/v2\/pages"}],"about":[{"href":"https:\/\/transakcija.si\/old\/wp-json\/wp\/v2\/types\/page"}],"author":[{"embeddable":true,"href":"https:\/\/transakcija.si\/old\/wp-json\/wp\/v2\/users\/6"}],"replies":[{"embeddable":true,"href":"https:\/\/transakcija.si\/old\/wp-json\/wp\/v2\/comments?post=1143"}],"version-history":[{"count":29,"href":"https:\/\/transakcija.si\/old\/wp-json\/wp\/v2\/pages\/1143\/revisions"}],"predecessor-version":[{"id":7666,"href":"https:\/\/transakcija.si\/old\/wp-json\/wp\/v2\/pages\/1143\/revisions\/7666"}],"up":[{"embeddable":true,"href":"https:\/\/transakcija.si\/old\/wp-json\/wp\/v2\/pages\/4581"}],"wp:attachment":[{"href":"https:\/\/transakcija.si\/old\/wp-json\/wp\/v2\/media?parent=1143"}],"curies":[{"name":"wp","href":"https:\/\/api.w.org\/{rel}","templated":true}]}}