{"id":2068,"date":"2018-12-27T15:11:23","date_gmt":"2018-12-27T14:11:23","guid":{"rendered":"https:\/\/transakcija.si\/old\/?page_id=2068"},"modified":"2024-02-16T15:42:15","modified_gmt":"2024-02-16T14:42:15","slug":"svetovanje","status":"publish","type":"page","link":"https:\/\/transakcija.si\/old\/aktivnosti-in-storitve\/svetovanje\/","title":{"rendered":"Svetovanje"},"content":{"rendered":"\r\n<p><strong>Svetovanje in medvrstni\u0161ka podpora <\/strong>ponujata mo\u017enosti pogovora o spolni identiteti in_ali spolnem izrazu, kot tudi pridobitve informacij o pomembnih temah za transspolne* osebe &#8211; npr. proces medicinske tranzicije, menjava spolnega identifikatorja in imena na osebnih dokumentih, aktivnosti namenjene transspolnim osebam, itd.<\/p>\r\n\r\n\r\n\r\n<p><strong>Svetovanje je brezpla\u010dno. <br \/>Nove osebe vedno dobrodo\u0161le.<br \/><\/strong><\/p>\r\n\r\n\r\n\r\n<p>Svetovanje ponujamo transspolnim osebam in njihovim bli\u017enjim z namenom podpore ob vpra\u0161anjih in stiskah, ki se jim porajajo zaradi spolne identitete in_ali izraza. <br \/>Namenjeno je vsem transspolnim* osebam, ki do\u017eivljajo neujemanje med spolom, pripisanim od rojstvu, in do\u017eivljanjem samih sebe, ne glede na (\u0161e morda neoblikovano) spolno identiteto, in tistim, ki se ob spoznanjem, da je nekdo od bli\u017enjih transspolna* oseba, ravno tako soo\u010dajo z vpra\u0161anji in dilemami.<\/p>\r\n<p>&nbsp;<\/p>\r\n<p>Vabljene_i so vse raznolike osebe z raznimi osebnimi okoli\u0161\u010dinami kot so rasa, etni\u010dna pripadnost, invalidnost, zaposlitveni status, osebe, ki \u017eivijo z oviranostmi, osebe s te\u017eavami v du\u0161evnem zdravju in (samo)diagnozami, nevroatipi\u010dne\/nevroraznolike osebe, itd.<\/p>\r\n<p>\r\n\r\n<\/p>\r\n<p><strong>Svetovanje izvajamo preko osebnega ali spletnega pogovora, enkratno ali kontinuirano, na podlagi predhodnega dogovora o terminu sre\u010danja\/videoklica.<\/strong> <br \/>Poleg terminov v \u017eivo so tako na voljo tudi svetovanja preko videoklicev, telefona ali emaila, vse na podlagi vnaprej\u0161njega dogovora. Na spletu svetovanje poteka v obliki spletnih videoklicev na platformi <a href=\"https:\/\/jitsi.org\/\">Jitsi<\/a>. \u017deli\u0161 pogovor, vendar ima\u0161 disforijo glede svojega glasu ali pa je morda zate nevarno, da se naglas pogovarja\u0161 v okolju, kjer prebiva\u0161? Brez skrbi, lahko tudi uporablja\u0161 chat brez kamere in\/ali mikrofona.<\/p>\r\n<p>\r\n\r\n<\/p>\r\n<h4><strong>Se \u017eeli\u0161 dogovoriti za termin?\u00a0<\/strong><\/h4>\r\n<p><strong>Psihosocialno svetovanje <\/strong>izvaja Benyamin Yuu (on_he_they), mag. psih., tj. magister psihologije, dosegljiv na <a href=\"mailto:benyamin.yuu@transakcija.si\">benyamin.yuu@transakcija.si<\/a>.<\/p>\r\n<p><!-- Calendly link widget begin --><!-- Calendly link widget end --><\/p>\r\n<p><strong>Medvrstni\u0161ko podporo <\/strong>izvajata Nuka Horvat (<a href=\"mailto:nuka.horvat@transakcija.si\">nuka.horvat@transakcija.si<\/a>) in\u00a0Neo (<a href=\"mailto:neo@transakcija.si\">neo@transakcija.si<\/a>).\u00a0<\/p>\r\n<p><strong>Svetovanja in medvrstni\u0161ka podpora se izvajajo v na\u0161em prostoru na naslovu <a href=\"https:\/\/www.google.com\/maps\/place\/Trg+prekomorskih+brigad+1,+1000+Ljubljana\/data=!4m2!3m1!1s0x476532b13da2e6eb:0x1ed2295383ebfdbb?sa=X&amp;ved=2ahUKEwjhwKKVx9_tAhUOjaQKHbwLArIQ8gEwAHoECAMQAQ\">Trg prekomorskih brigad 1, 1000 Ljubljana<\/a>.\u00a0<\/strong><strong>\u00a0<br \/><\/strong>Pisarna je v 3. nadstropju, soba \u0161t. 317 &#8211; vhodna vrata vidite takoj, ko izstopite iz dvigala.<\/p>\r\n<p><br \/>\u267f Prostor je dostopen za osebe z razli\u010dnimi fizi\u010dnimi ovirnanostmi oz. osebe, ki uporabljajo vozi\u010dek. Pred stavbo je klan\u010dina, v stavbi pa dvigalo, ki pa je precej majhno. V primeru, da prihajate z vozi\u010dkom, nam to prosim sporo\u010dite vnaprej, da lahko skupaj najdemo najbolj\u0161o mo\u017enost za va\u0161 dostop do na\u0161ih storitev oz. programa.<br \/><br \/>*****************************************************************************<\/p>\r\n<h4><strong>Informacije o trans in LGBIQ+ osebam prijazni in vklju\u010dujo\u010di psihoterapiji<\/strong><span style=\"font-weight: 400;\"><br \/><\/span><\/h4>\r\n<p><span style=\"font-weight: 400;\">Pogosto prejemamo vpra\u0161anja glede informacij in kontaktih certificiranih psihoterapevtk_ov, ki so seznanjene_i s trans in LGBIQ+ tematikami in v svojih praksah vklju\u010dujo\u010di do trans in LGBIQ+ oseb. Na podlagi teh potreb vzpostavljamo sodelovanja s psihoterapevtkami_i, katere na podlagi njihovega predhodnega znanja informiramo glede specifik dela s trans osebami.\u00a0<\/span><\/p>\r\n<p><strong>Psihoterapevtke_i, ki jih priporo\u010damo:<\/strong><\/p>\r\n<ul>\r\n<li><span style=\"font-weight: 400;\">Barica Blenku\u0161, MSc &#8211; Specializantka Transakcijske analize<br \/><\/span><span style=\"font-weight: 400;\">Kontakti: <\/span><a href=\"mailto:barica@psihoterapija-psihoterapevt.si\"><span style=\"font-weight: 400;\">barica@psihoterapija-psihoterapevt.si<\/span><\/a><span style=\"font-weight: 400;\">, <\/span><a href=\"http:\/\/www.psihoterapija-psihoterapevt.si\"><span style=\"font-weight: 400;\">www.psihoterapija-psihoterapevt.si<\/span><\/a><span style=\"font-weight: 400;\"><br \/><br \/>Barica izvaja psihoterapijo v sloven\u0161\u010dini, angle\u0161\u010dini, franco\u0161\u010dini in hrva\u0161\u010dini.<\/span><\/li>\r\n<\/ul>\r\n<p>\r\n\r\n<\/p>\r\n<p><\/p>","protected":false},"excerpt":{"rendered":"<p>Svetovanje in medvrstni\u0161ka podpora ponujata mo\u017enosti pogovora o spolni identiteti in_ali spolnem izrazu, kot tudi pridobitve informacij o pomembnih temah za transspolne* osebe &#8211; npr. proces medicinske tranzicije, menjava spolnega identifikatorja in imena na osebnih dokumentih, aktivnosti namenjene transspolnim osebam, itd. Svetovanje je brezpla\u010dno. Nove osebe vedno dobrodo\u0161le. Svetovanje ponujamo transspolnim osebam in njihovim bli\u017enjim [&hellip;]<\/p>\n","protected":false},"author":6,"featured_media":0,"parent":4581,"menu_order":0,"comment_status":"closed","ping_status":"closed","template":"","meta":{"footnotes":""},"class_list":["post-2068","page","type-page","status-publish","hentry"],"yoast_head":"<!-- This site is optimized with the Yoast SEO plugin v27.4 - https:\/\/yoast.com\/product\/yoast-seo-wordpress\/ -->\n<title>Svetovanje<\/title>\n<meta name=\"robots\" content=\"noindex, follow, max-snippet:-1, max-image-preview:large, max-video-preview:-1\" \/>\n<meta property=\"og:locale\" content=\"en_US\" \/>\n<meta property=\"og:type\" content=\"article\" \/>\n<meta property=\"og:title\" content=\"Svetovanje\" \/>\n<meta property=\"og:description\" content=\"Svetovanje in medvrstni\u0161ka podpora ponujata mo\u017enosti pogovora o spolni identiteti in_ali spolnem izrazu, kot tudi pridobitve informacij o pomembnih temah za transspolne* osebe &#8211; npr. proces medicinske tranzicije, menjava spolnega identifikatorja in imena na osebnih dokumentih, aktivnosti namenjene transspolnim osebam, itd. Svetovanje je brezpla\u010dno. Nove osebe vedno dobrodo\u0161le. Svetovanje ponujamo transspolnim osebam in njihovim bli\u017enjim [&hellip;]\" \/>\n<meta property=\"og:url\" content=\"https:\/\/transakcija.si\/old\/aktivnosti-in-storitve\/svetovanje\/\" \/>\n<meta property=\"og:site_name\" content=\"TransAkcija\" \/>\n<meta property=\"article:modified_time\" content=\"2024-02-16T14:42:15+00:00\" \/>\n<meta name=\"twitter:card\" content=\"summary_large_image\" \/>\n<meta name=\"twitter:label1\" content=\"Est. reading time\" \/>\n\t<meta name=\"twitter:data1\" content=\"2 minutes\" \/>\n<script type=\"application\/ld+json\" class=\"yoast-schema-graph\">{\"@context\":\"https:\\\/\\\/schema.org\",\"@graph\":[{\"@type\":\"WebPage\",\"@id\":\"https:\\\/\\\/transakcija.si\\\/old\\\/aktivnosti-in-storitve\\\/svetovanje\\\/\",\"url\":\"https:\\\/\\\/transakcija.si\\\/old\\\/aktivnosti-in-storitve\\\/svetovanje\\\/\",\"name\":\"Svetovanje\",\"isPartOf\":{\"@id\":\"https:\\\/\\\/transakcija.si\\\/old\\\/#website\"},\"datePublished\":\"2018-12-27T14:11:23+00:00\",\"dateModified\":\"2024-02-16T14:42:15+00:00\",\"breadcrumb\":{\"@id\":\"https:\\\/\\\/transakcija.si\\\/old\\\/aktivnosti-in-storitve\\\/svetovanje\\\/#breadcrumb\"},\"inLanguage\":\"en-US\",\"potentialAction\":[{\"@type\":\"ReadAction\",\"target\":[\"https:\\\/\\\/transakcija.si\\\/old\\\/aktivnosti-in-storitve\\\/svetovanje\\\/\"]}]},{\"@type\":\"BreadcrumbList\",\"@id\":\"https:\\\/\\\/transakcija.si\\\/old\\\/aktivnosti-in-storitve\\\/svetovanje\\\/#breadcrumb\",\"itemListElement\":[{\"@type\":\"ListItem\",\"position\":1,\"name\":\"Home\",\"item\":\"https:\\\/\\\/transakcija.si\\\/old\\\/\"},{\"@type\":\"ListItem\",\"position\":2,\"name\":\"Aktivnosti in storitve\",\"item\":\"https:\\\/\\\/transakcija.si\\\/old\\\/aktivnosti-in-storitve\\\/\"},{\"@type\":\"ListItem\",\"position\":3,\"name\":\"Svetovanje\"}]},{\"@type\":\"WebSite\",\"@id\":\"https:\\\/\\\/transakcija.si\\\/old\\\/#website\",\"url\":\"https:\\\/\\\/transakcija.si\\\/old\\\/\",\"name\":\"TransAkcija\",\"description\":\"\",\"publisher\":{\"@id\":\"https:\\\/\\\/transakcija.si\\\/old\\\/#organization\"},\"potentialAction\":[{\"@type\":\"SearchAction\",\"target\":{\"@type\":\"EntryPoint\",\"urlTemplate\":\"https:\\\/\\\/transakcija.si\\\/old\\\/?s={search_term_string}\"},\"query-input\":{\"@type\":\"PropertyValueSpecification\",\"valueRequired\":true,\"valueName\":\"search_term_string\"}}],\"inLanguage\":\"en-US\"},{\"@type\":\"Organization\",\"@id\":\"https:\\\/\\\/transakcija.si\\\/old\\\/#organization\",\"name\":\"TransAkcija\",\"url\":\"https:\\\/\\\/transakcija.si\\\/old\\\/\",\"logo\":{\"@type\":\"ImageObject\",\"inLanguage\":\"en-US\",\"@id\":\"https:\\\/\\\/transakcija.si\\\/old\\\/#\\\/schema\\\/logo\\\/image\\\/\",\"url\":\"https:\\\/\\\/transakcija.si\\\/old\\\/wp-content\\\/uploads\\\/2017\\\/03\\\/logo-l-e1489058897303.png\",\"contentUrl\":\"https:\\\/\\\/transakcija.si\\\/old\\\/wp-content\\\/uploads\\\/2017\\\/03\\\/logo-l-e1489058897303.png\",\"width\":400,\"height\":251,\"caption\":\"TransAkcija\"},\"image\":{\"@id\":\"https:\\\/\\\/transakcija.si\\\/old\\\/#\\\/schema\\\/logo\\\/image\\\/\"}}]}<\/script>\n<!-- \/ Yoast SEO plugin. -->","yoast_head_json":{"title":"Svetovanje","robots":{"index":"noindex","follow":"follow","max-snippet":"max-snippet:-1","max-image-preview":"max-image-preview:large","max-video-preview":"max-video-preview:-1"},"og_locale":"en_US","og_type":"article","og_title":"Svetovanje","og_description":"Svetovanje in medvrstni\u0161ka podpora ponujata mo\u017enosti pogovora o spolni identiteti in_ali spolnem izrazu, kot tudi pridobitve informacij o pomembnih temah za transspolne* osebe &#8211; npr. proces medicinske tranzicije, menjava spolnega identifikatorja in imena na osebnih dokumentih, aktivnosti namenjene transspolnim osebam, itd. Svetovanje je brezpla\u010dno. Nove osebe vedno dobrodo\u0161le. Svetovanje ponujamo transspolnim osebam in njihovim bli\u017enjim [&hellip;]","og_url":"https:\/\/transakcija.si\/old\/aktivnosti-in-storitve\/svetovanje\/","og_site_name":"TransAkcija","article_modified_time":"2024-02-16T14:42:15+00:00","twitter_card":"summary_large_image","twitter_misc":{"Est. reading time":"2 minutes"},"schema":{"@context":"https:\/\/schema.org","@graph":[{"@type":"WebPage","@id":"https:\/\/transakcija.si\/old\/aktivnosti-in-storitve\/svetovanje\/","url":"https:\/\/transakcija.si\/old\/aktivnosti-in-storitve\/svetovanje\/","name":"Svetovanje","isPartOf":{"@id":"https:\/\/transakcija.si\/old\/#website"},"datePublished":"2018-12-27T14:11:23+00:00","dateModified":"2024-02-16T14:42:15+00:00","breadcrumb":{"@id":"https:\/\/transakcija.si\/old\/aktivnosti-in-storitve\/svetovanje\/#breadcrumb"},"inLanguage":"en-US","potentialAction":[{"@type":"ReadAction","target":["https:\/\/transakcija.si\/old\/aktivnosti-in-storitve\/svetovanje\/"]}]},{"@type":"BreadcrumbList","@id":"https:\/\/transakcija.si\/old\/aktivnosti-in-storitve\/svetovanje\/#breadcrumb","itemListElement":[{"@type":"ListItem","position":1,"name":"Home","item":"https:\/\/transakcija.si\/old\/"},{"@type":"ListItem","position":2,"name":"Aktivnosti in storitve","item":"https:\/\/transakcija.si\/old\/aktivnosti-in-storitve\/"},{"@type":"ListItem","position":3,"name":"Svetovanje"}]},{"@type":"WebSite","@id":"https:\/\/transakcija.si\/old\/#website","url":"https:\/\/transakcija.si\/old\/","name":"TransAkcija","description":"","publisher":{"@id":"https:\/\/transakcija.si\/old\/#organization"},"potentialAction":[{"@type":"SearchAction","target":{"@type":"EntryPoint","urlTemplate":"https:\/\/transakcija.si\/old\/?s={search_term_string}"},"query-input":{"@type":"PropertyValueSpecification","valueRequired":true,"valueName":"search_term_string"}}],"inLanguage":"en-US"},{"@type":"Organization","@id":"https:\/\/transakcija.si\/old\/#organization","name":"TransAkcija","url":"https:\/\/transakcija.si\/old\/","logo":{"@type":"ImageObject","inLanguage":"en-US","@id":"https:\/\/transakcija.si\/old\/#\/schema\/logo\/image\/","url":"https:\/\/transakcija.si\/old\/wp-content\/uploads\/2017\/03\/logo-l-e1489058897303.png","contentUrl":"https:\/\/transakcija.si\/old\/wp-content\/uploads\/2017\/03\/logo-l-e1489058897303.png","width":400,"height":251,"caption":"TransAkcija"},"image":{"@id":"https:\/\/transakcija.si\/old\/#\/schema\/logo\/image\/"}}]}},"_links":{"self":[{"href":"https:\/\/transakcija.si\/old\/wp-json\/wp\/v2\/pages\/2068","targetHints":{"allow":["GET"]}}],"collection":[{"href":"https:\/\/transakcija.si\/old\/wp-json\/wp\/v2\/pages"}],"about":[{"href":"https:\/\/transakcija.si\/old\/wp-json\/wp\/v2\/types\/page"}],"author":[{"embeddable":true,"href":"https:\/\/transakcija.si\/old\/wp-json\/wp\/v2\/users\/6"}],"replies":[{"embeddable":true,"href":"https:\/\/transakcija.si\/old\/wp-json\/wp\/v2\/comments?post=2068"}],"version-history":[{"count":55,"href":"https:\/\/transakcija.si\/old\/wp-json\/wp\/v2\/pages\/2068\/revisions"}],"predecessor-version":[{"id":8083,"href":"https:\/\/transakcija.si\/old\/wp-json\/wp\/v2\/pages\/2068\/revisions\/8083"}],"up":[{"embeddable":true,"href":"https:\/\/transakcija.si\/old\/wp-json\/wp\/v2\/pages\/4581"}],"wp:attachment":[{"href":"https:\/\/transakcija.si\/old\/wp-json\/wp\/v2\/media?parent=2068"}],"curies":[{"name":"wp","href":"https:\/\/api.w.org\/{rel}","templated":true}]}}