{"id":2070,"date":"2018-12-27T15:14:13","date_gmt":"2018-12-27T14:14:13","guid":{"rendered":"https:\/\/transakcija.si\/old\/?page_id=2070"},"modified":"2024-03-12T12:35:31","modified_gmt":"2024-03-12T11:35:31","slug":"trans-podporna-skupina","status":"publish","type":"page","link":"https:\/\/transakcija.si\/old\/aktivnosti-in-storitve\/trans-podporna-skupina\/","title":{"rendered":"Trans* podporna skupina"},"content":{"rendered":"\r\n<div class=\"mceTemp\">\u00a0<\/div>\r\n<p style=\"text-align: left;\"><b><u>Podporne skupine se izvajajo 2x mese\u010dno &#8211; kdaj to\u010dno, si lahko pogleda\u0161 na na\u0161ih <a href=\"https:\/\/www.instagram.com\/transakcija\/\">mese\u010dnih programskih urnikih<\/a>.<\/u><\/b><span style=\"color: #000000;\"><strong><b data-stringify-type=\"bold\">\u00a0<\/b><\/strong><\/span><\/p>\r\n\r\n\r\n\r\n<p><strong>Trans podporna skupina<\/strong> je prostor, kjer lahko delimo svoja vpra\u0161anja, izku\u0161nje, \u017eelje in dvome povezane z na\u0161imi spolnimi identitetami in do\u017eivljanji sebe. Sre\u010danja potekajo v rednih terminih dvakrat mese\u010dno po predhodnem dogovoru udele\u017eenk_cev podporne skupine. Velikost in na\u010din izvedbe podporne skupine v letu 2024 bo odvisna od \u0161tevila in potreb udele\u017eenk_cev.\u00a0<\/p>\r\n<p><strong>Skupina je namenjena vsem transspolnim in spolno nenormativnim osebam ter osebam, ki prevpra\u0161ujejo lasten spol v povezavi s spolom, ki jim je bil pripisan ob rojstvu. Skupina je namenjena vsem, ne glede na to kje znotraj ali onkraj spektra transspolnih idenitet se uvr\u0161\u010dajo. <\/strong><\/p>\r\n<p>\r\n\r\n<\/p>\r\n<p><strong>Vabljene_i so tudi vse raznolike osebe z raznimi osebnimi okoli\u0161\u010dinami kot so rasa, etni\u010dna pripadnost zaposlitveni status, spolne delavke_ci, osebe, ki \u017eivijo z oviranostmi, osebe s te\u017eavami v du\u0161evnem zdravju, nevroraznolike osebe itd. <\/strong><\/p>\r\n<p>\r\n\r\n<\/p>\r\n<p>V specifi\u010dnih primerih in ob predhodnem strinjanju vseh udele\u017eenk_cev dolo\u010dene skupine so na skupini lahko prisotne_i tudi star\u0161i, partnerke_ji, prijatelji_ce in\/ali dru\u017einski_e \u010dlani_ce.<\/p>\r\n<p>\r\n\r\n<\/p>\r\n<p>Na skupinah se pogovarjamo o vseh temah povezanih s transspolnostjo oz. \u017eivljenjem transspolnih oseb, kot so npr. razkritje, medicinska tranzicija, odnosi z dru\u017eino, prijatelji_cami, partnerkami_ji, spolna disforija, du\u0161evno zdravje, trans kultura in mediji itd.<\/p>\r\n<p>&nbsp;<\/p>\r\n<p>\r\n\r\n<\/p>\r\n<p><strong>Lokacija:<br \/><br \/><\/strong><strong>Skupina se izvaja v na\u0161em prostoru na naslovu <a href=\"https:\/\/www.google.com\/maps\/place\/Trg+prekomorskih+brigad+1,+1000+Ljubljana\/data=!4m2!3m1!1s0x476532b13da2e6eb:0x1ed2295383ebfdbb?sa=X&amp;ved=2ahUKEwjhwKKVx9_tAhUOjaQKHbwLArIQ8gEwAHoECAMQAQ\">Trg prekomorskih brigad 1, 1000 Ljubljana<\/a>.\u00a0<\/strong><strong>\u00a0<br \/><\/strong>Na\u0161a pisarna je v 3. nadstropju, soba \u0161t. 317 &#8211; vhodna vrata vidite takoj, ko izstopite iz dvigala.<\/p>\r\n<p class=\"LC20lb DKV0Md\">\u267f Prostor je dostopen za osebe z razli\u010dnimi zmo\u017enostnimi oz. nekatere osebe, ki uporabljajo vozi\u010dek. Pred stavbo je klan\u010dina, v stavbi pa dvigalo, ki pa je precej majhno. V primeru, da prihajate z vozi\u010dkom, nam to prosim sporo\u010dite vnaprej, da lahko skupaj najdemo najbolj\u0161o mo\u017enost za va\u0161 dostop do na\u0161ih storitev oz. programa.<br \/>*************************************************************************************************<br \/>Potrebujete ve\u010d informacij ali imate kak\u0161no vpra\u0161anje? Pi\u0161ite nam na <a href=\"mailto:info@transakcija.si\"><strong>info@transakcija.si<\/strong><\/a>.<\/p>\r\n<p><\/p>","protected":false},"excerpt":{"rendered":"<p>\u00a0 Podporne skupine se izvajajo 2x mese\u010dno &#8211; kdaj to\u010dno, si lahko pogleda\u0161 na na\u0161ih mese\u010dnih programskih urnikih.\u00a0 Trans podporna skupina je prostor, kjer lahko delimo svoja vpra\u0161anja, izku\u0161nje, \u017eelje in dvome povezane z na\u0161imi spolnimi identitetami in do\u017eivljanji sebe. Sre\u010danja potekajo v rednih terminih dvakrat mese\u010dno po predhodnem dogovoru udele\u017eenk_cev podporne skupine. Velikost in [&hellip;]<\/p>\n","protected":false},"author":6,"featured_media":0,"parent":4581,"menu_order":0,"comment_status":"closed","ping_status":"closed","template":"","meta":{"footnotes":""},"class_list":["post-2070","page","type-page","status-publish","hentry"],"yoast_head":"<!-- This site is optimized with the Yoast SEO plugin v27.4 - https:\/\/yoast.com\/product\/yoast-seo-wordpress\/ -->\n<title>Trans* podporna skupina<\/title>\n<meta name=\"robots\" content=\"noindex, follow, max-snippet:-1, max-image-preview:large, max-video-preview:-1\" \/>\n<meta property=\"og:locale\" content=\"en_US\" \/>\n<meta property=\"og:type\" content=\"article\" \/>\n<meta property=\"og:title\" content=\"Trans* podporna skupina\" \/>\n<meta property=\"og:description\" content=\"\u00a0 Podporne skupine se izvajajo 2x mese\u010dno &#8211; kdaj to\u010dno, si lahko pogleda\u0161 na na\u0161ih mese\u010dnih programskih urnikih.\u00a0 Trans podporna skupina je prostor, kjer lahko delimo svoja vpra\u0161anja, izku\u0161nje, \u017eelje in dvome povezane z na\u0161imi spolnimi identitetami in do\u017eivljanji sebe. Sre\u010danja potekajo v rednih terminih dvakrat mese\u010dno po predhodnem dogovoru udele\u017eenk_cev podporne skupine. Velikost in [&hellip;]\" \/>\n<meta property=\"og:url\" content=\"https:\/\/transakcija.si\/old\/aktivnosti-in-storitve\/trans-podporna-skupina\/\" \/>\n<meta property=\"og:site_name\" content=\"TransAkcija\" \/>\n<meta property=\"article:modified_time\" content=\"2024-03-12T11:35:31+00:00\" \/>\n<meta name=\"twitter:card\" content=\"summary_large_image\" \/>\n<meta name=\"twitter:label1\" content=\"Est. reading time\" \/>\n\t<meta name=\"twitter:data1\" content=\"2 minutes\" \/>\n<script type=\"application\/ld+json\" class=\"yoast-schema-graph\">{\"@context\":\"https:\\\/\\\/schema.org\",\"@graph\":[{\"@type\":\"WebPage\",\"@id\":\"https:\\\/\\\/transakcija.si\\\/old\\\/aktivnosti-in-storitve\\\/trans-podporna-skupina\\\/\",\"url\":\"https:\\\/\\\/transakcija.si\\\/old\\\/aktivnosti-in-storitve\\\/trans-podporna-skupina\\\/\",\"name\":\"Trans* podporna skupina\",\"isPartOf\":{\"@id\":\"https:\\\/\\\/transakcija.si\\\/old\\\/#website\"},\"datePublished\":\"2018-12-27T14:14:13+00:00\",\"dateModified\":\"2024-03-12T11:35:31+00:00\",\"breadcrumb\":{\"@id\":\"https:\\\/\\\/transakcija.si\\\/old\\\/aktivnosti-in-storitve\\\/trans-podporna-skupina\\\/#breadcrumb\"},\"inLanguage\":\"en-US\",\"potentialAction\":[{\"@type\":\"ReadAction\",\"target\":[\"https:\\\/\\\/transakcija.si\\\/old\\\/aktivnosti-in-storitve\\\/trans-podporna-skupina\\\/\"]}]},{\"@type\":\"BreadcrumbList\",\"@id\":\"https:\\\/\\\/transakcija.si\\\/old\\\/aktivnosti-in-storitve\\\/trans-podporna-skupina\\\/#breadcrumb\",\"itemListElement\":[{\"@type\":\"ListItem\",\"position\":1,\"name\":\"Home\",\"item\":\"https:\\\/\\\/transakcija.si\\\/old\\\/\"},{\"@type\":\"ListItem\",\"position\":2,\"name\":\"Aktivnosti in storitve\",\"item\":\"https:\\\/\\\/transakcija.si\\\/old\\\/aktivnosti-in-storitve\\\/\"},{\"@type\":\"ListItem\",\"position\":3,\"name\":\"Trans* podporna skupina\"}]},{\"@type\":\"WebSite\",\"@id\":\"https:\\\/\\\/transakcija.si\\\/old\\\/#website\",\"url\":\"https:\\\/\\\/transakcija.si\\\/old\\\/\",\"name\":\"TransAkcija\",\"description\":\"\",\"publisher\":{\"@id\":\"https:\\\/\\\/transakcija.si\\\/old\\\/#organization\"},\"potentialAction\":[{\"@type\":\"SearchAction\",\"target\":{\"@type\":\"EntryPoint\",\"urlTemplate\":\"https:\\\/\\\/transakcija.si\\\/old\\\/?s={search_term_string}\"},\"query-input\":{\"@type\":\"PropertyValueSpecification\",\"valueRequired\":true,\"valueName\":\"search_term_string\"}}],\"inLanguage\":\"en-US\"},{\"@type\":\"Organization\",\"@id\":\"https:\\\/\\\/transakcija.si\\\/old\\\/#organization\",\"name\":\"TransAkcija\",\"url\":\"https:\\\/\\\/transakcija.si\\\/old\\\/\",\"logo\":{\"@type\":\"ImageObject\",\"inLanguage\":\"en-US\",\"@id\":\"https:\\\/\\\/transakcija.si\\\/old\\\/#\\\/schema\\\/logo\\\/image\\\/\",\"url\":\"https:\\\/\\\/transakcija.si\\\/old\\\/wp-content\\\/uploads\\\/2017\\\/03\\\/logo-l-e1489058897303.png\",\"contentUrl\":\"https:\\\/\\\/transakcija.si\\\/old\\\/wp-content\\\/uploads\\\/2017\\\/03\\\/logo-l-e1489058897303.png\",\"width\":400,\"height\":251,\"caption\":\"TransAkcija\"},\"image\":{\"@id\":\"https:\\\/\\\/transakcija.si\\\/old\\\/#\\\/schema\\\/logo\\\/image\\\/\"}}]}<\/script>\n<!-- \/ Yoast SEO plugin. -->","yoast_head_json":{"title":"Trans* podporna skupina","robots":{"index":"noindex","follow":"follow","max-snippet":"max-snippet:-1","max-image-preview":"max-image-preview:large","max-video-preview":"max-video-preview:-1"},"og_locale":"en_US","og_type":"article","og_title":"Trans* podporna skupina","og_description":"\u00a0 Podporne skupine se izvajajo 2x mese\u010dno &#8211; kdaj to\u010dno, si lahko pogleda\u0161 na na\u0161ih mese\u010dnih programskih urnikih.\u00a0 Trans podporna skupina je prostor, kjer lahko delimo svoja vpra\u0161anja, izku\u0161nje, \u017eelje in dvome povezane z na\u0161imi spolnimi identitetami in do\u017eivljanji sebe. Sre\u010danja potekajo v rednih terminih dvakrat mese\u010dno po predhodnem dogovoru udele\u017eenk_cev podporne skupine. Velikost in [&hellip;]","og_url":"https:\/\/transakcija.si\/old\/aktivnosti-in-storitve\/trans-podporna-skupina\/","og_site_name":"TransAkcija","article_modified_time":"2024-03-12T11:35:31+00:00","twitter_card":"summary_large_image","twitter_misc":{"Est. reading time":"2 minutes"},"schema":{"@context":"https:\/\/schema.org","@graph":[{"@type":"WebPage","@id":"https:\/\/transakcija.si\/old\/aktivnosti-in-storitve\/trans-podporna-skupina\/","url":"https:\/\/transakcija.si\/old\/aktivnosti-in-storitve\/trans-podporna-skupina\/","name":"Trans* podporna skupina","isPartOf":{"@id":"https:\/\/transakcija.si\/old\/#website"},"datePublished":"2018-12-27T14:14:13+00:00","dateModified":"2024-03-12T11:35:31+00:00","breadcrumb":{"@id":"https:\/\/transakcija.si\/old\/aktivnosti-in-storitve\/trans-podporna-skupina\/#breadcrumb"},"inLanguage":"en-US","potentialAction":[{"@type":"ReadAction","target":["https:\/\/transakcija.si\/old\/aktivnosti-in-storitve\/trans-podporna-skupina\/"]}]},{"@type":"BreadcrumbList","@id":"https:\/\/transakcija.si\/old\/aktivnosti-in-storitve\/trans-podporna-skupina\/#breadcrumb","itemListElement":[{"@type":"ListItem","position":1,"name":"Home","item":"https:\/\/transakcija.si\/old\/"},{"@type":"ListItem","position":2,"name":"Aktivnosti in storitve","item":"https:\/\/transakcija.si\/old\/aktivnosti-in-storitve\/"},{"@type":"ListItem","position":3,"name":"Trans* podporna skupina"}]},{"@type":"WebSite","@id":"https:\/\/transakcija.si\/old\/#website","url":"https:\/\/transakcija.si\/old\/","name":"TransAkcija","description":"","publisher":{"@id":"https:\/\/transakcija.si\/old\/#organization"},"potentialAction":[{"@type":"SearchAction","target":{"@type":"EntryPoint","urlTemplate":"https:\/\/transakcija.si\/old\/?s={search_term_string}"},"query-input":{"@type":"PropertyValueSpecification","valueRequired":true,"valueName":"search_term_string"}}],"inLanguage":"en-US"},{"@type":"Organization","@id":"https:\/\/transakcija.si\/old\/#organization","name":"TransAkcija","url":"https:\/\/transakcija.si\/old\/","logo":{"@type":"ImageObject","inLanguage":"en-US","@id":"https:\/\/transakcija.si\/old\/#\/schema\/logo\/image\/","url":"https:\/\/transakcija.si\/old\/wp-content\/uploads\/2017\/03\/logo-l-e1489058897303.png","contentUrl":"https:\/\/transakcija.si\/old\/wp-content\/uploads\/2017\/03\/logo-l-e1489058897303.png","width":400,"height":251,"caption":"TransAkcija"},"image":{"@id":"https:\/\/transakcija.si\/old\/#\/schema\/logo\/image\/"}}]}},"_links":{"self":[{"href":"https:\/\/transakcija.si\/old\/wp-json\/wp\/v2\/pages\/2070","targetHints":{"allow":["GET"]}}],"collection":[{"href":"https:\/\/transakcija.si\/old\/wp-json\/wp\/v2\/pages"}],"about":[{"href":"https:\/\/transakcija.si\/old\/wp-json\/wp\/v2\/types\/page"}],"author":[{"embeddable":true,"href":"https:\/\/transakcija.si\/old\/wp-json\/wp\/v2\/users\/6"}],"replies":[{"embeddable":true,"href":"https:\/\/transakcija.si\/old\/wp-json\/wp\/v2\/comments?post=2070"}],"version-history":[{"count":197,"href":"https:\/\/transakcija.si\/old\/wp-json\/wp\/v2\/pages\/2070\/revisions"}],"predecessor-version":[{"id":8129,"href":"https:\/\/transakcija.si\/old\/wp-json\/wp\/v2\/pages\/2070\/revisions\/8129"}],"up":[{"embeddable":true,"href":"https:\/\/transakcija.si\/old\/wp-json\/wp\/v2\/pages\/4581"}],"wp:attachment":[{"href":"https:\/\/transakcija.si\/old\/wp-json\/wp\/v2\/media?parent=2070"}],"curies":[{"name":"wp","href":"https:\/\/api.w.org\/{rel}","templated":true}]}}