{"id":2540,"date":"2019-04-22T19:58:40","date_gmt":"2019-04-22T17:58:40","guid":{"rendered":"https:\/\/transakcija.si\/old\/?page_id=2540"},"modified":"2023-11-12T15:07:26","modified_gmt":"2023-11-12T14:07:26","slug":"prijavi-transfobijo","status":"publish","type":"page","link":"https:\/\/transakcija.si\/old\/prijavi-transfobijo\/","title":{"rendered":"Prijavi transfobijo"},"content":{"rendered":"\n<div class=\"wpcf7 no-js\" id=\"wpcf7-f4434-o1\" lang=\"en-US\" dir=\"ltr\" data-wpcf7-id=\"4434\">\n<div class=\"screen-reader-response\"><p role=\"status\" aria-live=\"polite\" aria-atomic=\"true\"><\/p> <ul><\/ul><\/div>\n<form action=\"\/old\/wp-json\/wp\/v2\/pages\/2540#wpcf7-f4434-o1\" method=\"post\" class=\"wpcf7-form init\" aria-label=\"Contact form\" novalidate=\"novalidate\" data-status=\"init\">\n<fieldset class=\"hidden-fields-container\"><input type=\"hidden\" name=\"_wpcf7\" value=\"4434\" \/><input type=\"hidden\" name=\"_wpcf7_version\" value=\"6.1.5\" \/><input type=\"hidden\" name=\"_wpcf7_locale\" value=\"en_US\" \/><input type=\"hidden\" name=\"_wpcf7_unit_tag\" value=\"wpcf7-f4434-o1\" \/><input type=\"hidden\" name=\"_wpcf7_container_post\" value=\"0\" \/><input type=\"hidden\" name=\"_wpcf7_posted_data_hash\" value=\"\" \/>\n<\/fieldset>\n<p><label style=\"font-family: 'DM Sans', sans-serif;\"> <span style=\"color: red;\"><sup>&starf;<\/sup><\/span> S strani koga si do\u017eivel_a transfobijo?<br \/>\n<span class=\"wpcf7-form-control-wrap\" data-name=\"ime-storilca\"><textarea cols=\"40\" rows=\"10\" maxlength=\"2000\" class=\"wpcf7-form-control wpcf7-textarea wpcf7-validates-as-required\" aria-required=\"true\" aria-invalid=\"false\" placeholder=\"Ime oz. naziv fizi\u010dne oz. pravne osebe\/organa\" name=\"ime-storilca\"><\/textarea><\/span> <\/label>\n<\/p>\n<p><label style=\"font-family: 'DM Sans', sans-serif;\"> <span style=\"color: red;\"><sup>&starf;<\/sup><\/span> Kaj se ti je zgodilo?<br \/>\n<span class=\"wpcf7-form-control-wrap\" data-name=\"opis-dogodka\"><textarea cols=\"40\" rows=\"10\" maxlength=\"2000\" class=\"wpcf7-form-control wpcf7-textarea wpcf7-validates-as-required\" aria-required=\"true\" aria-invalid=\"false\" placeholder=\"Prosimo, da \u010dim natan\u010dneje opi\u0161e\u0161 svojo izku\u0161njo transfobije oz. diskriminacije. Kje in kdaj se je dogodek zgodil? Kdo je izvajal nasilje? Si poznal_a osebe, ki so izvajale nasilje? So ob dogajanju bile pri\u010de? Kako se je odzvala okolica?\" name=\"opis-dogodka\"><\/textarea><\/span> <\/label>\n<\/p>\n<p><label style=\"font-family: 'DM Sans', sans-serif;\"> Prijavo \u017eelim oddati anonimno: <\/label><br \/>\n<span class=\"wpcf7-form-control-wrap\" data-name=\"anonimna-prijava\"><span class=\"wpcf7-form-control wpcf7-radio\"><span class=\"wpcf7-list-item first\"><label><input type=\"radio\" name=\"anonimna-prijava\" value=\"Da\" checked=\"checked\" \/><span class=\"wpcf7-list-item-label\">Da<\/span><\/label><\/span><span class=\"wpcf7-list-item last\"><label><input type=\"radio\" name=\"anonimna-prijava\" value=\"Ne\" \/><span class=\"wpcf7-list-item-label\">Ne<\/span><\/label><\/span><\/span><\/span>\n<\/p>\n<p><label style=\"font-family: 'DM Sans', sans-serif;\"> V primeru, da ne izbere\u0161 anonimne prijave, te bomo kontaktirale_i iz ekipe TransAkcije glede obravnave prijave. V primeru, da izbere\u0161 anonimno prijavo, bo ta zavedena v sistem bele\u017eenja prijav transfobije oz. diskriminacije na osnovi spolne identitete.<\/label>\n<\/p>\n<p>[group group-neanonimno]\n<\/p>\n<p><label style=\"font-family: 'DM Sans', sans-serif;\"> <span style=\"color: red;\"><sup>&starf;<\/sup><\/span> Ime in priimek<br \/>\n<span class=\"wpcf7-form-control-wrap\" data-name=\"ime-priimek\"><input size=\"40\" maxlength=\"400\" class=\"wpcf7-form-control wpcf7-text wpcf7-validates-as-required\" aria-required=\"true\" aria-invalid=\"false\" value=\"\" type=\"text\" name=\"ime-priimek\" \/><\/span> <\/label>\n<\/p>\n<p><label style=\"font-family: 'DM Sans', sans-serif;\"> <span style=\"color: red;\"><sup>&starf;<\/sup><\/span> Zaimki<br \/>\n<span class=\"wpcf7-form-control-wrap\" data-name=\"zaimek\"><input size=\"40\" maxlength=\"400\" class=\"wpcf7-form-control wpcf7-text wpcf7-validates-as-required\" aria-required=\"true\" aria-invalid=\"false\" placeholder=\"Katere zaimke uporablja\u0161 (on, ona, on_a, brez zaimkov...)?\" value=\"\" type=\"text\" name=\"zaimek\" \/><\/span> <\/label>\n<\/p>\n<p><label style=\"font-family: 'DM Sans', sans-serif;\"> Starost<br \/>\n<span class=\"wpcf7-form-control-wrap\" data-name=\"starost\"><input class=\"wpcf7-form-control wpcf7-number wpcf7-validates-as-number\" min=\"8\" max=\"99\" aria-invalid=\"false\" value=\"\" type=\"number\" name=\"starost\" \/><\/span> <\/label>\n<\/p>\n<p><label style=\"font-family: 'DM Sans', sans-serif;\"> E-po\u0161ta<br \/>\n<span class=\"wpcf7-form-control-wrap\" data-name=\"email\"><input size=\"40\" maxlength=\"400\" class=\"wpcf7-form-control wpcf7-email wpcf7-text wpcf7-validates-as-email\" aria-invalid=\"false\" value=\"\" type=\"email\" name=\"email\" \/><\/span> <\/label>\n<\/p>\n<p><label style=\"font-family: 'DM Sans', sans-serif;\"> Telefonska \u0161tevilka<br \/>\n<span class=\"wpcf7-form-control-wrap\" data-name=\"telefon\"><input size=\"40\" maxlength=\"400\" class=\"wpcf7-form-control wpcf7-tel wpcf7-text wpcf7-validates-as-tel\" aria-invalid=\"false\" value=\"\" type=\"tel\" name=\"telefon\" \/><\/span> <\/label>\n<\/p>\n<p>[\/group]\n<\/p>\n<p><input class=\"wpcf7-form-control wpcf7-submit has-spinner\" type=\"submit\" value=\"Po\u0161lji\" \/>\n<\/p><p style=\"display: none !important;\"><label>&#916;<textarea name=\"_wpcf7_ak_hp_textarea\" cols=\"45\" rows=\"8\" maxlength=\"100\"><\/textarea><\/label><input type=\"hidden\" id=\"ak_js_1\" name=\"_wpcf7_ak_js\" value=\"203\"\/><script>document.getElementById( \"ak_js_1\" ).setAttribute( \"value\", ( new Date() ).getTime() );<\/script><\/p><div class=\"wpcf7-response-output\" aria-hidden=\"true\"><\/div>\n<\/form>\n<\/div>\n\n","protected":false},"excerpt":{"rendered":"","protected":false},"author":6,"featured_media":0,"parent":0,"menu_order":0,"comment_status":"closed","ping_status":"closed","template":"","meta":{"footnotes":""},"class_list":["post-2540","page","type-page","status-publish","hentry"],"yoast_head":"<!-- This site is optimized with the Yoast SEO plugin v27.4 - https:\/\/yoast.com\/product\/yoast-seo-wordpress\/ -->\n<title>Prijavi transfobijo<\/title>\n<meta name=\"robots\" content=\"noindex, follow, max-snippet:-1, max-image-preview:large, max-video-preview:-1\" \/>\n<meta property=\"og:locale\" content=\"en_US\" \/>\n<meta property=\"og:type\" content=\"article\" \/>\n<meta property=\"og:title\" content=\"Prijavi transfobijo\" \/>\n<meta property=\"og:url\" content=\"https:\/\/transakcija.si\/old\/prijavi-transfobijo\/\" \/>\n<meta property=\"og:site_name\" content=\"TransAkcija\" \/>\n<meta property=\"article:modified_time\" content=\"2023-11-12T14:07:26+00:00\" \/>\n<meta name=\"twitter:card\" content=\"summary_large_image\" \/>\n<meta name=\"twitter:label1\" content=\"Est. reading time\" \/>\n\t<meta name=\"twitter:data1\" content=\"1 minute\" \/>\n<script type=\"application\/ld+json\" class=\"yoast-schema-graph\">{\"@context\":\"https:\\\/\\\/schema.org\",\"@graph\":[{\"@type\":\"WebPage\",\"@id\":\"https:\\\/\\\/transakcija.si\\\/old\\\/prijavi-transfobijo\\\/\",\"url\":\"https:\\\/\\\/transakcija.si\\\/old\\\/prijavi-transfobijo\\\/\",\"name\":\"Prijavi transfobijo\",\"isPartOf\":{\"@id\":\"https:\\\/\\\/transakcija.si\\\/old\\\/#website\"},\"datePublished\":\"2019-04-22T17:58:40+00:00\",\"dateModified\":\"2023-11-12T14:07:26+00:00\",\"breadcrumb\":{\"@id\":\"https:\\\/\\\/transakcija.si\\\/old\\\/prijavi-transfobijo\\\/#breadcrumb\"},\"inLanguage\":\"en-US\",\"potentialAction\":[{\"@type\":\"ReadAction\",\"target\":[\"https:\\\/\\\/transakcija.si\\\/old\\\/prijavi-transfobijo\\\/\"]}]},{\"@type\":\"BreadcrumbList\",\"@id\":\"https:\\\/\\\/transakcija.si\\\/old\\\/prijavi-transfobijo\\\/#breadcrumb\",\"itemListElement\":[{\"@type\":\"ListItem\",\"position\":1,\"name\":\"Home\",\"item\":\"https:\\\/\\\/transakcija.si\\\/old\\\/\"},{\"@type\":\"ListItem\",\"position\":2,\"name\":\"Prijavi transfobijo\"}]},{\"@type\":\"WebSite\",\"@id\":\"https:\\\/\\\/transakcija.si\\\/old\\\/#website\",\"url\":\"https:\\\/\\\/transakcija.si\\\/old\\\/\",\"name\":\"TransAkcija\",\"description\":\"\",\"publisher\":{\"@id\":\"https:\\\/\\\/transakcija.si\\\/old\\\/#organization\"},\"potentialAction\":[{\"@type\":\"SearchAction\",\"target\":{\"@type\":\"EntryPoint\",\"urlTemplate\":\"https:\\\/\\\/transakcija.si\\\/old\\\/?s={search_term_string}\"},\"query-input\":{\"@type\":\"PropertyValueSpecification\",\"valueRequired\":true,\"valueName\":\"search_term_string\"}}],\"inLanguage\":\"en-US\"},{\"@type\":\"Organization\",\"@id\":\"https:\\\/\\\/transakcija.si\\\/old\\\/#organization\",\"name\":\"TransAkcija\",\"url\":\"https:\\\/\\\/transakcija.si\\\/old\\\/\",\"logo\":{\"@type\":\"ImageObject\",\"inLanguage\":\"en-US\",\"@id\":\"https:\\\/\\\/transakcija.si\\\/old\\\/#\\\/schema\\\/logo\\\/image\\\/\",\"url\":\"https:\\\/\\\/transakcija.si\\\/old\\\/wp-content\\\/uploads\\\/2017\\\/03\\\/logo-l-e1489058897303.png\",\"contentUrl\":\"https:\\\/\\\/transakcija.si\\\/old\\\/wp-content\\\/uploads\\\/2017\\\/03\\\/logo-l-e1489058897303.png\",\"width\":400,\"height\":251,\"caption\":\"TransAkcija\"},\"image\":{\"@id\":\"https:\\\/\\\/transakcija.si\\\/old\\\/#\\\/schema\\\/logo\\\/image\\\/\"}}]}<\/script>\n<!-- \/ Yoast SEO plugin. -->","yoast_head_json":{"title":"Prijavi transfobijo","robots":{"index":"noindex","follow":"follow","max-snippet":"max-snippet:-1","max-image-preview":"max-image-preview:large","max-video-preview":"max-video-preview:-1"},"og_locale":"en_US","og_type":"article","og_title":"Prijavi transfobijo","og_url":"https:\/\/transakcija.si\/old\/prijavi-transfobijo\/","og_site_name":"TransAkcija","article_modified_time":"2023-11-12T14:07:26+00:00","twitter_card":"summary_large_image","twitter_misc":{"Est. reading time":"1 minute"},"schema":{"@context":"https:\/\/schema.org","@graph":[{"@type":"WebPage","@id":"https:\/\/transakcija.si\/old\/prijavi-transfobijo\/","url":"https:\/\/transakcija.si\/old\/prijavi-transfobijo\/","name":"Prijavi transfobijo","isPartOf":{"@id":"https:\/\/transakcija.si\/old\/#website"},"datePublished":"2019-04-22T17:58:40+00:00","dateModified":"2023-11-12T14:07:26+00:00","breadcrumb":{"@id":"https:\/\/transakcija.si\/old\/prijavi-transfobijo\/#breadcrumb"},"inLanguage":"en-US","potentialAction":[{"@type":"ReadAction","target":["https:\/\/transakcija.si\/old\/prijavi-transfobijo\/"]}]},{"@type":"BreadcrumbList","@id":"https:\/\/transakcija.si\/old\/prijavi-transfobijo\/#breadcrumb","itemListElement":[{"@type":"ListItem","position":1,"name":"Home","item":"https:\/\/transakcija.si\/old\/"},{"@type":"ListItem","position":2,"name":"Prijavi transfobijo"}]},{"@type":"WebSite","@id":"https:\/\/transakcija.si\/old\/#website","url":"https:\/\/transakcija.si\/old\/","name":"TransAkcija","description":"","publisher":{"@id":"https:\/\/transakcija.si\/old\/#organization"},"potentialAction":[{"@type":"SearchAction","target":{"@type":"EntryPoint","urlTemplate":"https:\/\/transakcija.si\/old\/?s={search_term_string}"},"query-input":{"@type":"PropertyValueSpecification","valueRequired":true,"valueName":"search_term_string"}}],"inLanguage":"en-US"},{"@type":"Organization","@id":"https:\/\/transakcija.si\/old\/#organization","name":"TransAkcija","url":"https:\/\/transakcija.si\/old\/","logo":{"@type":"ImageObject","inLanguage":"en-US","@id":"https:\/\/transakcija.si\/old\/#\/schema\/logo\/image\/","url":"https:\/\/transakcija.si\/old\/wp-content\/uploads\/2017\/03\/logo-l-e1489058897303.png","contentUrl":"https:\/\/transakcija.si\/old\/wp-content\/uploads\/2017\/03\/logo-l-e1489058897303.png","width":400,"height":251,"caption":"TransAkcija"},"image":{"@id":"https:\/\/transakcija.si\/old\/#\/schema\/logo\/image\/"}}]}},"_links":{"self":[{"href":"https:\/\/transakcija.si\/old\/wp-json\/wp\/v2\/pages\/2540","targetHints":{"allow":["GET"]}}],"collection":[{"href":"https:\/\/transakcija.si\/old\/wp-json\/wp\/v2\/pages"}],"about":[{"href":"https:\/\/transakcija.si\/old\/wp-json\/wp\/v2\/types\/page"}],"author":[{"embeddable":true,"href":"https:\/\/transakcija.si\/old\/wp-json\/wp\/v2\/users\/6"}],"replies":[{"embeddable":true,"href":"https:\/\/transakcija.si\/old\/wp-json\/wp\/v2\/comments?post=2540"}],"version-history":[{"count":10,"href":"https:\/\/transakcija.si\/old\/wp-json\/wp\/v2\/pages\/2540\/revisions"}],"predecessor-version":[{"id":7760,"href":"https:\/\/transakcija.si\/old\/wp-json\/wp\/v2\/pages\/2540\/revisions\/7760"}],"wp:attachment":[{"href":"https:\/\/transakcija.si\/old\/wp-json\/wp\/v2\/media?parent=2540"}],"curies":[{"name":"wp","href":"https:\/\/api.w.org\/{rel}","templated":true}]}}