{"id":3303,"date":"2020-01-23T13:28:32","date_gmt":"2020-01-23T12:28:32","guid":{"rendered":"https:\/\/transakcija.si\/old\/?page_id=3303"},"modified":"2024-04-09T11:57:11","modified_gmt":"2024-04-09T09:57:11","slug":"letna-porocila-zavoda","status":"publish","type":"page","link":"https:\/\/transakcija.si\/old\/about\/letna-porocila-zavoda\/","title":{"rendered":"Letna poro\u010dila zavoda"},"content":{"rendered":"<h3><strong>Vsebinska poro\u010dila<\/strong><\/h3>\n<p><strong><a href=\"https:\/\/transakcija.si\/old\/wp-content\/uploads\/2024\/04\/2023_letno-porocilo.pdf\">Letno vsebinsko poro\u010dilo &#8211; 2023<\/a><br \/>\n<a href=\"https:\/\/transakcija.si\/old\/wp-content\/uploads\/2023\/02\/TransAkcija-letno-porocilo_2022.pdf\" rel=\"attachment wp-att-7016\">Letno vsebinsko poro\u010dilo &#8211; 2022<\/a><br \/>\n<a href=\"https:\/\/transakcija.si\/old\/wp-content\/uploads\/2022\/01\/TransAkcija-letno-porocilo_2021.pdf\">Letno vsebinsko poro\u010dilo &#8211; 2021<\/a><\/strong><br \/>\n<a href=\"https:\/\/transakcija.si\/old\/wp-content\/uploads\/2021\/01\/TransAkcija-letno-porocilo_2020.pdf\"><strong>Letno vsebinsko poro\u010dilo &#8211; 2020<\/strong><\/a><br \/>\n<strong><a href=\"https:\/\/transakcija.si\/old\/wp-content\/uploads\/2020\/01\/TransAkcija-letno-poro\u010dilo_2019.pdf\">Letno vsebinsko poro\u010dilo &#8211; 2019<\/a><br \/>\n<\/strong><strong><a href=\"https:\/\/transakcija.si\/old\/wp-content\/uploads\/2020\/01\/TransAkcija-letno-poro\u010dilo_2018.pdf\">Letno vsebinsko poro\u010dilo &#8211; 2018<\/a><br \/>\n<\/strong><strong><a href=\"https:\/\/transakcija.si\/old\/wp-content\/uploads\/2020\/01\/Letno-poro\u0192ilo-2017.pdf\">Letno vsebinsko poro\u010dilo &#8211; 2017<\/a><br \/>\n<\/strong><strong><a href=\"https:\/\/transakcija.si\/old\/wp-content\/uploads\/2020\/01\/Letno-poro\u0192ilo-2016.pdf\">Letno vsebinsko poro\u010dilo &#8211; 2016<\/a><\/strong><\/p>\n<p>&nbsp;<\/p>\n<h3><strong>Finan\u010dna poro\u010dila<\/strong><\/h3>\n<p><strong><a href=\"https:\/\/transakcija.si\/old\/wp-content\/uploads\/2024\/04\/OSNUTEK-lp2023_6899625000.pdf\">Letno finan\u010dno poro\u010dilo &#8211; 2023<\/a><br \/>\n<a href=\"https:\/\/transakcija.si\/old\/wp-content\/uploads\/2023\/06\/i4v-2023_letno-financno-porocilo-2022.pdf\">Letno finan\u010dno poro\u010dilo &#8211; 2022<\/a><br \/>\n<\/strong><strong><a href=\"https:\/\/transakcija.si\/old\/wp-content\/uploads\/2022\/02\/Letno-financno-porocilo-2021.pdf\">Letno finan\u010dno poro\u010dilo &#8211; 2021<\/a><br \/>\n<a href=\"https:\/\/transakcija.si\/old\/wp-content\/uploads\/2021\/02\/lp2020_6899625000-oddano.pdf\">Letno finan\u010dno poro\u010dilo &#8211; 2020<\/a><br \/>\n<\/strong><strong><a href=\"https:\/\/transakcija.si\/old\/wp-content\/uploads\/2020\/02\/lp2019_6899625000-pripravljheno-za-oddajo.pdf\">Letno finan\u010dno poro\u010dilo &#8211; 2019<\/a><br \/>\n<a href=\"https:\/\/transakcija.si\/old\/wp-content\/uploads\/2020\/01\/AJPES-LP-2018.pdf\">Letno finan\u010dno poro\u010dilo &#8211; 2018<\/a><br \/>\n<\/strong><strong><a href=\"https:\/\/transakcija.si\/old\/wp-content\/uploads\/2020\/01\/6685C581-B845-4EED-9CC8-848D1060FE4A-ajpes-2017.pdf\">Letno finan\u010dno poro\u010dilo &#8211; 2017<\/a><br \/>\n<\/strong><strong><a href=\"https:\/\/transakcija.si\/old\/wp-content\/uploads\/2020\/01\/lp2016_6899625000.pdf\">Letno finan\u010dno poro\u010dilo &#8211; 2016<\/a><\/strong><\/p>\n","protected":false},"excerpt":{"rendered":"<p>Vsebinska poro\u010dila Letno vsebinsko poro\u010dilo &#8211; 2023 Letno vsebinsko poro\u010dilo &#8211; 2022 Letno vsebinsko poro\u010dilo &#8211; 2021 Letno vsebinsko poro\u010dilo &#8211; 2020 Letno vsebinsko poro\u010dilo &#8211; 2019 Letno vsebinsko poro\u010dilo &#8211; 2018 Letno vsebinsko poro\u010dilo &#8211; 2017 Letno vsebinsko poro\u010dilo &#8211; 2016 &nbsp; Finan\u010dna poro\u010dila Letno finan\u010dno poro\u010dilo &#8211; 2023 Letno finan\u010dno poro\u010dilo &#8211; 2022 [&hellip;]<\/p>\n","protected":false},"author":18,"featured_media":0,"parent":14,"menu_order":0,"comment_status":"closed","ping_status":"closed","template":"","meta":{"footnotes":""},"class_list":["post-3303","page","type-page","status-publish","hentry"],"yoast_head":"<!-- This site is optimized with the Yoast SEO plugin v27.4 - https:\/\/yoast.com\/product\/yoast-seo-wordpress\/ -->\n<title>Letna poro\u010dila zavoda<\/title>\n<meta name=\"robots\" content=\"noindex, follow, max-snippet:-1, max-image-preview:large, max-video-preview:-1\" \/>\n<meta property=\"og:locale\" content=\"en_US\" \/>\n<meta property=\"og:type\" content=\"article\" \/>\n<meta property=\"og:title\" content=\"Letna poro\u010dila zavoda\" \/>\n<meta property=\"og:description\" content=\"Vsebinska poro\u010dila Letno vsebinsko poro\u010dilo &#8211; 2023 Letno vsebinsko poro\u010dilo &#8211; 2022 Letno vsebinsko poro\u010dilo &#8211; 2021 Letno vsebinsko poro\u010dilo &#8211; 2020 Letno vsebinsko poro\u010dilo &#8211; 2019 Letno vsebinsko poro\u010dilo &#8211; 2018 Letno vsebinsko poro\u010dilo &#8211; 2017 Letno vsebinsko poro\u010dilo &#8211; 2016 &nbsp; Finan\u010dna poro\u010dila Letno finan\u010dno poro\u010dilo &#8211; 2023 Letno finan\u010dno poro\u010dilo &#8211; 2022 [&hellip;]\" \/>\n<meta property=\"og:url\" content=\"https:\/\/transakcija.si\/old\/about\/letna-porocila-zavoda\/\" \/>\n<meta property=\"og:site_name\" content=\"TransAkcija\" \/>\n<meta property=\"article:modified_time\" content=\"2024-04-09T09:57:11+00:00\" \/>\n<meta name=\"twitter:card\" content=\"summary_large_image\" \/>\n<meta name=\"twitter:label1\" content=\"Est. reading time\" \/>\n\t<meta name=\"twitter:data1\" content=\"1 minute\" \/>\n<script type=\"application\/ld+json\" class=\"yoast-schema-graph\">{\"@context\":\"https:\\\/\\\/schema.org\",\"@graph\":[{\"@type\":\"WebPage\",\"@id\":\"https:\\\/\\\/transakcija.si\\\/old\\\/about\\\/letna-porocila-zavoda\\\/\",\"url\":\"https:\\\/\\\/transakcija.si\\\/old\\\/about\\\/letna-porocila-zavoda\\\/\",\"name\":\"Letna poro\u010dila zavoda\",\"isPartOf\":{\"@id\":\"https:\\\/\\\/transakcija.si\\\/old\\\/#website\"},\"datePublished\":\"2020-01-23T12:28:32+00:00\",\"dateModified\":\"2024-04-09T09:57:11+00:00\",\"breadcrumb\":{\"@id\":\"https:\\\/\\\/transakcija.si\\\/old\\\/about\\\/letna-porocila-zavoda\\\/#breadcrumb\"},\"inLanguage\":\"en-US\",\"potentialAction\":[{\"@type\":\"ReadAction\",\"target\":[\"https:\\\/\\\/transakcija.si\\\/old\\\/about\\\/letna-porocila-zavoda\\\/\"]}]},{\"@type\":\"BreadcrumbList\",\"@id\":\"https:\\\/\\\/transakcija.si\\\/old\\\/about\\\/letna-porocila-zavoda\\\/#breadcrumb\",\"itemListElement\":[{\"@type\":\"ListItem\",\"position\":1,\"name\":\"Home\",\"item\":\"https:\\\/\\\/transakcija.si\\\/old\\\/\"},{\"@type\":\"ListItem\",\"position\":2,\"name\":\"O TransAkciji\",\"item\":\"https:\\\/\\\/transakcija.si\\\/old\\\/about\\\/\"},{\"@type\":\"ListItem\",\"position\":3,\"name\":\"Letna poro\u010dila zavoda\"}]},{\"@type\":\"WebSite\",\"@id\":\"https:\\\/\\\/transakcija.si\\\/old\\\/#website\",\"url\":\"https:\\\/\\\/transakcija.si\\\/old\\\/\",\"name\":\"TransAkcija\",\"description\":\"\",\"publisher\":{\"@id\":\"https:\\\/\\\/transakcija.si\\\/old\\\/#organization\"},\"potentialAction\":[{\"@type\":\"SearchAction\",\"target\":{\"@type\":\"EntryPoint\",\"urlTemplate\":\"https:\\\/\\\/transakcija.si\\\/old\\\/?s={search_term_string}\"},\"query-input\":{\"@type\":\"PropertyValueSpecification\",\"valueRequired\":true,\"valueName\":\"search_term_string\"}}],\"inLanguage\":\"en-US\"},{\"@type\":\"Organization\",\"@id\":\"https:\\\/\\\/transakcija.si\\\/old\\\/#organization\",\"name\":\"TransAkcija\",\"url\":\"https:\\\/\\\/transakcija.si\\\/old\\\/\",\"logo\":{\"@type\":\"ImageObject\",\"inLanguage\":\"en-US\",\"@id\":\"https:\\\/\\\/transakcija.si\\\/old\\\/#\\\/schema\\\/logo\\\/image\\\/\",\"url\":\"https:\\\/\\\/transakcija.si\\\/old\\\/wp-content\\\/uploads\\\/2017\\\/03\\\/logo-l-e1489058897303.png\",\"contentUrl\":\"https:\\\/\\\/transakcija.si\\\/old\\\/wp-content\\\/uploads\\\/2017\\\/03\\\/logo-l-e1489058897303.png\",\"width\":400,\"height\":251,\"caption\":\"TransAkcija\"},\"image\":{\"@id\":\"https:\\\/\\\/transakcija.si\\\/old\\\/#\\\/schema\\\/logo\\\/image\\\/\"}}]}<\/script>\n<!-- \/ Yoast SEO plugin. -->","yoast_head_json":{"title":"Letna poro\u010dila zavoda","robots":{"index":"noindex","follow":"follow","max-snippet":"max-snippet:-1","max-image-preview":"max-image-preview:large","max-video-preview":"max-video-preview:-1"},"og_locale":"en_US","og_type":"article","og_title":"Letna poro\u010dila zavoda","og_description":"Vsebinska poro\u010dila Letno vsebinsko poro\u010dilo &#8211; 2023 Letno vsebinsko poro\u010dilo &#8211; 2022 Letno vsebinsko poro\u010dilo &#8211; 2021 Letno vsebinsko poro\u010dilo &#8211; 2020 Letno vsebinsko poro\u010dilo &#8211; 2019 Letno vsebinsko poro\u010dilo &#8211; 2018 Letno vsebinsko poro\u010dilo &#8211; 2017 Letno vsebinsko poro\u010dilo &#8211; 2016 &nbsp; Finan\u010dna poro\u010dila Letno finan\u010dno poro\u010dilo &#8211; 2023 Letno finan\u010dno poro\u010dilo &#8211; 2022 [&hellip;]","og_url":"https:\/\/transakcija.si\/old\/about\/letna-porocila-zavoda\/","og_site_name":"TransAkcija","article_modified_time":"2024-04-09T09:57:11+00:00","twitter_card":"summary_large_image","twitter_misc":{"Est. reading time":"1 minute"},"schema":{"@context":"https:\/\/schema.org","@graph":[{"@type":"WebPage","@id":"https:\/\/transakcija.si\/old\/about\/letna-porocila-zavoda\/","url":"https:\/\/transakcija.si\/old\/about\/letna-porocila-zavoda\/","name":"Letna poro\u010dila zavoda","isPartOf":{"@id":"https:\/\/transakcija.si\/old\/#website"},"datePublished":"2020-01-23T12:28:32+00:00","dateModified":"2024-04-09T09:57:11+00:00","breadcrumb":{"@id":"https:\/\/transakcija.si\/old\/about\/letna-porocila-zavoda\/#breadcrumb"},"inLanguage":"en-US","potentialAction":[{"@type":"ReadAction","target":["https:\/\/transakcija.si\/old\/about\/letna-porocila-zavoda\/"]}]},{"@type":"BreadcrumbList","@id":"https:\/\/transakcija.si\/old\/about\/letna-porocila-zavoda\/#breadcrumb","itemListElement":[{"@type":"ListItem","position":1,"name":"Home","item":"https:\/\/transakcija.si\/old\/"},{"@type":"ListItem","position":2,"name":"O TransAkciji","item":"https:\/\/transakcija.si\/old\/about\/"},{"@type":"ListItem","position":3,"name":"Letna poro\u010dila zavoda"}]},{"@type":"WebSite","@id":"https:\/\/transakcija.si\/old\/#website","url":"https:\/\/transakcija.si\/old\/","name":"TransAkcija","description":"","publisher":{"@id":"https:\/\/transakcija.si\/old\/#organization"},"potentialAction":[{"@type":"SearchAction","target":{"@type":"EntryPoint","urlTemplate":"https:\/\/transakcija.si\/old\/?s={search_term_string}"},"query-input":{"@type":"PropertyValueSpecification","valueRequired":true,"valueName":"search_term_string"}}],"inLanguage":"en-US"},{"@type":"Organization","@id":"https:\/\/transakcija.si\/old\/#organization","name":"TransAkcija","url":"https:\/\/transakcija.si\/old\/","logo":{"@type":"ImageObject","inLanguage":"en-US","@id":"https:\/\/transakcija.si\/old\/#\/schema\/logo\/image\/","url":"https:\/\/transakcija.si\/old\/wp-content\/uploads\/2017\/03\/logo-l-e1489058897303.png","contentUrl":"https:\/\/transakcija.si\/old\/wp-content\/uploads\/2017\/03\/logo-l-e1489058897303.png","width":400,"height":251,"caption":"TransAkcija"},"image":{"@id":"https:\/\/transakcija.si\/old\/#\/schema\/logo\/image\/"}}]}},"_links":{"self":[{"href":"https:\/\/transakcija.si\/old\/wp-json\/wp\/v2\/pages\/3303","targetHints":{"allow":["GET"]}}],"collection":[{"href":"https:\/\/transakcija.si\/old\/wp-json\/wp\/v2\/pages"}],"about":[{"href":"https:\/\/transakcija.si\/old\/wp-json\/wp\/v2\/types\/page"}],"author":[{"embeddable":true,"href":"https:\/\/transakcija.si\/old\/wp-json\/wp\/v2\/users\/18"}],"replies":[{"embeddable":true,"href":"https:\/\/transakcija.si\/old\/wp-json\/wp\/v2\/comments?post=3303"}],"version-history":[{"count":35,"href":"https:\/\/transakcija.si\/old\/wp-json\/wp\/v2\/pages\/3303\/revisions"}],"predecessor-version":[{"id":8230,"href":"https:\/\/transakcija.si\/old\/wp-json\/wp\/v2\/pages\/3303\/revisions\/8230"}],"up":[{"embeddable":true,"href":"https:\/\/transakcija.si\/old\/wp-json\/wp\/v2\/pages\/14"}],"wp:attachment":[{"href":"https:\/\/transakcija.si\/old\/wp-json\/wp\/v2\/media?parent=3303"}],"curies":[{"name":"wp","href":"https:\/\/api.w.org\/{rel}","templated":true}]}}