{"id":4410,"date":"2021-01-21T19:07:01","date_gmt":"2021-01-21T18:07:01","guid":{"rendered":"https:\/\/transakcija.si\/old\/?page_id=4410"},"modified":"2021-01-21T19:07:01","modified_gmt":"2021-01-21T18:07:01","slug":"o-transspolnosti","status":"publish","type":"page","link":"https:\/\/transakcija.si\/old\/o-transspolnosti\/","title":{"rendered":"O transspolnosti"},"content":{"rendered":"<div id=\"attachment_2166\" style=\"width: 610px\" class=\"wp-caption aligncenter\"><img loading=\"lazy\" decoding=\"async\" aria-describedby=\"caption-attachment-2166\" class=\"wp-image-2166\" src=\"\/wp-content\/uploads\/2016\/01\/rsz_transakcija27-9-18_98.jpg\" alt=\"\" width=\"600\" height=\"400\" srcset=\"https:\/\/transakcija.si\/old\/wp-content\/uploads\/2016\/01\/rsz_transakcija27-9-18_98.jpg 3000w, https:\/\/transakcija.si\/old\/wp-content\/uploads\/2016\/01\/rsz_transakcija27-9-18_98-300x200.jpg 300w, https:\/\/transakcija.si\/old\/wp-content\/uploads\/2016\/01\/rsz_transakcija27-9-18_98-768x512.jpg 768w, https:\/\/transakcija.si\/old\/wp-content\/uploads\/2016\/01\/rsz_transakcija27-9-18_98-1024x683.jpg 1024w\" sizes=\"auto, (max-width: 600px) 100vw, 600px\" \/><p id=\"caption-attachment-2166\" class=\"wp-caption-text\">Fotografija: Niki Lapkovski<\/p><\/div>\r\n\r\n<div id=\"ez-toc-container\" class=\"ez-toc-v2_0_82_2 counter-hierarchy ez-toc-counter ez-toc-transparent ez-toc-container-direction\">\n<div class=\"ez-toc-title-container\"><p class=\"ez-toc-title\" style=\"cursor:inherit\">Na tej strani:<\/p>\n<\/div><nav><ul class='ez-toc-list ez-toc-list-level-1 ' ><li class='ez-toc-page-1 ez-toc-heading-level-2'><a class=\"ez-toc-link ez-toc-heading-1\" href=\"https:\/\/transakcija.si\/old\/o-transspolnosti\/#kaj_je_transspolnost\" >Kaj je transspolnost?<\/a><\/li><li class='ez-toc-page-1 ez-toc-heading-level-2'><a class=\"ez-toc-link ez-toc-heading-2\" href=\"https:\/\/transakcija.si\/old\/o-transspolnosti\/#kdo_so_transspolne_osebe\" >Kdo so transspolne osebe?<\/a><\/li><li class='ez-toc-page-1 ez-toc-heading-level-2'><a class=\"ez-toc-link ez-toc-heading-3\" href=\"https:\/\/transakcija.si\/old\/o-transspolnosti\/#kje_najdem_vec_informacij_o_transspolnosti_v_slovenskem_jeziku\" >Kje najdem ve\u010d informacij o transspolnosti v slovenskem jeziku?<\/a><\/li><li class='ez-toc-page-1 ez-toc-heading-level-2'><a class=\"ez-toc-link ez-toc-heading-4\" href=\"https:\/\/transakcija.si\/old\/o-transspolnosti\/#kako_biti_zaveznica_k_transspolnih_oseb\" >Kako biti zaveznica_k transspolnih oseb?<\/a><\/li><li class='ez-toc-page-1 ez-toc-heading-level-2'><a class=\"ez-toc-link ez-toc-heading-5\" href=\"https:\/\/transakcija.si\/old\/o-transspolnosti\/#kako_spostljivo_porocatipisati_o_transspolnosti\" >Kako spo\u0161tljivo poro\u010dati\/pisati o transspolnosti?<\/a><\/li><\/ul><\/nav><\/div>\n\r\n\r\n\r\n<h2 class=\"wp-block-heading\"><span class=\"ez-toc-section\" id=\"kaj_je_transspolnost\"><\/span>Kaj je transspolnost?<span class=\"ez-toc-section-end\"><\/span><\/h2>\r\n\r\n\r\n\r\n<p>Transspolnost  je krovni izraz za vse spolne identitete, ki temeljijo na \u010dlovekovem \u010dutenju in do\u017eivljanju sebe in so lahko v skladu z njima tudi preoblikovane. Transspolnost ne temelji na nujnosti ujemanja ob rojstvu pripisanega biolo\u0161kega spola in osebne spolne identitete, temve\u010d <strong>zajema vse spolne identitete, ki niso v skladu s spolom, ki je bil osebi pripisan ob rojstvu.<\/strong> Vklju\u010duje vse spolne identitete, ki presegajo, modificirajo ali negirajo dru\u017ebeno zahtevane norme glede spola in spolnih identitet.<\/p>\r\n\r\n\r\n\r\n<p>\u010ce latinska predpona <em>trans-<\/em> pomeni \u2018preko\u2019, \u2018onkraj\u2019 ali \u2018na drugi strani\u2019, pa predpona cis- pomeni \u2018na isti strani\u2019 ali \u2018na tej strani\u2019. <strong>Cisspolnost <\/strong>je izraz, ki ozna\u010duje ujemanje posamezni\u010dine_kove spolne identitete s spolom, ki je bil osebi pripisan ob rojstvu. Cisspolnost je normativna in ve\u010dinska spolna identiteta oseb in iz tega izhaja tudi njena dru\u017ebena mo\u010d. Izraz cisspolna oseba uporabljamo prav zato, da poimenujemo normo, ki prav to \u2013 ve\u010dinska izku\u0161nja, a zato ni\u010d bolj legitimna kot transspolnost.<\/p>\r\n\r\n<div id=\"attachment_2150\" style=\"width: 610px\" class=\"wp-caption aligncenter\"><img loading=\"lazy\" decoding=\"async\" aria-describedby=\"caption-attachment-2150\" class=\"wp-image-2150\" src=\"\/wp-content\/uploads\/2019\/01\/rsz_transakcija27-9-18_86.jpg\" alt=\"\" width=\"600\" height=\"400\" srcset=\"https:\/\/transakcija.si\/old\/wp-content\/uploads\/2019\/01\/rsz_transakcija27-9-18_86.jpg 3000w, https:\/\/transakcija.si\/old\/wp-content\/uploads\/2019\/01\/rsz_transakcija27-9-18_86-300x200.jpg 300w, https:\/\/transakcija.si\/old\/wp-content\/uploads\/2019\/01\/rsz_transakcija27-9-18_86-768x512.jpg 768w, https:\/\/transakcija.si\/old\/wp-content\/uploads\/2019\/01\/rsz_transakcija27-9-18_86-1024x683.jpg 1024w\" sizes=\"auto, (max-width: 600px) 100vw, 600px\" \/><p id=\"caption-attachment-2150\" class=\"wp-caption-text\">Fotografija: Niki Lapkovski<\/p><\/div>\r\n<p style=\"text-align: center;\"><em>Simbol za transspolnost, ki predstavlja skupek simbolov za \u017eenski in mo\u0161ki spol (osnovana na osnovi astrolo\u0161kih znakov; Venera za \u017eenske in Mars za mo\u0161ke) ter z pre\u010drtano pu\u0161\u010dico za zgornji levi strani, ki nakazuje preplet spolov znotraj binarnega spolnega sistema in tudi onkraj njega.<\/em> <\/p>\r\n<div id=\"attachment_2163\" style=\"width: 610px\" class=\"wp-caption aligncenter\"><img loading=\"lazy\" decoding=\"async\" aria-describedby=\"caption-attachment-2163\" class=\"wp-image-2163\" src=\"\/wp-content\/uploads\/2016\/01\/rsz_1transmisija2018_4.jpg\" alt=\"\" width=\"600\" height=\"400\" srcset=\"https:\/\/transakcija.si\/old\/wp-content\/uploads\/2016\/01\/rsz_1transmisija2018_4.jpg 3000w, https:\/\/transakcija.si\/old\/wp-content\/uploads\/2016\/01\/rsz_1transmisija2018_4-300x200.jpg 300w, https:\/\/transakcija.si\/old\/wp-content\/uploads\/2016\/01\/rsz_1transmisija2018_4-768x512.jpg 768w, https:\/\/transakcija.si\/old\/wp-content\/uploads\/2016\/01\/rsz_1transmisija2018_4-1024x683.jpg 1024w\" sizes=\"auto, (max-width: 600px) 100vw, 600px\" \/><p id=\"caption-attachment-2163\" class=\"wp-caption-text\">Fotografija: Niki Lapkovski<\/p><\/div>\r\n<p style=\"text-align: center;\"><em>Transspolna zastava oz. zastava transspolnega ponosa. Zastavo je leta 1999 ustvarila Monika Helms, transspolna \u017eenska. Roza barva predstavlja deklice, \u017eenske ali identitete, ki se povezujejo z \u017eenskostjo. Modra barva predstavlja de\u010dke, mo\u0161ke ali identitete, ki se povezujejo z mo\u0161kostjo. Bela barva predstavlja spolno nevtralnost, spolno nezaznamovanost, nebinarne in\/ali nedefinirane identitete.<\/em><\/p>\r\n\r\n<h2 class=\"wp-block-heading\"><span class=\"ez-toc-section\" id=\"kdo_so_transspolne_osebe\"><\/span>Kdo so transspolne osebe?<span class=\"ez-toc-section-end\"><\/span><\/h2>\r\n\r\n\r\n\r\n<p>Pri transspolnih osebah se <strong>spol, ki je bil osebi pripisan ob rojstvu, ne ujema s spolno identiteto, ki jo \u010duti oseba sama<\/strong> in s katero se identificira. Transspolna oseba do\u017eivlja neujemanje med lastno spolno identiteto in tisto, ki ji jo je pripisala dru\u017eba. Transspolne osebe lahko \u017eelijo svoje telo in zunanji videz prilagoditi svoji spolni identiteti ali pa ne pristajajo na to, da se morata telo in zunanji videz prilagoditi spolni identiteti. \u010cetudi oseba sodi v definicijo transspolnosti, ni nujno, da se tako identificira, zato je pomembno, da se identitete nikomur ne pripisuje, temve\u010d se z osebami in o njih govori izklju\u010dno z izrazi, ki jih osebe uporabljajo zase.Transspolne osebe so<strong> transspolne \u017eenske in mo\u0161ki ali pa se ne identificirajo znotraj binarnega spolnega sistema.<\/strong> Spolne identitete, ki se nahajajo zunaj binarnega sistema \u017eenska-mo\u0161ki, imenujemo <strong>nebinarne spolne identitete<\/strong>. Kar je skupno transspolnim osebam je, da je njihova spolna identiteta druga\u010dna od spola, ki jim je bil pripisan ob rojstvu.<\/p>\r\n\r\n\r\n\r\n<p><strong>Nekatere izmed transspolnih identitet so:<\/strong><\/p>\r\n\r\n\r\n\r\n<ul class=\"wp-block-list\">\r\n<li>(transspolne) \u017eenske<\/li>\r\n<li>(transspolni) mo\u0161ki<\/li>\r\n<li>nebinarne (angl. non-binary); osebe, ki se ne identificirajo kot \u017eenske ali mo\u0161ki oz. je njihova identiteta onkraj binarnega spolnega sistema,<\/li>\r\n<li>kvirspolne (angl. genderqueer); osebe, ki se ne identificirajo izklju\u010dno kot \u017eenske ali mo\u0161ki oz. je njihova identiteta onkraj binarnega spolnega sistema<\/li>\r\n<li>spolno fluidne (angl. gender fluid); osebe, ki imajo fluidno, torej ne fiksno definirano spolno identiteto ali pa njihova spolna identiteta prehaja med raznolikimi identitetami,<\/li>\r\n<li>aspolne (angl. agender); osebe brez spolne identitete.<\/li>\r\n<\/ul>\r\n\r\n\r\n\r\n<p>Pomembno je vedeti, da so vse spolne identitete enako legitimne, ne glede na to, \u010de so binarne ali nebinarne in da ne obstaja noben kriterij, ki bi lahko dolo\u010dal ali je neka oseba \u00bbdovolj\u00ab transspolna ali ne.<\/p>\r\n\r\n\r\n\r\n<p>Transspolnost se pogosto napa\u010dno ena\u010di z medicinsko tranzicijo, ki je najpogostej\u0161i prikaz transspolne izku\u0161nje v medijih. <strong>Tranzicija<\/strong> je proces tekom katerega oseba z raznimi na\u010dini potrdi svojo spolno identiteto, ki se sicer ne ujema s spolom, ki je bil osebi pripisan ob rojstvu. Tranzicija zajema razne oblike potrditve, najbolj znana je hormonska terapija ter operacije za potrditev-spola, lahko pa poteka tudi tranzicija brez telesnih \/ zdravstvenih sprememb in so spremembe samo na dru\u017ebeni ravni, npr. sprememba zaimkov, imena, pravno priznanje spola, itd. Za ve\u010d informacij o tranziciji, priporo\u010damo <a href=\"https:\/\/transakcija.si\/old\/tranzicija\/\">poseben razdelek na na\u0161i spletni strani<\/a>, ki vsebuje napotke in druge informacije o tem procesu. Pomembno pa se je zavedati, da medicinska tranzicija, ni nekaj, kar si \u017eelijo vse transspolne osebe. Rezultati <a href=\"https:\/\/transakcija.si\/old\/2016\/09\/14\/rezultati-raziskave-potreb-transspolnih-oseb-v-sloveniji\/\">Raziskave potreb transspolnih oseb<\/a> (2015) ka\u017eejo, da je (bilo) 36 % vpra\u0161anih v procesu tranzicije, kar pomeni, da ve\u010dina transspolnih oseb ni (bila) v postopku medicinske tranzicije. Telesa transspolnih oseb so raznolika in prav tako tudi potrebe transspolnih oseb po prilagajanju svojega videza in telesa. <strong>Transspolnost torej lahko vklju\u010duje proces tranzicije, vendar to ni nujno.<\/strong><\/p>\r\n\r\n\r\n\r\n<h2 class=\"wp-block-heading\"><span class=\"ez-toc-section\" id=\"kje_najdem_vec_informacij_o_transspolnosti_v_slovenskem_jeziku\"><\/span>Kje najdem ve\u010d informacij o transspolnosti v slovenskem jeziku?<span class=\"ez-toc-section-end\"><\/span><\/h2>\r\n\r\n\r\n\r\n<p>Ena izmed temeljnih stvari, za katere si pri Zavodu TransAkcija prizadevamo, so viri v slovenskem jeziku in informacije o polo\u017eaju in izku\u0161njah transspolnih oseb v Sloveniji. Na\u0161a spletna stran tako ponuja vse, kar trenutno obstaja na tem podro\u010dju. Glede na to, katere vrste informacij i\u0161\u010dete, lahko izbirate med naslednjimi podro\u010dji:<\/p>\r\n\r\n\r\n\r\n<ul class=\"wp-block-list\">\r\n<li><strong>Splo\u0161ne informacije<\/strong>: publikaciji <a href=\"https:\/\/transakcija.si\/old\/wp-content\/uploads\/2016\/05\/Vsi-spoli-so-resnicni.pdf\">Vsi spoli so resni\u010dni<\/a>, <a href=\"https:\/\/transakcija.si\/old\/2016\/09\/14\/rezultati-raziskave-potreb-transspolnih-oseb-v-sloveniji\/\">Raziskava o potrebah transspolnih oseb v Sloveniji<\/a>, <a href=\"https:\/\/transakcija.si\/old\/2017\/03\/13\/slovar-izrazov\/\">glosar terminologije s podro\u010dja transspolnosti<\/a>,<\/li>\r\n<li><strong>O tranziciji<\/strong>: <a href=\"https:\/\/transakcija.si\/old\/wp-content\/uploads\/2016\/05\/Vsi-spoli-so-resnicni.pdf\">Vsi spoli so resni\u010dni<\/a>, <a href=\"https:\/\/transakcija.si\/old\/tranzicija\/\">o tranziciji<\/a><\/li>\r\n<li><strong>O pravnem priznanju spola<\/strong>: publikacija <a href=\"https:\/\/transakcija.si\/old\/wp-content\/uploads\/2016\/05\/Pravno-priznanje-spola-v-Sloveniji.pdf\">Pravno priznanje spola v Sloveniji<\/a>, <a href=\"https:\/\/transakcija.si\/old\/2016\/01\/11\/pravno-priznanje-spola\/\">o pravnem priznanju spola<\/a><\/li>\r\n<li><strong>Avtorski prispevki<\/strong>: na\u0161 YouTube kanal <a href=\"https:\/\/www.youtube.com\/channel\/UCQrTZTECExABUzCeljEXP1A\">TransTube<\/a>, rubrika osebnih prispevkov <a href=\"https:\/\/transakcija.si\/old\/tag\/transpektive\/\">Transpektive<\/a>,<\/li>\r\n<li><strong>Na\u0161i dosedanji umetni\u0161ki projekti<\/strong>: dokumentarni film <a href=\"https:\/\/transakcija.si\/old\/2016\/10\/05\/dokumentarni-film-transspolna-zivljenja-v-sloveniji-na-voljo-za-predvajanje-documentary-film-transgender-life-in-slovenia-available-for-screenings\/\">Transspolna \u017eivljenja v Sloveniji<\/a>, razstava <a href=\"https:\/\/transakcija.si\/old\/2017\/05\/15\/razstava-30-portreti-transspolnih-cisspolno-nenormativnih-oseb-dostopna-na-spletu-exhibition-30-portraits-transgender-gender-non-conforming-persons-available-online\/\">30&#8221;: portreti transspolnih in cisspolno nenormativnih oseb<\/a>, ilustrativni projekt <a href=\"https:\/\/www.flickr.com\/photos\/163460053@N02\/sets\/72157667245303038\">TransPoteze<\/a>, <\/li>\r\n<li><strong>Za medije<\/strong>: <a href=\"https:\/\/transakcija.si\/old\/medijski-prirocnik\/\">Priro\u010dnik za medijsko poro\u010danje o transspolnosti<\/a><\/li>\r\n<li><strong><a href=\"https:\/\/transakcija.si\/old\/arhiv-medijskega-porocanja-o-transspolnosti\/\">Medijski arhiv prispevkov o transspolnosti v slovenskem jeziku<\/a><\/strong>.<\/li>\r\n<\/ul>\r\n\r\n\r\n\r\n<h2 class=\"wp-block-heading\"><span class=\"ez-toc-section\" id=\"kako_biti_zaveznica_k_transspolnih_oseb\"><\/span>Kako biti zaveznica_k transspolnih oseb?<span class=\"ez-toc-section-end\"><\/span><\/h2>\r\n\r\n\r\n\r\n<p><strong>Ustrezno nazivajte<\/strong>: poslu\u0161ajte, katere zaimke oseba uporablja zase. \u010ce niste prepri\u010dani, kako nazivati osebo, jo lahko vpra\u0161ate, katere zaimke \u017eeli, da uporabljate v pogovoru z njo. Ko se pogovarjate s transspolno osebo ali govorite o njej, uporabljajte ime, izraze in zaimke, ki so v skladu s spolno identiteto in odlo\u010ditvijo osebe.<\/p>\r\n\r\n\r\n\r\n<p><strong>Izobrazite se<\/strong>: spoznajte se s temeljnimi pojmi, povezanimi s spolom in spolno identiteto.<\/p>\r\n\r\n\r\n\r\n<p><strong>Izogibajte se neprimernim in nespo\u0161tljivim vpra\u0161anjem<\/strong><strong>: <\/strong><\/p>\r\n\r\n\r\n\r\n<p>Ne spra\u0161ujte o genitalijah, saj so tovrstna vpra\u0161anja nespo\u0161tljiva, vdirajo v zasebnost in osebe reducirajo na dele telesa. Spolna identiteta je osnovana na samoidentifikaciji, ne glede na obliko in videz telesa.<\/p>\r\n\r\n\r\n\r\n<p>Prav tako se izogibajte vpra\u0161anjem o operacijah, saj so tudi podatki o tem zasebni in spra\u0161evanje po njih je vdor v zasebnost. Operacije lahko potrjujejo spolno identiteto in zmanj\u0161ajo ali odpravijo raven do\u017eivljanja spolne disforije, ki je kratkoro\u010dno ali dolgoro\u010dno do\u017eivljanje neugodja, nezadovoljstva in stisk kot posledice neujemanja lastne spolne identitete s spolom, ki je bil osebi pripisan ob rojstvu. Operacije ne dolo\u010dajo spolne identitete \u2013 to dolo\u010da vsaka oseba sama zase, s samoidentifikacijo.<\/p>\r\n\r\n\r\n\r\n<p><strong>Varujte osebne podatke<\/strong>: \u010ce imate informacije o spolni identiteti transspolne osebe ste dol\u017eni varovati osebne informacije in omogo\u010dati, da oseba sama dolo\u010di \u010das in kraj za njihovo razkritje. Nikoli ne rezkrivajte transspolnih oseb brez njihovega predhodno pridobljenega soglasja. <strong>Dodatne predloge na to temo najdete v publikaciji <\/strong><a href=\"https:\/\/transakcija.si\/old\/wp-content\/uploads\/2016\/05\/Vsi-spoli-so-resnicni.pdf\"><strong>Vsi spoli so resni\u010dni<\/strong><\/a><strong> (str. 154) in v <\/strong><a href=\"https:\/\/transakcija.si\/old\/medijski-prirocnik\/\"><strong>Priro\u010dniku za medijsko poro\u010danje o transspolnosti<\/strong><\/a><strong>. <\/strong><\/p>\r\n\r\n\r\n\r\n<h2 class=\"wp-block-heading\"><span class=\"ez-toc-section\" id=\"kako_spostljivo_porocatipisati_o_transspolnosti\"><\/span>Kako spo\u0161tljivo poro\u010dati\/pisati o transspolnosti?<span class=\"ez-toc-section-end\"><\/span><\/h2>\r\n\r\n\r\n\r\n<p>V letu 2017 smo pri Zavodu TransAkcija izdale_i poseben <a href=\"https:\/\/transakcija.si\/old\/medijski-prirocnik\/\"><strong>Priro\u010dnik za medijsko poro\u010danje o transspolnosti<\/strong><\/a>, ki predstavlja iz\u010drpen nabor informacij in smernic za spo\u0161tljivo poro\u010danje o transspolnosti. Priro\u010dnik je v prvi vrsti namenjen novinarkam_jem oziroma medijem, sicer pa vsem, ki si \u017eelijo spo\u0161tljivo pisati, poro\u010dati o tematikah transspolnosti oziroma jih ustrezno naslavljati, torej tudi \u0161tudentkam_om, profesorjem_icam, aktivistkam_om itd. Priro\u010dnik vsebuje tudi <a href=\"https:\/\/transakcija.si\/old\/medijski-prirocnik\/glosar-terminologije-s-podrocja-transspolnosti\/\">glosar terminologije<\/a>, zato ga priporo\u010damo vsem, ki se zanimate za tematike transspolnosti.<\/p>\r\n\r\n\r\n\r\n<p>Ve\u010d lahko preberete tudi na strani <a href=\"https:\/\/transakcija.si\/old\/pogosta-vprasanja-o-transspolnosti\/\">Pogosta vpra\u0161anja o transspolnosti<\/a>.<\/p>\r\n","protected":false},"excerpt":{"rendered":"<p>Kaj je transspolnost? Transspolnost je krovni izraz za vse spolne identitete, ki temeljijo na \u010dlovekovem \u010dutenju in do\u017eivljanju sebe in so lahko v skladu z njima tudi preoblikovane. Transspolnost ne temelji na nujnosti ujemanja ob rojstvu pripisanega biolo\u0161kega spola in osebne spolne identitete, temve\u010d zajema vse spolne identitete, ki niso v skladu s spolom, ki [&hellip;]<\/p>\n","protected":false},"author":14,"featured_media":0,"parent":0,"menu_order":0,"comment_status":"closed","ping_status":"closed","template":"","meta":{"footnotes":""},"class_list":["post-4410","page","type-page","status-publish","hentry"],"yoast_head":"<!-- This site is optimized with the Yoast SEO plugin v27.4 - https:\/\/yoast.com\/product\/yoast-seo-wordpress\/ -->\n<title>O transspolnosti<\/title>\n<meta name=\"robots\" content=\"noindex, follow, max-snippet:-1, max-image-preview:large, max-video-preview:-1\" \/>\n<meta property=\"og:locale\" content=\"en_US\" \/>\n<meta property=\"og:type\" content=\"article\" \/>\n<meta property=\"og:title\" content=\"O transspolnosti\" \/>\n<meta property=\"og:description\" content=\"Kaj je transspolnost? Transspolnost je krovni izraz za vse spolne identitete, ki temeljijo na \u010dlovekovem \u010dutenju in do\u017eivljanju sebe in so lahko v skladu z njima tudi preoblikovane. Transspolnost ne temelji na nujnosti ujemanja ob rojstvu pripisanega biolo\u0161kega spola in osebne spolne identitete, temve\u010d zajema vse spolne identitete, ki niso v skladu s spolom, ki [&hellip;]\" \/>\n<meta property=\"og:url\" content=\"https:\/\/transakcija.si\/old\/o-transspolnosti\/\" \/>\n<meta property=\"og:site_name\" content=\"TransAkcija\" \/>\n<meta property=\"og:image\" content=\"https:\/\/transakcija.si\/wp-content\/uploads\/2016\/01\/rsz_transakcija27-9-18_98.jpg\" \/>\n<meta name=\"twitter:card\" content=\"summary_large_image\" \/>\n<meta name=\"twitter:label1\" content=\"Est. reading time\" \/>\n\t<meta name=\"twitter:data1\" content=\"7 minutes\" \/>\n<script type=\"application\/ld+json\" class=\"yoast-schema-graph\">{\"@context\":\"https:\\\/\\\/schema.org\",\"@graph\":[{\"@type\":\"WebPage\",\"@id\":\"https:\\\/\\\/transakcija.si\\\/old\\\/o-transspolnosti\\\/\",\"url\":\"https:\\\/\\\/transakcija.si\\\/old\\\/o-transspolnosti\\\/\",\"name\":\"O transspolnosti\",\"isPartOf\":{\"@id\":\"https:\\\/\\\/transakcija.si\\\/old\\\/#website\"},\"datePublished\":\"2021-01-21T18:07:01+00:00\",\"breadcrumb\":{\"@id\":\"https:\\\/\\\/transakcija.si\\\/old\\\/o-transspolnosti\\\/#breadcrumb\"},\"inLanguage\":\"en-US\",\"potentialAction\":[{\"@type\":\"ReadAction\",\"target\":[\"https:\\\/\\\/transakcija.si\\\/old\\\/o-transspolnosti\\\/\"]}]},{\"@type\":\"BreadcrumbList\",\"@id\":\"https:\\\/\\\/transakcija.si\\\/old\\\/o-transspolnosti\\\/#breadcrumb\",\"itemListElement\":[{\"@type\":\"ListItem\",\"position\":1,\"name\":\"Home\",\"item\":\"https:\\\/\\\/transakcija.si\\\/old\\\/\"},{\"@type\":\"ListItem\",\"position\":2,\"name\":\"O transspolnosti\"}]},{\"@type\":\"WebSite\",\"@id\":\"https:\\\/\\\/transakcija.si\\\/old\\\/#website\",\"url\":\"https:\\\/\\\/transakcija.si\\\/old\\\/\",\"name\":\"TransAkcija\",\"description\":\"\",\"publisher\":{\"@id\":\"https:\\\/\\\/transakcija.si\\\/old\\\/#organization\"},\"potentialAction\":[{\"@type\":\"SearchAction\",\"target\":{\"@type\":\"EntryPoint\",\"urlTemplate\":\"https:\\\/\\\/transakcija.si\\\/old\\\/?s={search_term_string}\"},\"query-input\":{\"@type\":\"PropertyValueSpecification\",\"valueRequired\":true,\"valueName\":\"search_term_string\"}}],\"inLanguage\":\"en-US\"},{\"@type\":\"Organization\",\"@id\":\"https:\\\/\\\/transakcija.si\\\/old\\\/#organization\",\"name\":\"TransAkcija\",\"url\":\"https:\\\/\\\/transakcija.si\\\/old\\\/\",\"logo\":{\"@type\":\"ImageObject\",\"inLanguage\":\"en-US\",\"@id\":\"https:\\\/\\\/transakcija.si\\\/old\\\/#\\\/schema\\\/logo\\\/image\\\/\",\"url\":\"https:\\\/\\\/transakcija.si\\\/old\\\/wp-content\\\/uploads\\\/2017\\\/03\\\/logo-l-e1489058897303.png\",\"contentUrl\":\"https:\\\/\\\/transakcija.si\\\/old\\\/wp-content\\\/uploads\\\/2017\\\/03\\\/logo-l-e1489058897303.png\",\"width\":400,\"height\":251,\"caption\":\"TransAkcija\"},\"image\":{\"@id\":\"https:\\\/\\\/transakcija.si\\\/old\\\/#\\\/schema\\\/logo\\\/image\\\/\"}}]}<\/script>\n<!-- \/ Yoast SEO plugin. -->","yoast_head_json":{"title":"O transspolnosti","robots":{"index":"noindex","follow":"follow","max-snippet":"max-snippet:-1","max-image-preview":"max-image-preview:large","max-video-preview":"max-video-preview:-1"},"og_locale":"en_US","og_type":"article","og_title":"O transspolnosti","og_description":"Kaj je transspolnost? Transspolnost je krovni izraz za vse spolne identitete, ki temeljijo na \u010dlovekovem \u010dutenju in do\u017eivljanju sebe in so lahko v skladu z njima tudi preoblikovane. Transspolnost ne temelji na nujnosti ujemanja ob rojstvu pripisanega biolo\u0161kega spola in osebne spolne identitete, temve\u010d zajema vse spolne identitete, ki niso v skladu s spolom, ki [&hellip;]","og_url":"https:\/\/transakcija.si\/old\/o-transspolnosti\/","og_site_name":"TransAkcija","og_image":[{"url":"https:\/\/transakcija.si\/wp-content\/uploads\/2016\/01\/rsz_transakcija27-9-18_98.jpg","type":"","width":"","height":""}],"twitter_card":"summary_large_image","twitter_misc":{"Est. reading time":"7 minutes"},"schema":{"@context":"https:\/\/schema.org","@graph":[{"@type":"WebPage","@id":"https:\/\/transakcija.si\/old\/o-transspolnosti\/","url":"https:\/\/transakcija.si\/old\/o-transspolnosti\/","name":"O transspolnosti","isPartOf":{"@id":"https:\/\/transakcija.si\/old\/#website"},"datePublished":"2021-01-21T18:07:01+00:00","breadcrumb":{"@id":"https:\/\/transakcija.si\/old\/o-transspolnosti\/#breadcrumb"},"inLanguage":"en-US","potentialAction":[{"@type":"ReadAction","target":["https:\/\/transakcija.si\/old\/o-transspolnosti\/"]}]},{"@type":"BreadcrumbList","@id":"https:\/\/transakcija.si\/old\/o-transspolnosti\/#breadcrumb","itemListElement":[{"@type":"ListItem","position":1,"name":"Home","item":"https:\/\/transakcija.si\/old\/"},{"@type":"ListItem","position":2,"name":"O transspolnosti"}]},{"@type":"WebSite","@id":"https:\/\/transakcija.si\/old\/#website","url":"https:\/\/transakcija.si\/old\/","name":"TransAkcija","description":"","publisher":{"@id":"https:\/\/transakcija.si\/old\/#organization"},"potentialAction":[{"@type":"SearchAction","target":{"@type":"EntryPoint","urlTemplate":"https:\/\/transakcija.si\/old\/?s={search_term_string}"},"query-input":{"@type":"PropertyValueSpecification","valueRequired":true,"valueName":"search_term_string"}}],"inLanguage":"en-US"},{"@type":"Organization","@id":"https:\/\/transakcija.si\/old\/#organization","name":"TransAkcija","url":"https:\/\/transakcija.si\/old\/","logo":{"@type":"ImageObject","inLanguage":"en-US","@id":"https:\/\/transakcija.si\/old\/#\/schema\/logo\/image\/","url":"https:\/\/transakcija.si\/old\/wp-content\/uploads\/2017\/03\/logo-l-e1489058897303.png","contentUrl":"https:\/\/transakcija.si\/old\/wp-content\/uploads\/2017\/03\/logo-l-e1489058897303.png","width":400,"height":251,"caption":"TransAkcija"},"image":{"@id":"https:\/\/transakcija.si\/old\/#\/schema\/logo\/image\/"}}]}},"_links":{"self":[{"href":"https:\/\/transakcija.si\/old\/wp-json\/wp\/v2\/pages\/4410","targetHints":{"allow":["GET"]}}],"collection":[{"href":"https:\/\/transakcija.si\/old\/wp-json\/wp\/v2\/pages"}],"about":[{"href":"https:\/\/transakcija.si\/old\/wp-json\/wp\/v2\/types\/page"}],"author":[{"embeddable":true,"href":"https:\/\/transakcija.si\/old\/wp-json\/wp\/v2\/users\/14"}],"replies":[{"embeddable":true,"href":"https:\/\/transakcija.si\/old\/wp-json\/wp\/v2\/comments?post=4410"}],"version-history":[{"count":1,"href":"https:\/\/transakcija.si\/old\/wp-json\/wp\/v2\/pages\/4410\/revisions"}],"predecessor-version":[{"id":4411,"href":"https:\/\/transakcija.si\/old\/wp-json\/wp\/v2\/pages\/4410\/revisions\/4411"}],"wp:attachment":[{"href":"https:\/\/transakcija.si\/old\/wp-json\/wp\/v2\/media?parent=4410"}],"curies":[{"name":"wp","href":"https:\/\/api.w.org\/{rel}","templated":true}]}}