{"id":4486,"date":"2021-02-02T16:03:47","date_gmt":"2021-02-02T15:03:47","guid":{"rendered":"https:\/\/transakcija.si\/old\/?page_id=4486"},"modified":"2024-06-03T17:41:28","modified_gmt":"2024-06-03T15:41:28","slug":"transchat","status":"publish","type":"page","link":"https:\/\/transakcija.si\/old\/aktivnosti-in-storitve\/transchat\/","title":{"rendered":"TransMSN"},"content":{"rendered":"\n<div class=\"wp-block-columns are-vertically-aligned-center is-layout-flex wp-container-core-columns-is-layout-9d6595d7 wp-block-columns-is-layout-flex\">\n<div class=\"wp-block-column is-vertically-aligned-center is-layout-flow wp-block-column-is-layout-flow\" style=\"flex-basis:100%\"><\/div>\n<\/div>\n\n\n\n<h3 class=\"wp-block-heading has-text-align-center\"><span style=\"color: #000000;\">Vsak petek od 14:00 do 18:00 na<\/span> Instagramu <span style=\"font-weight: 400;\"><strong>@<a href=\"https:\/\/www.instagram.com\/transakcija\/\">transakcija<\/a><\/strong><\/span><span style=\"font-weight: 400;\"><\/span><\/h3>\n\n\n\n<p><br>TransChat je brezpla\u010dna storitev namenjena vsem osebam, ki ne \u017eelijo, ne morejo ali si ne upajo uradno pristopiti do svetovalnic v LGBTIQ+ organizacijah. Vsak petek med 10:00 in 14:00 uro vam omogo\u010damo mo\u017enost prejema informaciji in podpore o transspolnosti oz. vpra\u0161anjih, ki jih imate v povezavi s svojim spolom\/spolno identiteto\/spolnim izrazom, itd.<\/p>\n\n\n\n<p><strong>Dobrodo\u0161le ste vse trans osebe, ne glede na va\u0161o identiteto ter osebe, ki raziskujete ali ste morda trans.<br>Vabljene nove osebe, ki \u0161e nikoli niste bile v stiku z nami in osebe, s katerimi se \u017ee poznamo oz. ste \u017ee obiskale na\u0161o trans skupino, dogodek ali govorile s kom izmed na\u0161ega kolektiva.<br>Vabljene_i ste tudi vse raznolike osebe z raznimi osebnimi okoli\u0161\u010dinami kot so rasa, etni\u010dna pripadnost, invalidnost, zaposlitveni status, itd. Z drugimi besedami; vabljene_i ste nebele osebe, spolne delavk_ce, invalidi_ke oz. osebe, ki \u017eivijo z oviranostmi, osebe s te\u017eavami v du\u0161evnem zdravju in (samo)diagnozami, neuroatipi\u010dne\/nevroraznolike osebe, itd.<\/strong><\/p>\n\n\n\n<p><strong>HITRO:<\/strong> brez predhodne najave\/dogovora. Vsak petek od 10:00 do 14:00 nas lahko kontaktira\u0161 in nam zastavi\u0161 vpra\u0161anja oz. z nami deli\u0161 svoje misli\/skrbi. <span style=\"font-weight: 400;\">Vsem, ki se boste javile_i med navedenimi urami, bomo odgovorile_i na dan, ko ste nas kontaktirale_i.&nbsp;<\/span><\/p>\n\n\n\n<p><strong>VARNO: <\/strong>izbere\u0161 lahko na\u010din komuniciranja, ki ti je najljub\u0161i in ti hkrati omogo\u010da anonimnosti ter varnost.  Na drugi strani te bo pri\u010dakala varna trans oseba, ki te bo poslu\u0161ala brez predsodkov in ti iskreno odgovorila.<\/p>\n\n\n\n<p><strong>ZAUPNO:<\/strong> osebni podatki in informacije, ki se jih odlo\u010dite deliti z nami, obravnavamo zaupno. Brez va\u0161ega privoljenja informacije ne bodo deljenje izven svetovalnega tima Zavoda TransAkcija.<\/p>\n\n\n\n<p><b>Si bral_a <\/b><a href=\"https:\/\/transakcija.si\/old\/pogosta-vprasanja-o-transspolnosti\/\"><b>pogosta vprasanja o transspolnosti<\/b><\/a><b> ampak ne najde\u0161 odgovora na svoje vpra\u0161anje oziroma \u017eeli\u0161 oseben posvet na katero izmed slede\u010dih tem:<\/b><\/p>\n\n\n\n<div class=\"wp-block-columns is-layout-flex wp-container-core-columns-is-layout-9d6595d7 wp-block-columns-is-layout-flex\">\n<div class=\"wp-block-column is-layout-flow wp-block-column-is-layout-flow\" style=\"flex-basis:50%\">\n<ul class=\"wp-block-list\">\n<li><span style=\"font-weight: 400;\">Ali sem trans? Kako vem, a sem res trans?<\/span><\/li>\n\n\n\n<li><span style=\"font-weight: 400;\">Po\u010dutim se kot \u017eenska, ampak sem mo\u0161ki &#8211; kaj to pomeni?<\/span><\/li>\n\n\n\n<li><span style=\"font-weight: 400;\">Po\u010dutim se kot mo\u0161ki, ampak sem \u017eenska &#8211; kaj to pomeni?&nbsp;<\/span><\/li>\n\n\n\n<li><span style=\"font-weight: 400;\">Kaj pomeni, \u010de se ne po\u010dutim mo\u0161ki ali \u017eenska?<\/span><\/li>\n\n\n\n<li><span style=\"font-weight: 400;\">Misli\u0161, da sem trans\u2026 Kaj pa zdaj?<\/span><\/li>\n\n\n\n<li><span style=\"font-weight: 400;\">\u017deli\u0161 svoje misli deliti z drugo trans osebo?&nbsp;<\/span><\/li>\n\n\n\n<li><span style=\"font-weight: 400;\">Ali v Sloveniji lahko grem v tranzicijo?&nbsp;<\/span><\/li>\n\n\n\n<li><span style=\"font-weight: 400;\">Koliko \u010dasa traja tranzicija?<\/span><\/li>\n\n\n\n<li><span style=\"font-weight: 400;\">Ho\u010de\u0161 vedeti od kdaj do kdaj lahko nekdo naredi tranzicijo v Sloveniji?<\/span><\/li>\n\n\n\n<li><span style=\"font-weight: 400;\">Kdo so trans osebe in kaj pomeni biti trans?<\/span><\/li>\n<\/ul>\n<\/div>\n\n\n\n<div class=\"wp-block-column is-layout-flow wp-block-column-is-layout-flow\" style=\"flex-basis:50%\">\n<ul class=\"wp-block-list\">\n<li>Katere vse identitete spadajo pod besedo trans?<\/li>\n\n\n\n<li>Kako in kdaj lahko odkrije\u0161, da si trans?<\/li>\n\n\n\n<li>Kako \u017eivijo trans osebe v Sloveniji?<\/li>\n\n\n\n<li>Kdaj, kako in komu naj se outiram \u2013 kako naj naredim coming out?<\/li>\n\n\n\n<li>Pridobitev novih dokumentov (pravno priznanje spola)<\/li>\n\n\n\n<li>Socialna tranzicija (novi zaimki, odnosi z dru\u017eino, spremembe v \u0161oli, na fakulteti, v slu\u017ebi)<\/li>\n\n\n\n<li>Medicinska tranzicija (kako do hormonov in\/ali operacij)<\/li>\n\n\n\n<li>Kje najti podporo glede te\u017eav v du\u0161evnem zdravju (depresija, odvisnost, anksioznost,&nbsp;samopo\u0161kodovanje, motnje hranjenja, \u2026)<\/li>\n\n\n\n<li>Vse, kar nismo na\u0161tele_i, vendar je&nbsp;pomembno zate<\/li>\n<\/ul>\n<\/div>\n<\/div>\n\n\n\n<p class=\"has-text-align-center\"><strong>Vsak petek med 14. in 18. uro nam pi\u0161i na instagramu\u00a0<a href=\"https:\/\/www.instagram.com\/transakcija\/\">transakcija<\/a> ali facebooku <a href=\"https:\/\/www.facebook.com\/transakcija\/\">transakcija<\/a><\/strong> <strong>in dobil_a bo\u0161 odgovor trans* svetovalke_ca.<\/strong><\/p>\n","protected":false},"excerpt":{"rendered":"<p>Vsak petek od 14:00 do 18:00 na Instagramu @transakcija TransChat je brezpla\u010dna storitev namenjena vsem osebam, ki ne \u017eelijo, ne morejo ali si ne upajo uradno pristopiti do svetovalnic v LGBTIQ+ organizacijah. Vsak petek med 10:00 in 14:00 uro vam omogo\u010damo mo\u017enost prejema informaciji in podpore o transspolnosti oz. vpra\u0161anjih, ki jih imate v povezavi [&hellip;]<\/p>\n","protected":false},"author":18,"featured_media":7013,"parent":4581,"menu_order":0,"comment_status":"closed","ping_status":"closed","template":"","meta":{"footnotes":""},"class_list":["post-4486","page","type-page","status-publish","has-post-thumbnail","hentry"],"yoast_head":"<!-- This site is optimized with the Yoast SEO plugin v27.4 - https:\/\/yoast.com\/product\/yoast-seo-wordpress\/ -->\n<title>TransMSN<\/title>\n<meta name=\"robots\" content=\"noindex, follow, max-snippet:-1, max-image-preview:large, max-video-preview:-1\" \/>\n<meta property=\"og:locale\" content=\"en_US\" \/>\n<meta property=\"og:type\" content=\"article\" \/>\n<meta property=\"og:title\" content=\"TransMSN\" \/>\n<meta property=\"og:description\" content=\"Vsak petek od 14:00 do 18:00 na Instagramu @transakcija TransChat je brezpla\u010dna storitev namenjena vsem osebam, ki ne \u017eelijo, ne morejo ali si ne upajo uradno pristopiti do svetovalnic v LGBTIQ+ organizacijah. Vsak petek med 10:00 in 14:00 uro vam omogo\u010damo mo\u017enost prejema informaciji in podpore o transspolnosti oz. vpra\u0161anjih, ki jih imate v povezavi [&hellip;]\" \/>\n<meta property=\"og:url\" content=\"https:\/\/transakcija.si\/old\/aktivnosti-in-storitve\/transchat\/\" \/>\n<meta property=\"og:site_name\" content=\"TransAkcija\" \/>\n<meta property=\"article:modified_time\" content=\"2024-06-03T15:41:28+00:00\" \/>\n<meta property=\"og:image\" content=\"https:\/\/transakcija.si\/old\/wp-content\/uploads\/2023\/02\/TransChat-icon1.png\" \/>\n\t<meta property=\"og:image:width\" content=\"1080\" \/>\n\t<meta property=\"og:image:height\" content=\"1080\" \/>\n\t<meta property=\"og:image:type\" content=\"image\/png\" \/>\n<meta name=\"twitter:card\" content=\"summary_large_image\" \/>\n<meta name=\"twitter:label1\" content=\"Est. reading time\" \/>\n\t<meta name=\"twitter:data1\" content=\"3 minutes\" \/>\n<script type=\"application\/ld+json\" class=\"yoast-schema-graph\">{\"@context\":\"https:\\\/\\\/schema.org\",\"@graph\":[{\"@type\":\"WebPage\",\"@id\":\"https:\\\/\\\/transakcija.si\\\/old\\\/aktivnosti-in-storitve\\\/transchat\\\/\",\"url\":\"https:\\\/\\\/transakcija.si\\\/old\\\/aktivnosti-in-storitve\\\/transchat\\\/\",\"name\":\"TransMSN\",\"isPartOf\":{\"@id\":\"https:\\\/\\\/transakcija.si\\\/old\\\/#website\"},\"primaryImageOfPage\":{\"@id\":\"https:\\\/\\\/transakcija.si\\\/old\\\/aktivnosti-in-storitve\\\/transchat\\\/#primaryimage\"},\"image\":{\"@id\":\"https:\\\/\\\/transakcija.si\\\/old\\\/aktivnosti-in-storitve\\\/transchat\\\/#primaryimage\"},\"thumbnailUrl\":\"https:\\\/\\\/transakcija.si\\\/old\\\/wp-content\\\/uploads\\\/2023\\\/02\\\/TransChat-icon1.png\",\"datePublished\":\"2021-02-02T15:03:47+00:00\",\"dateModified\":\"2024-06-03T15:41:28+00:00\",\"breadcrumb\":{\"@id\":\"https:\\\/\\\/transakcija.si\\\/old\\\/aktivnosti-in-storitve\\\/transchat\\\/#breadcrumb\"},\"inLanguage\":\"en-US\",\"potentialAction\":[{\"@type\":\"ReadAction\",\"target\":[\"https:\\\/\\\/transakcija.si\\\/old\\\/aktivnosti-in-storitve\\\/transchat\\\/\"]}]},{\"@type\":\"ImageObject\",\"inLanguage\":\"en-US\",\"@id\":\"https:\\\/\\\/transakcija.si\\\/old\\\/aktivnosti-in-storitve\\\/transchat\\\/#primaryimage\",\"url\":\"https:\\\/\\\/transakcija.si\\\/old\\\/wp-content\\\/uploads\\\/2023\\\/02\\\/TransChat-icon1.png\",\"contentUrl\":\"https:\\\/\\\/transakcija.si\\\/old\\\/wp-content\\\/uploads\\\/2023\\\/02\\\/TransChat-icon1.png\",\"width\":1080,\"height\":1080},{\"@type\":\"BreadcrumbList\",\"@id\":\"https:\\\/\\\/transakcija.si\\\/old\\\/aktivnosti-in-storitve\\\/transchat\\\/#breadcrumb\",\"itemListElement\":[{\"@type\":\"ListItem\",\"position\":1,\"name\":\"Home\",\"item\":\"https:\\\/\\\/transakcija.si\\\/old\\\/\"},{\"@type\":\"ListItem\",\"position\":2,\"name\":\"Aktivnosti in storitve\",\"item\":\"https:\\\/\\\/transakcija.si\\\/old\\\/aktivnosti-in-storitve\\\/\"},{\"@type\":\"ListItem\",\"position\":3,\"name\":\"TransMSN\"}]},{\"@type\":\"WebSite\",\"@id\":\"https:\\\/\\\/transakcija.si\\\/old\\\/#website\",\"url\":\"https:\\\/\\\/transakcija.si\\\/old\\\/\",\"name\":\"TransAkcija\",\"description\":\"\",\"publisher\":{\"@id\":\"https:\\\/\\\/transakcija.si\\\/old\\\/#organization\"},\"potentialAction\":[{\"@type\":\"SearchAction\",\"target\":{\"@type\":\"EntryPoint\",\"urlTemplate\":\"https:\\\/\\\/transakcija.si\\\/old\\\/?s={search_term_string}\"},\"query-input\":{\"@type\":\"PropertyValueSpecification\",\"valueRequired\":true,\"valueName\":\"search_term_string\"}}],\"inLanguage\":\"en-US\"},{\"@type\":\"Organization\",\"@id\":\"https:\\\/\\\/transakcija.si\\\/old\\\/#organization\",\"name\":\"TransAkcija\",\"url\":\"https:\\\/\\\/transakcija.si\\\/old\\\/\",\"logo\":{\"@type\":\"ImageObject\",\"inLanguage\":\"en-US\",\"@id\":\"https:\\\/\\\/transakcija.si\\\/old\\\/#\\\/schema\\\/logo\\\/image\\\/\",\"url\":\"https:\\\/\\\/transakcija.si\\\/old\\\/wp-content\\\/uploads\\\/2017\\\/03\\\/logo-l-e1489058897303.png\",\"contentUrl\":\"https:\\\/\\\/transakcija.si\\\/old\\\/wp-content\\\/uploads\\\/2017\\\/03\\\/logo-l-e1489058897303.png\",\"width\":400,\"height\":251,\"caption\":\"TransAkcija\"},\"image\":{\"@id\":\"https:\\\/\\\/transakcija.si\\\/old\\\/#\\\/schema\\\/logo\\\/image\\\/\"}}]}<\/script>\n<!-- \/ Yoast SEO plugin. -->","yoast_head_json":{"title":"TransMSN","robots":{"index":"noindex","follow":"follow","max-snippet":"max-snippet:-1","max-image-preview":"max-image-preview:large","max-video-preview":"max-video-preview:-1"},"og_locale":"en_US","og_type":"article","og_title":"TransMSN","og_description":"Vsak petek od 14:00 do 18:00 na Instagramu @transakcija TransChat je brezpla\u010dna storitev namenjena vsem osebam, ki ne \u017eelijo, ne morejo ali si ne upajo uradno pristopiti do svetovalnic v LGBTIQ+ organizacijah. Vsak petek med 10:00 in 14:00 uro vam omogo\u010damo mo\u017enost prejema informaciji in podpore o transspolnosti oz. vpra\u0161anjih, ki jih imate v povezavi [&hellip;]","og_url":"https:\/\/transakcija.si\/old\/aktivnosti-in-storitve\/transchat\/","og_site_name":"TransAkcija","article_modified_time":"2024-06-03T15:41:28+00:00","og_image":[{"width":1080,"height":1080,"url":"https:\/\/transakcija.si\/old\/wp-content\/uploads\/2023\/02\/TransChat-icon1.png","type":"image\/png"}],"twitter_card":"summary_large_image","twitter_misc":{"Est. reading time":"3 minutes"},"schema":{"@context":"https:\/\/schema.org","@graph":[{"@type":"WebPage","@id":"https:\/\/transakcija.si\/old\/aktivnosti-in-storitve\/transchat\/","url":"https:\/\/transakcija.si\/old\/aktivnosti-in-storitve\/transchat\/","name":"TransMSN","isPartOf":{"@id":"https:\/\/transakcija.si\/old\/#website"},"primaryImageOfPage":{"@id":"https:\/\/transakcija.si\/old\/aktivnosti-in-storitve\/transchat\/#primaryimage"},"image":{"@id":"https:\/\/transakcija.si\/old\/aktivnosti-in-storitve\/transchat\/#primaryimage"},"thumbnailUrl":"https:\/\/transakcija.si\/old\/wp-content\/uploads\/2023\/02\/TransChat-icon1.png","datePublished":"2021-02-02T15:03:47+00:00","dateModified":"2024-06-03T15:41:28+00:00","breadcrumb":{"@id":"https:\/\/transakcija.si\/old\/aktivnosti-in-storitve\/transchat\/#breadcrumb"},"inLanguage":"en-US","potentialAction":[{"@type":"ReadAction","target":["https:\/\/transakcija.si\/old\/aktivnosti-in-storitve\/transchat\/"]}]},{"@type":"ImageObject","inLanguage":"en-US","@id":"https:\/\/transakcija.si\/old\/aktivnosti-in-storitve\/transchat\/#primaryimage","url":"https:\/\/transakcija.si\/old\/wp-content\/uploads\/2023\/02\/TransChat-icon1.png","contentUrl":"https:\/\/transakcija.si\/old\/wp-content\/uploads\/2023\/02\/TransChat-icon1.png","width":1080,"height":1080},{"@type":"BreadcrumbList","@id":"https:\/\/transakcija.si\/old\/aktivnosti-in-storitve\/transchat\/#breadcrumb","itemListElement":[{"@type":"ListItem","position":1,"name":"Home","item":"https:\/\/transakcija.si\/old\/"},{"@type":"ListItem","position":2,"name":"Aktivnosti in storitve","item":"https:\/\/transakcija.si\/old\/aktivnosti-in-storitve\/"},{"@type":"ListItem","position":3,"name":"TransMSN"}]},{"@type":"WebSite","@id":"https:\/\/transakcija.si\/old\/#website","url":"https:\/\/transakcija.si\/old\/","name":"TransAkcija","description":"","publisher":{"@id":"https:\/\/transakcija.si\/old\/#organization"},"potentialAction":[{"@type":"SearchAction","target":{"@type":"EntryPoint","urlTemplate":"https:\/\/transakcija.si\/old\/?s={search_term_string}"},"query-input":{"@type":"PropertyValueSpecification","valueRequired":true,"valueName":"search_term_string"}}],"inLanguage":"en-US"},{"@type":"Organization","@id":"https:\/\/transakcija.si\/old\/#organization","name":"TransAkcija","url":"https:\/\/transakcija.si\/old\/","logo":{"@type":"ImageObject","inLanguage":"en-US","@id":"https:\/\/transakcija.si\/old\/#\/schema\/logo\/image\/","url":"https:\/\/transakcija.si\/old\/wp-content\/uploads\/2017\/03\/logo-l-e1489058897303.png","contentUrl":"https:\/\/transakcija.si\/old\/wp-content\/uploads\/2017\/03\/logo-l-e1489058897303.png","width":400,"height":251,"caption":"TransAkcija"},"image":{"@id":"https:\/\/transakcija.si\/old\/#\/schema\/logo\/image\/"}}]}},"_links":{"self":[{"href":"https:\/\/transakcija.si\/old\/wp-json\/wp\/v2\/pages\/4486","targetHints":{"allow":["GET"]}}],"collection":[{"href":"https:\/\/transakcija.si\/old\/wp-json\/wp\/v2\/pages"}],"about":[{"href":"https:\/\/transakcija.si\/old\/wp-json\/wp\/v2\/types\/page"}],"author":[{"embeddable":true,"href":"https:\/\/transakcija.si\/old\/wp-json\/wp\/v2\/users\/18"}],"replies":[{"embeddable":true,"href":"https:\/\/transakcija.si\/old\/wp-json\/wp\/v2\/comments?post=4486"}],"version-history":[{"count":101,"href":"https:\/\/transakcija.si\/old\/wp-json\/wp\/v2\/pages\/4486\/revisions"}],"predecessor-version":[{"id":8328,"href":"https:\/\/transakcija.si\/old\/wp-json\/wp\/v2\/pages\/4486\/revisions\/8328"}],"up":[{"embeddable":true,"href":"https:\/\/transakcija.si\/old\/wp-json\/wp\/v2\/pages\/4581"}],"wp:featuredmedia":[{"embeddable":true,"href":"https:\/\/transakcija.si\/old\/wp-json\/wp\/v2\/media\/7013"}],"wp:attachment":[{"href":"https:\/\/transakcija.si\/old\/wp-json\/wp\/v2\/media?parent=4486"}],"curies":[{"name":"wp","href":"https:\/\/api.w.org\/{rel}","templated":true}]}}