{"id":4588,"date":"2021-02-03T16:01:39","date_gmt":"2021-02-03T15:01:39","guid":{"rendered":"https:\/\/transakcija.si\/old\/?page_id=4588"},"modified":"2023-12-14T13:48:52","modified_gmt":"2023-12-14T12:48:52","slug":"kontakti","status":"publish","type":"page","link":"https:\/\/transakcija.si\/old\/about\/kontakti\/","title":{"rendered":"Kontakt"},"content":{"rendered":"<h3>e-po\u0161ta<\/h3>\n<ul class=\"kontaktni-podatki\">\n<li><a href=\"mailto:info@transakcija.si\"><i class=\"fa fa-envelope-o fa-fw\" aria-hidden=\"true\"><\/i> <strong>info@transakcija.si<\/strong><\/a><\/li>\n<\/ul>\n<h3>Socialna omre\u017eja<\/h3>\n<ul class=\"kontaktni-podatki\">\n<li><strong><a href=\"https:\/\/www.facebook.com\/transakcija\"><i class=\"fa fa-facebook fa-fw\" aria-hidden=\"true\"><\/i> Facebook <\/a><\/strong><\/li>\n<li><strong><a href=\"https:\/\/www.instagram.com\/transakcija\/\"><i class=\"fa fa-instagram fa-fw\" aria-hidden=\"true\"><\/i> Instagram <\/a><\/strong><\/li>\n<li><strong><a href=\"https:\/\/www.youtube.com\/channel\/UCQrTZTECExABUzCeljEXP1A\"><i class=\"fa fa-youtube-play fa-fw\" aria-hidden=\"true\"><\/i> YouTube <\/a><\/strong><\/li>\n<\/ul>\n<h3>Kje nas najdete<\/h3>\n<div class='content-column one_half'><ul style=\"list-style-type: none; margin-left: 0;\">\n<li><i class=\"fa fa-map-marker\" aria-hidden=\"true\"><\/i><b>\u2002Pisarna<\/b><\/li>\n<li>Zavod TransAkcija<\/li>\n<li>Trg prekomorskih brigad 1<\/li>\n<li>3. nadstropje, soba 317<\/li>\n<li>1000 Ljubljana<\/li>\n<\/ul><\/div><br \/>\n<div class='content-column one_half last_column'><ul style=\"list-style-type: none; margin-left: 0;\">\n<li><i class=\"fa fa-envelope-o\" aria-hidden=\"true\"><\/i><b>\u2002Po\u0161tni\/poslovni naslov<\/b><\/li>\n<li>Zavod TransAkcija<\/li>\n<li>Endliherjeva 10<\/li>\n<li>1000 Ljubljana<\/li>\n<\/ul><\/div><div class='clear_column'><\/div><\/p>\n<p>\u267f Prostor je dostopen za osebe z razli\u010dnimi zmo\u017enostnimi oz. nekatere osebe, ki uporabljajo vozi\u010dek. Pred stavbo je klan\u010dina, v stavbi pa dvigalo, ki pa je precej majhno. V primeru, da prihajate z vozi\u010dkom nam to prosim sporo\u010dite vnaprej, da lahko skupaj najdemo najbolj\u0161o mo\u017enost za va\u0161 dostop do na\u0161ih storitev oz. programa.<\/p>\n<p><iframe loading=\"lazy\" style=\"border: 1px solid black; display: block;\" src=\"https:\/\/www.openstreetmap.org\/export\/embed.html?bbox=14.48815852403641%2C46.06863437806951%2C14.490025341510774%2C46.069968631805594&amp;layer=mapnik&amp;marker=46.069301508969176%2C14.48909193277359\" width=\"100%\" height=\"350\" frameborder=\"0\" marginwidth=\"0\" marginheight=\"0\" scrolling=\"no\"><\/iframe><small style=\"display: block; text-align: center;\"><a href=\"https:\/\/www.openstreetmap.org\/?mlat=46.06930&amp;mlon=14.48909#map=19\/46.06930\/14.48909\">Poglej ve\u010dji zemljevid<\/a><\/small><\/p>\n","protected":false},"excerpt":{"rendered":"<p>e-po\u0161ta info@transakcija.si Socialna omre\u017eja Facebook Instagram YouTube Kje nas najdete \u267f Prostor je dostopen za osebe z razli\u010dnimi zmo\u017enostnimi oz. nekatere osebe, ki uporabljajo vozi\u010dek. Pred stavbo je klan\u010dina, v stavbi pa dvigalo, ki pa je precej majhno. V primeru, da prihajate z vozi\u010dkom nam to prosim sporo\u010dite vnaprej, da lahko skupaj najdemo najbolj\u0161o mo\u017enost [&hellip;]<\/p>\n","protected":false},"author":14,"featured_media":0,"parent":14,"menu_order":0,"comment_status":"closed","ping_status":"closed","template":"","meta":{"footnotes":""},"class_list":["post-4588","page","type-page","status-publish","hentry"],"yoast_head":"<!-- This site is optimized with the Yoast SEO plugin v27.4 - https:\/\/yoast.com\/product\/yoast-seo-wordpress\/ -->\n<title>Kontakt<\/title>\n<meta name=\"robots\" content=\"noindex, follow, max-snippet:-1, max-image-preview:large, max-video-preview:-1\" \/>\n<meta property=\"og:locale\" content=\"en_US\" \/>\n<meta property=\"og:type\" content=\"article\" \/>\n<meta property=\"og:title\" content=\"Kontakt\" \/>\n<meta property=\"og:description\" content=\"e-po\u0161ta info@transakcija.si Socialna omre\u017eja Facebook Instagram YouTube Kje nas najdete \u267f Prostor je dostopen za osebe z razli\u010dnimi zmo\u017enostnimi oz. nekatere osebe, ki uporabljajo vozi\u010dek. Pred stavbo je klan\u010dina, v stavbi pa dvigalo, ki pa je precej majhno. V primeru, da prihajate z vozi\u010dkom nam to prosim sporo\u010dite vnaprej, da lahko skupaj najdemo najbolj\u0161o mo\u017enost [&hellip;]\" \/>\n<meta property=\"og:url\" content=\"https:\/\/transakcija.si\/old\/about\/kontakti\/\" \/>\n<meta property=\"og:site_name\" content=\"TransAkcija\" \/>\n<meta property=\"article:modified_time\" content=\"2023-12-14T12:48:52+00:00\" \/>\n<meta name=\"twitter:card\" content=\"summary_large_image\" \/>\n<meta name=\"twitter:label1\" content=\"Est. reading time\" \/>\n\t<meta name=\"twitter:data1\" content=\"1 minute\" \/>\n<script type=\"application\/ld+json\" class=\"yoast-schema-graph\">{\"@context\":\"https:\\\/\\\/schema.org\",\"@graph\":[{\"@type\":\"WebPage\",\"@id\":\"https:\\\/\\\/transakcija.si\\\/old\\\/about\\\/kontakti\\\/\",\"url\":\"https:\\\/\\\/transakcija.si\\\/old\\\/about\\\/kontakti\\\/\",\"name\":\"Kontakt\",\"isPartOf\":{\"@id\":\"https:\\\/\\\/transakcija.si\\\/old\\\/#website\"},\"datePublished\":\"2021-02-03T15:01:39+00:00\",\"dateModified\":\"2023-12-14T12:48:52+00:00\",\"breadcrumb\":{\"@id\":\"https:\\\/\\\/transakcija.si\\\/old\\\/about\\\/kontakti\\\/#breadcrumb\"},\"inLanguage\":\"en-US\",\"potentialAction\":[{\"@type\":\"ReadAction\",\"target\":[\"https:\\\/\\\/transakcija.si\\\/old\\\/about\\\/kontakti\\\/\"]}]},{\"@type\":\"BreadcrumbList\",\"@id\":\"https:\\\/\\\/transakcija.si\\\/old\\\/about\\\/kontakti\\\/#breadcrumb\",\"itemListElement\":[{\"@type\":\"ListItem\",\"position\":1,\"name\":\"Home\",\"item\":\"https:\\\/\\\/transakcija.si\\\/old\\\/\"},{\"@type\":\"ListItem\",\"position\":2,\"name\":\"O TransAkciji\",\"item\":\"https:\\\/\\\/transakcija.si\\\/old\\\/about\\\/\"},{\"@type\":\"ListItem\",\"position\":3,\"name\":\"Kontakt\"}]},{\"@type\":\"WebSite\",\"@id\":\"https:\\\/\\\/transakcija.si\\\/old\\\/#website\",\"url\":\"https:\\\/\\\/transakcija.si\\\/old\\\/\",\"name\":\"TransAkcija\",\"description\":\"\",\"publisher\":{\"@id\":\"https:\\\/\\\/transakcija.si\\\/old\\\/#organization\"},\"potentialAction\":[{\"@type\":\"SearchAction\",\"target\":{\"@type\":\"EntryPoint\",\"urlTemplate\":\"https:\\\/\\\/transakcija.si\\\/old\\\/?s={search_term_string}\"},\"query-input\":{\"@type\":\"PropertyValueSpecification\",\"valueRequired\":true,\"valueName\":\"search_term_string\"}}],\"inLanguage\":\"en-US\"},{\"@type\":\"Organization\",\"@id\":\"https:\\\/\\\/transakcija.si\\\/old\\\/#organization\",\"name\":\"TransAkcija\",\"url\":\"https:\\\/\\\/transakcija.si\\\/old\\\/\",\"logo\":{\"@type\":\"ImageObject\",\"inLanguage\":\"en-US\",\"@id\":\"https:\\\/\\\/transakcija.si\\\/old\\\/#\\\/schema\\\/logo\\\/image\\\/\",\"url\":\"https:\\\/\\\/transakcija.si\\\/old\\\/wp-content\\\/uploads\\\/2017\\\/03\\\/logo-l-e1489058897303.png\",\"contentUrl\":\"https:\\\/\\\/transakcija.si\\\/old\\\/wp-content\\\/uploads\\\/2017\\\/03\\\/logo-l-e1489058897303.png\",\"width\":400,\"height\":251,\"caption\":\"TransAkcija\"},\"image\":{\"@id\":\"https:\\\/\\\/transakcija.si\\\/old\\\/#\\\/schema\\\/logo\\\/image\\\/\"}}]}<\/script>\n<!-- \/ Yoast SEO plugin. -->","yoast_head_json":{"title":"Kontakt","robots":{"index":"noindex","follow":"follow","max-snippet":"max-snippet:-1","max-image-preview":"max-image-preview:large","max-video-preview":"max-video-preview:-1"},"og_locale":"en_US","og_type":"article","og_title":"Kontakt","og_description":"e-po\u0161ta info@transakcija.si Socialna omre\u017eja Facebook Instagram YouTube Kje nas najdete \u267f Prostor je dostopen za osebe z razli\u010dnimi zmo\u017enostnimi oz. nekatere osebe, ki uporabljajo vozi\u010dek. Pred stavbo je klan\u010dina, v stavbi pa dvigalo, ki pa je precej majhno. V primeru, da prihajate z vozi\u010dkom nam to prosim sporo\u010dite vnaprej, da lahko skupaj najdemo najbolj\u0161o mo\u017enost [&hellip;]","og_url":"https:\/\/transakcija.si\/old\/about\/kontakti\/","og_site_name":"TransAkcija","article_modified_time":"2023-12-14T12:48:52+00:00","twitter_card":"summary_large_image","twitter_misc":{"Est. reading time":"1 minute"},"schema":{"@context":"https:\/\/schema.org","@graph":[{"@type":"WebPage","@id":"https:\/\/transakcija.si\/old\/about\/kontakti\/","url":"https:\/\/transakcija.si\/old\/about\/kontakti\/","name":"Kontakt","isPartOf":{"@id":"https:\/\/transakcija.si\/old\/#website"},"datePublished":"2021-02-03T15:01:39+00:00","dateModified":"2023-12-14T12:48:52+00:00","breadcrumb":{"@id":"https:\/\/transakcija.si\/old\/about\/kontakti\/#breadcrumb"},"inLanguage":"en-US","potentialAction":[{"@type":"ReadAction","target":["https:\/\/transakcija.si\/old\/about\/kontakti\/"]}]},{"@type":"BreadcrumbList","@id":"https:\/\/transakcija.si\/old\/about\/kontakti\/#breadcrumb","itemListElement":[{"@type":"ListItem","position":1,"name":"Home","item":"https:\/\/transakcija.si\/old\/"},{"@type":"ListItem","position":2,"name":"O TransAkciji","item":"https:\/\/transakcija.si\/old\/about\/"},{"@type":"ListItem","position":3,"name":"Kontakt"}]},{"@type":"WebSite","@id":"https:\/\/transakcija.si\/old\/#website","url":"https:\/\/transakcija.si\/old\/","name":"TransAkcija","description":"","publisher":{"@id":"https:\/\/transakcija.si\/old\/#organization"},"potentialAction":[{"@type":"SearchAction","target":{"@type":"EntryPoint","urlTemplate":"https:\/\/transakcija.si\/old\/?s={search_term_string}"},"query-input":{"@type":"PropertyValueSpecification","valueRequired":true,"valueName":"search_term_string"}}],"inLanguage":"en-US"},{"@type":"Organization","@id":"https:\/\/transakcija.si\/old\/#organization","name":"TransAkcija","url":"https:\/\/transakcija.si\/old\/","logo":{"@type":"ImageObject","inLanguage":"en-US","@id":"https:\/\/transakcija.si\/old\/#\/schema\/logo\/image\/","url":"https:\/\/transakcija.si\/old\/wp-content\/uploads\/2017\/03\/logo-l-e1489058897303.png","contentUrl":"https:\/\/transakcija.si\/old\/wp-content\/uploads\/2017\/03\/logo-l-e1489058897303.png","width":400,"height":251,"caption":"TransAkcija"},"image":{"@id":"https:\/\/transakcija.si\/old\/#\/schema\/logo\/image\/"}}]}},"_links":{"self":[{"href":"https:\/\/transakcija.si\/old\/wp-json\/wp\/v2\/pages\/4588","targetHints":{"allow":["GET"]}}],"collection":[{"href":"https:\/\/transakcija.si\/old\/wp-json\/wp\/v2\/pages"}],"about":[{"href":"https:\/\/transakcija.si\/old\/wp-json\/wp\/v2\/types\/page"}],"author":[{"embeddable":true,"href":"https:\/\/transakcija.si\/old\/wp-json\/wp\/v2\/users\/14"}],"replies":[{"embeddable":true,"href":"https:\/\/transakcija.si\/old\/wp-json\/wp\/v2\/comments?post=4588"}],"version-history":[{"count":18,"href":"https:\/\/transakcija.si\/old\/wp-json\/wp\/v2\/pages\/4588\/revisions"}],"predecessor-version":[{"id":7914,"href":"https:\/\/transakcija.si\/old\/wp-json\/wp\/v2\/pages\/4588\/revisions\/7914"}],"up":[{"embeddable":true,"href":"https:\/\/transakcija.si\/old\/wp-json\/wp\/v2\/pages\/14"}],"wp:attachment":[{"href":"https:\/\/transakcija.si\/old\/wp-json\/wp\/v2\/media?parent=4588"}],"curies":[{"name":"wp","href":"https:\/\/api.w.org\/{rel}","templated":true}]}}