{"id":4668,"date":"2021-02-26T11:30:53","date_gmt":"2021-02-26T10:30:53","guid":{"rendered":"https:\/\/transakcija.si\/old\/?page_id=4668"},"modified":"2023-11-11T03:11:58","modified_gmt":"2023-11-11T02:11:58","slug":"plac-zate","status":"publish","type":"page","link":"https:\/\/transakcija.si\/old\/aktivnosti-in-storitve\/plac-zate\/","title":{"rendered":"Plac zate"},"content":{"rendered":"<p>Plac zate je prostor in \u010das, kjer se posvetimo tebi.<\/p>\n<p>Plac zate zdru\u017euje koncepte info to\u010dke, drop in centra in prostora za trans osebe in LGBIQA+ skupnost.<\/p>\n<p>Plac zate je namenjen vsem trans in LGBQIA+ osebam, ne glede na starost, spolno usmerjenost, spolno identiteto ali druge osebne okoli\u0161\u010dine.<\/p>\n<h4><strong>Kaj je na voljo v Placu zate:<\/strong><\/h4>\n<ul>\n<li>varen prostor, kjer si lahko kdor si,<\/li>\n<li>informacije o na\u0161ih podpornih storitvah (trans skupine, svetovanje in medvrstni\u0161ka podpora) ter kako se jim pridru\u017eiti,<\/li>\n<li>informacije dogodkih in aktivnostih TransAkcije,<\/li>\n<li>informacije za trans osebe glede tranzicije in\/ali menjave dokumentov,<\/li>\n<li>publikacije, ki smo jih izdale_i pri TransAkciji,<\/li>\n<li>informacije o LGBTIQ+ aktivnostih, dogodkih in projektih v Sloveniji,<\/li>\n<li>LGBTIQ+ materiali, letaki, nalepke, zna\u010dke, publikacije,<\/li>\n<li>dru\u017eenje z LGBTIQ+ osebo,<\/li>\n<li>branje LGBTIQ+ zinov in knjig,<\/li>\n<li>izposoja LGBTIQ+ knjig iz TransAkcijine knji\u017enice,<\/li>\n<li>brskanje po na\u0161i zbirki binderjev, obla\u010dil in nakita &#8211; \u010de ti bo kaj v\u0161e\u010d oz. ti bo ustrezalo stvar lahko brezpla\u010dno odnese\u0161 s seboj,<\/li>\n<li>barvanje pobarvank,<\/li>\n<li>uporaba kineti\u010dnih pripomo\u010dkov za spro\u010danje,<\/li>\n<li>\u010daj, kava, pi\u0161koti in gotovo \u0161e kak\u0161en prigrizek,<\/li>\n<li>prostor, kjer lahko v miru bere\u0161\/naredi\u0161 doma\u010de\/seminarske naloge itd.,<\/li>\n<li>gotovo \u0161e kaj.<\/li>\n<\/ul>\n<h4><strong>Kdaj in kje je Plac zate?<\/strong><\/h4>\n<p><strong>Plac zate je ob petkih med 14. in 18. uro.<\/strong><\/p>\n<p><strong>Plac zate je v na\u0161em prostoru na naslovu <a href=\"https:\/\/www.google.com\/maps\/place\/Trg+prekomorskih+brigad+1,+1000+Ljubljana\/data=!4m2!3m1!1s0x476532b13da2e6eb:0x1ed2295383ebfdbb?sa=X&amp;ved=2ahUKEwjhwKKVx9_tAhUOjaQKHbwLArIQ8gEwAHoECAMQAQ\">Trg prekomorskih brigad 1, 1000 Ljubljana<\/a>.\u00a0<\/strong><strong><br \/>\n<\/strong>Prostor je v 3. nadstropju, soba \u0161t. 317 \u2013 vhodna vrata vidite takoj, ko izstopite iz dvigala.<\/p>\n<p><img decoding=\"async\" class=\"emoji\" role=\"img\" draggable=\"false\" src=\"https:\/\/s.w.org\/images\/core\/emoji\/13.0.1\/svg\/267f.svg\" alt=\"\u267f\" \/> Prostor je dostopen za osebe z razli\u010dnimi zmo\u017enostnimi oz. nekatere osebe, ki uporabljajo vozi\u010dek. Pred stavbo je klan\u010dina, v stavbi pa dvigalo, ki pa je precej majhno. V primeru, da prihajate z vozi\u010dkom nam to prosim sporo\u010dite vnaprej, da lahko skupaj najdemo najbolj\u0161o mo\u017enost za va\u0161 dostop do na\u0161ih storitev oz. programa.<\/p>\n<p>*****************************************************************************<\/p>\n<p>Toplo vabljene_i!<\/p>\n","protected":false},"excerpt":{"rendered":"<p>Plac zate je prostor in \u010das, kjer se posvetimo tebi. Plac zate zdru\u017euje koncepte info to\u010dke, drop in centra in prostora za trans osebe in LGBIQA+ skupnost. Plac zate je namenjen vsem trans in LGBQIA+ osebam, ne glede na starost, spolno usmerjenost, spolno identiteto ali druge osebne okoli\u0161\u010dine. Kaj je na voljo v Placu zate: [&hellip;]<\/p>\n","protected":false},"author":18,"featured_media":0,"parent":4581,"menu_order":0,"comment_status":"closed","ping_status":"closed","template":"","meta":{"footnotes":""},"class_list":["post-4668","page","type-page","status-publish","hentry"],"yoast_head":"<!-- This site is optimized with the Yoast SEO plugin v27.4 - https:\/\/yoast.com\/product\/yoast-seo-wordpress\/ -->\n<title>Plac zate<\/title>\n<meta name=\"robots\" content=\"noindex, follow, max-snippet:-1, max-image-preview:large, max-video-preview:-1\" \/>\n<meta property=\"og:locale\" content=\"en_US\" \/>\n<meta property=\"og:type\" content=\"article\" \/>\n<meta property=\"og:title\" content=\"Plac zate\" \/>\n<meta property=\"og:description\" content=\"Plac zate je prostor in \u010das, kjer se posvetimo tebi. Plac zate zdru\u017euje koncepte info to\u010dke, drop in centra in prostora za trans osebe in LGBIQA+ skupnost. Plac zate je namenjen vsem trans in LGBQIA+ osebam, ne glede na starost, spolno usmerjenost, spolno identiteto ali druge osebne okoli\u0161\u010dine. Kaj je na voljo v Placu zate: [&hellip;]\" \/>\n<meta property=\"og:url\" content=\"https:\/\/transakcija.si\/old\/aktivnosti-in-storitve\/plac-zate\/\" \/>\n<meta property=\"og:site_name\" content=\"TransAkcija\" \/>\n<meta property=\"article:modified_time\" content=\"2023-11-11T02:11:58+00:00\" \/>\n<meta property=\"og:image\" content=\"https:\/\/s.w.org\/images\/core\/emoji\/13.0.1\/svg\/267f.svg\" \/>\n<meta name=\"twitter:card\" content=\"summary_large_image\" \/>\n<meta name=\"twitter:label1\" content=\"Est. reading time\" \/>\n\t<meta name=\"twitter:data1\" content=\"2 minutes\" \/>\n<script type=\"application\/ld+json\" class=\"yoast-schema-graph\">{\"@context\":\"https:\\\/\\\/schema.org\",\"@graph\":[{\"@type\":\"WebPage\",\"@id\":\"https:\\\/\\\/transakcija.si\\\/old\\\/aktivnosti-in-storitve\\\/plac-zate\\\/\",\"url\":\"https:\\\/\\\/transakcija.si\\\/old\\\/aktivnosti-in-storitve\\\/plac-zate\\\/\",\"name\":\"Plac zate\",\"isPartOf\":{\"@id\":\"https:\\\/\\\/transakcija.si\\\/old\\\/#website\"},\"primaryImageOfPage\":{\"@id\":\"https:\\\/\\\/transakcija.si\\\/old\\\/aktivnosti-in-storitve\\\/plac-zate\\\/#primaryimage\"},\"image\":{\"@id\":\"https:\\\/\\\/transakcija.si\\\/old\\\/aktivnosti-in-storitve\\\/plac-zate\\\/#primaryimage\"},\"thumbnailUrl\":\"https:\\\/\\\/s.w.org\\\/images\\\/core\\\/emoji\\\/13.0.1\\\/svg\\\/267f.svg\",\"datePublished\":\"2021-02-26T10:30:53+00:00\",\"dateModified\":\"2023-11-11T02:11:58+00:00\",\"breadcrumb\":{\"@id\":\"https:\\\/\\\/transakcija.si\\\/old\\\/aktivnosti-in-storitve\\\/plac-zate\\\/#breadcrumb\"},\"inLanguage\":\"en-US\",\"potentialAction\":[{\"@type\":\"ReadAction\",\"target\":[\"https:\\\/\\\/transakcija.si\\\/old\\\/aktivnosti-in-storitve\\\/plac-zate\\\/\"]}]},{\"@type\":\"ImageObject\",\"inLanguage\":\"en-US\",\"@id\":\"https:\\\/\\\/transakcija.si\\\/old\\\/aktivnosti-in-storitve\\\/plac-zate\\\/#primaryimage\",\"url\":\"https:\\\/\\\/s.w.org\\\/images\\\/core\\\/emoji\\\/13.0.1\\\/svg\\\/267f.svg\",\"contentUrl\":\"https:\\\/\\\/s.w.org\\\/images\\\/core\\\/emoji\\\/13.0.1\\\/svg\\\/267f.svg\"},{\"@type\":\"BreadcrumbList\",\"@id\":\"https:\\\/\\\/transakcija.si\\\/old\\\/aktivnosti-in-storitve\\\/plac-zate\\\/#breadcrumb\",\"itemListElement\":[{\"@type\":\"ListItem\",\"position\":1,\"name\":\"Home\",\"item\":\"https:\\\/\\\/transakcija.si\\\/old\\\/\"},{\"@type\":\"ListItem\",\"position\":2,\"name\":\"Aktivnosti in storitve\",\"item\":\"https:\\\/\\\/transakcija.si\\\/old\\\/aktivnosti-in-storitve\\\/\"},{\"@type\":\"ListItem\",\"position\":3,\"name\":\"Plac zate\"}]},{\"@type\":\"WebSite\",\"@id\":\"https:\\\/\\\/transakcija.si\\\/old\\\/#website\",\"url\":\"https:\\\/\\\/transakcija.si\\\/old\\\/\",\"name\":\"TransAkcija\",\"description\":\"\",\"publisher\":{\"@id\":\"https:\\\/\\\/transakcija.si\\\/old\\\/#organization\"},\"potentialAction\":[{\"@type\":\"SearchAction\",\"target\":{\"@type\":\"EntryPoint\",\"urlTemplate\":\"https:\\\/\\\/transakcija.si\\\/old\\\/?s={search_term_string}\"},\"query-input\":{\"@type\":\"PropertyValueSpecification\",\"valueRequired\":true,\"valueName\":\"search_term_string\"}}],\"inLanguage\":\"en-US\"},{\"@type\":\"Organization\",\"@id\":\"https:\\\/\\\/transakcija.si\\\/old\\\/#organization\",\"name\":\"TransAkcija\",\"url\":\"https:\\\/\\\/transakcija.si\\\/old\\\/\",\"logo\":{\"@type\":\"ImageObject\",\"inLanguage\":\"en-US\",\"@id\":\"https:\\\/\\\/transakcija.si\\\/old\\\/#\\\/schema\\\/logo\\\/image\\\/\",\"url\":\"https:\\\/\\\/transakcija.si\\\/old\\\/wp-content\\\/uploads\\\/2017\\\/03\\\/logo-l-e1489058897303.png\",\"contentUrl\":\"https:\\\/\\\/transakcija.si\\\/old\\\/wp-content\\\/uploads\\\/2017\\\/03\\\/logo-l-e1489058897303.png\",\"width\":400,\"height\":251,\"caption\":\"TransAkcija\"},\"image\":{\"@id\":\"https:\\\/\\\/transakcija.si\\\/old\\\/#\\\/schema\\\/logo\\\/image\\\/\"}}]}<\/script>\n<!-- \/ Yoast SEO plugin. -->","yoast_head_json":{"title":"Plac zate","robots":{"index":"noindex","follow":"follow","max-snippet":"max-snippet:-1","max-image-preview":"max-image-preview:large","max-video-preview":"max-video-preview:-1"},"og_locale":"en_US","og_type":"article","og_title":"Plac zate","og_description":"Plac zate je prostor in \u010das, kjer se posvetimo tebi. Plac zate zdru\u017euje koncepte info to\u010dke, drop in centra in prostora za trans osebe in LGBIQA+ skupnost. Plac zate je namenjen vsem trans in LGBQIA+ osebam, ne glede na starost, spolno usmerjenost, spolno identiteto ali druge osebne okoli\u0161\u010dine. Kaj je na voljo v Placu zate: [&hellip;]","og_url":"https:\/\/transakcija.si\/old\/aktivnosti-in-storitve\/plac-zate\/","og_site_name":"TransAkcija","article_modified_time":"2023-11-11T02:11:58+00:00","og_image":[{"url":"https:\/\/s.w.org\/images\/core\/emoji\/13.0.1\/svg\/267f.svg","type":"","width":"","height":""}],"twitter_card":"summary_large_image","twitter_misc":{"Est. reading time":"2 minutes"},"schema":{"@context":"https:\/\/schema.org","@graph":[{"@type":"WebPage","@id":"https:\/\/transakcija.si\/old\/aktivnosti-in-storitve\/plac-zate\/","url":"https:\/\/transakcija.si\/old\/aktivnosti-in-storitve\/plac-zate\/","name":"Plac zate","isPartOf":{"@id":"https:\/\/transakcija.si\/old\/#website"},"primaryImageOfPage":{"@id":"https:\/\/transakcija.si\/old\/aktivnosti-in-storitve\/plac-zate\/#primaryimage"},"image":{"@id":"https:\/\/transakcija.si\/old\/aktivnosti-in-storitve\/plac-zate\/#primaryimage"},"thumbnailUrl":"https:\/\/s.w.org\/images\/core\/emoji\/13.0.1\/svg\/267f.svg","datePublished":"2021-02-26T10:30:53+00:00","dateModified":"2023-11-11T02:11:58+00:00","breadcrumb":{"@id":"https:\/\/transakcija.si\/old\/aktivnosti-in-storitve\/plac-zate\/#breadcrumb"},"inLanguage":"en-US","potentialAction":[{"@type":"ReadAction","target":["https:\/\/transakcija.si\/old\/aktivnosti-in-storitve\/plac-zate\/"]}]},{"@type":"ImageObject","inLanguage":"en-US","@id":"https:\/\/transakcija.si\/old\/aktivnosti-in-storitve\/plac-zate\/#primaryimage","url":"https:\/\/s.w.org\/images\/core\/emoji\/13.0.1\/svg\/267f.svg","contentUrl":"https:\/\/s.w.org\/images\/core\/emoji\/13.0.1\/svg\/267f.svg"},{"@type":"BreadcrumbList","@id":"https:\/\/transakcija.si\/old\/aktivnosti-in-storitve\/plac-zate\/#breadcrumb","itemListElement":[{"@type":"ListItem","position":1,"name":"Home","item":"https:\/\/transakcija.si\/old\/"},{"@type":"ListItem","position":2,"name":"Aktivnosti in storitve","item":"https:\/\/transakcija.si\/old\/aktivnosti-in-storitve\/"},{"@type":"ListItem","position":3,"name":"Plac zate"}]},{"@type":"WebSite","@id":"https:\/\/transakcija.si\/old\/#website","url":"https:\/\/transakcija.si\/old\/","name":"TransAkcija","description":"","publisher":{"@id":"https:\/\/transakcija.si\/old\/#organization"},"potentialAction":[{"@type":"SearchAction","target":{"@type":"EntryPoint","urlTemplate":"https:\/\/transakcija.si\/old\/?s={search_term_string}"},"query-input":{"@type":"PropertyValueSpecification","valueRequired":true,"valueName":"search_term_string"}}],"inLanguage":"en-US"},{"@type":"Organization","@id":"https:\/\/transakcija.si\/old\/#organization","name":"TransAkcija","url":"https:\/\/transakcija.si\/old\/","logo":{"@type":"ImageObject","inLanguage":"en-US","@id":"https:\/\/transakcija.si\/old\/#\/schema\/logo\/image\/","url":"https:\/\/transakcija.si\/old\/wp-content\/uploads\/2017\/03\/logo-l-e1489058897303.png","contentUrl":"https:\/\/transakcija.si\/old\/wp-content\/uploads\/2017\/03\/logo-l-e1489058897303.png","width":400,"height":251,"caption":"TransAkcija"},"image":{"@id":"https:\/\/transakcija.si\/old\/#\/schema\/logo\/image\/"}}]}},"_links":{"self":[{"href":"https:\/\/transakcija.si\/old\/wp-json\/wp\/v2\/pages\/4668","targetHints":{"allow":["GET"]}}],"collection":[{"href":"https:\/\/transakcija.si\/old\/wp-json\/wp\/v2\/pages"}],"about":[{"href":"https:\/\/transakcija.si\/old\/wp-json\/wp\/v2\/types\/page"}],"author":[{"embeddable":true,"href":"https:\/\/transakcija.si\/old\/wp-json\/wp\/v2\/users\/18"}],"replies":[{"embeddable":true,"href":"https:\/\/transakcija.si\/old\/wp-json\/wp\/v2\/comments?post=4668"}],"version-history":[{"count":36,"href":"https:\/\/transakcija.si\/old\/wp-json\/wp\/v2\/pages\/4668\/revisions"}],"predecessor-version":[{"id":7664,"href":"https:\/\/transakcija.si\/old\/wp-json\/wp\/v2\/pages\/4668\/revisions\/7664"}],"up":[{"embeddable":true,"href":"https:\/\/transakcija.si\/old\/wp-json\/wp\/v2\/pages\/4581"}],"wp:attachment":[{"href":"https:\/\/transakcija.si\/old\/wp-json\/wp\/v2\/media?parent=4668"}],"curies":[{"name":"wp","href":"https:\/\/api.w.org\/{rel}","templated":true}]}}