{"id":5224,"date":"2021-06-03T14:45:24","date_gmt":"2021-06-03T12:45:24","guid":{"rendered":"https:\/\/transakcija.si\/old\/?page_id=5224"},"modified":"2021-06-14T11:08:55","modified_gmt":"2021-06-14T09:08:55","slug":"srcna-sporocila-lgbtiq-osebe-o-coming-out","status":"publish","type":"page","link":"https:\/\/transakcija.si\/old\/srcna-sporocila-lgbtiq-osebe-o-coming-out\/","title":{"rendered":"Sr\u010dna sporo\u010dila: LGBTIQ+ osebe o coming out"},"content":{"rendered":"<div id=\"attachment_5225\" style=\"width: 811px\" class=\"wp-caption aligncenter\"><img loading=\"lazy\" decoding=\"async\" aria-describedby=\"caption-attachment-5225\" class=\"wp-image-5225 \" src=\"https:\/\/transakcija.si\/old\/wp-content\/uploads\/2021\/06\/FB_Skupnost-1-scaled.jpg\" alt=\"\" width=\"801\" height=\"352\" srcset=\"https:\/\/transakcija.si\/old\/wp-content\/uploads\/2021\/06\/FB_Skupnost-1-scaled.jpg 2560w, https:\/\/transakcija.si\/old\/wp-content\/uploads\/2021\/06\/FB_Skupnost-1-300x132.jpg 300w, https:\/\/transakcija.si\/old\/wp-content\/uploads\/2021\/06\/FB_Skupnost-1-1024x450.jpg 1024w, https:\/\/transakcija.si\/old\/wp-content\/uploads\/2021\/06\/FB_Skupnost-1-768x337.jpg 768w, https:\/\/transakcija.si\/old\/wp-content\/uploads\/2021\/06\/FB_Skupnost-1-1536x674.jpg 1536w, https:\/\/transakcija.si\/old\/wp-content\/uploads\/2021\/06\/FB_Skupnost-1-2048x899.jpg 2048w\" sizes=\"auto, (max-width: 801px) 100vw, 801px\" \/><p id=\"caption-attachment-5225\" class=\"wp-caption-text\">Ilustracija in oblikovanje: Katarina Duri\u010d<\/p><\/div>\n<p style=\"text-align: center;\"><strong>Z veseljem in ponosom predstavljamo publikacijo<\/strong><\/p>\n<h4 style=\"text-align: center;\"><a href=\"https:\/\/transakcija.si\/old\/wp-content\/uploads\/2021\/06\/Srcna-sporocila_LGBTIQ-osebe-o-coming-outu_2021_60MB.pdf\">Sr\u010dna sporo\u010dila: LGBTIQ+ osebe o coming outu<\/a><\/h4>\n<p style=\"text-align: left;\">Publikacija, ki je pred vami, ni samo to. Publikacija torej. Je toplina in zavetje. Je oblika varnega prostora, kamor se vse LGBTIQ+ osebe in osebe, ki \u0161e raziskujete ali ste mavri\u010dno bitje, lahko zavijete ali skrijete, kadar imate ob\u010dutek, da ste same_i. Niste same_i. Vsepovsod po Sloveniji so LGBTIQ+ osebe, ki \u010dutijo podobno kot ve_i. Mo\u010d te publikacije je, da prena\u0161a sr\u010dna sporo\u010dila med LGBTIQ+ osebami. Mo\u010d te publikacije je odraz mo\u010di LGBTIQ+ oseb in skupnosti.<\/p>\n<p>Zelo pogosto je ve\u010dina dogodkov v programih mesecev ponosa in parad ponosa namenjenih outiranim LGBTIQ+ osebam. Zavedamo se, da je ta \u010das zato lahko za neoutirane LGBTIQ+ osebe in osebe, ki se \u0161e raziskujete, zelo intenziven s pogostimi dvomi o lastni vrednosti oz. pripadnosti ter ob\u010dutki stisk, krivde in nemo\u010di. Zoperstavljamo se tak\u0161nemu razumevanje meseca ponosa. Na\u0161a umestitev izdaje te publikacije na osrednje mesto na\u0161ega programa meseca ponosa ni naklju\u010dje. Prepri\u010dane_i pa smo, da bo ljubeznivost in toplina publikacije dosegla srca tudi \u017ee outiranih LGBTIQ+ oseb.<\/p>\n<p><script src=\"https:\/\/players.yumpu.com\/hub.js\"> <\/script><\/p>\n<div id=\"yumpuMagazineContainer\" style=\"width: 620px; height: 380px;\"><\/div>\n<p><script>\nvar myYumpu = new Yumpu();\nmyYumpu.create_player(\"#yumpuMagazineContainer\", \"\", { lang:\"en\", embed_id:\"7lE4RLB5Jh8Xwzmn\", embedded:true } );\n<\/script><\/p>\n<p>Publikacija je nastala iz odgovorov na vpra\u0161anje <strong>\u00bbKaj bi povedal_a oz. svetoval_a nekomu, ki \u0161e ni naredil_a coming outa\/razkritja, ampak to na\u010drtuje v prihodnosti?\u00ab<\/strong>, ki je bilo eno izmed vpra\u0161anj v raziskavi <strong><em>LGBTIQ+ osebe in coming out<\/em><\/strong>, ki smo jo pri Zavodu TransAkcija izvedle_i med februarjem in aprilom 2021. Odgovori so bili tako sr\u010dni, topli, konstruktivni, vzpodbudni in iskreni, da jih \u017eelimo deliti s \u010dim ve\u010d ljudmi iz ali onkraj LGBTIQ+ skupnosti in predvsem \u00a0z LGBTIQ+ osebami, ki so pred ali na za\u010detku ve\u010djih coming out izku\u0161enj ter vsemi, ki odkrivajo, ali je kje tudi njihov prostor pod mavrico. Na\u0161a \u017eelja je, da v publikaciji najde\u0161 kak\u0161na sporo\u010dila podpore, utehe in topline prav zase.<\/p>\n<p><strong>Publikacija je na voljo v <a href=\"https:\/\/transakcija.si\/old\/wp-content\/uploads\/2021\/06\/Srcna-sporocila_LGBTIQ-osebe-o-coming-outu_2021_60MB.pdf\">pdf formatu<\/a>\u00a0ter <a href=\"https:\/\/www.yumpu.com\/xx\/document\/view\/65692558\/srcna-sporocila-lgbtiq-osebe-o-coming-outu\">spletnem bralniku<\/a>.<\/strong><\/p>\n<p><strong>Uredni\u0161tvo: <\/strong>Zavod TransAkcija<br \/>\n<strong>Avtorice_ji: <\/strong>LGBTIQ+ skupnost v Sloveniji<br \/>\n<strong>Ilustracije: <\/strong>Katarina Duri\u010d<br \/>\n<strong>Oblikovanje: <\/strong>Katarina Duri\u010d<\/p>\n<p>Ljubljana, junij 2021<\/p>\n<p>******************************************************************************************<br \/>\nPublikacijo so omogo\u010dile_i <a class=\"profileLink\" href=\"https:\/\/www.facebook.com\/AstraeaLFJ\/?__tn__=K-R&amp;eid=ARDkacSvDb_e1TxXGxrPwL8npAGyNFfxX3KCN4-b80oPn0oY_vjTxB-d00JGiJenNVdyRzf2iJQ6zmlf&amp;fref=mentions&amp;__xts__%5B0%5D=68.ARAp477obkyoGmjgMgHZlXS5PBEVE6bcRnYrGTOWR0teDbXf1LWMa9uea31-VOIYA49VBph29xuzXWNoTAWZkhwnmQmOAWeBQFPS2DMCl9GGO4DwaHfMc9Tvr3C6v2xZ4c5my3R7_qts2pKNbZz-62q53gLqms-5Ih2oNIgGB88qoDbHL174ywhYmTQ2pfyMQXG7IFy3h-pApvm0vSpulkbOV053gojiSfH5bO6Yl8Cc2P6-04xmq6pFzSnKyXA7fZkaoSqDS5ygE1f_Z3NF5i6fHyAU9mvZ-a0JC4-ZUsyDJX4v4J0_cUf4rh1WO7LF2_BacB_lt5TAJHL4bDwni_eLNw\" data-hovercard=\"\/ajax\/hovercard\/page.php?id=180888133200&amp;extragetparams=%7B%22__tn__%22%3A%22%2CdK-R-R%22%2C%22eid%22%3A%22ARDkacSvDb_e1TxXGxrPwL8npAGyNFfxX3KCN4-b80oPn0oY_vjTxB-d00JGiJenNVdyRzf2iJQ6zmlf%22%2C%22fref%22%3A%22mentions%22%7D\" data-hovercard-prefer-more-content-show=\"1\">Astraea Lesbian Foundation for Justice<\/a>,\u00a0<a class=\"profileLink\" href=\"https:\/\/www.facebook.com\/mamacashfund\/?__tn__=K-R&amp;eid=ARBmwROZXnVAw-_GhWTptiX9weQn5fKSUifjyfGoa2-lg8lxT3hCNabmUmaCidDCZVu9uzqzUlNCxme3&amp;fref=mentions&amp;__xts__%5B0%5D=68.ARAp477obkyoGmjgMgHZlXS5PBEVE6bcRnYrGTOWR0teDbXf1LWMa9uea31-VOIYA49VBph29xuzXWNoTAWZkhwnmQmOAWeBQFPS2DMCl9GGO4DwaHfMc9Tvr3C6v2xZ4c5my3R7_qts2pKNbZz-62q53gLqms-5Ih2oNIgGB88qoDbHL174ywhYmTQ2pfyMQXG7IFy3h-pApvm0vSpulkbOV053gojiSfH5bO6Yl8Cc2P6-04xmq6pFzSnKyXA7fZkaoSqDS5ygE1f_Z3NF5i6fHyAU9mvZ-a0JC4-ZUsyDJX4v4J0_cUf4rh1WO7LF2_BacB_lt5TAJHL4bDwni_eLNw\" data-hovercard=\"\/ajax\/hovercard\/page.php?id=126052760507&amp;extragetparams=%7B%22__tn__%22%3A%22%2CdK-R-R%22%2C%22eid%22%3A%22ARBmwROZXnVAw-_GhWTptiX9weQn5fKSUifjyfGoa2-lg8lxT3hCNabmUmaCidDCZVu9uzqzUlNCxme3%22%2C%22fref%22%3A%22mentions%22%7D\" data-hovercard-prefer-more-content-show=\"1\">Mama Cash<\/a>,\u00a0<a class=\"profileLink\" href=\"https:\/\/www.facebook.com\/InternationalTransFund\/?__tn__=K-R&amp;eid=ARC0U1ajXRf5EOSz2sVsVBNPgZw59NOzh9RlUOkHYLpF2qjqgSp03exvyb2mpCuRQ1CcSfunC5Ljk_Mq&amp;fref=mentions&amp;__xts__%5B0%5D=68.ARAp477obkyoGmjgMgHZlXS5PBEVE6bcRnYrGTOWR0teDbXf1LWMa9uea31-VOIYA49VBph29xuzXWNoTAWZkhwnmQmOAWeBQFPS2DMCl9GGO4DwaHfMc9Tvr3C6v2xZ4c5my3R7_qts2pKNbZz-62q53gLqms-5Ih2oNIgGB88qoDbHL174ywhYmTQ2pfyMQXG7IFy3h-pApvm0vSpulkbOV053gojiSfH5bO6Yl8Cc2P6-04xmq6pFzSnKyXA7fZkaoSqDS5ygE1f_Z3NF5i6fHyAU9mvZ-a0JC4-ZUsyDJX4v4J0_cUf4rh1WO7LF2_BacB_lt5TAJHL4bDwni_eLNw\" data-hovercard=\"\/ajax\/hovercard\/page.php?id=946948662090314&amp;extragetparams=%7B%22__tn__%22%3A%22%2CdK-R-R%22%2C%22eid%22%3A%22ARC0U1ajXRf5EOSz2sVsVBNPgZw59NOzh9RlUOkHYLpF2qjqgSp03exvyb2mpCuRQ1CcSfunC5Ljk_Mq%22%2C%22fref%22%3A%22mentions%22%7D\" data-hovercard-prefer-more-content-show=\"1\">International Trans Fund<\/a>\u00a0in\u00a0<a class=\"profileLink\" href=\"https:\/\/www.facebook.com\/MOLjubljana\/?__tn__=K-R&amp;eid=ARCdFTfD2Em09PopkYu1lBR9Je_FBs-spMk6j4PLVr70Pj0U1oHFt3UMS_hPvktphFdcZ1wBszPjDA8f&amp;fref=mentions&amp;__xts__%5B0%5D=68.ARAp477obkyoGmjgMgHZlXS5PBEVE6bcRnYrGTOWR0teDbXf1LWMa9uea31-VOIYA49VBph29xuzXWNoTAWZkhwnmQmOAWeBQFPS2DMCl9GGO4DwaHfMc9Tvr3C6v2xZ4c5my3R7_qts2pKNbZz-62q53gLqms-5Ih2oNIgGB88qoDbHL174ywhYmTQ2pfyMQXG7IFy3h-pApvm0vSpulkbOV053gojiSfH5bO6Yl8Cc2P6-04xmq6pFzSnKyXA7fZkaoSqDS5ygE1f_Z3NF5i6fHyAU9mvZ-a0JC4-ZUsyDJX4v4J0_cUf4rh1WO7LF2_BacB_lt5TAJHL4bDwni_eLNw\" data-hovercard=\"\/ajax\/hovercard\/page.php?id=493370747373441&amp;extragetparams=%7B%22__tn__%22%3A%22%2CdK-R-R%22%2C%22eid%22%3A%22ARCdFTfD2Em09PopkYu1lBR9Je_FBs-spMk6j4PLVr70Pj0U1oHFt3UMS_hPvktphFdcZ1wBszPjDA8f%22%2C%22fref%22%3A%22mentions%22%7D\" data-hovercard-prefer-more-content-show=\"1\">Mestna ob\u010dina Ljubljana<\/a>.<\/p>\n","protected":false},"excerpt":{"rendered":"<p>Z veseljem in ponosom predstavljamo publikacijo Sr\u010dna sporo\u010dila: LGBTIQ+ osebe o coming outu Publikacija, ki je pred vami, ni samo to. Publikacija torej. Je toplina in zavetje. Je oblika varnega prostora, kamor se vse LGBTIQ+ osebe in osebe, ki \u0161e raziskujete ali ste mavri\u010dno bitje, lahko zavijete ali skrijete, kadar imate ob\u010dutek, da ste same_i. [&hellip;]<\/p>\n","protected":false},"author":18,"featured_media":0,"parent":0,"menu_order":0,"comment_status":"closed","ping_status":"closed","template":"","meta":{"footnotes":""},"class_list":["post-5224","page","type-page","status-publish","hentry"],"yoast_head":"<!-- This site is optimized with the Yoast SEO plugin v27.4 - https:\/\/yoast.com\/product\/yoast-seo-wordpress\/ -->\n<title>Sr\u010dna sporo\u010dila: LGBTIQ+ osebe o coming out<\/title>\n<meta name=\"robots\" content=\"noindex, follow, max-snippet:-1, max-image-preview:large, max-video-preview:-1\" \/>\n<meta property=\"og:locale\" content=\"en_US\" \/>\n<meta property=\"og:type\" content=\"article\" \/>\n<meta property=\"og:title\" content=\"Sr\u010dna sporo\u010dila: LGBTIQ+ osebe o coming out\" \/>\n<meta property=\"og:description\" content=\"Z veseljem in ponosom predstavljamo publikacijo Sr\u010dna sporo\u010dila: LGBTIQ+ osebe o coming outu Publikacija, ki je pred vami, ni samo to. Publikacija torej. Je toplina in zavetje. Je oblika varnega prostora, kamor se vse LGBTIQ+ osebe in osebe, ki \u0161e raziskujete ali ste mavri\u010dno bitje, lahko zavijete ali skrijete, kadar imate ob\u010dutek, da ste same_i. [&hellip;]\" \/>\n<meta property=\"og:url\" content=\"https:\/\/transakcija.si\/old\/srcna-sporocila-lgbtiq-osebe-o-coming-out\/\" \/>\n<meta property=\"og:site_name\" content=\"TransAkcija\" \/>\n<meta property=\"article:modified_time\" content=\"2021-06-14T09:08:55+00:00\" \/>\n<meta property=\"og:image\" content=\"https:\/\/transakcija.si\/old\/wp-content\/uploads\/2021\/06\/FB_Skupnost-1-scaled.jpg\" \/>\n<meta name=\"twitter:card\" content=\"summary_large_image\" \/>\n<meta name=\"twitter:label1\" content=\"Est. reading time\" \/>\n\t<meta name=\"twitter:data1\" content=\"2 minutes\" \/>\n<script type=\"application\/ld+json\" class=\"yoast-schema-graph\">{\"@context\":\"https:\\\/\\\/schema.org\",\"@graph\":[{\"@type\":\"WebPage\",\"@id\":\"https:\\\/\\\/transakcija.si\\\/old\\\/srcna-sporocila-lgbtiq-osebe-o-coming-out\\\/\",\"url\":\"https:\\\/\\\/transakcija.si\\\/old\\\/srcna-sporocila-lgbtiq-osebe-o-coming-out\\\/\",\"name\":\"Sr\u010dna sporo\u010dila: LGBTIQ+ osebe o coming out\",\"isPartOf\":{\"@id\":\"https:\\\/\\\/transakcija.si\\\/old\\\/#website\"},\"primaryImageOfPage\":{\"@id\":\"https:\\\/\\\/transakcija.si\\\/old\\\/srcna-sporocila-lgbtiq-osebe-o-coming-out\\\/#primaryimage\"},\"image\":{\"@id\":\"https:\\\/\\\/transakcija.si\\\/old\\\/srcna-sporocila-lgbtiq-osebe-o-coming-out\\\/#primaryimage\"},\"thumbnailUrl\":\"https:\\\/\\\/transakcija.si\\\/old\\\/wp-content\\\/uploads\\\/2021\\\/06\\\/FB_Skupnost-1-scaled.jpg\",\"datePublished\":\"2021-06-03T12:45:24+00:00\",\"dateModified\":\"2021-06-14T09:08:55+00:00\",\"breadcrumb\":{\"@id\":\"https:\\\/\\\/transakcija.si\\\/old\\\/srcna-sporocila-lgbtiq-osebe-o-coming-out\\\/#breadcrumb\"},\"inLanguage\":\"en-US\",\"potentialAction\":[{\"@type\":\"ReadAction\",\"target\":[\"https:\\\/\\\/transakcija.si\\\/old\\\/srcna-sporocila-lgbtiq-osebe-o-coming-out\\\/\"]}]},{\"@type\":\"ImageObject\",\"inLanguage\":\"en-US\",\"@id\":\"https:\\\/\\\/transakcija.si\\\/old\\\/srcna-sporocila-lgbtiq-osebe-o-coming-out\\\/#primaryimage\",\"url\":\"https:\\\/\\\/transakcija.si\\\/old\\\/wp-content\\\/uploads\\\/2021\\\/06\\\/FB_Skupnost-1-scaled.jpg\",\"contentUrl\":\"https:\\\/\\\/transakcija.si\\\/old\\\/wp-content\\\/uploads\\\/2021\\\/06\\\/FB_Skupnost-1-scaled.jpg\",\"width\":2560,\"height\":1124},{\"@type\":\"BreadcrumbList\",\"@id\":\"https:\\\/\\\/transakcija.si\\\/old\\\/srcna-sporocila-lgbtiq-osebe-o-coming-out\\\/#breadcrumb\",\"itemListElement\":[{\"@type\":\"ListItem\",\"position\":1,\"name\":\"Home\",\"item\":\"https:\\\/\\\/transakcija.si\\\/old\\\/\"},{\"@type\":\"ListItem\",\"position\":2,\"name\":\"Sr\u010dna sporo\u010dila: LGBTIQ+ osebe o coming out\"}]},{\"@type\":\"WebSite\",\"@id\":\"https:\\\/\\\/transakcija.si\\\/old\\\/#website\",\"url\":\"https:\\\/\\\/transakcija.si\\\/old\\\/\",\"name\":\"TransAkcija\",\"description\":\"\",\"publisher\":{\"@id\":\"https:\\\/\\\/transakcija.si\\\/old\\\/#organization\"},\"potentialAction\":[{\"@type\":\"SearchAction\",\"target\":{\"@type\":\"EntryPoint\",\"urlTemplate\":\"https:\\\/\\\/transakcija.si\\\/old\\\/?s={search_term_string}\"},\"query-input\":{\"@type\":\"PropertyValueSpecification\",\"valueRequired\":true,\"valueName\":\"search_term_string\"}}],\"inLanguage\":\"en-US\"},{\"@type\":\"Organization\",\"@id\":\"https:\\\/\\\/transakcija.si\\\/old\\\/#organization\",\"name\":\"TransAkcija\",\"url\":\"https:\\\/\\\/transakcija.si\\\/old\\\/\",\"logo\":{\"@type\":\"ImageObject\",\"inLanguage\":\"en-US\",\"@id\":\"https:\\\/\\\/transakcija.si\\\/old\\\/#\\\/schema\\\/logo\\\/image\\\/\",\"url\":\"https:\\\/\\\/transakcija.si\\\/old\\\/wp-content\\\/uploads\\\/2017\\\/03\\\/logo-l-e1489058897303.png\",\"contentUrl\":\"https:\\\/\\\/transakcija.si\\\/old\\\/wp-content\\\/uploads\\\/2017\\\/03\\\/logo-l-e1489058897303.png\",\"width\":400,\"height\":251,\"caption\":\"TransAkcija\"},\"image\":{\"@id\":\"https:\\\/\\\/transakcija.si\\\/old\\\/#\\\/schema\\\/logo\\\/image\\\/\"}}]}<\/script>\n<!-- \/ Yoast SEO plugin. -->","yoast_head_json":{"title":"Sr\u010dna sporo\u010dila: LGBTIQ+ osebe o coming out","robots":{"index":"noindex","follow":"follow","max-snippet":"max-snippet:-1","max-image-preview":"max-image-preview:large","max-video-preview":"max-video-preview:-1"},"og_locale":"en_US","og_type":"article","og_title":"Sr\u010dna sporo\u010dila: LGBTIQ+ osebe o coming out","og_description":"Z veseljem in ponosom predstavljamo publikacijo Sr\u010dna sporo\u010dila: LGBTIQ+ osebe o coming outu Publikacija, ki je pred vami, ni samo to. Publikacija torej. Je toplina in zavetje. Je oblika varnega prostora, kamor se vse LGBTIQ+ osebe in osebe, ki \u0161e raziskujete ali ste mavri\u010dno bitje, lahko zavijete ali skrijete, kadar imate ob\u010dutek, da ste same_i. [&hellip;]","og_url":"https:\/\/transakcija.si\/old\/srcna-sporocila-lgbtiq-osebe-o-coming-out\/","og_site_name":"TransAkcija","article_modified_time":"2021-06-14T09:08:55+00:00","og_image":[{"url":"https:\/\/transakcija.si\/old\/wp-content\/uploads\/2021\/06\/FB_Skupnost-1-scaled.jpg","type":"","width":"","height":""}],"twitter_card":"summary_large_image","twitter_misc":{"Est. reading time":"2 minutes"},"schema":{"@context":"https:\/\/schema.org","@graph":[{"@type":"WebPage","@id":"https:\/\/transakcija.si\/old\/srcna-sporocila-lgbtiq-osebe-o-coming-out\/","url":"https:\/\/transakcija.si\/old\/srcna-sporocila-lgbtiq-osebe-o-coming-out\/","name":"Sr\u010dna sporo\u010dila: LGBTIQ+ osebe o coming out","isPartOf":{"@id":"https:\/\/transakcija.si\/old\/#website"},"primaryImageOfPage":{"@id":"https:\/\/transakcija.si\/old\/srcna-sporocila-lgbtiq-osebe-o-coming-out\/#primaryimage"},"image":{"@id":"https:\/\/transakcija.si\/old\/srcna-sporocila-lgbtiq-osebe-o-coming-out\/#primaryimage"},"thumbnailUrl":"https:\/\/transakcija.si\/old\/wp-content\/uploads\/2021\/06\/FB_Skupnost-1-scaled.jpg","datePublished":"2021-06-03T12:45:24+00:00","dateModified":"2021-06-14T09:08:55+00:00","breadcrumb":{"@id":"https:\/\/transakcija.si\/old\/srcna-sporocila-lgbtiq-osebe-o-coming-out\/#breadcrumb"},"inLanguage":"en-US","potentialAction":[{"@type":"ReadAction","target":["https:\/\/transakcija.si\/old\/srcna-sporocila-lgbtiq-osebe-o-coming-out\/"]}]},{"@type":"ImageObject","inLanguage":"en-US","@id":"https:\/\/transakcija.si\/old\/srcna-sporocila-lgbtiq-osebe-o-coming-out\/#primaryimage","url":"https:\/\/transakcija.si\/old\/wp-content\/uploads\/2021\/06\/FB_Skupnost-1-scaled.jpg","contentUrl":"https:\/\/transakcija.si\/old\/wp-content\/uploads\/2021\/06\/FB_Skupnost-1-scaled.jpg","width":2560,"height":1124},{"@type":"BreadcrumbList","@id":"https:\/\/transakcija.si\/old\/srcna-sporocila-lgbtiq-osebe-o-coming-out\/#breadcrumb","itemListElement":[{"@type":"ListItem","position":1,"name":"Home","item":"https:\/\/transakcija.si\/old\/"},{"@type":"ListItem","position":2,"name":"Sr\u010dna sporo\u010dila: LGBTIQ+ osebe o coming out"}]},{"@type":"WebSite","@id":"https:\/\/transakcija.si\/old\/#website","url":"https:\/\/transakcija.si\/old\/","name":"TransAkcija","description":"","publisher":{"@id":"https:\/\/transakcija.si\/old\/#organization"},"potentialAction":[{"@type":"SearchAction","target":{"@type":"EntryPoint","urlTemplate":"https:\/\/transakcija.si\/old\/?s={search_term_string}"},"query-input":{"@type":"PropertyValueSpecification","valueRequired":true,"valueName":"search_term_string"}}],"inLanguage":"en-US"},{"@type":"Organization","@id":"https:\/\/transakcija.si\/old\/#organization","name":"TransAkcija","url":"https:\/\/transakcija.si\/old\/","logo":{"@type":"ImageObject","inLanguage":"en-US","@id":"https:\/\/transakcija.si\/old\/#\/schema\/logo\/image\/","url":"https:\/\/transakcija.si\/old\/wp-content\/uploads\/2017\/03\/logo-l-e1489058897303.png","contentUrl":"https:\/\/transakcija.si\/old\/wp-content\/uploads\/2017\/03\/logo-l-e1489058897303.png","width":400,"height":251,"caption":"TransAkcija"},"image":{"@id":"https:\/\/transakcija.si\/old\/#\/schema\/logo\/image\/"}}]}},"_links":{"self":[{"href":"https:\/\/transakcija.si\/old\/wp-json\/wp\/v2\/pages\/5224","targetHints":{"allow":["GET"]}}],"collection":[{"href":"https:\/\/transakcija.si\/old\/wp-json\/wp\/v2\/pages"}],"about":[{"href":"https:\/\/transakcija.si\/old\/wp-json\/wp\/v2\/types\/page"}],"author":[{"embeddable":true,"href":"https:\/\/transakcija.si\/old\/wp-json\/wp\/v2\/users\/18"}],"replies":[{"embeddable":true,"href":"https:\/\/transakcija.si\/old\/wp-json\/wp\/v2\/comments?post=5224"}],"version-history":[{"count":26,"href":"https:\/\/transakcija.si\/old\/wp-json\/wp\/v2\/pages\/5224\/revisions"}],"predecessor-version":[{"id":5265,"href":"https:\/\/transakcija.si\/old\/wp-json\/wp\/v2\/pages\/5224\/revisions\/5265"}],"wp:attachment":[{"href":"https:\/\/transakcija.si\/old\/wp-json\/wp\/v2\/media?parent=5224"}],"curies":[{"name":"wp","href":"https:\/\/api.w.org\/{rel}","templated":true}]}}