{"id":5438,"date":"2021-09-20T15:19:02","date_gmt":"2021-09-20T13:19:02","guid":{"rendered":"https:\/\/transakcija.si\/old\/?page_id=5438"},"modified":"2021-10-14T21:05:07","modified_gmt":"2021-10-14T19:05:07","slug":"coming-out-zin","status":"publish","type":"page","link":"https:\/\/transakcija.si\/old\/coming-out\/coming-out-zin\/","title":{"rendered":"Coming out zin"},"content":{"rendered":"<div id=\"attachment_5439\" style=\"width: 889px\" class=\"wp-caption aligncenter\"><img loading=\"lazy\" decoding=\"async\" aria-describedby=\"caption-attachment-5439\" class=\"wp-image-5439 \" src=\"https:\/\/transakcija.si\/old\/wp-content\/uploads\/2021\/09\/COZ_Cover.jpg\" alt=\"\" width=\"879\" height=\"334\" srcset=\"https:\/\/transakcija.si\/old\/wp-content\/uploads\/2021\/09\/COZ_Cover.jpg 1230w, https:\/\/transakcija.si\/old\/wp-content\/uploads\/2021\/09\/COZ_Cover-300x114.jpg 300w, https:\/\/transakcija.si\/old\/wp-content\/uploads\/2021\/09\/COZ_Cover-1024x390.jpg 1024w, https:\/\/transakcija.si\/old\/wp-content\/uploads\/2021\/09\/COZ_Cover-768x292.jpg 768w\" sizes=\"auto, (max-width: 879px) 100vw, 879px\" \/><p id=\"caption-attachment-5439\" class=\"wp-caption-text\">Ilustracija in oblikovanje: Katarina Duri\u010d<\/p><\/div>\n<p style=\"text-align: center;\"><strong>Z veseljem in ponosom predstavljamo publikacijo<\/strong><\/p>\n<h4 style=\"text-align: center;\"><a href=\"https:\/\/www.yumpu.com\/xx\/document\/view\/65914721\/coming-out-zin\">Coming out zin<\/a><\/h4>\n<p><span style=\"font-weight: 400;\">Coming out. Ve\u010dna tema, o kateri pa &#8211; kot se vedno znova izka\u017ee &#8211; nikoli ne moremo povedati vsega ali vedeti dovolj.<\/span><\/p>\n<p><span style=\"font-weight: 400;\">V Zavodu TransAkcija se pri svojem delu s strani pripadnic_kov LGBTIQ+ skupnosti in tistih, ki se \u0161e raziskujejo, njihovih bli\u017enjih, zaveznic_kov kot tudi oseb s katerimi sodelujemo tekom izobra\u017eevanj in projektov, ves \u010das sre\u010dujemo z raznimi vpra\u0161anji glede coming outa oz. razkritja.<\/span><span style=\"font-weight: 400;\"><br \/>\n<\/span><span style=\"font-weight: 400;\">Z namenom vsem na\u0161tetim skupinam, predvsem seveda pa LGBTIQ+ skupnosti, ponujati to\u010dno tak\u0161no podporo, storitve, produkte in projekte, ki jih potrebujejo glede na svoje \u017eelje, ideje in potrebe, je eden na\u0161ih programskih fokusov v letu 2021 prav coming out, eden izmed produktov Coming out zin.<\/span><span style=\"font-weight: 400;\">\u00a0<\/span><\/p>\n<p><script src=\"https:\/\/players.yumpu.com\/hub.js\"> <\/script><\/p>\n<div id=\"yumpuMagazineContainer\" style=\"width: 620px; height: 566px;\"><\/div>\n<p><script>\nvar myYumpu = new Yumpu();\nmyYumpu.create_player(\"#yumpuMagazineContainer\", \"\", { lang:\"en\", embed_id:\"xIK4zQVXiwND5U2G\", embedded:true } );\n<\/script><\/p>\n<p><span style=\"font-weight: 400;\">\u017delimo, da zin podrobno predstavi in omogo\u010da razumevanje coming out procesov, izku\u0161enj in potreb tako za LGBTIQ+ osebe, na\u0161e bli\u017enje osebe, zaveznice_ke in tudi osebe, za katere bi bilo smotrno, da se informirajo in podu\u010dijo o pomenih coming outov v \u017eivljenjih LGBTIQ+ oseb &#8211; vse torej. Upamo, da vam bo coming out zin prinesel ali vzpodbudil \u010dim ve\u010d <\/span><span style=\"font-weight: 400;\">radikalne ranljivosti, samopo\u0161tovanja, so\u010dutja in svobode!<\/span><\/p>\n<p><strong>Publikacija je na voljo v <a href=\"https:\/\/transakcija.si\/old\/wp-content\/uploads\/2021\/09\/Coming-out-zin-2021_Spletna-izdaja.pdf\">pdf formatu<\/a> ter <a href=\"https:\/\/www.yumpu.com\/xx\/document\/view\/65914721\/coming-out-zin\">spletnem bralniku<\/a> (tukaj je kakovost publikacije bolj\u0161a).<\/strong><\/p>\n<p><strong>Uredni\u0161tvo:\u00a0<\/strong>Zavod TransAkcija<br \/>\n<strong>Avtorice_ji:\u00a0<\/strong>LGBTIQ+ skupnost v Sloveniji<br \/>\n<strong>Naslovna ilustracija: <\/strong>Katarina Duri\u010d<br \/>\n<strong>Oblikovanje:\u00a0<\/strong>Katarina Duri\u010d in Linn Julian Koletnik<\/p>\n<p>Ljubljana, oktober 2021<\/p>\n<p>******************************************************************************************<br \/>\nPublikacijo so omogo\u010dile_i\u00a0<a class=\"profileLink\" href=\"https:\/\/www.facebook.com\/AstraeaLFJ\/?__tn__=K-R&amp;eid=ARDkacSvDb_e1TxXGxrPwL8npAGyNFfxX3KCN4-b80oPn0oY_vjTxB-d00JGiJenNVdyRzf2iJQ6zmlf&amp;fref=mentions&amp;__xts__%5B0%5D=68.ARAp477obkyoGmjgMgHZlXS5PBEVE6bcRnYrGTOWR0teDbXf1LWMa9uea31-VOIYA49VBph29xuzXWNoTAWZkhwnmQmOAWeBQFPS2DMCl9GGO4DwaHfMc9Tvr3C6v2xZ4c5my3R7_qts2pKNbZz-62q53gLqms-5Ih2oNIgGB88qoDbHL174ywhYmTQ2pfyMQXG7IFy3h-pApvm0vSpulkbOV053gojiSfH5bO6Yl8Cc2P6-04xmq6pFzSnKyXA7fZkaoSqDS5ygE1f_Z3NF5i6fHyAU9mvZ-a0JC4-ZUsyDJX4v4J0_cUf4rh1WO7LF2_BacB_lt5TAJHL4bDwni_eLNw\" data-hovercard=\"\/ajax\/hovercard\/page.php?id=180888133200&amp;extragetparams=%7B%22__tn__%22%3A%22%2CdK-R-R%22%2C%22eid%22%3A%22ARDkacSvDb_e1TxXGxrPwL8npAGyNFfxX3KCN4-b80oPn0oY_vjTxB-d00JGiJenNVdyRzf2iJQ6zmlf%22%2C%22fref%22%3A%22mentions%22%7D\" data-hovercard-prefer-more-content-show=\"1\">Astraea Lesbian Foundation for Justice<\/a>,\u00a0<a class=\"profileLink\" href=\"https:\/\/www.facebook.com\/mamacashfund\/?__tn__=K-R&amp;eid=ARBmwROZXnVAw-_GhWTptiX9weQn5fKSUifjyfGoa2-lg8lxT3hCNabmUmaCidDCZVu9uzqzUlNCxme3&amp;fref=mentions&amp;__xts__%5B0%5D=68.ARAp477obkyoGmjgMgHZlXS5PBEVE6bcRnYrGTOWR0teDbXf1LWMa9uea31-VOIYA49VBph29xuzXWNoTAWZkhwnmQmOAWeBQFPS2DMCl9GGO4DwaHfMc9Tvr3C6v2xZ4c5my3R7_qts2pKNbZz-62q53gLqms-5Ih2oNIgGB88qoDbHL174ywhYmTQ2pfyMQXG7IFy3h-pApvm0vSpulkbOV053gojiSfH5bO6Yl8Cc2P6-04xmq6pFzSnKyXA7fZkaoSqDS5ygE1f_Z3NF5i6fHyAU9mvZ-a0JC4-ZUsyDJX4v4J0_cUf4rh1WO7LF2_BacB_lt5TAJHL4bDwni_eLNw\" data-hovercard=\"\/ajax\/hovercard\/page.php?id=126052760507&amp;extragetparams=%7B%22__tn__%22%3A%22%2CdK-R-R%22%2C%22eid%22%3A%22ARBmwROZXnVAw-_GhWTptiX9weQn5fKSUifjyfGoa2-lg8lxT3hCNabmUmaCidDCZVu9uzqzUlNCxme3%22%2C%22fref%22%3A%22mentions%22%7D\" data-hovercard-prefer-more-content-show=\"1\">Mama Cash<\/a>,\u00a0<a class=\"profileLink\" href=\"https:\/\/www.facebook.com\/InternationalTransFund\/?__tn__=K-R&amp;eid=ARC0U1ajXRf5EOSz2sVsVBNPgZw59NOzh9RlUOkHYLpF2qjqgSp03exvyb2mpCuRQ1CcSfunC5Ljk_Mq&amp;fref=mentions&amp;__xts__%5B0%5D=68.ARAp477obkyoGmjgMgHZlXS5PBEVE6bcRnYrGTOWR0teDbXf1LWMa9uea31-VOIYA49VBph29xuzXWNoTAWZkhwnmQmOAWeBQFPS2DMCl9GGO4DwaHfMc9Tvr3C6v2xZ4c5my3R7_qts2pKNbZz-62q53gLqms-5Ih2oNIgGB88qoDbHL174ywhYmTQ2pfyMQXG7IFy3h-pApvm0vSpulkbOV053gojiSfH5bO6Yl8Cc2P6-04xmq6pFzSnKyXA7fZkaoSqDS5ygE1f_Z3NF5i6fHyAU9mvZ-a0JC4-ZUsyDJX4v4J0_cUf4rh1WO7LF2_BacB_lt5TAJHL4bDwni_eLNw\" data-hovercard=\"\/ajax\/hovercard\/page.php?id=946948662090314&amp;extragetparams=%7B%22__tn__%22%3A%22%2CdK-R-R%22%2C%22eid%22%3A%22ARC0U1ajXRf5EOSz2sVsVBNPgZw59NOzh9RlUOkHYLpF2qjqgSp03exvyb2mpCuRQ1CcSfunC5Ljk_Mq%22%2C%22fref%22%3A%22mentions%22%7D\" data-hovercard-prefer-more-content-show=\"1\">International Trans Fund<\/a>\u00a0in\u00a0<a class=\"profileLink\" href=\"https:\/\/www.facebook.com\/MOLjubljana\/?__tn__=K-R&amp;eid=ARCdFTfD2Em09PopkYu1lBR9Je_FBs-spMk6j4PLVr70Pj0U1oHFt3UMS_hPvktphFdcZ1wBszPjDA8f&amp;fref=mentions&amp;__xts__%5B0%5D=68.ARAp477obkyoGmjgMgHZlXS5PBEVE6bcRnYrGTOWR0teDbXf1LWMa9uea31-VOIYA49VBph29xuzXWNoTAWZkhwnmQmOAWeBQFPS2DMCl9GGO4DwaHfMc9Tvr3C6v2xZ4c5my3R7_qts2pKNbZz-62q53gLqms-5Ih2oNIgGB88qoDbHL174ywhYmTQ2pfyMQXG7IFy3h-pApvm0vSpulkbOV053gojiSfH5bO6Yl8Cc2P6-04xmq6pFzSnKyXA7fZkaoSqDS5ygE1f_Z3NF5i6fHyAU9mvZ-a0JC4-ZUsyDJX4v4J0_cUf4rh1WO7LF2_BacB_lt5TAJHL4bDwni_eLNw\" data-hovercard=\"\/ajax\/hovercard\/page.php?id=493370747373441&amp;extragetparams=%7B%22__tn__%22%3A%22%2CdK-R-R%22%2C%22eid%22%3A%22ARCdFTfD2Em09PopkYu1lBR9Je_FBs-spMk6j4PLVr70Pj0U1oHFt3UMS_hPvktphFdcZ1wBszPjDA8f%22%2C%22fref%22%3A%22mentions%22%7D\" data-hovercard-prefer-more-content-show=\"1\">Mestna ob\u010dina Ljubljana<\/a>.<\/p>\n","protected":false},"excerpt":{"rendered":"<p>Z veseljem in ponosom predstavljamo publikacijo Coming out zin Coming out. Ve\u010dna tema, o kateri pa &#8211; kot se vedno znova izka\u017ee &#8211; nikoli ne moremo povedati vsega ali vedeti dovolj. V Zavodu TransAkcija se pri svojem delu s strani pripadnic_kov LGBTIQ+ skupnosti in tistih, ki se \u0161e raziskujejo, njihovih bli\u017enjih, zaveznic_kov kot tudi oseb [&hellip;]<\/p>\n","protected":false},"author":18,"featured_media":0,"parent":5547,"menu_order":0,"comment_status":"closed","ping_status":"closed","template":"","meta":{"footnotes":""},"class_list":["post-5438","page","type-page","status-publish","hentry"],"yoast_head":"<!-- This site is optimized with the Yoast SEO plugin v27.4 - https:\/\/yoast.com\/product\/yoast-seo-wordpress\/ -->\n<title>Coming out zin<\/title>\n<meta name=\"robots\" content=\"noindex, follow, max-snippet:-1, max-image-preview:large, max-video-preview:-1\" \/>\n<meta property=\"og:locale\" content=\"en_US\" \/>\n<meta property=\"og:type\" content=\"article\" \/>\n<meta property=\"og:title\" content=\"Coming out zin\" \/>\n<meta property=\"og:description\" content=\"Z veseljem in ponosom predstavljamo publikacijo Coming out zin Coming out. Ve\u010dna tema, o kateri pa &#8211; kot se vedno znova izka\u017ee &#8211; nikoli ne moremo povedati vsega ali vedeti dovolj. V Zavodu TransAkcija se pri svojem delu s strani pripadnic_kov LGBTIQ+ skupnosti in tistih, ki se \u0161e raziskujejo, njihovih bli\u017enjih, zaveznic_kov kot tudi oseb [&hellip;]\" \/>\n<meta property=\"og:url\" content=\"https:\/\/transakcija.si\/old\/coming-out\/coming-out-zin\/\" \/>\n<meta property=\"og:site_name\" content=\"TransAkcija\" \/>\n<meta property=\"article:modified_time\" content=\"2021-10-14T19:05:07+00:00\" \/>\n<meta property=\"og:image\" content=\"https:\/\/transakcija.si\/old\/wp-content\/uploads\/2021\/09\/COZ_Cover.jpg\" \/>\n<meta name=\"twitter:card\" content=\"summary_large_image\" \/>\n<meta name=\"twitter:label1\" content=\"Est. reading time\" \/>\n\t<meta name=\"twitter:data1\" content=\"2 minutes\" \/>\n<script type=\"application\/ld+json\" class=\"yoast-schema-graph\">{\"@context\":\"https:\\\/\\\/schema.org\",\"@graph\":[{\"@type\":\"WebPage\",\"@id\":\"https:\\\/\\\/transakcija.si\\\/old\\\/coming-out\\\/coming-out-zin\\\/\",\"url\":\"https:\\\/\\\/transakcija.si\\\/old\\\/coming-out\\\/coming-out-zin\\\/\",\"name\":\"Coming out zin\",\"isPartOf\":{\"@id\":\"https:\\\/\\\/transakcija.si\\\/old\\\/#website\"},\"primaryImageOfPage\":{\"@id\":\"https:\\\/\\\/transakcija.si\\\/old\\\/coming-out\\\/coming-out-zin\\\/#primaryimage\"},\"image\":{\"@id\":\"https:\\\/\\\/transakcija.si\\\/old\\\/coming-out\\\/coming-out-zin\\\/#primaryimage\"},\"thumbnailUrl\":\"https:\\\/\\\/transakcija.si\\\/old\\\/wp-content\\\/uploads\\\/2021\\\/09\\\/COZ_Cover.jpg\",\"datePublished\":\"2021-09-20T13:19:02+00:00\",\"dateModified\":\"2021-10-14T19:05:07+00:00\",\"breadcrumb\":{\"@id\":\"https:\\\/\\\/transakcija.si\\\/old\\\/coming-out\\\/coming-out-zin\\\/#breadcrumb\"},\"inLanguage\":\"en-US\",\"potentialAction\":[{\"@type\":\"ReadAction\",\"target\":[\"https:\\\/\\\/transakcija.si\\\/old\\\/coming-out\\\/coming-out-zin\\\/\"]}]},{\"@type\":\"ImageObject\",\"inLanguage\":\"en-US\",\"@id\":\"https:\\\/\\\/transakcija.si\\\/old\\\/coming-out\\\/coming-out-zin\\\/#primaryimage\",\"url\":\"https:\\\/\\\/transakcija.si\\\/old\\\/wp-content\\\/uploads\\\/2021\\\/09\\\/COZ_Cover.jpg\",\"contentUrl\":\"https:\\\/\\\/transakcija.si\\\/old\\\/wp-content\\\/uploads\\\/2021\\\/09\\\/COZ_Cover.jpg\",\"width\":1230,\"height\":468},{\"@type\":\"BreadcrumbList\",\"@id\":\"https:\\\/\\\/transakcija.si\\\/old\\\/coming-out\\\/coming-out-zin\\\/#breadcrumb\",\"itemListElement\":[{\"@type\":\"ListItem\",\"position\":1,\"name\":\"Home\",\"item\":\"https:\\\/\\\/transakcija.si\\\/old\\\/\"},{\"@type\":\"ListItem\",\"position\":2,\"name\":\"Coming out\",\"item\":\"https:\\\/\\\/transakcija.si\\\/old\\\/coming-out\\\/\"},{\"@type\":\"ListItem\",\"position\":3,\"name\":\"Coming out zin\"}]},{\"@type\":\"WebSite\",\"@id\":\"https:\\\/\\\/transakcija.si\\\/old\\\/#website\",\"url\":\"https:\\\/\\\/transakcija.si\\\/old\\\/\",\"name\":\"TransAkcija\",\"description\":\"\",\"publisher\":{\"@id\":\"https:\\\/\\\/transakcija.si\\\/old\\\/#organization\"},\"potentialAction\":[{\"@type\":\"SearchAction\",\"target\":{\"@type\":\"EntryPoint\",\"urlTemplate\":\"https:\\\/\\\/transakcija.si\\\/old\\\/?s={search_term_string}\"},\"query-input\":{\"@type\":\"PropertyValueSpecification\",\"valueRequired\":true,\"valueName\":\"search_term_string\"}}],\"inLanguage\":\"en-US\"},{\"@type\":\"Organization\",\"@id\":\"https:\\\/\\\/transakcija.si\\\/old\\\/#organization\",\"name\":\"TransAkcija\",\"url\":\"https:\\\/\\\/transakcija.si\\\/old\\\/\",\"logo\":{\"@type\":\"ImageObject\",\"inLanguage\":\"en-US\",\"@id\":\"https:\\\/\\\/transakcija.si\\\/old\\\/#\\\/schema\\\/logo\\\/image\\\/\",\"url\":\"https:\\\/\\\/transakcija.si\\\/old\\\/wp-content\\\/uploads\\\/2017\\\/03\\\/logo-l-e1489058897303.png\",\"contentUrl\":\"https:\\\/\\\/transakcija.si\\\/old\\\/wp-content\\\/uploads\\\/2017\\\/03\\\/logo-l-e1489058897303.png\",\"width\":400,\"height\":251,\"caption\":\"TransAkcija\"},\"image\":{\"@id\":\"https:\\\/\\\/transakcija.si\\\/old\\\/#\\\/schema\\\/logo\\\/image\\\/\"}}]}<\/script>\n<!-- \/ Yoast SEO plugin. -->","yoast_head_json":{"title":"Coming out zin","robots":{"index":"noindex","follow":"follow","max-snippet":"max-snippet:-1","max-image-preview":"max-image-preview:large","max-video-preview":"max-video-preview:-1"},"og_locale":"en_US","og_type":"article","og_title":"Coming out zin","og_description":"Z veseljem in ponosom predstavljamo publikacijo Coming out zin Coming out. Ve\u010dna tema, o kateri pa &#8211; kot se vedno znova izka\u017ee &#8211; nikoli ne moremo povedati vsega ali vedeti dovolj. V Zavodu TransAkcija se pri svojem delu s strani pripadnic_kov LGBTIQ+ skupnosti in tistih, ki se \u0161e raziskujejo, njihovih bli\u017enjih, zaveznic_kov kot tudi oseb [&hellip;]","og_url":"https:\/\/transakcija.si\/old\/coming-out\/coming-out-zin\/","og_site_name":"TransAkcija","article_modified_time":"2021-10-14T19:05:07+00:00","og_image":[{"url":"https:\/\/transakcija.si\/old\/wp-content\/uploads\/2021\/09\/COZ_Cover.jpg","type":"","width":"","height":""}],"twitter_card":"summary_large_image","twitter_misc":{"Est. reading time":"2 minutes"},"schema":{"@context":"https:\/\/schema.org","@graph":[{"@type":"WebPage","@id":"https:\/\/transakcija.si\/old\/coming-out\/coming-out-zin\/","url":"https:\/\/transakcija.si\/old\/coming-out\/coming-out-zin\/","name":"Coming out zin","isPartOf":{"@id":"https:\/\/transakcija.si\/old\/#website"},"primaryImageOfPage":{"@id":"https:\/\/transakcija.si\/old\/coming-out\/coming-out-zin\/#primaryimage"},"image":{"@id":"https:\/\/transakcija.si\/old\/coming-out\/coming-out-zin\/#primaryimage"},"thumbnailUrl":"https:\/\/transakcija.si\/old\/wp-content\/uploads\/2021\/09\/COZ_Cover.jpg","datePublished":"2021-09-20T13:19:02+00:00","dateModified":"2021-10-14T19:05:07+00:00","breadcrumb":{"@id":"https:\/\/transakcija.si\/old\/coming-out\/coming-out-zin\/#breadcrumb"},"inLanguage":"en-US","potentialAction":[{"@type":"ReadAction","target":["https:\/\/transakcija.si\/old\/coming-out\/coming-out-zin\/"]}]},{"@type":"ImageObject","inLanguage":"en-US","@id":"https:\/\/transakcija.si\/old\/coming-out\/coming-out-zin\/#primaryimage","url":"https:\/\/transakcija.si\/old\/wp-content\/uploads\/2021\/09\/COZ_Cover.jpg","contentUrl":"https:\/\/transakcija.si\/old\/wp-content\/uploads\/2021\/09\/COZ_Cover.jpg","width":1230,"height":468},{"@type":"BreadcrumbList","@id":"https:\/\/transakcija.si\/old\/coming-out\/coming-out-zin\/#breadcrumb","itemListElement":[{"@type":"ListItem","position":1,"name":"Home","item":"https:\/\/transakcija.si\/old\/"},{"@type":"ListItem","position":2,"name":"Coming out","item":"https:\/\/transakcija.si\/old\/coming-out\/"},{"@type":"ListItem","position":3,"name":"Coming out zin"}]},{"@type":"WebSite","@id":"https:\/\/transakcija.si\/old\/#website","url":"https:\/\/transakcija.si\/old\/","name":"TransAkcija","description":"","publisher":{"@id":"https:\/\/transakcija.si\/old\/#organization"},"potentialAction":[{"@type":"SearchAction","target":{"@type":"EntryPoint","urlTemplate":"https:\/\/transakcija.si\/old\/?s={search_term_string}"},"query-input":{"@type":"PropertyValueSpecification","valueRequired":true,"valueName":"search_term_string"}}],"inLanguage":"en-US"},{"@type":"Organization","@id":"https:\/\/transakcija.si\/old\/#organization","name":"TransAkcija","url":"https:\/\/transakcija.si\/old\/","logo":{"@type":"ImageObject","inLanguage":"en-US","@id":"https:\/\/transakcija.si\/old\/#\/schema\/logo\/image\/","url":"https:\/\/transakcija.si\/old\/wp-content\/uploads\/2017\/03\/logo-l-e1489058897303.png","contentUrl":"https:\/\/transakcija.si\/old\/wp-content\/uploads\/2017\/03\/logo-l-e1489058897303.png","width":400,"height":251,"caption":"TransAkcija"},"image":{"@id":"https:\/\/transakcija.si\/old\/#\/schema\/logo\/image\/"}}]}},"_links":{"self":[{"href":"https:\/\/transakcija.si\/old\/wp-json\/wp\/v2\/pages\/5438","targetHints":{"allow":["GET"]}}],"collection":[{"href":"https:\/\/transakcija.si\/old\/wp-json\/wp\/v2\/pages"}],"about":[{"href":"https:\/\/transakcija.si\/old\/wp-json\/wp\/v2\/types\/page"}],"author":[{"embeddable":true,"href":"https:\/\/transakcija.si\/old\/wp-json\/wp\/v2\/users\/18"}],"replies":[{"embeddable":true,"href":"https:\/\/transakcija.si\/old\/wp-json\/wp\/v2\/comments?post=5438"}],"version-history":[{"count":14,"href":"https:\/\/transakcija.si\/old\/wp-json\/wp\/v2\/pages\/5438\/revisions"}],"predecessor-version":[{"id":5640,"href":"https:\/\/transakcija.si\/old\/wp-json\/wp\/v2\/pages\/5438\/revisions\/5640"}],"up":[{"embeddable":true,"href":"https:\/\/transakcija.si\/old\/wp-json\/wp\/v2\/pages\/5547"}],"wp:attachment":[{"href":"https:\/\/transakcija.si\/old\/wp-json\/wp\/v2\/media?parent=5438"}],"curies":[{"name":"wp","href":"https:\/\/api.w.org\/{rel}","templated":true}]}}