{"id":5938,"date":"2022-01-08T18:38:12","date_gmt":"2022-01-08T17:38:12","guid":{"rendered":"https:\/\/transakcija.si\/old\/?page_id=5938"},"modified":"2022-03-08T18:55:18","modified_gmt":"2022-03-08T17:55:18","slug":"tranzicija","status":"publish","type":"page","link":"https:\/\/transakcija.si\/old\/t-prirocnik\/tranzicija\/","title":{"rendered":"Tranzicija"},"content":{"rendered":"\n<h2 class=\"wp-block-heading\" id=\"kaj-je-tranzicija\"><strong>Kaj je tranzicija?<\/strong><\/h2>\n\n\n\n<p>Tranzicija je proces, kjer transspolna oseba spremeni razne stvari na oz. o sebi, da ji je la\u017eje in bolj udobno \u017eiveti. Namen tranzicije je, da se oseba spremeni tako, da bo bolj v skladu s svojimi \u017eeljami in pri\u010dakovanji glede videza, na\u010dinov izra\u017eanja in vklju\u010denosti v dru\u017ebo, ki jih pripisuje dolo\u010denemu spolu. Na\u010dinov, kako narediti tranzicijo, je toliko kot je trans oseb.<\/p>\n\n\n\n<p><strong>Samo in izklju\u010dno trans oseba sama je tista, ki naj odlo\u010da o svojih potrebah in \u017eeljah po tranziciji. Nih\u010de drug, ne star\u0161i, partnerke_ji, zdravnice_ki, prijatelji_ce, u\u010ditelji_ce itd. nima pravice ali avtoritete dolo\u010dati ali trans oseba potrebuje in \u017eeli v tranzicijo. Nekatere izmed na\u0161tetih skupin oseb imajo vpliv na to, v kolik\u0161ni meri in \u010dasu je osebam omogo\u010den dostop do procesov, postopkov in sprememb v tranziciji, nih\u010de od njih pa nima pravice v imenu trans osebe povedati ali oseba potrebuje in \u017eeli tranzicijo in kak\u0161ne to\u010dno potrebe ima glede svoje tranzicije.<\/strong><\/p>\n\n\n\n<h3 class=\"wp-block-heading\" id=\"v-tranzicijo-vstopajo-osebe-vseh-spolnih-identitet-tudi-nebinarne-osebe\"><strong>V tranzicijo vstopajo<\/strong> <strong>osebe vseh spolnih identitet, tudi nebinarne osebe.<\/strong><\/h3>\n\n\n\n<p>Potrebo oz. \u017eeljo po tranziciji imajo lahko trans osebe vseh transspolnih identitet, torej trans \u017eenske, trans mo\u0161ki in nebinarne oseb. Potreba po tranziciji izhaja iz do\u017eivljanja spolne disforije in\/ali socialne disforije, katero lahko do\u017eivljajo vse osebe, ki se nahajajo na spektru transspolnosti, tudi nebinarne. Nebinarne osebe so lahko trans feminine ali trans maskuline in si posledi\u010dno lahko \u017eelijo sprememb, kjer bo njihov videz in na\u010din izra\u017eanja v dru\u017ebi v skladu s tem, kar je v dru\u017ebi prepoznano kot \u017eenstveno ali mo\u0161ko. Dejstvo, da nebinarna oseba vstopi v tranzicijo, sploh medicinsko, ne pomeni, da ni ve\u010d nebinarna &#8211; prav nasprotno; oseba se je odlo\u010dila, da bo tudi s tranzicijo potrdila svojo nebinarno identiteto. Mi\u0161ljenje, da nebinarne osebe ne \u017eelijo tranzicije, je zastarelo in predvsem ni v skladu z \u017eivetimi realnostmi nebinarnih oseb tako v Sloveniji kot po svetu.<\/p>\n\n\n\n<p>Prav tako potreba oz. \u017eelja po tranziciji ni omejena s katero drugo osebno okoli\u0161\u010dino osebe. Potrebo po tranziciji imajo tako lahko osebe vseh starosti, spolnih usmerjenosti, ras in etni\u010dnih pripadnosti, dru\u017ebenih razredov, telesnih oblik, nevroraznolike osebe, osebe z raznimi telesnimi oviranostmi, in drugih osebnih okoli\u0161\u010din. \u017dal pa je tako, da dolo\u010dene osebne okoli\u0161\u010dine lahko vplivajo na dostop do telesnih procesov in posegov okviru medicinske tranzicije.<\/p>\n\n\n\n<h3 class=\"wp-block-heading\" id=\"tranzicijo-splosno-delimo-na-dve-podrocji-medicinsko-in-socialno\"> <strong>Tranzicijo splo\u0161no delimo na dve podro\u010dji: medicinsko in socialno. <\/strong><\/h3>\n\n\n\n<p>Tranzicija pa je proces, kjer oseba naredi prehod iz spola, ki ji je bil pripisan ob rojstvu, v spol, ki ga \u010duti kot sebi lastnega. Zelo pogosto se dogaja, da se transspolnost ena\u010di z medicinsko tranzicijo in domneva, da vse trans osebe \u017eelijo tudi s hormonsko terapijo in medicinskimi posegi potrditi svojo spolno identiteto. Pogosto se domneva, da gre za enosmeren proces, ki se mora zgoditi v celoti, da bi bila oseba sre\u010dna. To pa \u0161e zdale\u010d ni tako.<\/p>\n\n\n\n<p><strong>Medicinska tranzicija<\/strong>, ki jo imenujemo tudi potrditev spolne identitete ali potrditev spola, je proces, kjer oseba prehaja od spola, ki ji je bil pripisan ob rojstvu, k njej lastnemu spolu in spolnemu izrazu. Medicinska tranzicija lahko vklju\u010duje hormonsko terapijo, nadgradnjo ali izgradnjo sekundarnih spolnih zna\u010dilnosti ter kirur\u0161ke posege za potrditev spola. Odlo\u010ditve o izbiri vrste posega sprejemajo osebe same, zanje ni napisanih pravil in se pri razli\u010dnih osebah pojavljajo v razli\u010dnih zaporedjih in obsegih.<\/p>\n\n\n\n<p><strong>Socialna oz. dru\u017ebena tranzicija<\/strong> lahko vklju\u010duje menjavo osebnih zaimkov, izbor novega imena z uradno spremembo imena ali ne, spremembo v na\u010dinu obla\u010denja, frizure, pri\u010detek uporabe razli\u010dnih pripomo\u010dkov za laj\u0161anje spolne disforije (npr. binder, packer, tucking spodnje perilo, lasulja, itd.), spremenjen na\u010din, kako ima oseba spolne odnose, trening glasu z namenom spremembe vi\u0161ine glasu, spremembo uradnega podatka o spolu v mati\u010dnem registru in osebnih dokumentih (ta proces se imenuje <a href=\"https:\/\/transakcija.si\/old\/o-transspolnosti\/pravno-priznanje-spola\/\">pravno priznanje spola<\/a>) in mnogo drugega. Nekaterim trans osebam, ki si ne \u017eelijo medicinske tranzicije ali vanjo iz drugih razlogov ne vstopajo, socialna tranzicija predstavlja pomemben na\u010din, kako potrditi svojo spolno identiteto.<\/p>\n\n\n\n<p>Tranzicija lahko vklju\u010duje vse zgoraj navedene postopke in posege, vendar to ni nujno \u2013 o poteku tranzicije odlo\u010da vsaka transspolna oseba zase. Odlo\u010ditve katere vse spremembe oseba \u017eeli, lahko sporo\u010di samo vsaka trans oseba zase, saj je do\u017eivljanje lastnega spola in \u017eelenih sprememb same_ga sebe zelo osebna zadeva. Nekatere trans osebe imajo izku\u0161nje le s postopki in spremembami iz socialne tranzicijo, nekatere s postopki in spremembami tako s socialne in medicinske tranzicije, nekatere trans osebe pa se nikoli ne odlo\u010dijo za spremembe izven zelo zasebnih krogov in posledi\u010dno nikoli ne gredo javno skozi tranzicijo. <strong>Prav vse izbire in odlo\u010ditve so legitimne in nobena trans oseba ni <em>bolj<\/em> trans ali <em>bolj pravilno<\/em> trans, ne glede na njene izku\u0161nje ali \u017eelje glede tranzicije.<\/strong><\/p>\n\n\n\n<p>Proces medicinske tranzicije je praviloma dolg, naporen, poln preizku\u0161enj, zahteva veliko potrpe\u017eljivosti ter pogosto vzbuja ob\u010dutek brezizhodne situacije. Prav zato poleg informacij o postopkih in posegih iz sklopa medicinske tranzicije ponujamo tudi \u0161irok nabor mo\u017enosti, kako lahko trans osebe same vplivamo na spremembe na\u0161ega telesnega izgleda s tehnikami in pripomo\u010dki, ki sodijo pod socialno telesno tranzicijo. Za trans osebe je izjemnega pomena, da imamo ob\u010dutek, da imamo (tudi) same nadzor nad lastnim telesom in prav raziskovanje samih sebe s tehnikami in pripomo\u010dki socialne tranzicije lahko vodi v veliko spolne evrofije ter zmanj\u0161uje spolno disforijo.<\/p>\n\n\n\n<p>Vse osebe, ki ste ali boste vstopile v proces medicinske tranzicije, vabimo, da preberete priro\u010dnik <a href=\"https:\/\/tgeu.org\/guidelines-to-human-rights-based-trans-specific-healthcare\/\">Guidelines to Human Rights-based Trans-specific Healthcare<\/a>, ki ga je leta 2019 izdala krovna evropska transspolna organizacija <a href=\"https:\/\/tgeu.org\/\">Transgender Europe &#8211; TGEU<\/a>. Gre za prvi priro\u010dnik, ki naslavlja umestitev posegov in procesov, v katere so trans osebe vklju\u010dene tekom medicinske tranzicije in zdravstvene oskrbe, v razna podro\u010dja \u010dlovekovih pravic. Priro\u010dnik jasno izpostavlja, kako bi naj bile izvajane zdravstvene storitve za trans osebe in kako izgledajo kr\u0161itve pravic trans oseb.<\/p>\n","protected":false},"excerpt":{"rendered":"<p>Kaj je tranzicija? Tranzicija je proces, kjer transspolna oseba spremeni razne stvari na oz. o sebi, da ji je la\u017eje in bolj udobno \u017eiveti. Namen tranzicije je, da se oseba spremeni tako, da bo bolj v skladu s svojimi \u017eeljami in pri\u010dakovanji glede videza, na\u010dinov izra\u017eanja in vklju\u010denosti v dru\u017ebo, ki jih pripisuje dolo\u010denemu spolu. [&hellip;]<\/p>\n","protected":false},"author":14,"featured_media":0,"parent":6200,"menu_order":0,"comment_status":"closed","ping_status":"closed","template":"","meta":{"footnotes":""},"class_list":["post-5938","page","type-page","status-publish","hentry"],"yoast_head":"<!-- This site is optimized with the Yoast SEO plugin v27.4 - https:\/\/yoast.com\/product\/yoast-seo-wordpress\/ -->\n<title>Tranzicija<\/title>\n<meta name=\"robots\" content=\"noindex, follow, max-snippet:-1, max-image-preview:large, max-video-preview:-1\" \/>\n<meta property=\"og:locale\" content=\"en_US\" \/>\n<meta property=\"og:type\" content=\"article\" \/>\n<meta property=\"og:title\" content=\"Tranzicija\" \/>\n<meta property=\"og:description\" content=\"Kaj je tranzicija? Tranzicija je proces, kjer transspolna oseba spremeni razne stvari na oz. o sebi, da ji je la\u017eje in bolj udobno \u017eiveti. Namen tranzicije je, da se oseba spremeni tako, da bo bolj v skladu s svojimi \u017eeljami in pri\u010dakovanji glede videza, na\u010dinov izra\u017eanja in vklju\u010denosti v dru\u017ebo, ki jih pripisuje dolo\u010denemu spolu. [&hellip;]\" \/>\n<meta property=\"og:url\" content=\"https:\/\/transakcija.si\/old\/t-prirocnik\/tranzicija\/\" \/>\n<meta property=\"og:site_name\" content=\"TransAkcija\" \/>\n<meta property=\"article:modified_time\" content=\"2022-03-08T17:55:18+00:00\" \/>\n<meta name=\"twitter:card\" content=\"summary_large_image\" \/>\n<meta name=\"twitter:label1\" content=\"Est. reading time\" \/>\n\t<meta name=\"twitter:data1\" content=\"5 minutes\" \/>\n<script type=\"application\/ld+json\" class=\"yoast-schema-graph\">{\"@context\":\"https:\\\/\\\/schema.org\",\"@graph\":[{\"@type\":\"WebPage\",\"@id\":\"https:\\\/\\\/transakcija.si\\\/old\\\/t-prirocnik\\\/tranzicija\\\/\",\"url\":\"https:\\\/\\\/transakcija.si\\\/old\\\/t-prirocnik\\\/tranzicija\\\/\",\"name\":\"Tranzicija\",\"isPartOf\":{\"@id\":\"https:\\\/\\\/transakcija.si\\\/old\\\/#website\"},\"datePublished\":\"2022-01-08T17:38:12+00:00\",\"dateModified\":\"2022-03-08T17:55:18+00:00\",\"breadcrumb\":{\"@id\":\"https:\\\/\\\/transakcija.si\\\/old\\\/t-prirocnik\\\/tranzicija\\\/#breadcrumb\"},\"inLanguage\":\"en-US\",\"potentialAction\":[{\"@type\":\"ReadAction\",\"target\":[\"https:\\\/\\\/transakcija.si\\\/old\\\/t-prirocnik\\\/tranzicija\\\/\"]}]},{\"@type\":\"BreadcrumbList\",\"@id\":\"https:\\\/\\\/transakcija.si\\\/old\\\/t-prirocnik\\\/tranzicija\\\/#breadcrumb\",\"itemListElement\":[{\"@type\":\"ListItem\",\"position\":1,\"name\":\"Home\",\"item\":\"https:\\\/\\\/transakcija.si\\\/old\\\/\"},{\"@type\":\"ListItem\",\"position\":2,\"name\":\"t-priro\u010dnik: spletni priro\u010dnik o tranziciji\",\"item\":\"https:\\\/\\\/transakcija.si\\\/old\\\/t-prirocnik\\\/\"},{\"@type\":\"ListItem\",\"position\":3,\"name\":\"Tranzicija\"}]},{\"@type\":\"WebSite\",\"@id\":\"https:\\\/\\\/transakcija.si\\\/old\\\/#website\",\"url\":\"https:\\\/\\\/transakcija.si\\\/old\\\/\",\"name\":\"TransAkcija\",\"description\":\"\",\"publisher\":{\"@id\":\"https:\\\/\\\/transakcija.si\\\/old\\\/#organization\"},\"potentialAction\":[{\"@type\":\"SearchAction\",\"target\":{\"@type\":\"EntryPoint\",\"urlTemplate\":\"https:\\\/\\\/transakcija.si\\\/old\\\/?s={search_term_string}\"},\"query-input\":{\"@type\":\"PropertyValueSpecification\",\"valueRequired\":true,\"valueName\":\"search_term_string\"}}],\"inLanguage\":\"en-US\"},{\"@type\":\"Organization\",\"@id\":\"https:\\\/\\\/transakcija.si\\\/old\\\/#organization\",\"name\":\"TransAkcija\",\"url\":\"https:\\\/\\\/transakcija.si\\\/old\\\/\",\"logo\":{\"@type\":\"ImageObject\",\"inLanguage\":\"en-US\",\"@id\":\"https:\\\/\\\/transakcija.si\\\/old\\\/#\\\/schema\\\/logo\\\/image\\\/\",\"url\":\"https:\\\/\\\/transakcija.si\\\/old\\\/wp-content\\\/uploads\\\/2017\\\/03\\\/logo-l-e1489058897303.png\",\"contentUrl\":\"https:\\\/\\\/transakcija.si\\\/old\\\/wp-content\\\/uploads\\\/2017\\\/03\\\/logo-l-e1489058897303.png\",\"width\":400,\"height\":251,\"caption\":\"TransAkcija\"},\"image\":{\"@id\":\"https:\\\/\\\/transakcija.si\\\/old\\\/#\\\/schema\\\/logo\\\/image\\\/\"}}]}<\/script>\n<!-- \/ Yoast SEO plugin. -->","yoast_head_json":{"title":"Tranzicija","robots":{"index":"noindex","follow":"follow","max-snippet":"max-snippet:-1","max-image-preview":"max-image-preview:large","max-video-preview":"max-video-preview:-1"},"og_locale":"en_US","og_type":"article","og_title":"Tranzicija","og_description":"Kaj je tranzicija? Tranzicija je proces, kjer transspolna oseba spremeni razne stvari na oz. o sebi, da ji je la\u017eje in bolj udobno \u017eiveti. Namen tranzicije je, da se oseba spremeni tako, da bo bolj v skladu s svojimi \u017eeljami in pri\u010dakovanji glede videza, na\u010dinov izra\u017eanja in vklju\u010denosti v dru\u017ebo, ki jih pripisuje dolo\u010denemu spolu. [&hellip;]","og_url":"https:\/\/transakcija.si\/old\/t-prirocnik\/tranzicija\/","og_site_name":"TransAkcija","article_modified_time":"2022-03-08T17:55:18+00:00","twitter_card":"summary_large_image","twitter_misc":{"Est. reading time":"5 minutes"},"schema":{"@context":"https:\/\/schema.org","@graph":[{"@type":"WebPage","@id":"https:\/\/transakcija.si\/old\/t-prirocnik\/tranzicija\/","url":"https:\/\/transakcija.si\/old\/t-prirocnik\/tranzicija\/","name":"Tranzicija","isPartOf":{"@id":"https:\/\/transakcija.si\/old\/#website"},"datePublished":"2022-01-08T17:38:12+00:00","dateModified":"2022-03-08T17:55:18+00:00","breadcrumb":{"@id":"https:\/\/transakcija.si\/old\/t-prirocnik\/tranzicija\/#breadcrumb"},"inLanguage":"en-US","potentialAction":[{"@type":"ReadAction","target":["https:\/\/transakcija.si\/old\/t-prirocnik\/tranzicija\/"]}]},{"@type":"BreadcrumbList","@id":"https:\/\/transakcija.si\/old\/t-prirocnik\/tranzicija\/#breadcrumb","itemListElement":[{"@type":"ListItem","position":1,"name":"Home","item":"https:\/\/transakcija.si\/old\/"},{"@type":"ListItem","position":2,"name":"t-priro\u010dnik: spletni priro\u010dnik o tranziciji","item":"https:\/\/transakcija.si\/old\/t-prirocnik\/"},{"@type":"ListItem","position":3,"name":"Tranzicija"}]},{"@type":"WebSite","@id":"https:\/\/transakcija.si\/old\/#website","url":"https:\/\/transakcija.si\/old\/","name":"TransAkcija","description":"","publisher":{"@id":"https:\/\/transakcija.si\/old\/#organization"},"potentialAction":[{"@type":"SearchAction","target":{"@type":"EntryPoint","urlTemplate":"https:\/\/transakcija.si\/old\/?s={search_term_string}"},"query-input":{"@type":"PropertyValueSpecification","valueRequired":true,"valueName":"search_term_string"}}],"inLanguage":"en-US"},{"@type":"Organization","@id":"https:\/\/transakcija.si\/old\/#organization","name":"TransAkcija","url":"https:\/\/transakcija.si\/old\/","logo":{"@type":"ImageObject","inLanguage":"en-US","@id":"https:\/\/transakcija.si\/old\/#\/schema\/logo\/image\/","url":"https:\/\/transakcija.si\/old\/wp-content\/uploads\/2017\/03\/logo-l-e1489058897303.png","contentUrl":"https:\/\/transakcija.si\/old\/wp-content\/uploads\/2017\/03\/logo-l-e1489058897303.png","width":400,"height":251,"caption":"TransAkcija"},"image":{"@id":"https:\/\/transakcija.si\/old\/#\/schema\/logo\/image\/"}}]}},"_links":{"self":[{"href":"https:\/\/transakcija.si\/old\/wp-json\/wp\/v2\/pages\/5938","targetHints":{"allow":["GET"]}}],"collection":[{"href":"https:\/\/transakcija.si\/old\/wp-json\/wp\/v2\/pages"}],"about":[{"href":"https:\/\/transakcija.si\/old\/wp-json\/wp\/v2\/types\/page"}],"author":[{"embeddable":true,"href":"https:\/\/transakcija.si\/old\/wp-json\/wp\/v2\/users\/14"}],"replies":[{"embeddable":true,"href":"https:\/\/transakcija.si\/old\/wp-json\/wp\/v2\/comments?post=5938"}],"version-history":[{"count":9,"href":"https:\/\/transakcija.si\/old\/wp-json\/wp\/v2\/pages\/5938\/revisions"}],"predecessor-version":[{"id":6153,"href":"https:\/\/transakcija.si\/old\/wp-json\/wp\/v2\/pages\/5938\/revisions\/6153"}],"up":[{"embeddable":true,"href":"https:\/\/transakcija.si\/old\/wp-json\/wp\/v2\/pages\/6200"}],"wp:attachment":[{"href":"https:\/\/transakcija.si\/old\/wp-json\/wp\/v2\/media?parent=5938"}],"curies":[{"name":"wp","href":"https:\/\/api.w.org\/{rel}","templated":true}]}}