{"id":5998,"date":"2022-01-25T17:12:48","date_gmt":"2022-01-25T16:12:48","guid":{"rendered":"https:\/\/transakcija.si\/old\/?page_id=5998"},"modified":"2022-03-30T14:02:45","modified_gmt":"2022-03-30T12:02:45","slug":"tranzicija-mladoletnih-oseb","status":"publish","type":"page","link":"https:\/\/transakcija.si\/old\/t-prirocnik\/tranzicija-mladoletnih-oseb\/","title":{"rendered":"Tranzicija mladoletnih oseb"},"content":{"rendered":"\n<h3 class=\"wp-block-heading\">Kako za\u010deti?<\/h3>\n\n\n\n<p>Za vse mladoletne trans, nebinarne in spolno nenormativne osebe se vstop v proces medicinske tranzicije oz. proces potrditve spolne identitete za\u010dne s psihiatri\u010dno obravnavo, ki poteka v okviru <strong>Centra za mentalno zdravje (<\/strong><a href=\"https:\/\/www.psih-klinika.si\/strokovne-enote\/center-za-mentalno-zdravje\/enota-za-adolescentno-psihiatrijo\/\"><strong>Enota za adolescentno psihiatrijo<\/strong><\/a><strong>), ki se nahaja na naslovu Grablovi\u010deva 44a v Ljubljani.<\/strong><\/p>\n\n\n\n<p>Psihiatrinja, ki obravnava mladoletne trans osebe, je izr. prof. dr.&nbsp;Maja Drobni\u010d Radobuljac, dr. med., specialistka otro\u0161ke in mladostni\u0161ke psihiatrije.<\/p>\n\n\n\n<h3 class=\"wp-block-heading\">Kontakti:<\/h3>\n\n\n\n<p><strong>Maja Drobni\u010d Radobuljac, dr. med.: <a href=\"mailto:maja.radobuljac@psih-klinika.si\">maja.radobuljac@psih-klinika.si<\/a><\/strong><\/p>\n\n\n\n<p><a href=\"https:\/\/www.psih-klinika.si\/skupno\/urnik-ambulant\">URNIK dr. DROBNI\u010c RADOBULJAC<\/a><\/p>\n\n\n\n<p>S klikom na povezavo se odpre urnik zaposlenih na Centru za mentalno zdravje. Nato izbere\u0161 ime svoje_ga zdravnice_ka in izpi\u0161e se ti njen_gov delovni urnik.<\/p>\n\n\n\n<p><a href=\"https:\/\/www.psih-klinika.si\/strokovne-enote\/center-za-mentalno-zdravje\/enota-za-adolescentno-psihiatrijo\/\">Enota za adolescentno psihiatrijo, Center za mentalno zdravje<\/a><\/p>\n\n\n\n<p><strong>Informacije: <a href=\"mailto:info@psih-klinika.si\">info@psih-klinika.si<\/a><\/strong><\/p>\n\n\n\n<p><strong>Telefonska \u0161tevilka: 01 5874 955, vsak ponedeljek in sredo od 12.00 \u2013 13.00 ure<\/strong><\/p>\n\n\n\n<p><strong>POMEMBNO:<\/strong> Dr. Drobni\u010d Radobuljac v obravnavo sprejema osebe \u0161ele, kadar so \u017ee vklju\u010dene v splo\u0161no in redno pedopsihiatri\u010dno obravnavo v kraju bivanja ali drugod. To pedospihiatri\u010dno obravnavo izvajajo osebe, ki niso del Interdisciplinarnega konzilija za potrditev spolne identitete in kot take niso del medicinske tranzicije, so pa pogoj za vstop vanjo. Namen tega je, da se lahko ona posveti primarno obravnavi spolne disforije, pridru\u017eena stanja in\/ali motnje pa obravnavajo lokalne_i pedopsihiatrinje_i. O tem velja dogovor med vsemi pedopsihiatri_njami vklju\u010denih v <a href=\"https:\/\/www.zomp.si\/\">Zdru\u017eenje za otro\u0161ko in mladostni\u0161ko psihiatrijo<\/a>.<\/p>\n\n\n\n<p>Dr. Maja Drobni\u010d Radobuljac vstop v obravnavo opisuje tako: <em>&#8220;Za obravnavo v Ambulanti za spolno zdravje otrok in mladostnikov se odlo\u010di le\u010de\u010di specialist otro\u0161ke in mladostni\u0161ke psihiatrije, ki po podrobni opredelitvi otrokovih\/mladostnikovih psihosocialnih te\u017eav in dodatni diagnostiki ter zdravljenju in obravnavi spremljajo\u010dih du\u0161evnih motenji in kriznih stanj oceni, da bi bila potrebna poglobljena diagnostika suma na spolno disforijo. Takrat pacientko_ta napoti z ustrezno napotnico na terciarno obravnavo na Center za mentalno zdravje Univerzitetne psihiatri\u010dne klinike Ljubljana. Glede potrebe po napotitvi k specialistu otro\u0161ke in mladostni\u0161ke psihiatrije na sekundarnem nivoju zdravstvenega varstva se odlo\u010da otrokov ali mladostnikov izbrani_a pediater_inja.&#8221;<\/em><\/p>\n\n\n\n<h3 class=\"wp-block-heading\">Kontakti izvajalk_cev splo\u0161ne pedopsihiatri\u010dne obravnave:<\/h3>\n\n\n\n<p><a href=\"https:\/\/www.cakalnedobe.si\/storitve\/pedopsihiatricni-pregled-prvi\/\">SEZNAM IZVAJALK_CEV PEDOPSIHIATRI\u010cNIH OBRAVNAV<\/a><\/p>\n\n\n\n<h3 class=\"wp-block-heading\">Kaj je na voljo mladoletnim osebam v tranziciji?<\/h3>\n\n\n\n<p>Pedopsihiatrinja lahko mladoletnim osebam brez soglasja konzilija za potrditev spolne identitete odobri samo reverzibilne postopke.<\/p>\n\n\n\n<h3 class=\"wp-block-heading\">Blockerji:<\/h3>\n\n\n\n<p>Mladoletne osebe v sklopu medicinske tranzicje lahko pridobijo antiandrogene oz. zaviralce hormonov (blockerje). Predpis hormonskih zaviralcev (blockerjev) je mo\u017een za osebe mlaj\u0161e od 18 let ob priporo\u010dilu pedopsihiatrinje in soglasju konzilija. Hormonska terapija (dostop do testosterona, estrogena ali progesterona) pa se odobri samo polnoletnim osebam.<\/p>\n\n\n\n<h3 class=\"wp-block-heading\">Pravno priznanje spola:<\/h3>\n\n\n\n<p>Pedopsihiatrinja lahko brez soglasja konzilija izda potrdilo o spremembi spola, ki je osnova za spremembo podatka o spolu na osebnih dokumentih oz. pravno priznanje spola.<\/p>\n\n\n\n<p><a href=\"https:\/\/e-uprava.gov.si\/podrocja\/vloge\/vloga.html?id=5306\">VLOGA ZA VPIS SPREMEMBE PODATKA O SPOLU MLADOLETNE OSEBE<\/a><\/p>\n\n\n\n<p>Mladoletne osebe morajo poleg potrdila o tem, da so spremenile spol zahtevku za vpis spremembe podatka o spolu dodati \u0161e soglasje obeh star\u0161ev. Mladoletne osebe, ki poleg podatka o spolu \u017eelijo spremeniti tudi osebno ime, lahko vlogo oddajo le osebno na upravni enoti v kraju, kjer imajo urejeno stalno prebivali\u0161\u010de.<\/p>\n\n\n\n<p><strong>Socialna tranzicija za mladoletne osebe<\/strong><\/p>\n\n\n\n<p>Mladoletne osebe se lahko na podlagi lastnih potreb in \u017eelja poleg opisanih postopkov, ki jih zanje omogo\u010da medicinska tranzicija, odlo\u010dajo tudi za razne procese in postopke socialne in telesne tranzicije oz. uporabo raznih pripomo\u010dkov, ki niso vezani na medicinske procese. Ponujamo seznam in opis mo\u017enosti tako za <a href=\"https:\/\/transakcija.si\/old\/t-prirocnik\/tm\/\">transmaskuline osebe<\/a> kot za <a href=\"https:\/\/transakcija.si\/old\/t-prirocnik\/tf\/\">transfeminine osebe<\/a>.<\/p>\n\n\n\n<p><strong>Ob tem je zelo pomembno, da se vsaka oseba informira ali je dolo\u010den postopek oz. pripomo\u010dek varen za uporabo, glede na starost in telesne zna\u010dilnosti osebe!<\/strong><\/p>\n","protected":false},"excerpt":{"rendered":"<p>Kako za\u010deti? Za vse mladoletne trans, nebinarne in spolno nenormativne osebe se vstop v proces medicinske tranzicije oz. proces potrditve spolne identitete za\u010dne s psihiatri\u010dno obravnavo, ki poteka v okviru Centra za mentalno zdravje (Enota za adolescentno psihiatrijo), ki se nahaja na naslovu Grablovi\u010deva 44a v Ljubljani. Psihiatrinja, ki obravnava mladoletne trans osebe, je izr. [&hellip;]<\/p>\n","protected":false},"author":14,"featured_media":0,"parent":6200,"menu_order":0,"comment_status":"closed","ping_status":"closed","template":"","meta":{"footnotes":""},"class_list":["post-5998","page","type-page","status-publish","hentry"],"yoast_head":"<!-- This site is optimized with the Yoast SEO plugin v27.4 - https:\/\/yoast.com\/product\/yoast-seo-wordpress\/ -->\n<title>Tranzicija mladoletnih oseb<\/title>\n<meta name=\"robots\" content=\"noindex, follow, max-snippet:-1, max-image-preview:large, max-video-preview:-1\" \/>\n<meta property=\"og:locale\" content=\"en_US\" \/>\n<meta property=\"og:type\" content=\"article\" \/>\n<meta property=\"og:title\" content=\"Tranzicija mladoletnih oseb\" \/>\n<meta property=\"og:description\" content=\"Kako za\u010deti? Za vse mladoletne trans, nebinarne in spolno nenormativne osebe se vstop v proces medicinske tranzicije oz. proces potrditve spolne identitete za\u010dne s psihiatri\u010dno obravnavo, ki poteka v okviru Centra za mentalno zdravje (Enota za adolescentno psihiatrijo), ki se nahaja na naslovu Grablovi\u010deva 44a v Ljubljani. Psihiatrinja, ki obravnava mladoletne trans osebe, je izr. [&hellip;]\" \/>\n<meta property=\"og:url\" content=\"https:\/\/transakcija.si\/old\/t-prirocnik\/tranzicija-mladoletnih-oseb\/\" \/>\n<meta property=\"og:site_name\" content=\"TransAkcija\" \/>\n<meta property=\"article:modified_time\" content=\"2022-03-30T12:02:45+00:00\" \/>\n<meta name=\"twitter:card\" content=\"summary_large_image\" \/>\n<meta name=\"twitter:label1\" content=\"Est. reading time\" \/>\n\t<meta name=\"twitter:data1\" content=\"3 minutes\" \/>\n<script type=\"application\/ld+json\" class=\"yoast-schema-graph\">{\"@context\":\"https:\\\/\\\/schema.org\",\"@graph\":[{\"@type\":\"WebPage\",\"@id\":\"https:\\\/\\\/transakcija.si\\\/old\\\/t-prirocnik\\\/tranzicija-mladoletnih-oseb\\\/\",\"url\":\"https:\\\/\\\/transakcija.si\\\/old\\\/t-prirocnik\\\/tranzicija-mladoletnih-oseb\\\/\",\"name\":\"Tranzicija mladoletnih oseb\",\"isPartOf\":{\"@id\":\"https:\\\/\\\/transakcija.si\\\/old\\\/#website\"},\"datePublished\":\"2022-01-25T16:12:48+00:00\",\"dateModified\":\"2022-03-30T12:02:45+00:00\",\"breadcrumb\":{\"@id\":\"https:\\\/\\\/transakcija.si\\\/old\\\/t-prirocnik\\\/tranzicija-mladoletnih-oseb\\\/#breadcrumb\"},\"inLanguage\":\"en-US\",\"potentialAction\":[{\"@type\":\"ReadAction\",\"target\":[\"https:\\\/\\\/transakcija.si\\\/old\\\/t-prirocnik\\\/tranzicija-mladoletnih-oseb\\\/\"]}]},{\"@type\":\"BreadcrumbList\",\"@id\":\"https:\\\/\\\/transakcija.si\\\/old\\\/t-prirocnik\\\/tranzicija-mladoletnih-oseb\\\/#breadcrumb\",\"itemListElement\":[{\"@type\":\"ListItem\",\"position\":1,\"name\":\"Home\",\"item\":\"https:\\\/\\\/transakcija.si\\\/old\\\/\"},{\"@type\":\"ListItem\",\"position\":2,\"name\":\"t-priro\u010dnik: spletni priro\u010dnik o tranziciji\",\"item\":\"https:\\\/\\\/transakcija.si\\\/old\\\/t-prirocnik\\\/\"},{\"@type\":\"ListItem\",\"position\":3,\"name\":\"Tranzicija mladoletnih oseb\"}]},{\"@type\":\"WebSite\",\"@id\":\"https:\\\/\\\/transakcija.si\\\/old\\\/#website\",\"url\":\"https:\\\/\\\/transakcija.si\\\/old\\\/\",\"name\":\"TransAkcija\",\"description\":\"\",\"publisher\":{\"@id\":\"https:\\\/\\\/transakcija.si\\\/old\\\/#organization\"},\"potentialAction\":[{\"@type\":\"SearchAction\",\"target\":{\"@type\":\"EntryPoint\",\"urlTemplate\":\"https:\\\/\\\/transakcija.si\\\/old\\\/?s={search_term_string}\"},\"query-input\":{\"@type\":\"PropertyValueSpecification\",\"valueRequired\":true,\"valueName\":\"search_term_string\"}}],\"inLanguage\":\"en-US\"},{\"@type\":\"Organization\",\"@id\":\"https:\\\/\\\/transakcija.si\\\/old\\\/#organization\",\"name\":\"TransAkcija\",\"url\":\"https:\\\/\\\/transakcija.si\\\/old\\\/\",\"logo\":{\"@type\":\"ImageObject\",\"inLanguage\":\"en-US\",\"@id\":\"https:\\\/\\\/transakcija.si\\\/old\\\/#\\\/schema\\\/logo\\\/image\\\/\",\"url\":\"https:\\\/\\\/transakcija.si\\\/old\\\/wp-content\\\/uploads\\\/2017\\\/03\\\/logo-l-e1489058897303.png\",\"contentUrl\":\"https:\\\/\\\/transakcija.si\\\/old\\\/wp-content\\\/uploads\\\/2017\\\/03\\\/logo-l-e1489058897303.png\",\"width\":400,\"height\":251,\"caption\":\"TransAkcija\"},\"image\":{\"@id\":\"https:\\\/\\\/transakcija.si\\\/old\\\/#\\\/schema\\\/logo\\\/image\\\/\"}}]}<\/script>\n<!-- \/ Yoast SEO plugin. -->","yoast_head_json":{"title":"Tranzicija mladoletnih oseb","robots":{"index":"noindex","follow":"follow","max-snippet":"max-snippet:-1","max-image-preview":"max-image-preview:large","max-video-preview":"max-video-preview:-1"},"og_locale":"en_US","og_type":"article","og_title":"Tranzicija mladoletnih oseb","og_description":"Kako za\u010deti? Za vse mladoletne trans, nebinarne in spolno nenormativne osebe se vstop v proces medicinske tranzicije oz. proces potrditve spolne identitete za\u010dne s psihiatri\u010dno obravnavo, ki poteka v okviru Centra za mentalno zdravje (Enota za adolescentno psihiatrijo), ki se nahaja na naslovu Grablovi\u010deva 44a v Ljubljani. Psihiatrinja, ki obravnava mladoletne trans osebe, je izr. [&hellip;]","og_url":"https:\/\/transakcija.si\/old\/t-prirocnik\/tranzicija-mladoletnih-oseb\/","og_site_name":"TransAkcija","article_modified_time":"2022-03-30T12:02:45+00:00","twitter_card":"summary_large_image","twitter_misc":{"Est. reading time":"3 minutes"},"schema":{"@context":"https:\/\/schema.org","@graph":[{"@type":"WebPage","@id":"https:\/\/transakcija.si\/old\/t-prirocnik\/tranzicija-mladoletnih-oseb\/","url":"https:\/\/transakcija.si\/old\/t-prirocnik\/tranzicija-mladoletnih-oseb\/","name":"Tranzicija mladoletnih oseb","isPartOf":{"@id":"https:\/\/transakcija.si\/old\/#website"},"datePublished":"2022-01-25T16:12:48+00:00","dateModified":"2022-03-30T12:02:45+00:00","breadcrumb":{"@id":"https:\/\/transakcija.si\/old\/t-prirocnik\/tranzicija-mladoletnih-oseb\/#breadcrumb"},"inLanguage":"en-US","potentialAction":[{"@type":"ReadAction","target":["https:\/\/transakcija.si\/old\/t-prirocnik\/tranzicija-mladoletnih-oseb\/"]}]},{"@type":"BreadcrumbList","@id":"https:\/\/transakcija.si\/old\/t-prirocnik\/tranzicija-mladoletnih-oseb\/#breadcrumb","itemListElement":[{"@type":"ListItem","position":1,"name":"Home","item":"https:\/\/transakcija.si\/old\/"},{"@type":"ListItem","position":2,"name":"t-priro\u010dnik: spletni priro\u010dnik o tranziciji","item":"https:\/\/transakcija.si\/old\/t-prirocnik\/"},{"@type":"ListItem","position":3,"name":"Tranzicija mladoletnih oseb"}]},{"@type":"WebSite","@id":"https:\/\/transakcija.si\/old\/#website","url":"https:\/\/transakcija.si\/old\/","name":"TransAkcija","description":"","publisher":{"@id":"https:\/\/transakcija.si\/old\/#organization"},"potentialAction":[{"@type":"SearchAction","target":{"@type":"EntryPoint","urlTemplate":"https:\/\/transakcija.si\/old\/?s={search_term_string}"},"query-input":{"@type":"PropertyValueSpecification","valueRequired":true,"valueName":"search_term_string"}}],"inLanguage":"en-US"},{"@type":"Organization","@id":"https:\/\/transakcija.si\/old\/#organization","name":"TransAkcija","url":"https:\/\/transakcija.si\/old\/","logo":{"@type":"ImageObject","inLanguage":"en-US","@id":"https:\/\/transakcija.si\/old\/#\/schema\/logo\/image\/","url":"https:\/\/transakcija.si\/old\/wp-content\/uploads\/2017\/03\/logo-l-e1489058897303.png","contentUrl":"https:\/\/transakcija.si\/old\/wp-content\/uploads\/2017\/03\/logo-l-e1489058897303.png","width":400,"height":251,"caption":"TransAkcija"},"image":{"@id":"https:\/\/transakcija.si\/old\/#\/schema\/logo\/image\/"}}]}},"_links":{"self":[{"href":"https:\/\/transakcija.si\/old\/wp-json\/wp\/v2\/pages\/5998","targetHints":{"allow":["GET"]}}],"collection":[{"href":"https:\/\/transakcija.si\/old\/wp-json\/wp\/v2\/pages"}],"about":[{"href":"https:\/\/transakcija.si\/old\/wp-json\/wp\/v2\/types\/page"}],"author":[{"embeddable":true,"href":"https:\/\/transakcija.si\/old\/wp-json\/wp\/v2\/users\/14"}],"replies":[{"embeddable":true,"href":"https:\/\/transakcija.si\/old\/wp-json\/wp\/v2\/comments?post=5998"}],"version-history":[{"count":14,"href":"https:\/\/transakcija.si\/old\/wp-json\/wp\/v2\/pages\/5998\/revisions"}],"predecessor-version":[{"id":6443,"href":"https:\/\/transakcija.si\/old\/wp-json\/wp\/v2\/pages\/5998\/revisions\/6443"}],"up":[{"embeddable":true,"href":"https:\/\/transakcija.si\/old\/wp-json\/wp\/v2\/pages\/6200"}],"wp:attachment":[{"href":"https:\/\/transakcija.si\/old\/wp-json\/wp\/v2\/media?parent=5998"}],"curies":[{"name":"wp","href":"https:\/\/api.w.org\/{rel}","templated":true}]}}