{"id":6077,"date":"2022-01-31T17:05:42","date_gmt":"2022-01-31T16:05:42","guid":{"rendered":"https:\/\/transakcija.si\/old\/?page_id=6077"},"modified":"2024-04-11T16:54:12","modified_gmt":"2024-04-11T14:54:12","slug":"psihiatricna-in-psiholoska-obravnava","status":"publish","type":"page","link":"https:\/\/transakcija.si\/old\/t-prirocnik\/psihiatricna-in-psiholoska-obravnava\/","title":{"rendered":"Psihiatri\u010dna in psiholo\u0161ka obravnava"},"content":{"rendered":"\n<p>Za vse trans, nebinarne in spolno nenormativne osebe se vstop v proces medicinske tranzicije oz. proces potrditve spolne identitete za\u010dne s psihiatri\u010dno obravnavo, ki poteka v okviru <a href=\"https:\/\/www.psih-klinika.si\/strokovne-enote\/center-za-mentalno-zdravje\/ambulanta-za-spolno-zdravje\/\"><strong>Centra za mentalno zdravje<\/strong><\/a> (Ambulanta za spolno zdravje), ki se nahaja na naslovu <strong>Grablovi\u010deva 44a v Ljubljani<\/strong>.<\/p>\n\n\n\n<p>To je tudi proces, skozi katerega mora\u0161, \u010de \u017eeli\u0161 pridobiti potrdilo psihiatra_inje, ki ga potrebuje\u0161 ob predlo\u017eitvi zahtevka za spremembo uradnega podatka o spolu na upravni enoti. Postopka medicinske tranzicije in <a href=\"https:\/\/transakcija.si\/old\/o-transspolnosti\/pravno-priznanje-spola\/\">pravnega priznanja spola<\/a> tako nista lo\u010dena.<\/p>\n\n\n\n<h3 class=\"wp-block-heading\" id=\"ambulanta-za-spolno-zdravje-center-za-mentalno-zdravje\"><strong><a href=\"https:\/\/www.psih-klinika.si\/strokovne-enote\/center-za-mentalno-zdravje\/ambulanta-za-spolno-zdravje\/\">Ambulanta za spolno zdravje, Center za mentalno zdravje<\/a><\/strong><\/h3>\n\n\n\n<p><strong>Informacije: <a href=\"mailto:info@psih-klinika.si\">info@psih-klinika.si<\/a><\/strong><\/p>\n\n\n\n<p>Splo\u0161na telefonska \u0161tevilka: <a href=\"tel:01-5874-900\">01 5874 900<\/a><br>Email za naro\u010danje: <a href=\"mailto:milko.krapes@psih-klinika.si\">milko.krapes@psih-klinika.si<\/a><\/p>\n\n\n\n<p><strong>Polnoletne osebe spremljata dva_e psihiatra_inji:<\/strong><\/p>\n\n\n\n<ul class=\"wp-block-list\">\n<li><strong>Irena Rahne Otorepec, dr. med, naro\u010danje na: 01\/5874 943<\/strong><\/li>\n\n\n\n<li><strong>Peter Zajc, dr. med, naro\u010danje na: <a href=\"mailto:peter.zajc@psih-klinika.si\">peter.zajc@psih-klinika.si<\/a><\/strong><\/li>\n<\/ul>\n\n\n\n<p><a href=\"https:\/\/www.psih-klinika.si\/index.php?id=132&amp;no_cache=1&amp;L=\"><strong>URNIK dr. RAHNE OTOREPEC in dr. ZAJCA<\/strong><\/a><\/p>\n\n\n\n<p>S klikom na povezavo se odpre urnik zaposlenih na Centru za mentalno zdravje. Nato izbere\u0161 ime svoje_ga zdravnice_ka in izpi\u0161e se ti njen_gov delovni urnik.<\/p>\n\n\n\n<h3 class=\"wp-block-heading\" id=\"opis-psihiatricne-obravnave\">Opis psihiatri\u010dne obravnave<\/h3>\n\n\n\n<p>Predsednica konzilija za potrditev spolne identitete, dr. med. Gabrijela Simetinger, zagotavlja, da se storitve medicinske tranzicije izvaja v skladu s smernicami za delo s transspolnimi, transseksualnimi in spolno nenormativimi osebami, ki jih izdaja Svetovna profesionalna organizacija za zdravje transspolnih oseb (<a href=\"https:\/\/www.wpath.org\/\">WPATH \u2013 World Professional Association for Transgender Health<\/a>). Leta 2022 so bile izdane nove smernice za <a href=\"https:\/\/www.wpath.org\/soc8\/chapters\">standardi oskrbe VIII<\/a>. <\/p>\n\n\n\n<p class=\"has-text-color\" style=\"color:#606467\">Peter Zajc, dr. med. o procesu pravi: <em>\u201cNatan\u010dno poznavanje te\u017eave ter osebnostnih zna\u010dilnosti in osebnih okoli\u0161\u010din posameznice_ka je pomembno za dobro na\u010drtovanje pomo\u010di, saj so posegi v procesu medicinske tranzicije zahtevni in v ve\u010dji meri ireverzibilni.\u201d<\/em><\/p>\n\n\n\n<p>Vse osebe, ki ste ali boste vstopile v proces medicinske tranzicije, vabimo, da preberete priro\u010dnik <a href=\"https:\/\/tgeu.org\/guidelines-to-human-rights-based-trans-specific-healthcare\/\">Guidelines to Human Rights-based Trans-specific Healthcare,<\/a> ki ga je leta 2019 izdala krovna evropska transspolna organizacija <a href=\"https:\/\/tgeu.org\/\">Transgender Europe &#8211; TGEU<\/a>. Gre za prvi priro\u010dnik, ki naslavlja umestitev posegov in procesov, v katere so trans osebe vklju\u010dene tekom medicinske tranzicije in zdravstvene oskrbe v razna podro\u010dja \u010dlovekovih pravic. Priro\u010dnik jasno izpostavlja, kako bi naj bile izvajane zdravstvene storitve za trans osebe in kako izgledajo kr\u0161itve pravic trans oseb.<\/p>\n\n\n\n<h3 class=\"wp-block-heading\" id=\"narocanje-na-prvi-pregled\">Naro\u010danje na prvi pregled<\/h3>\n\n\n\n<p><br><br>Naro\u010danje k dr. Rahne poteka izklju\u010dno preko telefona (01\/5874 94). Naro\u010danje pri dr. Zajcu pa preko emaila (<strong><a href=\"mailto:peter.zajc@psih-klinika.si\">peter.zajc@psih-klinika.si<\/a><\/strong>).<br><br>Za naro\u010danje na prvi pregled napi\u0161e\u0161 elektronsko sporo\u010dilo ali pokli\u010de\u0161 tajnika dr. Rahne, v katerem se predstavi\u0161 in pove\u0161, da \u017eeli\u0161 vstopiti v proces. Pogosto se \u017ee tu prosi za tvoj rojstni datum, naslov stalnega prebivali\u0161\u010da in podatki s tvoje zdravstvene kartice. <\/p>\n\n\n\n<p>Prva korespondenca ne rabi biti dolga, saj bo\u0161 vse, kar bo potrebno, o sebi povedal_a na prvem in slede\u010dih sre\u010danjih. Psihiater_inja ti dolo\u010di in napi\u0161e datum ter uro prvega pregleda.<\/p>\n\n\n\n<p>Glede nadaljnjih pregledov se dogovori\u0161 osebno s psihiatrom ali psihiatrinjo.<\/p>\n\n\n\n<h3 class=\"wp-block-heading\" id=\"prvi-pregled-pri-psihiatrinji-u\">Prvi pregled pri psihiatrinji_u<\/h3>\n\n\n\n<p>Ob vstopu v stavbo se s kartico zdravstvenega zavarovanja prijavi\u0161 v sprejemni pisarni in pove\u0161, pri komu si naro\u010den_a. Irena Rahne Otorepec, dr. med. ima pisarno v pritli\u010dju levo (glede na glavni vhod), Peter Zajc, dr. med. ima pisarno v 2. nadstropju levo (glede na stopnice).<\/p>\n\n\n\n<p>Na prvem pregledu se s psihiatrom_injo pogovarja\u0161 o svojem do\u017eivljanju lastnega spola, razmi\u0161ljanju o svoji spolni ideniteti, do\u017eivljanju svojega telesa, imena, o odnosih s pomembnimi osebami v tvojem \u017eivljenju (partner_ka, dru\u017eina, prijatelji_ce), otro\u0161tvu in o svoji \u017eivljenjski zgodbi.<\/p>\n\n\n\n<h3 class=\"wp-block-heading\" id=\"nadaljnji-pregledi-pri-psihiatru-inji\">Nadaljnji pregledi pri psihiatru_inji<\/h3>\n\n\n\n<p>Na nadaljnjih pregledih psihiater_inja preveri, \u010de je kaj novega, o \u010demer se \u017eeli\u0161 pogovoriti, sicer pa vpra\u0161a \u0161e kaj o tvojem \u017eivljenju. Psihiater_inja pogosto predlaga, da na enega izmed nadaljnjih sre\u010danj povabi\u0161 kak\u0161no osebo, ki ti je blizu (to so lahko star\u0161i, sorodniki_ce, prijatelj_ica, partner_ka itd.). \u0160tevilo pregledov dolo\u010da psihiater_inja in so dolo\u010deni individualno glede na osebne okoli\u0161\u010dine vsake posamezne osbe, ki je v obravnavi. Po dolo\u010denem \u0161tevilu psihiatri\u010dnih pregledov te bo psihiater_inja naro\u010dil_a na pregled pri klini\u010dni_em psihologu_inji, kar se v lokalni trans skupnosti pogovorno imenuje \u201cpsiho testi\u201d.<\/p>\n\n\n\n<p>Po zaklju\u010denih psiholo\u0161kih pregledih se nadaljuje obravnava pri izbranem psihiatri_inji, trajanje obravnave je ponovno odvisno od situacije posamezne obravnavane osebe. <strong>V tem sklopu obravnav je osebam tudi podeljena diagnoza motnje spolne identitete ali transseksualizma \u2013 F64.0 (ICD-10 2010) in priporo\u010dilno pismo z jasno izra\u017eenimi \u017eeljami posameznika_ce, ki sta osnova za vstop v specifi\u010dne procese medicinske tranzcije kot npr. hormonska terapija in kirur\u0161ki posegi.<\/strong><\/p>\n\n\n\n<h3 class=\"wp-block-heading\" id=\"pregledi-pri-klinicni-em-psihologu-inji\">Pregledi pri klini\u010dni_em psihologu_inji<\/h3>\n\n\n\n<p><strong>Psiholo\u0161ke preglede opravlja Mojca \u0160o\u0161tari\u010d Zvonar, dipl. psih.: <a href=\"mailto:mojca.sostaric@psih-klinika.si\">mojca.sostaric@psih-klinika.si<\/a><\/strong><\/p>\n\n\n\n<p><strong>Psiholo\u0161ki pregledi potekajo na Poljanskem nasipu 58, 1000 Ljubljana v <a href=\"https:\/\/www.psih-klinika.si\/strokovne-enote\/center-za-mentalno-zdravje\/enota-za-zdravljenje-odvisnosti-od-alkohola\/\">Enota za zdravljenje odvisnosti od alkohola<\/a><\/strong> <strong>in ne na Centru za mentalno zdravje. <\/strong><br><br><strong>Telefonska \u0161tevilka enote: 01\/3003 475<\/strong><\/p>\n\n\n\n<p><strong>Pomembno: <\/strong>na psiholo\u0161ke preglede prinesite vse svoje morebitne izvide povezane z va\u0161im du\u0161evnim zdravjem in psiholo\u0161kim in\/ali psihiatri\u010dnim zdravljenjem.<\/p>\n\n\n\n<p><strong>Psiholo\u0161ki pregled je del diagnosti\u010dnega procesa.<\/strong> Psiholo\u0161ki pregled pri klini\u010dni_em psihologu_inji ponavadi poteka enem do treh sre\u010danjih \u2013 na prvem oz. prvih dveh sre\u010danjih poteka psiholo\u0161ki pregled (vsak del traja pribli\u017eno 2 do 3 ure), na tretjem sre\u010danju pa poteka pogovor o izvidu, ki ga napi\u0161e klini\u010dna_i psiholog_inja na podlagi analize podatkov. Praviloma se na drugem sre\u010danju poleg obravnavane osebe \u017eeli prisotnost tudi bli\u017enje osebe obravnavane osebe (npr. star\u0161, partner_ka, prijatelj_ica, itd.), ki sodeluje v pregledu in heteroanamnezi obravnavane osebe. V zadnjem \u010dasu osebe, ki so vklju\u010dene v proces, poro\u010dajo, da je zadnji, torej tretji pregled, kjer se ve\u010d ne opravlja testov ampak zgolj predstavi izvide, neobvezen in klini\u010den_a psiholog_inja ponuja tudi mo\u017enost, da izvide po\u0161lje psihiatru_inji, ki osebo obravnava ter ta na prvem sre\u010danju po opravljenih psiholo\u0161kih pregledih osebi predstavi izvide.<\/p>\n","protected":false},"excerpt":{"rendered":"<p>Za vse trans, nebinarne in spolno nenormativne osebe se vstop v proces medicinske tranzicije oz. proces potrditve spolne identitete za\u010dne s psihiatri\u010dno obravnavo, ki poteka v okviru Centra za mentalno zdravje (Ambulanta za spolno zdravje), ki se nahaja na naslovu Grablovi\u010deva 44a v Ljubljani. To je tudi proces, skozi katerega mora\u0161, \u010de \u017eeli\u0161 pridobiti potrdilo [&hellip;]<\/p>\n","protected":false},"author":14,"featured_media":0,"parent":6200,"menu_order":0,"comment_status":"closed","ping_status":"closed","template":"","meta":{"footnotes":""},"class_list":["post-6077","page","type-page","status-publish","hentry"],"yoast_head":"<!-- This site is optimized with the Yoast SEO plugin v27.4 - https:\/\/yoast.com\/product\/yoast-seo-wordpress\/ -->\n<title>Psihiatri\u010dna in psiholo\u0161ka obravnava<\/title>\n<meta name=\"robots\" content=\"noindex, follow, max-snippet:-1, max-image-preview:large, max-video-preview:-1\" \/>\n<meta property=\"og:locale\" content=\"en_US\" \/>\n<meta property=\"og:type\" content=\"article\" \/>\n<meta property=\"og:title\" content=\"Psihiatri\u010dna in psiholo\u0161ka obravnava\" \/>\n<meta property=\"og:description\" content=\"Za vse trans, nebinarne in spolno nenormativne osebe se vstop v proces medicinske tranzicije oz. proces potrditve spolne identitete za\u010dne s psihiatri\u010dno obravnavo, ki poteka v okviru Centra za mentalno zdravje (Ambulanta za spolno zdravje), ki se nahaja na naslovu Grablovi\u010deva 44a v Ljubljani. To je tudi proces, skozi katerega mora\u0161, \u010de \u017eeli\u0161 pridobiti potrdilo [&hellip;]\" \/>\n<meta property=\"og:url\" content=\"https:\/\/transakcija.si\/old\/t-prirocnik\/psihiatricna-in-psiholoska-obravnava\/\" \/>\n<meta property=\"og:site_name\" content=\"TransAkcija\" \/>\n<meta property=\"article:modified_time\" content=\"2024-04-11T14:54:12+00:00\" \/>\n<meta name=\"twitter:card\" content=\"summary_large_image\" \/>\n<meta name=\"twitter:label1\" content=\"Est. reading time\" \/>\n\t<meta name=\"twitter:data1\" content=\"4 minutes\" \/>\n<script type=\"application\/ld+json\" class=\"yoast-schema-graph\">{\"@context\":\"https:\\\/\\\/schema.org\",\"@graph\":[{\"@type\":\"WebPage\",\"@id\":\"https:\\\/\\\/transakcija.si\\\/old\\\/t-prirocnik\\\/psihiatricna-in-psiholoska-obravnava\\\/\",\"url\":\"https:\\\/\\\/transakcija.si\\\/old\\\/t-prirocnik\\\/psihiatricna-in-psiholoska-obravnava\\\/\",\"name\":\"Psihiatri\u010dna in psiholo\u0161ka obravnava\",\"isPartOf\":{\"@id\":\"https:\\\/\\\/transakcija.si\\\/old\\\/#website\"},\"datePublished\":\"2022-01-31T16:05:42+00:00\",\"dateModified\":\"2024-04-11T14:54:12+00:00\",\"breadcrumb\":{\"@id\":\"https:\\\/\\\/transakcija.si\\\/old\\\/t-prirocnik\\\/psihiatricna-in-psiholoska-obravnava\\\/#breadcrumb\"},\"inLanguage\":\"en-US\",\"potentialAction\":[{\"@type\":\"ReadAction\",\"target\":[\"https:\\\/\\\/transakcija.si\\\/old\\\/t-prirocnik\\\/psihiatricna-in-psiholoska-obravnava\\\/\"]}]},{\"@type\":\"BreadcrumbList\",\"@id\":\"https:\\\/\\\/transakcija.si\\\/old\\\/t-prirocnik\\\/psihiatricna-in-psiholoska-obravnava\\\/#breadcrumb\",\"itemListElement\":[{\"@type\":\"ListItem\",\"position\":1,\"name\":\"Home\",\"item\":\"https:\\\/\\\/transakcija.si\\\/old\\\/\"},{\"@type\":\"ListItem\",\"position\":2,\"name\":\"t-priro\u010dnik: spletni priro\u010dnik o tranziciji\",\"item\":\"https:\\\/\\\/transakcija.si\\\/old\\\/t-prirocnik\\\/\"},{\"@type\":\"ListItem\",\"position\":3,\"name\":\"Psihiatri\u010dna in psiholo\u0161ka obravnava\"}]},{\"@type\":\"WebSite\",\"@id\":\"https:\\\/\\\/transakcija.si\\\/old\\\/#website\",\"url\":\"https:\\\/\\\/transakcija.si\\\/old\\\/\",\"name\":\"TransAkcija\",\"description\":\"\",\"publisher\":{\"@id\":\"https:\\\/\\\/transakcija.si\\\/old\\\/#organization\"},\"potentialAction\":[{\"@type\":\"SearchAction\",\"target\":{\"@type\":\"EntryPoint\",\"urlTemplate\":\"https:\\\/\\\/transakcija.si\\\/old\\\/?s={search_term_string}\"},\"query-input\":{\"@type\":\"PropertyValueSpecification\",\"valueRequired\":true,\"valueName\":\"search_term_string\"}}],\"inLanguage\":\"en-US\"},{\"@type\":\"Organization\",\"@id\":\"https:\\\/\\\/transakcija.si\\\/old\\\/#organization\",\"name\":\"TransAkcija\",\"url\":\"https:\\\/\\\/transakcija.si\\\/old\\\/\",\"logo\":{\"@type\":\"ImageObject\",\"inLanguage\":\"en-US\",\"@id\":\"https:\\\/\\\/transakcija.si\\\/old\\\/#\\\/schema\\\/logo\\\/image\\\/\",\"url\":\"https:\\\/\\\/transakcija.si\\\/old\\\/wp-content\\\/uploads\\\/2017\\\/03\\\/logo-l-e1489058897303.png\",\"contentUrl\":\"https:\\\/\\\/transakcija.si\\\/old\\\/wp-content\\\/uploads\\\/2017\\\/03\\\/logo-l-e1489058897303.png\",\"width\":400,\"height\":251,\"caption\":\"TransAkcija\"},\"image\":{\"@id\":\"https:\\\/\\\/transakcija.si\\\/old\\\/#\\\/schema\\\/logo\\\/image\\\/\"}}]}<\/script>\n<!-- \/ Yoast SEO plugin. -->","yoast_head_json":{"title":"Psihiatri\u010dna in psiholo\u0161ka obravnava","robots":{"index":"noindex","follow":"follow","max-snippet":"max-snippet:-1","max-image-preview":"max-image-preview:large","max-video-preview":"max-video-preview:-1"},"og_locale":"en_US","og_type":"article","og_title":"Psihiatri\u010dna in psiholo\u0161ka obravnava","og_description":"Za vse trans, nebinarne in spolno nenormativne osebe se vstop v proces medicinske tranzicije oz. proces potrditve spolne identitete za\u010dne s psihiatri\u010dno obravnavo, ki poteka v okviru Centra za mentalno zdravje (Ambulanta za spolno zdravje), ki se nahaja na naslovu Grablovi\u010deva 44a v Ljubljani. To je tudi proces, skozi katerega mora\u0161, \u010de \u017eeli\u0161 pridobiti potrdilo [&hellip;]","og_url":"https:\/\/transakcija.si\/old\/t-prirocnik\/psihiatricna-in-psiholoska-obravnava\/","og_site_name":"TransAkcija","article_modified_time":"2024-04-11T14:54:12+00:00","twitter_card":"summary_large_image","twitter_misc":{"Est. reading time":"4 minutes"},"schema":{"@context":"https:\/\/schema.org","@graph":[{"@type":"WebPage","@id":"https:\/\/transakcija.si\/old\/t-prirocnik\/psihiatricna-in-psiholoska-obravnava\/","url":"https:\/\/transakcija.si\/old\/t-prirocnik\/psihiatricna-in-psiholoska-obravnava\/","name":"Psihiatri\u010dna in psiholo\u0161ka obravnava","isPartOf":{"@id":"https:\/\/transakcija.si\/old\/#website"},"datePublished":"2022-01-31T16:05:42+00:00","dateModified":"2024-04-11T14:54:12+00:00","breadcrumb":{"@id":"https:\/\/transakcija.si\/old\/t-prirocnik\/psihiatricna-in-psiholoska-obravnava\/#breadcrumb"},"inLanguage":"en-US","potentialAction":[{"@type":"ReadAction","target":["https:\/\/transakcija.si\/old\/t-prirocnik\/psihiatricna-in-psiholoska-obravnava\/"]}]},{"@type":"BreadcrumbList","@id":"https:\/\/transakcija.si\/old\/t-prirocnik\/psihiatricna-in-psiholoska-obravnava\/#breadcrumb","itemListElement":[{"@type":"ListItem","position":1,"name":"Home","item":"https:\/\/transakcija.si\/old\/"},{"@type":"ListItem","position":2,"name":"t-priro\u010dnik: spletni priro\u010dnik o tranziciji","item":"https:\/\/transakcija.si\/old\/t-prirocnik\/"},{"@type":"ListItem","position":3,"name":"Psihiatri\u010dna in psiholo\u0161ka obravnava"}]},{"@type":"WebSite","@id":"https:\/\/transakcija.si\/old\/#website","url":"https:\/\/transakcija.si\/old\/","name":"TransAkcija","description":"","publisher":{"@id":"https:\/\/transakcija.si\/old\/#organization"},"potentialAction":[{"@type":"SearchAction","target":{"@type":"EntryPoint","urlTemplate":"https:\/\/transakcija.si\/old\/?s={search_term_string}"},"query-input":{"@type":"PropertyValueSpecification","valueRequired":true,"valueName":"search_term_string"}}],"inLanguage":"en-US"},{"@type":"Organization","@id":"https:\/\/transakcija.si\/old\/#organization","name":"TransAkcija","url":"https:\/\/transakcija.si\/old\/","logo":{"@type":"ImageObject","inLanguage":"en-US","@id":"https:\/\/transakcija.si\/old\/#\/schema\/logo\/image\/","url":"https:\/\/transakcija.si\/old\/wp-content\/uploads\/2017\/03\/logo-l-e1489058897303.png","contentUrl":"https:\/\/transakcija.si\/old\/wp-content\/uploads\/2017\/03\/logo-l-e1489058897303.png","width":400,"height":251,"caption":"TransAkcija"},"image":{"@id":"https:\/\/transakcija.si\/old\/#\/schema\/logo\/image\/"}}]}},"_links":{"self":[{"href":"https:\/\/transakcija.si\/old\/wp-json\/wp\/v2\/pages\/6077","targetHints":{"allow":["GET"]}}],"collection":[{"href":"https:\/\/transakcija.si\/old\/wp-json\/wp\/v2\/pages"}],"about":[{"href":"https:\/\/transakcija.si\/old\/wp-json\/wp\/v2\/types\/page"}],"author":[{"embeddable":true,"href":"https:\/\/transakcija.si\/old\/wp-json\/wp\/v2\/users\/14"}],"replies":[{"embeddable":true,"href":"https:\/\/transakcija.si\/old\/wp-json\/wp\/v2\/comments?post=6077"}],"version-history":[{"count":16,"href":"https:\/\/transakcija.si\/old\/wp-json\/wp\/v2\/pages\/6077\/revisions"}],"predecessor-version":[{"id":8233,"href":"https:\/\/transakcija.si\/old\/wp-json\/wp\/v2\/pages\/6077\/revisions\/8233"}],"up":[{"embeddable":true,"href":"https:\/\/transakcija.si\/old\/wp-json\/wp\/v2\/pages\/6200"}],"wp:attachment":[{"href":"https:\/\/transakcija.si\/old\/wp-json\/wp\/v2\/media?parent=6077"}],"curies":[{"name":"wp","href":"https:\/\/api.w.org\/{rel}","templated":true}]}}