{"id":6100,"date":"2022-02-09T13:44:32","date_gmt":"2022-02-09T12:44:32","guid":{"rendered":"https:\/\/transakcija.si\/old\/?page_id=6100"},"modified":"2023-11-11T03:20:20","modified_gmt":"2023-11-11T02:20:20","slug":"konzilij","status":"publish","type":"page","link":"https:\/\/transakcija.si\/old\/t-prirocnik\/konzilij\/","title":{"rendered":"Interdisciplinarni konzilij za potrditev spolne identitete"},"content":{"rendered":"<p><strong>V Sloveniji Interdiscplinarni konzilija za potrditev spolne identitete deluje v okviru <a href=\"https:\/\/www.kclj.si\/\">Univerzitetnega klini\u010dnega centra Ljubljana<\/a>.\u00a0<\/strong><\/p>\n<h4><strong>Sestava konzilija (2023):<\/strong><\/h4>\n<ul>\n<li>specialistka psihiatrije in seksologinja, (<a href=\"irena.rahne@psih-klinika.si\">Irena Rahne Otorepec<\/a>, dr. med.),<\/li>\n<li>specialist psihiatrije (<a href=\"peter.zajc@psih-klinika.si\">Peter Zajc<\/a>, dr. med.),<\/li>\n<li>specialistka otro\u0161ke in mladostni\u0161ke psihiatrije (izr. prof. dr.\u00a0<a href=\"maja.radobuljac@psih-klinika.si\">Maja Drobni\u010d Radobuljac<\/a>, dr. med.),<\/li>\n<li>specialist pediatrije, endokrinolog (prof. dr. Tadej Battelino, dr. med.)<\/li>\n<li>klini\u010dna psihologinja (<a href=\"mojca.sostaric@psih-klinika.si\">Mojca \u0160o\u0161tari\u010d Zvonar<\/a>, dipl. psih.),<\/li>\n<li>specialisti_ke urologije,<\/li>\n<li>specialisti_ke plasti\u010dne, rekonstruktivne in estetske kirurgije,<\/li>\n<li>specialist otorinolaringologije (Ale\u0161 Gro\u0161elj, dr. med.),<\/li>\n<li>specialisti_ke interne medicine \u2013 endokrinologije (Tina Krokter Kogoj, dr. med., <a href=\"mailto:katarina.mlekuskozamernik@kclj.si\">Katarina Mleku\u0161 Kozamernik<\/a>, dr. med.),<\/li>\n<li>specialistke_i ginekologije in porodni\u0161tva, predsednica (<a href=\"mailto:gabrijela.simetinger@sb-nm.si\">Gabrijela Simetinger<\/a>, dr. med.,)<\/li>\n<\/ul>\n<p>Konzilij <span style=\"font-weight: 400;\">je skupina zdravstvenih strokovnjakinj_ov, ki se na rednih sre\u010danjih pogovarjajo in usklajujejo glede potekov procesov potrditve spolne identitete oz. medicinske tranzicije transspolnih oseb. Konzilij je tudi odlo\u010devalni organ, ki sprejema odobritve\/zavrnitve dolo\u010denih posegov in postopkov za posamezne osebe v sklopu medicinske tranzicije.<\/span><\/p>\n<p><span style=\"font-weight: 400;\">V konzilij so oz. bi naj bile_i vklju\u010dene_i strokovnjaki_nje slede\u010dih zdravstvenih panog: specialisti_ke psihiatrije, specialisti_ke pedopsihiatrije, klini\u010den_na psiholog_inja, specialisti_ke urologije, specialisti_ke plasti\u010dne, rekonstruktivne in estetske kirurgije, specialisti_ke otorinolaringologije, specialisti_ke interne medicine \u2013 endokrinologije, specialistke_i ginekologije in porodni\u0161tva.<\/span><\/p>\n<p><span style=\"font-weight: 400;\">Konzilij zagotavlja, da deluje na podlagi smernic in priporo\u010dil<\/span> <span style=\"font-weight: 400;\">Standardov oskrbe 8 (2022) (Standards of Care 8)<\/span><span style=\"font-weight: 400;\">. Standarde oskrbe izdaja Svetovna profesionalna organizacija za zdravje transspolnih oseb <\/span><a href=\"http:\/\/www.wpath.org\/\"><span style=\"font-weight: 400;\">(WPATH \u2212 World Professional Association for Transgender Health)<\/span><\/a><span style=\"font-weight: 400;\">.<\/span><\/p>\n<p><span style=\"font-weight: 400;\">Konzilij je v Sloveniji s strani Ministrstva za zdravje uradno priznan od leta 2020 dalje. Poziv ministrstvu za formalizacijo zdravstvenega procesa potrditve spolne identitete je leta 2018 vlo\u017eil Zavod TransAkcija. Podpise podpore pozivu, ki so jih prispevale_i mnoge civilno dru\u017ebene organizacije in posameznice_ki, smo pri\u010dele_i zbirati na na\u0161em osrednjem letnem sre\u010danju TransMisija V, ki je leta 2018 potekala pod geslom Dovolj \u010dakanja in bila prvi javni shod za pravice trans oseb v Sloveniji.<\/span><\/p>\n","protected":false},"excerpt":{"rendered":"<p>V Sloveniji Interdiscplinarni konzilija za potrditev spolne identitete deluje v okviru Univerzitetnega klini\u010dnega centra Ljubljana.\u00a0 Sestava konzilija (2023): specialistka psihiatrije in seksologinja, (Irena Rahne Otorepec, dr. med.), specialist psihiatrije (Peter Zajc, dr. med.), specialistka otro\u0161ke in mladostni\u0161ke psihiatrije (izr. prof. dr.\u00a0Maja Drobni\u010d Radobuljac, dr. med.), specialist pediatrije, endokrinolog (prof. dr. Tadej Battelino, dr. med.) klini\u010dna [&hellip;]<\/p>\n","protected":false},"author":18,"featured_media":0,"parent":6200,"menu_order":0,"comment_status":"closed","ping_status":"closed","template":"","meta":{"footnotes":""},"class_list":["post-6100","page","type-page","status-publish","hentry"],"yoast_head":"<!-- This site is optimized with the Yoast SEO plugin v27.4 - https:\/\/yoast.com\/product\/yoast-seo-wordpress\/ -->\n<title>Interdisciplinarni konzilij za potrditev spolne identitete<\/title>\n<meta name=\"robots\" content=\"noindex, follow, max-snippet:-1, max-image-preview:large, max-video-preview:-1\" \/>\n<meta property=\"og:locale\" content=\"en_US\" \/>\n<meta property=\"og:type\" content=\"article\" \/>\n<meta property=\"og:title\" content=\"Interdisciplinarni konzilij za potrditev spolne identitete\" \/>\n<meta property=\"og:description\" content=\"V Sloveniji Interdiscplinarni konzilija za potrditev spolne identitete deluje v okviru Univerzitetnega klini\u010dnega centra Ljubljana.\u00a0 Sestava konzilija (2023): specialistka psihiatrije in seksologinja, (Irena Rahne Otorepec, dr. med.), specialist psihiatrije (Peter Zajc, dr. med.), specialistka otro\u0161ke in mladostni\u0161ke psihiatrije (izr. prof. dr.\u00a0Maja Drobni\u010d Radobuljac, dr. med.), specialist pediatrije, endokrinolog (prof. dr. Tadej Battelino, dr. med.) klini\u010dna [&hellip;]\" \/>\n<meta property=\"og:url\" content=\"https:\/\/transakcija.si\/old\/t-prirocnik\/konzilij\/\" \/>\n<meta property=\"og:site_name\" content=\"TransAkcija\" \/>\n<meta property=\"article:modified_time\" content=\"2023-11-11T02:20:20+00:00\" \/>\n<meta name=\"twitter:card\" content=\"summary_large_image\" \/>\n<meta name=\"twitter:label1\" content=\"Est. reading time\" \/>\n\t<meta name=\"twitter:data1\" content=\"2 minutes\" \/>\n<script type=\"application\/ld+json\" class=\"yoast-schema-graph\">{\"@context\":\"https:\\\/\\\/schema.org\",\"@graph\":[{\"@type\":\"WebPage\",\"@id\":\"https:\\\/\\\/transakcija.si\\\/old\\\/t-prirocnik\\\/konzilij\\\/\",\"url\":\"https:\\\/\\\/transakcija.si\\\/old\\\/t-prirocnik\\\/konzilij\\\/\",\"name\":\"Interdisciplinarni konzilij za potrditev spolne identitete\",\"isPartOf\":{\"@id\":\"https:\\\/\\\/transakcija.si\\\/old\\\/#website\"},\"datePublished\":\"2022-02-09T12:44:32+00:00\",\"dateModified\":\"2023-11-11T02:20:20+00:00\",\"breadcrumb\":{\"@id\":\"https:\\\/\\\/transakcija.si\\\/old\\\/t-prirocnik\\\/konzilij\\\/#breadcrumb\"},\"inLanguage\":\"en-US\",\"potentialAction\":[{\"@type\":\"ReadAction\",\"target\":[\"https:\\\/\\\/transakcija.si\\\/old\\\/t-prirocnik\\\/konzilij\\\/\"]}]},{\"@type\":\"BreadcrumbList\",\"@id\":\"https:\\\/\\\/transakcija.si\\\/old\\\/t-prirocnik\\\/konzilij\\\/#breadcrumb\",\"itemListElement\":[{\"@type\":\"ListItem\",\"position\":1,\"name\":\"Home\",\"item\":\"https:\\\/\\\/transakcija.si\\\/old\\\/\"},{\"@type\":\"ListItem\",\"position\":2,\"name\":\"t-priro\u010dnik: spletni priro\u010dnik o tranziciji\",\"item\":\"https:\\\/\\\/transakcija.si\\\/old\\\/t-prirocnik\\\/\"},{\"@type\":\"ListItem\",\"position\":3,\"name\":\"Interdisciplinarni konzilij za potrditev spolne identitete\"}]},{\"@type\":\"WebSite\",\"@id\":\"https:\\\/\\\/transakcija.si\\\/old\\\/#website\",\"url\":\"https:\\\/\\\/transakcija.si\\\/old\\\/\",\"name\":\"TransAkcija\",\"description\":\"\",\"publisher\":{\"@id\":\"https:\\\/\\\/transakcija.si\\\/old\\\/#organization\"},\"potentialAction\":[{\"@type\":\"SearchAction\",\"target\":{\"@type\":\"EntryPoint\",\"urlTemplate\":\"https:\\\/\\\/transakcija.si\\\/old\\\/?s={search_term_string}\"},\"query-input\":{\"@type\":\"PropertyValueSpecification\",\"valueRequired\":true,\"valueName\":\"search_term_string\"}}],\"inLanguage\":\"en-US\"},{\"@type\":\"Organization\",\"@id\":\"https:\\\/\\\/transakcija.si\\\/old\\\/#organization\",\"name\":\"TransAkcija\",\"url\":\"https:\\\/\\\/transakcija.si\\\/old\\\/\",\"logo\":{\"@type\":\"ImageObject\",\"inLanguage\":\"en-US\",\"@id\":\"https:\\\/\\\/transakcija.si\\\/old\\\/#\\\/schema\\\/logo\\\/image\\\/\",\"url\":\"https:\\\/\\\/transakcija.si\\\/old\\\/wp-content\\\/uploads\\\/2017\\\/03\\\/logo-l-e1489058897303.png\",\"contentUrl\":\"https:\\\/\\\/transakcija.si\\\/old\\\/wp-content\\\/uploads\\\/2017\\\/03\\\/logo-l-e1489058897303.png\",\"width\":400,\"height\":251,\"caption\":\"TransAkcija\"},\"image\":{\"@id\":\"https:\\\/\\\/transakcija.si\\\/old\\\/#\\\/schema\\\/logo\\\/image\\\/\"}}]}<\/script>\n<!-- \/ Yoast SEO plugin. -->","yoast_head_json":{"title":"Interdisciplinarni konzilij za potrditev spolne identitete","robots":{"index":"noindex","follow":"follow","max-snippet":"max-snippet:-1","max-image-preview":"max-image-preview:large","max-video-preview":"max-video-preview:-1"},"og_locale":"en_US","og_type":"article","og_title":"Interdisciplinarni konzilij za potrditev spolne identitete","og_description":"V Sloveniji Interdiscplinarni konzilija za potrditev spolne identitete deluje v okviru Univerzitetnega klini\u010dnega centra Ljubljana.\u00a0 Sestava konzilija (2023): specialistka psihiatrije in seksologinja, (Irena Rahne Otorepec, dr. med.), specialist psihiatrije (Peter Zajc, dr. med.), specialistka otro\u0161ke in mladostni\u0161ke psihiatrije (izr. prof. dr.\u00a0Maja Drobni\u010d Radobuljac, dr. med.), specialist pediatrije, endokrinolog (prof. dr. Tadej Battelino, dr. med.) klini\u010dna [&hellip;]","og_url":"https:\/\/transakcija.si\/old\/t-prirocnik\/konzilij\/","og_site_name":"TransAkcija","article_modified_time":"2023-11-11T02:20:20+00:00","twitter_card":"summary_large_image","twitter_misc":{"Est. reading time":"2 minutes"},"schema":{"@context":"https:\/\/schema.org","@graph":[{"@type":"WebPage","@id":"https:\/\/transakcija.si\/old\/t-prirocnik\/konzilij\/","url":"https:\/\/transakcija.si\/old\/t-prirocnik\/konzilij\/","name":"Interdisciplinarni konzilij za potrditev spolne identitete","isPartOf":{"@id":"https:\/\/transakcija.si\/old\/#website"},"datePublished":"2022-02-09T12:44:32+00:00","dateModified":"2023-11-11T02:20:20+00:00","breadcrumb":{"@id":"https:\/\/transakcija.si\/old\/t-prirocnik\/konzilij\/#breadcrumb"},"inLanguage":"en-US","potentialAction":[{"@type":"ReadAction","target":["https:\/\/transakcija.si\/old\/t-prirocnik\/konzilij\/"]}]},{"@type":"BreadcrumbList","@id":"https:\/\/transakcija.si\/old\/t-prirocnik\/konzilij\/#breadcrumb","itemListElement":[{"@type":"ListItem","position":1,"name":"Home","item":"https:\/\/transakcija.si\/old\/"},{"@type":"ListItem","position":2,"name":"t-priro\u010dnik: spletni priro\u010dnik o tranziciji","item":"https:\/\/transakcija.si\/old\/t-prirocnik\/"},{"@type":"ListItem","position":3,"name":"Interdisciplinarni konzilij za potrditev spolne identitete"}]},{"@type":"WebSite","@id":"https:\/\/transakcija.si\/old\/#website","url":"https:\/\/transakcija.si\/old\/","name":"TransAkcija","description":"","publisher":{"@id":"https:\/\/transakcija.si\/old\/#organization"},"potentialAction":[{"@type":"SearchAction","target":{"@type":"EntryPoint","urlTemplate":"https:\/\/transakcija.si\/old\/?s={search_term_string}"},"query-input":{"@type":"PropertyValueSpecification","valueRequired":true,"valueName":"search_term_string"}}],"inLanguage":"en-US"},{"@type":"Organization","@id":"https:\/\/transakcija.si\/old\/#organization","name":"TransAkcija","url":"https:\/\/transakcija.si\/old\/","logo":{"@type":"ImageObject","inLanguage":"en-US","@id":"https:\/\/transakcija.si\/old\/#\/schema\/logo\/image\/","url":"https:\/\/transakcija.si\/old\/wp-content\/uploads\/2017\/03\/logo-l-e1489058897303.png","contentUrl":"https:\/\/transakcija.si\/old\/wp-content\/uploads\/2017\/03\/logo-l-e1489058897303.png","width":400,"height":251,"caption":"TransAkcija"},"image":{"@id":"https:\/\/transakcija.si\/old\/#\/schema\/logo\/image\/"}}]}},"_links":{"self":[{"href":"https:\/\/transakcija.si\/old\/wp-json\/wp\/v2\/pages\/6100","targetHints":{"allow":["GET"]}}],"collection":[{"href":"https:\/\/transakcija.si\/old\/wp-json\/wp\/v2\/pages"}],"about":[{"href":"https:\/\/transakcija.si\/old\/wp-json\/wp\/v2\/types\/page"}],"author":[{"embeddable":true,"href":"https:\/\/transakcija.si\/old\/wp-json\/wp\/v2\/users\/18"}],"replies":[{"embeddable":true,"href":"https:\/\/transakcija.si\/old\/wp-json\/wp\/v2\/comments?post=6100"}],"version-history":[{"count":19,"href":"https:\/\/transakcija.si\/old\/wp-json\/wp\/v2\/pages\/6100\/revisions"}],"predecessor-version":[{"id":7668,"href":"https:\/\/transakcija.si\/old\/wp-json\/wp\/v2\/pages\/6100\/revisions\/7668"}],"up":[{"embeddable":true,"href":"https:\/\/transakcija.si\/old\/wp-json\/wp\/v2\/pages\/6200"}],"wp:attachment":[{"href":"https:\/\/transakcija.si\/old\/wp-json\/wp\/v2\/media?parent=6100"}],"curies":[{"name":"wp","href":"https:\/\/api.w.org\/{rel}","templated":true}]}}