{"id":6154,"date":"2022-02-22T16:18:55","date_gmt":"2022-02-22T15:18:55","guid":{"rendered":"https:\/\/transakcija.si\/old\/?page_id=6154"},"modified":"2024-04-22T03:33:40","modified_gmt":"2024-04-22T01:33:40","slug":"za-medije","status":"publish","type":"page","link":"https:\/\/transakcija.si\/old\/za-medije\/","title":{"rendered":"Za medije"},"content":{"rendered":"<div class=\"btn-wrapper\"><a href=\"https:\/\/transakcija.si\/old\/arhiv-medijskega-porocanja-o-transspolnosti\/\" class=\"btn\">Arhiv medijskega poro\u010danja o transspolnosti<\/a><\/div>\n<div class=\"btn-wrapper\"><a href=\"https:\/\/transakcija.si\/old\/2023\/11\/04\/mediji-trans-2023\/\" class=\"btn\">Medijsko poro\u010danje o transspolnosti v letu 2023<\/a><\/div>\n<p><strong>Kontakt:<\/strong><\/p>\n<p>Za vsa medijska sodelovanja nas lahko kontaktirate na <a href=\"mailto:info@transakcija.si\">info@transakcija.si<\/a>.<\/p>\n<p><strong>Informacije za medije:<\/strong><\/p>\n<p>Prav za vas smo napisale_i <a style=\"font-weight: bold;\" href=\"https:\/\/transakcija.si\/old\/medijski-prirocnik\/\">Priro\u010dnik za medijsko poro\u010danje o transspolnosti<\/a>, s katerim \u017eelimo na razumljiv in pregleden na\u010din podati koristne napotke in informacije za spo\u0161tljivo poro\u010danje o transspolnosti v slovenskem medijskem prostoru.<\/p>\n<p>Priro\u010dnik je nastal na eni strani kot odziv na obstoje\u010di slovenski medijski diskurz in na drugi strani na pobudo novinark_jev, ki so izrazile_i potrebo po bolj\u0161i informiranosti o tem, kako spo\u0161tljivo poro\u010dati o tematikah transspolnosti.<\/p>\n<p>\u017delimo vam ponuditi odgovore, ki bodo v pomo\u010d pri nekaterih najpogostej\u0161ih vpra\u0161anjih in zadregah, s katerimi se sre\u010dujete novinarke_ji, ko poro\u010date o transspolnosti, in so pogosto posledica nezadostne informiranosti in pomanjkanja primernih virov s tega podro\u010dja.<\/p>\n<p><em>Priro\u010dnik je nastal v sodelovanju z <a href=\"https:\/\/novinar.com\/\">Dru\u0161tvom novinarjev Slovenije<\/a> ter novinarkami_ji Darjo Pograjc, Izakom Ko\u0161irjem, Majo Sodja, Ne\u017eo Prah Seni\u010dar, \u0160pelo Lenardi\u010d in Tino Kralj, kateri se iskreno zahvaljujemo za njihove strokovne uvide.<\/em><\/p>\n<p><strong>Priro\u010dnik je na voljo v tiskani obliki, ter <a href=\"https:\/\/transakcija.si\/old\/medijski-prirocnik\/\">spletni<\/a> in <a href=\"https:\/\/transakcija.si\/old\/wp-content\/uploads\/2020\/12\/Prirocnik-za-medijsko-porocanje-o-transspolnosti.pdf\">pdf<\/a> verziji.<br \/>\nV primeru, da \u017eelite prejeti tiskan izvod priro\u010dnika, nam to sporo\u010dite na <a href=\"mailto:info@transakcija.si\">info@transakcija.si<\/a>.<\/strong><\/p>\n","protected":false},"excerpt":{"rendered":"<p>Kontakt: Za vsa medijska sodelovanja nas lahko kontaktirate na info@transakcija.si. Informacije za medije: Prav za vas smo napisale_i Priro\u010dnik za medijsko poro\u010danje o transspolnosti, s katerim \u017eelimo na razumljiv in pregleden na\u010din podati koristne napotke in informacije za spo\u0161tljivo poro\u010danje o transspolnosti v slovenskem medijskem prostoru. Priro\u010dnik je nastal na eni strani kot odziv na [&hellip;]<\/p>\n","protected":false},"author":18,"featured_media":0,"parent":0,"menu_order":0,"comment_status":"closed","ping_status":"closed","template":"","meta":{"footnotes":""},"class_list":["post-6154","page","type-page","status-publish","hentry"],"yoast_head":"<!-- This site is optimized with the Yoast SEO plugin v27.4 - https:\/\/yoast.com\/product\/yoast-seo-wordpress\/ -->\n<title>Za medije<\/title>\n<meta name=\"robots\" content=\"noindex, follow, max-snippet:-1, max-image-preview:large, max-video-preview:-1\" \/>\n<meta property=\"og:locale\" content=\"en_US\" \/>\n<meta property=\"og:type\" content=\"article\" \/>\n<meta property=\"og:title\" content=\"Za medije\" \/>\n<meta property=\"og:description\" content=\"Kontakt: Za vsa medijska sodelovanja nas lahko kontaktirate na info@transakcija.si. Informacije za medije: Prav za vas smo napisale_i Priro\u010dnik za medijsko poro\u010danje o transspolnosti, s katerim \u017eelimo na razumljiv in pregleden na\u010din podati koristne napotke in informacije za spo\u0161tljivo poro\u010danje o transspolnosti v slovenskem medijskem prostoru. Priro\u010dnik je nastal na eni strani kot odziv na [&hellip;]\" \/>\n<meta property=\"og:url\" content=\"https:\/\/transakcija.si\/old\/za-medije\/\" \/>\n<meta property=\"og:site_name\" content=\"TransAkcija\" \/>\n<meta property=\"article:modified_time\" content=\"2024-04-22T01:33:40+00:00\" \/>\n<meta name=\"twitter:card\" content=\"summary_large_image\" \/>\n<meta name=\"twitter:label1\" content=\"Est. reading time\" \/>\n\t<meta name=\"twitter:data1\" content=\"1 minute\" \/>\n<script type=\"application\/ld+json\" class=\"yoast-schema-graph\">{\"@context\":\"https:\\\/\\\/schema.org\",\"@graph\":[{\"@type\":\"WebPage\",\"@id\":\"https:\\\/\\\/transakcija.si\\\/old\\\/za-medije\\\/\",\"url\":\"https:\\\/\\\/transakcija.si\\\/old\\\/za-medije\\\/\",\"name\":\"Za medije\",\"isPartOf\":{\"@id\":\"https:\\\/\\\/transakcija.si\\\/old\\\/#website\"},\"datePublished\":\"2022-02-22T15:18:55+00:00\",\"dateModified\":\"2024-04-22T01:33:40+00:00\",\"breadcrumb\":{\"@id\":\"https:\\\/\\\/transakcija.si\\\/old\\\/za-medije\\\/#breadcrumb\"},\"inLanguage\":\"en-US\",\"potentialAction\":[{\"@type\":\"ReadAction\",\"target\":[\"https:\\\/\\\/transakcija.si\\\/old\\\/za-medije\\\/\"]}]},{\"@type\":\"BreadcrumbList\",\"@id\":\"https:\\\/\\\/transakcija.si\\\/old\\\/za-medije\\\/#breadcrumb\",\"itemListElement\":[{\"@type\":\"ListItem\",\"position\":1,\"name\":\"Home\",\"item\":\"https:\\\/\\\/transakcija.si\\\/old\\\/\"},{\"@type\":\"ListItem\",\"position\":2,\"name\":\"Za medije\"}]},{\"@type\":\"WebSite\",\"@id\":\"https:\\\/\\\/transakcija.si\\\/old\\\/#website\",\"url\":\"https:\\\/\\\/transakcija.si\\\/old\\\/\",\"name\":\"TransAkcija\",\"description\":\"\",\"publisher\":{\"@id\":\"https:\\\/\\\/transakcija.si\\\/old\\\/#organization\"},\"potentialAction\":[{\"@type\":\"SearchAction\",\"target\":{\"@type\":\"EntryPoint\",\"urlTemplate\":\"https:\\\/\\\/transakcija.si\\\/old\\\/?s={search_term_string}\"},\"query-input\":{\"@type\":\"PropertyValueSpecification\",\"valueRequired\":true,\"valueName\":\"search_term_string\"}}],\"inLanguage\":\"en-US\"},{\"@type\":\"Organization\",\"@id\":\"https:\\\/\\\/transakcija.si\\\/old\\\/#organization\",\"name\":\"TransAkcija\",\"url\":\"https:\\\/\\\/transakcija.si\\\/old\\\/\",\"logo\":{\"@type\":\"ImageObject\",\"inLanguage\":\"en-US\",\"@id\":\"https:\\\/\\\/transakcija.si\\\/old\\\/#\\\/schema\\\/logo\\\/image\\\/\",\"url\":\"https:\\\/\\\/transakcija.si\\\/old\\\/wp-content\\\/uploads\\\/2017\\\/03\\\/logo-l-e1489058897303.png\",\"contentUrl\":\"https:\\\/\\\/transakcija.si\\\/old\\\/wp-content\\\/uploads\\\/2017\\\/03\\\/logo-l-e1489058897303.png\",\"width\":400,\"height\":251,\"caption\":\"TransAkcija\"},\"image\":{\"@id\":\"https:\\\/\\\/transakcija.si\\\/old\\\/#\\\/schema\\\/logo\\\/image\\\/\"}}]}<\/script>\n<!-- \/ Yoast SEO plugin. -->","yoast_head_json":{"title":"Za medije","robots":{"index":"noindex","follow":"follow","max-snippet":"max-snippet:-1","max-image-preview":"max-image-preview:large","max-video-preview":"max-video-preview:-1"},"og_locale":"en_US","og_type":"article","og_title":"Za medije","og_description":"Kontakt: Za vsa medijska sodelovanja nas lahko kontaktirate na info@transakcija.si. Informacije za medije: Prav za vas smo napisale_i Priro\u010dnik za medijsko poro\u010danje o transspolnosti, s katerim \u017eelimo na razumljiv in pregleden na\u010din podati koristne napotke in informacije za spo\u0161tljivo poro\u010danje o transspolnosti v slovenskem medijskem prostoru. Priro\u010dnik je nastal na eni strani kot odziv na [&hellip;]","og_url":"https:\/\/transakcija.si\/old\/za-medije\/","og_site_name":"TransAkcija","article_modified_time":"2024-04-22T01:33:40+00:00","twitter_card":"summary_large_image","twitter_misc":{"Est. reading time":"1 minute"},"schema":{"@context":"https:\/\/schema.org","@graph":[{"@type":"WebPage","@id":"https:\/\/transakcija.si\/old\/za-medije\/","url":"https:\/\/transakcija.si\/old\/za-medije\/","name":"Za medije","isPartOf":{"@id":"https:\/\/transakcija.si\/old\/#website"},"datePublished":"2022-02-22T15:18:55+00:00","dateModified":"2024-04-22T01:33:40+00:00","breadcrumb":{"@id":"https:\/\/transakcija.si\/old\/za-medije\/#breadcrumb"},"inLanguage":"en-US","potentialAction":[{"@type":"ReadAction","target":["https:\/\/transakcija.si\/old\/za-medije\/"]}]},{"@type":"BreadcrumbList","@id":"https:\/\/transakcija.si\/old\/za-medije\/#breadcrumb","itemListElement":[{"@type":"ListItem","position":1,"name":"Home","item":"https:\/\/transakcija.si\/old\/"},{"@type":"ListItem","position":2,"name":"Za medije"}]},{"@type":"WebSite","@id":"https:\/\/transakcija.si\/old\/#website","url":"https:\/\/transakcija.si\/old\/","name":"TransAkcija","description":"","publisher":{"@id":"https:\/\/transakcija.si\/old\/#organization"},"potentialAction":[{"@type":"SearchAction","target":{"@type":"EntryPoint","urlTemplate":"https:\/\/transakcija.si\/old\/?s={search_term_string}"},"query-input":{"@type":"PropertyValueSpecification","valueRequired":true,"valueName":"search_term_string"}}],"inLanguage":"en-US"},{"@type":"Organization","@id":"https:\/\/transakcija.si\/old\/#organization","name":"TransAkcija","url":"https:\/\/transakcija.si\/old\/","logo":{"@type":"ImageObject","inLanguage":"en-US","@id":"https:\/\/transakcija.si\/old\/#\/schema\/logo\/image\/","url":"https:\/\/transakcija.si\/old\/wp-content\/uploads\/2017\/03\/logo-l-e1489058897303.png","contentUrl":"https:\/\/transakcija.si\/old\/wp-content\/uploads\/2017\/03\/logo-l-e1489058897303.png","width":400,"height":251,"caption":"TransAkcija"},"image":{"@id":"https:\/\/transakcija.si\/old\/#\/schema\/logo\/image\/"}}]}},"_links":{"self":[{"href":"https:\/\/transakcija.si\/old\/wp-json\/wp\/v2\/pages\/6154","targetHints":{"allow":["GET"]}}],"collection":[{"href":"https:\/\/transakcija.si\/old\/wp-json\/wp\/v2\/pages"}],"about":[{"href":"https:\/\/transakcija.si\/old\/wp-json\/wp\/v2\/types\/page"}],"author":[{"embeddable":true,"href":"https:\/\/transakcija.si\/old\/wp-json\/wp\/v2\/users\/18"}],"replies":[{"embeddable":true,"href":"https:\/\/transakcija.si\/old\/wp-json\/wp\/v2\/comments?post=6154"}],"version-history":[{"count":10,"href":"https:\/\/transakcija.si\/old\/wp-json\/wp\/v2\/pages\/6154\/revisions"}],"predecessor-version":[{"id":8242,"href":"https:\/\/transakcija.si\/old\/wp-json\/wp\/v2\/pages\/6154\/revisions\/8242"}],"wp:attachment":[{"href":"https:\/\/transakcija.si\/old\/wp-json\/wp\/v2\/media?parent=6154"}],"curies":[{"name":"wp","href":"https:\/\/api.w.org\/{rel}","templated":true}]}}