{"id":1121,"date":"2024-06-25T13:53:30","date_gmt":"2024-06-25T11:53:30","guid":{"rendered":"https:\/\/translovenia.com\/?page_id=1121"},"modified":"2024-10-22T12:35:14","modified_gmt":"2024-10-22T11:35:14","slug":"transakcija","status":"publish","type":"page","link":"https:\/\/transakcija.si\/translovenija\/transakcija\/","title":{"rendered":"O zavodu"},"content":{"rendered":"\n<div class=\"wp-block-group alignfull has-global-padding is-content-justification-center is-layout-constrained wp-container-core-group-is-layout-df757ecc wp-block-group-is-layout-constrained\" style=\"margin-top:0;margin-bottom:0;padding-top:calc( 0.5 * var(--wp--style--root--padding-right, var(--wp--custom--gap--horizontal)));padding-right:var(--wp--style--root--padding-right, var(--wp--custom--gap--horizontal));padding-bottom:calc( 0.5 * var(--wp--style--root--padding-right, var(--wp--custom--gap--horizontal)));padding-left:var(--wp--style--root--padding-left, var(--wp--custom--gap--horizontal))\">\n<div class=\"wp-block-columns alignwide is-layout-flex wp-container-core-columns-is-layout-28f84493 wp-block-columns-is-layout-flex\">\n<div class=\"wp-block-column is-layout-flow wp-block-column-is-layout-flow\">\n<p><strong>Zavod Transfeministi\u010dna iniciativa TransAkcija <\/strong>je nevladna organizacija, ki deluje za podporo in zavezni\u0161tvo transspolnih oseb v Sloveniji. Sede\u017e zavoda je v Ljubljani.<br><br>TransAkcija poleg <strong>mese\u010dnih aktivnosti<\/strong> ponuja tudi <strong><a href=\"https:\/\/transakcija.si\/translovenija\/za-trans-osebe\/\" data-type=\"page\" data-id=\"2153\">podporne storitve<\/a><\/strong> za trans osebe ter <strong><a href=\"https:\/\/transakcija.si\/translovenija\/izobrazevalna-ponudba\/\" data-type=\"page\" data-id=\"2185\">izobra\u017eevalne programe<\/a><\/strong> za strokovne javnosti.<br><br>Zavod TransAkcija si obenem prizadeva za sistemske spremembe v podro\u010dju <strong><a href=\"https:\/\/transakcija.si\/translovenija\/trans-pravice\/\" data-type=\"page\" data-id=\"2123\">\u010dlovekovih pravic trans in spolno raznolikih oseb<\/a><\/strong> v Sloveniji, s poudarkom na ureditvi pravnega priznanja spola in zagotovitvi ustrezne zdravstvene oskrbe transspolnih oseb.<\/p>\n\n\n\n<div class=\"wp-block-buttons is-layout-flex wp-block-buttons-is-layout-flex\">\n<div class=\"wp-block-button\"><a class=\"wp-block-button__link wp-element-button\" href=\"https:\/\/transakcija.si\/translovenija\/finance\/\">Financiranje zavoda<\/a><\/div>\n\n\n\n<div class=\"wp-block-button\"><a class=\"wp-block-button__link wp-element-button\" href=\"https:\/\/transakcija.si\/translovenija\/podpri-nas\/\">Podpri delovanje zavoda<\/a><\/div>\n<\/div>\n\n\n\n<h4 class=\"wp-block-heading\">Ekipa<\/h4>\n\n\n\n<div class=\"wp-block-columns is-layout-flex wp-container-core-columns-is-layout-28f84493 wp-block-columns-is-layout-flex\">\n<div class=\"wp-block-column is-layout-flow wp-block-column-is-layout-flow\">\n<figure class=\"wp-block-image size-full\"><img fetchpriority=\"high\" decoding=\"async\" width=\"768\" height=\"768\" src=\"https:\/\/transakcija.si\/translovenija\/wp-content\/uploads\/2024\/07\/slike-za-info-neo2-768x768-1.jpg\" alt=\"\" class=\"wp-image-1947\" srcset=\"https:\/\/transakcija.si\/translovenija\/wp-content\/uploads\/2024\/07\/slike-za-info-neo2-768x768-1.jpg 768w, https:\/\/transakcija.si\/translovenija\/wp-content\/uploads\/2024\/07\/slike-za-info-neo2-768x768-1-300x300.jpg 300w, https:\/\/transakcija.si\/translovenija\/wp-content\/uploads\/2024\/07\/slike-za-info-neo2-768x768-1-150x150.jpg 150w\" sizes=\"(max-width: 768px) 100vw, 768px\" \/><\/figure>\n\n\n\n<p><strong>Neo <\/strong>je tu za surovine, strategije in besede.<\/p>\n<\/div>\n\n\n\n<div class=\"wp-block-column is-layout-flow wp-block-column-is-layout-flow\">\n<figure class=\"wp-block-image size-full\"><img decoding=\"async\" width=\"768\" height=\"768\" src=\"https:\/\/transakcija.si\/translovenija\/wp-content\/uploads\/2024\/07\/slike-za-info-nuka-768x768-1.jpg\" alt=\"\" class=\"wp-image-1949\" srcset=\"https:\/\/transakcija.si\/translovenija\/wp-content\/uploads\/2024\/07\/slike-za-info-nuka-768x768-1.jpg 768w, https:\/\/transakcija.si\/translovenija\/wp-content\/uploads\/2024\/07\/slike-za-info-nuka-768x768-1-300x300.jpg 300w, https:\/\/transakcija.si\/translovenija\/wp-content\/uploads\/2024\/07\/slike-za-info-nuka-768x768-1-150x150.jpg 150w\" sizes=\"(max-width: 768px) 100vw, 768px\" \/><\/figure>\n\n\n\n<p><strong>Nuka <\/strong>je tu za temelje, vizijo in umetnost.<\/p>\n<\/div>\n\n\n\n<div class=\"wp-block-column is-layout-flow wp-block-column-is-layout-flow\">\n<figure class=\"wp-block-image size-full\"><img decoding=\"async\" width=\"768\" height=\"768\" src=\"https:\/\/transakcija.si\/translovenija\/wp-content\/uploads\/2024\/07\/slike-za-info-benyamin-768x768-1.jpg\" alt=\"\" class=\"wp-image-1950\" srcset=\"https:\/\/transakcija.si\/translovenija\/wp-content\/uploads\/2024\/07\/slike-za-info-benyamin-768x768-1.jpg 768w, https:\/\/transakcija.si\/translovenija\/wp-content\/uploads\/2024\/07\/slike-za-info-benyamin-768x768-1-300x300.jpg 300w, https:\/\/transakcija.si\/translovenija\/wp-content\/uploads\/2024\/07\/slike-za-info-benyamin-768x768-1-150x150.jpg 150w\" sizes=\"(max-width: 768px) 100vw, 768px\" \/><\/figure>\n\n\n\n<p><strong>Benyamin <\/strong>je tu za oporo, pogovor in nasvet.<\/p>\n<\/div>\n<\/div>\n\n\n\n<p><strong>Zavod TransAkcija sestavlja tudi \u010dudovita ekipa prostovoljk_cev, brez katerih si ne predstavljamo na\u0161ega delovanja, produktov, dogodkov in gradnje trans in LGBTIQ+ skupnosti.&nbsp;<\/strong><\/p>\n\n\n\n<h4 class=\"wp-block-heading\">Prostor<\/h4>\n\n\n\n<p>Zavod deluje iz manj\u0161e pisarne v \u0160i\u0161ki, ki jo po potrebah kombiniramo v dnevno sobo, prostor za dru\u017eenje in dogodke in ustvarjalni atelje. Prostor se nahaja na naslovu <strong>Trg prekomorskih brigad 1<\/strong> v Ljubljani, v 3. nadstropju, soba \u0161t. 317 \u2013 vhodna vrata vidi\u0161 takoj, ko izstopi\u0161 iz dvigala. Prostor je dostopen za osebe, ki uporabljajo vozi\u010dek. <\/p>\n\n\n\n<p>Pisarna je prosto odprta v \u010dasu <a href=\"https:\/\/transakcija.si\/translovenija\/plac-zate\/\" data-type=\"page\" data-id=\"2158\">Placa zate<\/a>, dogodkov in drugih aktivnosti, objavljenih v <a href=\"https:\/\/transakcija.si\/translovenija\/za-trans-osebe\/\" data-type=\"page\" data-id=\"2153\">mese\u010dniku<\/a>. \u010ce te zanima obisk ali pogovor izven teh dejavnosti, nam pi\u0161i na <a href=\"mailto:info@transakcija.si\">info@transakcija.si<\/a>.<\/p>\n\n\n\n<h4 class=\"wp-block-heading\">Zgodovina in arhiv<\/h4>\n\n\n\n<p>TransAkcija je bila ustanovljena leta 2014 in uradno registrirana kot zavod leta 2015. Ustanovitelja zavoda sta <strong>Linn Julian Koletnik<\/strong> in <strong>Evan Grm<\/strong>.<\/p>\n\n\n\n<p>Zavod od leta 2014 organizira letna strokovna sre\u010danja <strong>#transmisija<\/strong> z namenom osve\u0161\u010danja o \u010dlovekovih pravicah in polo\u017eaju trans oseb v Sloveniji. Od leta 2016 zavod letno organizira tudi festival <strong>trans:formacije<\/strong>, ki poteka v novembru in obele\u017euje tako mesec vidnosti transspolnosti kot dan spomina na \u017ertve transfobije 20. novembra vsako leto.<\/p>\n\n\n\n<div class=\"wp-block-buttons is-layout-flex wp-block-buttons-is-layout-flex\">\n<div class=\"wp-block-button\"><a class=\"wp-block-button__link wp-element-button\" href=\"https:\/\/transakcija.si\/translovenija\/transmisija\/\">#transmisija 2014-2024<\/a><\/div>\n\n\n\n<div class=\"wp-block-button\"><a class=\"wp-block-button__link wp-element-button\" href=\"https:\/\/transakcija.si\/translovenija\/transformacije\/\">#transformacije 2016-2024<\/a><\/div>\n\n\n\n<div class=\"wp-block-button\"><a class=\"wp-block-button__link wp-element-button\" href=\"https:\/\/drive.google.com\/drive\/folders\/1cLOc3dmuS-sOwAVhZNerKlxeYviHx3-F?usp=share_link\">Letna poro\u010dila 2015-2023<\/a><\/div>\n\n\n\n<div class=\"wp-block-button\"><a class=\"wp-block-button__link wp-element-button\" href=\"http:\/\/transakcija.si\">www.transakcija.si 2017-2024<\/a><\/div>\n<\/div>\n<\/div>\n<\/div>\n<\/div>\n","protected":false},"excerpt":{"rendered":"<p>Zavod Transfeministi\u010dna iniciativa TransAkcija je nevladna organizacija, ki deluje za podporo in zavezni\u0161tvo transspolnih oseb v Sloveniji. Sede\u017e zavoda je v Ljubljani. TransAkcija poleg mese\u010dnih aktivnosti ponuja tudi podporne storitve za trans osebe ter izobra\u017eevalne programe za strokovne javnosti. Zavod TransAkcija si obenem prizadeva za sistemske spremembe v podro\u010dju \u010dlovekovih pravic trans in spolno raznolikih [&hellip;]<\/p>\n","protected":false},"author":2,"featured_media":0,"parent":0,"menu_order":0,"comment_status":"closed","ping_status":"closed","template":"","meta":{"footnotes":""},"class_list":["post-1121","page","type-page","status-publish","hentry"],"_links":{"self":[{"href":"https:\/\/transakcija.si\/translovenija\/wp-json\/wp\/v2\/pages\/1121","targetHints":{"allow":["GET"]}}],"collection":[{"href":"https:\/\/transakcija.si\/translovenija\/wp-json\/wp\/v2\/pages"}],"about":[{"href":"https:\/\/transakcija.si\/translovenija\/wp-json\/wp\/v2\/types\/page"}],"author":[{"embeddable":true,"href":"https:\/\/transakcija.si\/translovenija\/wp-json\/wp\/v2\/users\/2"}],"replies":[{"embeddable":true,"href":"https:\/\/transakcija.si\/translovenija\/wp-json\/wp\/v2\/comments?post=1121"}],"version-history":[{"count":9,"href":"https:\/\/transakcija.si\/translovenija\/wp-json\/wp\/v2\/pages\/1121\/revisions"}],"predecessor-version":[{"id":2705,"href":"https:\/\/transakcija.si\/translovenija\/wp-json\/wp\/v2\/pages\/1121\/revisions\/2705"}],"wp:attachment":[{"href":"https:\/\/transakcija.si\/translovenija\/wp-json\/wp\/v2\/media?parent=1121"}],"curies":[{"name":"wp","href":"https:\/\/api.w.org\/{rel}","templated":true}]}}