{"id":1149,"date":"2024-06-25T14:05:40","date_gmt":"2024-06-25T12:05:40","guid":{"rendered":"https:\/\/translovenia.com\/?page_id=1149"},"modified":"2024-10-16T09:49:56","modified_gmt":"2024-10-16T08:49:56","slug":"o-transspolnosti","status":"publish","type":"page","link":"https:\/\/transakcija.si\/translovenija\/o-transspolnosti\/","title":{"rendered":"o transspolnosti"},"content":{"rendered":"\n<div class=\"wp-block-group alignfull has-global-padding is-content-justification-center is-layout-constrained wp-container-core-group-is-layout-888b3e69 wp-block-group-is-layout-constrained\" style=\"margin-top:0;margin-bottom:0;padding-top:calc( 0.5 * var(u002du002dwpu002du002dstyleu002du002drootu002du002dpadding-right, var(u002du002dwpu002du002dcustomu002du002dgapu002du002dhorizontal)));padding-right:var(u002du002dwpu002du002dstyleu002du002drootu002du002dpadding-right, var(u002du002dwpu002du002dcustomu002du002dgapu002du002dhorizontal));padding-bottom:calc( 0.5 * var(u002du002dwpu002du002dstyleu002du002drootu002du002dpadding-right, var(u002du002dwpu002du002dcustomu002du002dgapu002du002dhorizontal)));padding-left:var(u002du002dwpu002du002dstyleu002du002drootu002du002dpadding-left, var(u002du002dwpu002du002dcustomu002du002dgapu002du002dhorizontal))\">\n<div style=\"height:calc( 0.25 * var(u002du002dwpu002du002dstyleu002du002drootu002du002dpadding-right, var(u002du002dwpu002du002dcustomu002du002dgapu002du002dhorizontal)))\" aria-hidden=\"true\" class=\"wp-block-spacer\"><\/div>\n\n\n\n<div class=\"wp-block-columns alignwide is-layout-flex wp-container-core-columns-is-layout-28f84493 wp-block-columns-is-layout-flex\">\n<div class=\"wp-block-column is-layout-flow wp-block-column-is-layout-flow\">\n<p><strong>Transspolnost<\/strong> opisuje osebe, katerih spol se ne ujema s spolom, ki jim je bil pripisan ob rojstvu. Izraz transspolnost zajema spekter spolno raznolikih identitet in izrazov, ki temeljijo na neujemanju s <strong>pripisanim spolom<\/strong>, kot so trans \u017eenske, trans mo\u0161ki, nebinarne osebe, kvirspolne osebe, spolno raznolike osebe, androgine osebe itd.<\/p>\n\n\n\n<div class=\"wp-block-columns is-layout-flex wp-container-core-columns-is-layout-28f84493 wp-block-columns-is-layout-flex\">\n<div class=\"wp-block-column is-layout-flow wp-block-column-is-layout-flow\">\n<figure class=\"wp-block-image size-large\"><a href=\"https:\/\/transakcija.si\/translovenija\/slovar\/\"><img fetchpriority=\"high\" decoding=\"async\" width=\"729\" height=\"1024\" src=\"https:\/\/transakcija.si\/translovenija\/wp-content\/uploads\/2024\/10\/slovar-1-729x1024.png\" alt=\"Slovar spolne raznolikosti\" class=\"wp-image-2395\" srcset=\"https:\/\/transakcija.si\/translovenija\/wp-content\/uploads\/2024\/10\/slovar-1-729x1024.png 729w, https:\/\/transakcija.si\/translovenija\/wp-content\/uploads\/2024\/10\/slovar-1-213x300.png 213w, https:\/\/transakcija.si\/translovenija\/wp-content\/uploads\/2024\/10\/slovar-1.png 747w\" sizes=\"(max-width: 729px) 100vw, 729px\" \/><\/a><\/figure>\n<\/div>\n\n\n\n<div class=\"wp-block-column is-layout-flow wp-block-column-is-layout-flow\">\n<figure class=\"wp-block-image size-large\"><a href=\"https:\/\/transakcija.si\/translovenija\/prirocnik-o-tranziciji\/\"><img decoding=\"async\" width=\"729\" height=\"1024\" src=\"https:\/\/transakcija.si\/translovenija\/wp-content\/uploads\/2024\/10\/prirocnik-tranzicija-1-729x1024.png\" alt=\"Tranzicija 101: Priro\u010dnik o tranziciji za trans osebe\" class=\"wp-image-2393\" srcset=\"https:\/\/transakcija.si\/translovenija\/wp-content\/uploads\/2024\/10\/prirocnik-tranzicija-1-729x1024.png 729w, https:\/\/transakcija.si\/translovenija\/wp-content\/uploads\/2024\/10\/prirocnik-tranzicija-1-213x300.png 213w, https:\/\/transakcija.si\/translovenija\/wp-content\/uploads\/2024\/10\/prirocnik-tranzicija-1.png 747w\" sizes=\"(max-width: 729px) 100vw, 729px\" \/><\/a><\/figure>\n<\/div>\n\n\n\n<div class=\"wp-block-column is-layout-flow wp-block-column-is-layout-flow\">\n<figure class=\"wp-block-image size-large\"><a href=\"https:\/\/transakcija.si\/translovenija\/2285-2\/\"><img decoding=\"async\" width=\"729\" height=\"1024\" src=\"https:\/\/transakcija.si\/translovenija\/wp-content\/uploads\/2024\/10\/media-report-1-729x1024.png\" alt=\"Poro\u010dilo: Medijsko poro\u010danje o transspolnosti v letu 2024\" class=\"wp-image-2392\" srcset=\"https:\/\/transakcija.si\/translovenija\/wp-content\/uploads\/2024\/10\/media-report-1-729x1024.png 729w, https:\/\/transakcija.si\/translovenija\/wp-content\/uploads\/2024\/10\/media-report-1-213x300.png 213w, https:\/\/transakcija.si\/translovenija\/wp-content\/uploads\/2024\/10\/media-report-1.png 747w\" sizes=\"(max-width: 729px) 100vw, 729px\" \/><\/a><\/figure>\n<\/div>\n<\/div>\n\n\n\n<p>Spol je dru\u017ebeni mehanizem in osebni identifikator, ki oblikuje na\u0161a \u017eivljenja in interakcije. Za ve\u010dino oseb se izra\u017ea v odnosu med <strong>pripisanim spolom<\/strong>, <strong>spolno identiteto<\/strong> in <strong>spolnim izrazom<\/strong> in se dru\u017ebeno vrednoti skozi skladnost teh med sabo.<\/p>\n\n\n\n<p>V ve\u010dini zahodnih dru\u017eb obstajajo <strong>stereotipna prepri\u010danja o spolu<\/strong>, kot na primer, da spol dolo\u010dajo telesne zna\u010dilnosti, da obstajata samo dva spola, ali pa mnenje, da so vsi ljudje cisspolni. Ta prepri\u010danja vplivajo na oblikovanje <strong>spolnih vlog<\/strong> in norm kot dru\u017ebenih pravil o tem, kako naj osebe izgledajo in se obna\u0161ajo glede na spol.<\/p>\n\n\n\n<p>Ve\u010dini oseb je spol dolo\u010den ob rojstvu glede na izgled njenih genitalij. To imenujemo <strong>pripisan spol <\/strong>ali spol, pripisan ob rojstvu. S pripisom spola oseba pridobi tudi spolni ozna\u010devalec v osebnih dokumentih in v Sloveniji enotno mati\u010dno \u0161tevilko EM\u0160O.<br><br>To, kako oseba dejansko do\u017eivlja svoj spol, imenujemo <strong>spolna identiteta<\/strong>, to, kako svoj spol izra\u017ea navzven, pa <strong>spolni izraz<\/strong>. Spolna identiteta in izraz sta lahko skladna s pripisanim spolom, kar imenujemo tudi <strong>cisspolnost<\/strong>, ali pa ne, kar imenujemo <strong>transspolnost<\/strong>.<\/p>\n\n\n\n<p>Slovenska zakonodaja od leta 2016 v <strong>Zakonu o varstvu pred diskriminacijo<\/strong> \u0161\u010diti vse osebe pred diskriminacijo na podlagi spolne identitete in spolnega izraza. Transspolne osebe v Sloveniji se kljub temu \u0161e vedno soo\u010dajo z razli\u010dnimi oblikami diskriminacije.<\/p>\n\n\n\n<p>V Sloveniji trans osebe lahko spremenijo uradni podatek o spolu, vendar morajo za to pridobiti diagnozo du\u0161evne motnje in predlo\u017eiti zdravni\u0161ko potrdilo o \u2018spremembi spola\u2019. <strong>Pravno priznanje spola<\/strong> ni urejeno v zakonu,<strong> tretji spolni ozna\u010devalec<\/strong> nebinarnim osebam ni omogo\u010den.<br><br>Podro\u010dje zdravstvene oskrbe transspolnih oseb je v Sloveniji neurejeno in povsem prepu\u0161\u010deno zdravstvenemu sistemu. Postopke medicinske tranzicije vodi in izvaja <strong>Interdisciplinarni konzilij za potrditev spolne identitete<\/strong>. Trans osebe \u0161e vedno pogosto poro\u010dajo o visokih ravneh diskriminacije v zdravstvu.<\/p>\n\n\n\n<div style=\"height:100px\" aria-hidden=\"true\" class=\"wp-block-spacer\"><\/div>\n<\/div>\n<\/div>\n<\/div>\n","protected":false},"excerpt":{"rendered":"<p>Transspolnost opisuje osebe, katerih spol se ne ujema s spolom, ki jim je bil pripisan ob rojstvu. Izraz transspolnost zajema spekter spolno raznolikih identitet in izrazov, ki temeljijo na neujemanju s pripisanim spolom, kot so trans \u017eenske, trans mo\u0161ki, nebinarne osebe, kvirspolne osebe, spolno raznolike osebe, androgine osebe itd. Spol je dru\u017ebeni mehanizem in osebni [&hellip;]<\/p>\n","protected":false},"author":2,"featured_media":0,"parent":0,"menu_order":0,"comment_status":"closed","ping_status":"closed","template":"","meta":{"footnotes":""},"class_list":["post-1149","page","type-page","status-publish","hentry"],"_links":{"self":[{"href":"https:\/\/transakcija.si\/translovenija\/wp-json\/wp\/v2\/pages\/1149","targetHints":{"allow":["GET"]}}],"collection":[{"href":"https:\/\/transakcija.si\/translovenija\/wp-json\/wp\/v2\/pages"}],"about":[{"href":"https:\/\/transakcija.si\/translovenija\/wp-json\/wp\/v2\/types\/page"}],"author":[{"embeddable":true,"href":"https:\/\/transakcija.si\/translovenija\/wp-json\/wp\/v2\/users\/2"}],"replies":[{"embeddable":true,"href":"https:\/\/transakcija.si\/translovenija\/wp-json\/wp\/v2\/comments?post=1149"}],"version-history":[{"count":14,"href":"https:\/\/transakcija.si\/translovenija\/wp-json\/wp\/v2\/pages\/1149\/revisions"}],"predecessor-version":[{"id":2628,"href":"https:\/\/transakcija.si\/translovenija\/wp-json\/wp\/v2\/pages\/1149\/revisions\/2628"}],"wp:attachment":[{"href":"https:\/\/transakcija.si\/translovenija\/wp-json\/wp\/v2\/media?parent=1149"}],"curies":[{"name":"wp","href":"https:\/\/api.w.org\/{rel}","templated":true}]}}