{"id":1169,"date":"2024-06-25T17:38:39","date_gmt":"2024-06-25T15:38:39","guid":{"rendered":"https:\/\/translovenia.com\/?page_id=1169"},"modified":"2024-10-22T12:38:51","modified_gmt":"2024-10-22T11:38:51","slug":"o-tranziciji","status":"publish","type":"page","link":"https:\/\/transakcija.si\/translovenija\/o-tranziciji\/","title":{"rendered":"o tranziciji"},"content":{"rendered":"\n<div class=\"wp-block-group alignfull has-global-padding is-content-justification-center is-layout-constrained wp-container-core-group-is-layout-888b3e69 wp-block-group-is-layout-constrained\" style=\"margin-top:0;margin-bottom:0;padding-top:calc( 0.5 * var(u002du002dwpu002du002dstyleu002du002drootu002du002dpadding-right, var(u002du002dwpu002du002dcustomu002du002dgapu002du002dhorizontal)));padding-right:var(u002du002dwpu002du002dstyleu002du002drootu002du002dpadding-right, var(u002du002dwpu002du002dcustomu002du002dgapu002du002dhorizontal));padding-bottom:calc( 0.5 * var(u002du002dwpu002du002dstyleu002du002drootu002du002dpadding-right, var(u002du002dwpu002du002dcustomu002du002dgapu002du002dhorizontal)));padding-left:var(u002du002dwpu002du002dstyleu002du002drootu002du002dpadding-left, var(u002du002dwpu002du002dcustomu002du002dgapu002du002dhorizontal))\">\n<div style=\"height:calc( 0.25 * var(u002du002dwpu002du002dstyleu002du002drootu002du002dpadding-right, var(u002du002dwpu002du002dcustomu002du002dgapu002du002dhorizontal)))\" aria-hidden=\"true\" class=\"wp-block-spacer\"><\/div>\n\n\n\n<div class=\"wp-block-columns alignwide is-layout-flex wp-container-core-columns-is-layout-28f84493 wp-block-columns-is-layout-flex\">\n<div class=\"wp-block-column is-layout-flow wp-block-column-is-layout-flow\">\n<p><strong>Tranzicija<\/strong> je proces <strong>potrditve spola<\/strong>, v katerem trans oseba lahko prilagodi svoj izgled, na\u010din izra\u017eanja, osebne podatke ali telesne zna\u010dilnosti tako, da so bolj v skladu z njeno spolno identiteto. Ni nujno, da se vsaka oseba odlo\u010di za vse korake tranzicije. Za vsako trans osebo je proces tranzicije druga\u010den. <br><br>Potrebo po tranziciji imajo lahko transspolne osebe vseh spolnih identitet. Potreba lahko izhaja iz \u017eelje po ubla\u017eitvi do\u017eivljanja <strong>spolne disforije<\/strong> ali iz \u017eelje po izku\u0161nji <strong>spolne evforije<\/strong>, ki ju lahko do\u017eivlja katerakoli oseba na transspolnem spektru. Procese potrditve spola v splo\u0161nem delimo na dve podro\u010dji: <strong>socialne procese tranzicije<\/strong>, ki obi\u010dajno vklju\u010dujejo interni, dru\u017ebeni in pravni vidik, ter <strong>medicinske procese tranzicije<\/strong>, ki zadevajo spremembe telesnih zna\u010dilnosti z medicinskimi postopki.<\/p>\n\n\n\n<div class=\"wp-block-columns is-layout-flex wp-container-core-columns-is-layout-28f84493 wp-block-columns-is-layout-flex\">\n<div class=\"wp-block-column is-layout-flow wp-block-column-is-layout-flow\">\n<div class=\"wp-block-columns is-layout-flex wp-container-core-columns-is-layout-28f84493 wp-block-columns-is-layout-flex\">\n<div class=\"wp-block-column is-layout-flow wp-block-column-is-layout-flow\">\n<figure class=\"wp-block-image size-large\"><a href=\"https:\/\/transakcija.si\/translovenija\/prirocnik-o-tranziciji\/\"><img fetchpriority=\"high\" decoding=\"async\" width=\"729\" height=\"1024\" src=\"https:\/\/transakcija.si\/translovenija\/wp-content\/uploads\/2024\/10\/prirocnik-tranzicija-1-729x1024.png\" alt=\"Tranzicija 101: Priro\u010dnik o tranziciji za trans osebe\" class=\"wp-image-2393\" srcset=\"https:\/\/transakcija.si\/translovenija\/wp-content\/uploads\/2024\/10\/prirocnik-tranzicija-1-729x1024.png 729w, https:\/\/transakcija.si\/translovenija\/wp-content\/uploads\/2024\/10\/prirocnik-tranzicija-1-213x300.png 213w, https:\/\/transakcija.si\/translovenija\/wp-content\/uploads\/2024\/10\/prirocnik-tranzicija-1.png 747w\" sizes=\"(max-width: 729px) 100vw, 729px\" \/><\/a><\/figure>\n<\/div>\n\n\n\n<div class=\"wp-block-column is-layout-flow wp-block-column-is-layout-flow\">\n<figure class=\"wp-block-image size-large\"><a href=\"https:\/\/transakcija.si\/translovenija\/raziskava-trans-osebe-o-svojih-izkusnjah-v-zdravstvu\/\"><img decoding=\"async\" width=\"729\" height=\"1024\" src=\"https:\/\/transakcija.si\/translovenija\/wp-content\/uploads\/2024\/10\/raziskava-zdravstvo-1-729x1024.png\" alt=\"Raziskava: Trans osebe o svojih izku\u0161njah v zdravstvu\" class=\"wp-image-2394\" srcset=\"https:\/\/transakcija.si\/translovenija\/wp-content\/uploads\/2024\/10\/raziskava-zdravstvo-1-729x1024.png 729w, https:\/\/transakcija.si\/translovenija\/wp-content\/uploads\/2024\/10\/raziskava-zdravstvo-1-213x300.png 213w, https:\/\/transakcija.si\/translovenija\/wp-content\/uploads\/2024\/10\/raziskava-zdravstvo-1.png 747w\" sizes=\"(max-width: 729px) 100vw, 729px\" \/><\/a><\/figure>\n<\/div>\n\n\n\n<div class=\"wp-block-column is-layout-flow wp-block-column-is-layout-flow\">\n<figure class=\"wp-block-image size-large\"><a href=\"https:\/\/transakcija.si\/translovenija\/mini-zin-mitov-o-medicinski-tranziciji\/\"><img decoding=\"async\" width=\"728\" height=\"1024\" src=\"https:\/\/transakcija.si\/translovenija\/wp-content\/uploads\/2024\/10\/minizin-1-728x1024.png\" alt=\"\" class=\"wp-image-2508\" srcset=\"https:\/\/transakcija.si\/translovenija\/wp-content\/uploads\/2024\/10\/minizin-1-728x1024.png 728w, https:\/\/transakcija.si\/translovenija\/wp-content\/uploads\/2024\/10\/minizin-1-213x300.png 213w, https:\/\/transakcija.si\/translovenija\/wp-content\/uploads\/2024\/10\/minizin-1-768x1081.png 768w, https:\/\/transakcija.si\/translovenija\/wp-content\/uploads\/2024\/10\/minizin-1.png 995w\" sizes=\"(max-width: 728px) 100vw, 728px\" \/><\/a><\/figure>\n<\/div>\n<\/div>\n<\/div>\n<\/div>\n\n\n\n<p>V procesih <strong>socialne tranzicije<\/strong>&nbsp;lahko oseba zase izbere novo ime in zaimke, zamenja podatke na osebnih dokumentih, spremeni na\u010din obla\u010denja, frizure ali pri\u010dne uporabljati razli\u010dne pripomo\u010dke za spremembe v izgledu. Lahko pri\u010dne tudi s treningom glasu, ali pa spremeni na\u010din, kako se intimno izra\u017ea, ter \u0161e mnogo drugega, kar ji omogo\u010da uskladiti svoj videz in obna\u0161anje s svojo spolno identiteto in \u017eeljenim spolnim izrazom.<br><br><strong>Medicinski procesi tranzicije<\/strong> vklju\u010dujejo zdravstveno oskrbo, s katero trans oseba svoje telo uskladi s svojim spolom. <strong>Spolno potrjujo\u010da zdravstvena oskrba<\/strong> lahko vklju\u010duje razli\u010dne medicinske postopke, kot so hormonska terapija, kirur\u0161ki posegi in drugi medicinski posegi, s katerimi lahko oseba vpliva na izgled in delovanje svojih telesnih zna\u010dilnosti ter ubla\u017ei spolno disforijo.<br><br>V Sloveniji trans osebe v medicinskih procesih tranzicije, kot tudi vse trans osebe, ki morajo pridobiti diagnozo in zdravni\u0161ko potrdilo v okviru menjave uradnega podatka o spolu, obravnavajo strokovnjaki_nje <strong>Interdisciplinarnega konzilija za potrditev spolne identitete<\/strong>, ki deluje v okviru UKC Ljubljana.<\/p>\n\n\n\n<div class=\"wp-block-buttons is-layout-flex wp-block-buttons-is-layout-flex\">\n<div class=\"wp-block-button\"><a class=\"wp-block-button__link wp-element-button\" href=\"https:\/\/transakcija.si\/translovenija\/ikpsi\/\">Interdisciplinarni konzilij za potrditev spolne identitete<\/a><\/div>\n\n\n\n<div class=\"wp-block-button\"><a class=\"wp-block-button__link wp-element-button\" href=\"https:\/\/transakcija.si\/translovenija\/wpath\/\">WPATH standardi zdravstvene oskrbe transspolnih oseb<\/a><\/div>\n<\/div>\n\n\n\n<h4 class=\"wp-block-heading\">Pogosta vpra\u0161anja o tranziciji<\/h4>\n\n\n\n<div class=\"wp-block-columns is-layout-flex wp-container-core-columns-is-layout-28f84493 wp-block-columns-is-layout-flex\">\n<div class=\"wp-block-column is-layout-flow wp-block-column-is-layout-flow\">\n<details class=\"wp-block-details is-layout-flow wp-block-details-is-layout-flow\"><summary>Kako lahko v Sloveniji uradno zamenjam ime?<\/summary>\n<p>Postopek je preprost in lahko ga izvede\u0161 z vlo\u017eitvijo vloge na upravno enoto ali elektronsko preko&nbsp;<a href=\"https:\/\/e-uprava.gov.si\/si\/podrocja\/osebni-dokumenti-potrdila-selitev\/osebno-ime\/sprememba-osebnega-imena-na-podlagi-odlocbe.html\">e-uprave<\/a>. Za mladoletne osebe mora to storiti skrbnik ali zakoniti zastopnik. Ve\u010d o spremembi imena v <strong><a href=\"https:\/\/transakcija.si\/translovenija\/prirocnik-o-tranziciji\/\" data-type=\"page\" data-id=\"2276\">Priro\u010dniku o tranziciji.<\/a><\/strong><\/p>\n<\/details>\n\n\n\n<details class=\"wp-block-details is-layout-flow wp-block-details-is-layout-flow\"><summary>Kako lahko v Sloveniji zamenjam podatek o spolu v dokumentih?<\/summary>\n<p>Tudi za spremembo podatka o spolu lahko vlo\u017ei\u0161 oz. za mladoletno osebo vlo\u017eijo skrbniki vlogo na upravni enoti ali elektronsko preko&nbsp;<a href=\"https:\/\/e-uprava.gov.si\/si\/podrocja\/osebni-dokumenti-potrdila-selitev\/osebno-ime\/sprememba-podatka-o-spolu.html\">e-uprave<\/a>. Vendar pa je ob vlo\u017eitvi treba predlo\u017eiti <strong>potrdilo pristojne zdravstvene institucije<\/strong>. To potrdilo izda en od psihiatrov interdisciplinarnega konzilija za potrditev spolne identitete ob vklju\u010ditvi v psihiatri\u010dno obravnavo. Ve\u010d o spremembi podatka o spolu v <strong><a href=\"https:\/\/transakcija.si\/translovenija\/prirocnik-o-tranziciji\/\" data-type=\"page\" data-id=\"2276\">Priro\u010dniku o tranziciji.<\/a><\/strong><\/p>\n<\/details>\n\n\n\n<details class=\"wp-block-details is-layout-flow wp-block-details-is-layout-flow\"><summary>Kako lahko za\u010dnem z medicinsko tranzicijo v Sloveniji?<\/summary>\n<p>Postopek se za vse trans osebe za\u010dne na psihiatriji, na Centru za mentalno zdravje v Ljubljani. Psihiatri\u010dna obravnava vklju\u010duje pridobitev diagnoze F64 &#8220;motenj spolne identitete&#8221;, kar je pogoj za pridobitev zdravni\u0161kega potrdila ter napotnic za medicinske postopke. Mladoletne osebe lahko v obravnavo vstopijo le, \u010de so \u017ee vklju\u010dene v splo\u0161no pedopsihiatri\u010dno obravnavo. Ve\u010d o medicinski tranziciji v <strong><a href=\"https:\/\/transakcija.si\/translovenija\/prirocnik-o-tranziciji\/\" data-type=\"page\" data-id=\"2276\">Priro\u010dniku o tranziciji<\/a><\/strong> in <strong><a href=\"https:\/\/transakcija.si\/translovenija\/sl\/mini-zin-mitov-o-medicinski-tranziciji\/\" data-type=\"page\" data-id=\"2225\">Mini zinu mitov o medicinski tranziciji<\/a><\/strong>.<\/p>\n<\/details>\n\n\n\n<details class=\"wp-block-details is-layout-flow wp-block-details-is-layout-flow\"><summary>Kak\u0161ne so pravice transspolnih oseb pri zdravstveni oskrbi?<\/summary>\n<p>Spolno raznolike osebe imamo pravico do dostopa do zdravstvenih storitev brez diskriminacije. Zdravstveno osebje je dol\u017eno nuditi profesionalno in spo\u0161tljivo obravnavo, kar vklju\u010duje upo\u0161tevanje na\u0161ih izbir, potreb in \u017eelja. Ob pojavu suma na kr\u0161itev pravic med zdravstveno obravnavo, se lahko oseba vedno obrne na <a href=\"https:\/\/nijz.si\/nijz\/zastopniki-pacientovih-pravic\/\">Zastopnika pacientovih pravic<\/a>, <a href=\"https:\/\/zagovornik.si\">Zagovornika na\u010dela enakosti<\/a> ali nevladne organizacije, ki delamo v podro\u010dju LGBTIQ+ pravic. <\/p>\n<\/details>\n<\/div>\n\n\n\n<div class=\"wp-block-column is-layout-flow wp-block-column-is-layout-flow\">\n<details class=\"wp-block-details is-layout-flow wp-block-details-is-layout-flow\"><summary>Ali je normalno, da imam glede tranzicije dvome?<\/summary>\n<p>To je povsem normalno in pri\u010dakovano. Tranzicija ni enosmerna in za\u010drtana pot, temve\u010d proces odkrivanja sebe, ki se lahko razvija in spreminja. \u010ce si glede katere od odlo\u010ditev kasneje premisli\u0161, je to povsem normalno, veljavno in ok. Pomembno je, da sledi\u0161 sebi, svojim ob\u010dutkom in sprejema\u0161 odlo\u010ditve, ki so zate varne in pozitivne. Ve\u010d v <strong><a href=\"https:\/\/transakcija.si\/translovenija\/prirocnik-o-tranziciji\/\" data-type=\"page\" data-id=\"2276\">Priro\u010dniku o tranziciji<\/a>.<\/strong><\/p>\n<\/details>\n\n\n\n<details class=\"wp-block-details is-layout-flow wp-block-details-is-layout-flow\"><summary>Ali je normalno, da kot nebinarna oseba ne \u017eelim me\u0161ati zaimkov?<\/summary>\n<p>Osebe vseh spolnih identitet lahko uporabljajo zase katerikoli jezik. Prepri\u010danje, da nebinarne osebe v sloven\u0161\u010dini uporabljajo zgolj pod\u010drtaj ali me\u0161ajo zaimke, je zmotno. Na\u010dinov rabe zaimkov za trans je toliko, kot je trans oseb &#8211; v sloven\u0161\u010dini pa lahko to pomeni mnogo razli\u010dnih oblik: od me\u0161anja, izbora le ene mo\u017enosti ali mno\u017einske oblike <em>oni<\/em>, do izogibanja zaimkom ali kovanja novih oblik jezika zase. Pomembno je, da zase izbere\u0161 jezik, ki potrjuje tvojo identiteto na na\u010din, ki je tebi blizu in prijeten. <\/p>\n<\/details>\n\n\n\n<details class=\"wp-block-details is-layout-flow wp-block-details-is-layout-flow\"><summary>Ali je normalno, da si ne \u017eelim v medicinsko tranzicijo?<\/summary>\n<p>To je povsem normalno. Prepri\u010danje, da vse trans osebe \u017eelijo v proces medicinske tranzicije, je napa\u010dno. Vsaka trans oseba se sama odlo\u010da, katere oblike in korake tranzicije bo izbrala, \u010de sploh katere. Ve\u010d v <strong><a href=\"https:\/\/transakcija.si\/translovenija\/prirocnik-o-tranziciji\/\" data-type=\"page\" data-id=\"2276\">Priro\u010dniku o tranziciji<\/a>.<\/strong><\/p>\n<\/details>\n\n\n\n<details class=\"wp-block-details is-layout-flow wp-block-details-is-layout-flow\"><summary>Ali obstajajo v Sloveniji programi za podporo trans osebam?<\/summary>\n<p>Ja, obstajajo \u0161tevilni programi, ki nudijo podporo in informacije transspolnim osebam. TransAkcija ponuja <a href=\"https:\/\/transakcija.si\/translovenija\/za-trans-osebe\/\" data-type=\"page\" data-id=\"2153\">spekter storitev<\/a>, ki vklju\u010dujejo vse od informativnih svetovanj, podpornih skupin do pomo\u010di pri soo\u010danju z institucijami in diskriminacijo. Lokalne LGBTIQ+ organizacije, kot so dru\u0161tvo Legebitra, dru\u0161tvo DIH in dru\u0161tvo Parada ponosa, so prav tako dober vir informacij, nasvetov in podpore.<\/p>\n<\/details>\n<\/div>\n<\/div>\n<\/div>\n<\/div>\n<\/div>\n","protected":false},"excerpt":{"rendered":"<p>Tranzicija je proces potrditve spola, v katerem trans oseba lahko prilagodi svoj izgled, na\u010din izra\u017eanja, osebne podatke ali telesne zna\u010dilnosti tako, da so bolj v skladu z njeno spolno identiteto. Ni nujno, da se vsaka oseba odlo\u010di za vse korake tranzicije. Za vsako trans osebo je proces tranzicije druga\u010den. Potrebo po tranziciji imajo lahko transspolne [&hellip;]<\/p>\n","protected":false},"author":2,"featured_media":0,"parent":0,"menu_order":0,"comment_status":"closed","ping_status":"closed","template":"","meta":{"footnotes":""},"class_list":["post-1169","page","type-page","status-publish","hentry"],"_links":{"self":[{"href":"https:\/\/transakcija.si\/translovenija\/wp-json\/wp\/v2\/pages\/1169","targetHints":{"allow":["GET"]}}],"collection":[{"href":"https:\/\/transakcija.si\/translovenija\/wp-json\/wp\/v2\/pages"}],"about":[{"href":"https:\/\/transakcija.si\/translovenija\/wp-json\/wp\/v2\/types\/page"}],"author":[{"embeddable":true,"href":"https:\/\/transakcija.si\/translovenija\/wp-json\/wp\/v2\/users\/2"}],"replies":[{"embeddable":true,"href":"https:\/\/transakcija.si\/translovenija\/wp-json\/wp\/v2\/comments?post=1169"}],"version-history":[{"count":22,"href":"https:\/\/transakcija.si\/translovenija\/wp-json\/wp\/v2\/pages\/1169\/revisions"}],"predecessor-version":[{"id":2708,"href":"https:\/\/transakcija.si\/translovenija\/wp-json\/wp\/v2\/pages\/1169\/revisions\/2708"}],"wp:attachment":[{"href":"https:\/\/transakcija.si\/translovenija\/wp-json\/wp\/v2\/media?parent=1169"}],"curies":[{"name":"wp","href":"https:\/\/api.w.org\/{rel}","templated":true}]}}