{"id":1177,"date":"2024-06-25T17:46:26","date_gmt":"2024-06-25T15:46:26","guid":{"rendered":"https:\/\/translovenia.com\/?page_id=1177"},"modified":"2024-10-02T22:44:44","modified_gmt":"2024-10-02T22:44:44","slug":"ikpsi","status":"publish","type":"page","link":"https:\/\/transakcija.si\/translovenija\/ikpsi\/","title":{"rendered":"interdisciplinarni konzilij za potrditev spolne identitete"},"content":{"rendered":"\n<div class=\"wp-block-group alignfull has-global-padding is-content-justification-center is-layout-constrained wp-container-core-group-is-layout-888b3e69 wp-block-group-is-layout-constrained\" style=\"margin-top:0;margin-bottom:0;padding-top:calc( 0.5 * var(u002du002dwpu002du002dstyleu002du002drootu002du002dpadding-right, var(u002du002dwpu002du002dcustomu002du002dgapu002du002dhorizontal)));padding-right:var(u002du002dwpu002du002dstyleu002du002drootu002du002dpadding-right, var(u002du002dwpu002du002dcustomu002du002dgapu002du002dhorizontal));padding-bottom:calc( 0.5 * var(u002du002dwpu002du002dstyleu002du002drootu002du002dpadding-right, var(u002du002dwpu002du002dcustomu002du002dgapu002du002dhorizontal)));padding-left:var(u002du002dwpu002du002dstyleu002du002drootu002du002dpadding-left, var(u002du002dwpu002du002dcustomu002du002dgapu002du002dhorizontal))\">\n<div style=\"height:calc( 0.25 * var(u002du002dwpu002du002dstyleu002du002drootu002du002dpadding-right, var(u002du002dwpu002du002dcustomu002du002dgapu002du002dhorizontal)))\" aria-hidden=\"true\" class=\"wp-block-spacer\"><\/div>\n\n\n\n<div class=\"wp-block-columns alignwide is-layout-flex wp-container-core-columns-is-layout-28f84493 wp-block-columns-is-layout-flex\">\n<div class=\"wp-block-column is-layout-flow wp-block-column-is-layout-flow\">\n<p>V Sloveniji na podro\u010dju medicinskega aspekta potrditve spola deluje <strong>Interdiscplinarni konzilij za potrditev spolne identitete<\/strong> (IKPSI) v okviru Univerzitetnega klini\u010dnega centra Ljubljana.<br><br>Konzilij&nbsp;je skupina zdravstvenih strokovnjakinj_ov, ki se na rednih sre\u010danjih pogovarjajo in usklajujejo glede potekov procesov <strong>medicinske tranzicije<\/strong> transspolnih oseb. IKPSI je obenem odlo\u010devalni organ, ki odobri posamezne medicinske postopke.<\/p>\n\n\n\n<p>Konzilij zagotavlja, da deluje na podlagi <strong>standardov za zdravstveno oskrbo trans oseb<\/strong> <em>Standards of care <\/em>(verzija 8, 2022), ki jih izdaja Svetovno strokovno zdru\u017eenje za transspolno zdravje <strong>WPATH<\/strong>.<\/p>\n\n\n\n<hr class=\"wp-block-separator has-alpha-channel-opacity\"\/>\n\n\n\n<h4 class=\"wp-block-heading\">\u010clani_ce IKPSI<\/h4>\n\n\n\n<div class=\"wp-block-columns is-layout-flex wp-container-core-columns-is-layout-28f84493 wp-block-columns-is-layout-flex\">\n<div class=\"wp-block-column is-layout-flow wp-block-column-is-layout-flow\">\n<ul class=\"wp-block-list\">\n<li><strong>Dr. Gabrijela Simetinger<\/strong> <br>specialistka ginekologije<br>predsednica konzilija<\/li>\n\n\n\n<li><strong>Dr. Irena Rahne Otorepec<\/strong><br>specialistka psihiatrije<\/li>\n\n\n\n<li><strong>Dr. Peter Zajc<\/strong><br>specialist psihiatrije<\/li>\n\n\n\n<li><strong>Dr. Mojca \u0160o\u0161tari\u010d Zvonar<\/strong><br>specialistka klini\u010dne psihologije<\/li>\n\n\n\n<li><strong>Dr. Katarina Mleku\u0161 Kozamernik<\/strong><br>specialistka endokrinologije<\/li>\n<\/ul>\n<\/div>\n\n\n\n<div class=\"wp-block-column is-layout-flow wp-block-column-is-layout-flow\">\n<ul class=\"wp-block-list\">\n<li><strong>Dr. Maja Drobni\u010d Radobuljac<\/strong><br>specialistka otro\u0161ke in mladostni\u0161ke psihiatrije<\/li>\n\n\n\n<li><strong>Dr. Tadej Battelino<\/strong><br>specialist pediatrije, endokrinolog<\/li>\n\n\n\n<li><strong>Dr. Ale\u0161 Gro\u0161elj<\/strong><br>specialist otorinolaringologije<\/li>\n\n\n\n<li>specialisti_ke urologije<\/li>\n\n\n\n<li>specialisti_ke plasti\u010dne, rekonstruktivne in estetske kirurgije<\/li>\n<\/ul>\n<\/div>\n<\/div>\n\n\n\n<hr class=\"wp-block-separator has-alpha-channel-opacity\"\/>\n\n\n\n<p><strong>Ministrstvo za zdravje<\/strong> je IKPSI formaliziralo leta 2020. Poziv za formalizacijo zdravstvenega procesa potrditve spolne identitete je leta 2018 s podpisi \u0161tevilnih civilnodru\u017ebenih organizacij vlo\u017eil zavod TransAkcija.<\/p>\n\n\n\n<hr class=\"wp-block-separator has-alpha-channel-opacity\"\/>\n\n\n\n<div class=\"wp-block-buttons is-layout-flex wp-block-buttons-is-layout-flex\">\n<div class=\"wp-block-button\"><a class=\"wp-block-button__link wp-element-button\" href=\"https:\/\/transakcija.si\/translovenija\/wpath\/\">WPATH standardi zdravstvene oskrbe transspolnih oseb<\/a><\/div>\n<\/div>\n\n\n\n<div style=\"height:100px\" aria-hidden=\"true\" class=\"wp-block-spacer\"><\/div>\n<\/div>\n<\/div>\n<\/div>\n","protected":false},"excerpt":{"rendered":"<p>V Sloveniji na podro\u010dju medicinskega aspekta potrditve spola deluje Interdiscplinarni konzilij za potrditev spolne identitete (IKPSI) v okviru Univerzitetnega klini\u010dnega centra Ljubljana. Konzilij&nbsp;je skupina zdravstvenih strokovnjakinj_ov, ki se na rednih sre\u010danjih pogovarjajo in usklajujejo glede potekov procesov medicinske tranzicije transspolnih oseb. IKPSI je obenem odlo\u010devalni organ, ki odobri posamezne medicinske postopke. Konzilij zagotavlja, da deluje [&hellip;]<\/p>\n","protected":false},"author":2,"featured_media":0,"parent":0,"menu_order":0,"comment_status":"closed","ping_status":"closed","template":"","meta":{"footnotes":""},"class_list":["post-1177","page","type-page","status-publish","hentry"],"_links":{"self":[{"href":"https:\/\/transakcija.si\/translovenija\/wp-json\/wp\/v2\/pages\/1177","targetHints":{"allow":["GET"]}}],"collection":[{"href":"https:\/\/transakcija.si\/translovenija\/wp-json\/wp\/v2\/pages"}],"about":[{"href":"https:\/\/transakcija.si\/translovenija\/wp-json\/wp\/v2\/types\/page"}],"author":[{"embeddable":true,"href":"https:\/\/transakcija.si\/translovenija\/wp-json\/wp\/v2\/users\/2"}],"replies":[{"embeddable":true,"href":"https:\/\/transakcija.si\/translovenija\/wp-json\/wp\/v2\/comments?post=1177"}],"version-history":[{"count":3,"href":"https:\/\/transakcija.si\/translovenija\/wp-json\/wp\/v2\/pages\/1177\/revisions"}],"predecessor-version":[{"id":2156,"href":"https:\/\/transakcija.si\/translovenija\/wp-json\/wp\/v2\/pages\/1177\/revisions\/2156"}],"wp:attachment":[{"href":"https:\/\/transakcija.si\/translovenija\/wp-json\/wp\/v2\/media?parent=1177"}],"curies":[{"name":"wp","href":"https:\/\/api.w.org\/{rel}","templated":true}]}}