{"id":1187,"date":"2024-06-25T17:50:27","date_gmt":"2024-06-25T15:50:27","guid":{"rendered":"https:\/\/translovenia.com\/?page_id=1187"},"modified":"2024-10-02T22:44:45","modified_gmt":"2024-10-02T22:44:45","slug":"wpath","status":"publish","type":"page","link":"https:\/\/transakcija.si\/translovenija\/wpath\/","title":{"rendered":"WPATH standardi zdravstvene oskrbe trans oseb"},"content":{"rendered":"\n<div class=\"wp-block-group alignfull has-global-padding is-content-justification-center is-layout-constrained wp-container-core-group-is-layout-888b3e69 wp-block-group-is-layout-constrained\" style=\"margin-top:0;margin-bottom:0;padding-top:calc( 0.5 * var(u002du002dwpu002du002dstyleu002du002drootu002du002dpadding-right, var(u002du002dwpu002du002dcustomu002du002dgapu002du002dhorizontal)));padding-right:var(u002du002dwpu002du002dstyleu002du002drootu002du002dpadding-right, var(u002du002dwpu002du002dcustomu002du002dgapu002du002dhorizontal));padding-bottom:calc( 0.5 * var(u002du002dwpu002du002dstyleu002du002drootu002du002dpadding-right, var(u002du002dwpu002du002dcustomu002du002dgapu002du002dhorizontal)));padding-left:var(u002du002dwpu002du002dstyleu002du002drootu002du002dpadding-left, var(u002du002dwpu002du002dcustomu002du002dgapu002du002dhorizontal))\">\n<div style=\"height:calc( 0.25 * var(u002du002dwpu002du002dstyleu002du002drootu002du002dpadding-right, var(u002du002dwpu002du002dcustomu002du002dgapu002du002dhorizontal)))\" aria-hidden=\"true\" class=\"wp-block-spacer\"><\/div>\n\n\n\n<div class=\"wp-block-columns alignwide is-layout-flex wp-container-core-columns-is-layout-28f84493 wp-block-columns-is-layout-flex\">\n<div class=\"wp-block-column is-layout-flow wp-block-column-is-layout-flow\">\n<p>WPATH je <strong>Svetovno strokovno zdru\u017eenje za zdravje transspolnih oseb<\/strong>, ki oblikuje smernice zdravstvene oskrbe za trans in spolno raznolike osebe.<br><br>Zdru\u017eenje redno posodablja <strong>Standarde oskrbe SOC<\/strong> za zdravje transspolnih in spolno raznolikih oseb. WPATH je leta 2022 izdal osmo razli\u010dico SOC 8.<br><br>Najnovej\u0161a razli\u010dica WPATH SOC 8 v slovenski jezik ni prevedena, s tem pa tudi ni uspe\u0161no implementirana.<\/p>\n\n\n\n<hr class=\"wp-block-separator has-alpha-channel-opacity\"\/>\n\n\n\n<h4 class=\"wp-block-heading\">Poudarki WPATH SOC 8<\/h4>\n\n\n\n<div class=\"wp-block-columns is-layout-flex wp-container-core-columns-is-layout-28f84493 wp-block-columns-is-layout-flex\">\n<div class=\"wp-block-column is-layout-flow wp-block-column-is-layout-flow\">\n<ul class=\"wp-block-list\">\n<li><strong>Celovit pristop k oskrbi <\/strong>trans oseb naj zagotavlja vklju\u010denost zdravstvenih strokovnjakov_inj <strong>razli\u010dnih strok<\/strong>.<\/li>\n\n\n\n<li>Diagnosti\u010dna merila naj se posodobijo in menjajo koncept spolne disforije s<strong> spolno neskladnostjo<\/strong>.<\/li>\n<\/ul>\n<\/div>\n\n\n\n<div class=\"wp-block-column is-layout-flow wp-block-column-is-layout-flow\">\n<ul class=\"wp-block-list\">\n<li><strong>Nebinarne identitete<\/strong> naj bodo v postopku medicinske tranzicije upo\u0161tevane in pripoznane.<\/li>\n\n\n\n<li><strong>Spolno potrjujo\u010da oskrba<\/strong> naj temelji na informiranem soglasju in avtonomiji trans oseb\u200b.<\/li>\n<\/ul>\n<\/div>\n<\/div>\n\n\n\n<hr class=\"wp-block-separator has-alpha-channel-opacity\"\/>\n\n\n\n<div class=\"wp-block-buttons is-layout-flex wp-block-buttons-is-layout-flex\">\n<div class=\"wp-block-button\"><a class=\"wp-block-button__link wp-element-button\" href=\"https:\/\/transakcija.si\/translovenija\/ikpsi\/\">Interdisciplinarni konzilij za potrditev spolne identitete<\/a><\/div>\n<\/div>\n\n\n\n<div style=\"height:100px\" aria-hidden=\"true\" class=\"wp-block-spacer\"><\/div>\n<\/div>\n<\/div>\n<\/div>\n","protected":false},"excerpt":{"rendered":"<p>WPATH je Svetovno strokovno zdru\u017eenje za zdravje transspolnih oseb, ki oblikuje smernice zdravstvene oskrbe za trans in spolno raznolike osebe. Zdru\u017eenje redno posodablja Standarde oskrbe SOC za zdravje transspolnih in spolno raznolikih oseb. WPATH je leta 2022 izdal osmo razli\u010dico SOC 8. Najnovej\u0161a razli\u010dica WPATH SOC 8 v slovenski jezik ni prevedena, s tem pa [&hellip;]<\/p>\n","protected":false},"author":2,"featured_media":0,"parent":0,"menu_order":0,"comment_status":"closed","ping_status":"closed","template":"","meta":{"footnotes":""},"class_list":["post-1187","page","type-page","status-publish","hentry"],"_links":{"self":[{"href":"https:\/\/transakcija.si\/translovenija\/wp-json\/wp\/v2\/pages\/1187","targetHints":{"allow":["GET"]}}],"collection":[{"href":"https:\/\/transakcija.si\/translovenija\/wp-json\/wp\/v2\/pages"}],"about":[{"href":"https:\/\/transakcija.si\/translovenija\/wp-json\/wp\/v2\/types\/page"}],"author":[{"embeddable":true,"href":"https:\/\/transakcija.si\/translovenija\/wp-json\/wp\/v2\/users\/2"}],"replies":[{"embeddable":true,"href":"https:\/\/transakcija.si\/translovenija\/wp-json\/wp\/v2\/comments?post=1187"}],"version-history":[{"count":2,"href":"https:\/\/transakcija.si\/translovenija\/wp-json\/wp\/v2\/pages\/1187\/revisions"}],"predecessor-version":[{"id":2137,"href":"https:\/\/transakcija.si\/translovenija\/wp-json\/wp\/v2\/pages\/1187\/revisions\/2137"}],"wp:attachment":[{"href":"https:\/\/transakcija.si\/translovenija\/wp-json\/wp\/v2\/media?parent=1187"}],"curies":[{"name":"wp","href":"https:\/\/api.w.org\/{rel}","templated":true}]}}