{"id":1372,"date":"2024-07-05T12:54:58","date_gmt":"2024-07-05T10:54:58","guid":{"rendered":"https:\/\/translovenia.com\/?page_id=1372"},"modified":"2024-10-16T08:29:31","modified_gmt":"2024-10-16T07:29:31","slug":"raziskava-coming-out","status":"publish","type":"page","link":"https:\/\/transakcija.si\/translovenija\/raziskava-coming-out\/","title":{"rendered":"#raziskava &#8220;LGBTIQ+ osebe in coming out&#8221;"},"content":{"rendered":"\n<div class=\"wp-block-group alignfull has-global-padding is-content-justification-center is-layout-constrained wp-container-core-group-is-layout-888b3e69 wp-block-group-is-layout-constrained\" style=\"margin-top:0;margin-bottom:0;padding-top:calc( 0.5 * var(u002du002dwpu002du002dstyleu002du002drootu002du002dpadding-right, var(u002du002dwpu002du002dcustomu002du002dgapu002du002dhorizontal)));padding-right:var(u002du002dwpu002du002dstyleu002du002drootu002du002dpadding-right, var(u002du002dwpu002du002dcustomu002du002dgapu002du002dhorizontal));padding-bottom:calc( 0.5 * var(u002du002dwpu002du002dstyleu002du002drootu002du002dpadding-right, var(u002du002dwpu002du002dcustomu002du002dgapu002du002dhorizontal)));padding-left:var(u002du002dwpu002du002dstyleu002du002drootu002du002dpadding-left, var(u002du002dwpu002du002dcustomu002du002dgapu002du002dhorizontal))\">\n<div style=\"height:calc( 0.25 * var(u002du002dwpu002du002dstyleu002du002drootu002du002dpadding-right, var(u002du002dwpu002du002dcustomu002du002dgapu002du002dhorizontal)))\" aria-hidden=\"true\" class=\"wp-block-spacer\"><\/div>\n\n\n\n<div class=\"wp-block-columns alignwide is-layout-flex wp-container-core-columns-is-layout-28f84493 wp-block-columns-is-layout-flex\">\n<div class=\"wp-block-column is-layout-flow wp-block-column-is-layout-flow\">\n<div style=\"height:23px\" aria-hidden=\"true\" class=\"wp-block-spacer\"><\/div>\n\n\n\n<div class=\"wp-block-columns is-layout-flex wp-container-core-columns-is-layout-28f84493 wp-block-columns-is-layout-flex\">\n<div class=\"wp-block-column is-layout-flow wp-block-column-is-layout-flow\" style=\"flex-basis:33.33%\">\n<figure class=\"wp-block-image size-large\"><img fetchpriority=\"high\" decoding=\"async\" width=\"728\" height=\"1024\" src=\"https:\/\/transakcija.si\/translovenija\/wp-content\/uploads\/2024\/10\/raziskava-coming-out-1-728x1024.png\" alt=\"\" class=\"wp-image-2511\" srcset=\"https:\/\/transakcija.si\/translovenija\/wp-content\/uploads\/2024\/10\/raziskava-coming-out-1-728x1024.png 728w, https:\/\/transakcija.si\/translovenija\/wp-content\/uploads\/2024\/10\/raziskava-coming-out-1-213x300.png 213w, https:\/\/transakcija.si\/translovenija\/wp-content\/uploads\/2024\/10\/raziskava-coming-out-1-768x1081.png 768w, https:\/\/transakcija.si\/translovenija\/wp-content\/uploads\/2024\/10\/raziskava-coming-out-1.png 995w\" sizes=\"(max-width: 728px) 100vw, 728px\" \/><\/figure>\n<\/div>\n\n\n\n<div class=\"wp-block-column is-layout-flow wp-block-column-is-layout-flow\" style=\"flex-basis:66.66%\">\n<p>Med februarjem in aprilom 2021 je bila izvedena raziskava o coming outu, h kateri so bile povabljene vse LGBTIQ+ osebe v Sloveniji, vklju\u010dno z osebami, ki \u0161e raziskujejo svojo spolno usmerjenost, identiteto ali izraz. V raziskavi je sodelovalo 477 LGBTIQ+ oseb.<\/p>\n\n\n\n<p><strong>Statisti\u010dna analiza:<\/strong> Ajda Kova\u010d<br><strong>Vsebinska analiza: <\/strong>Zavod TransAkcija<br><strong>Oblikovanje:<\/strong>&nbsp;Katarina Duri\u010d<br><br><strong>Produkcija: <\/strong>Zavod TransAkcija<br><strong>Leto izida: <\/strong>2021<br><strong>Finan\u010dna podpora: <\/strong>Astraea Lesbian Foundation for Justice,&nbsp;Mama Cash,&nbsp;Mestna ob\u010dina Ljubljana&nbsp;in&nbsp;International Trans Fund<\/p>\n\n\n\n<div class=\"wp-block-buttons is-layout-flex wp-block-buttons-is-layout-flex\">\n<div class=\"wp-block-button\"><a class=\"wp-block-button__link wp-element-button\" href=\"https:\/\/transakcija.si\/translovenija\/wp-content\/uploads\/2024\/10\/raziskava_2021_coming-out.pdf\">PREBERI PORO\u010cILO RAZISKAVE<\/a><\/div>\n<\/div>\n\n\n\n<div style=\"height:100px\" aria-hidden=\"true\" class=\"wp-block-spacer\"><\/div>\n<\/div>\n<\/div>\n<\/div>\n<\/div>\n<\/div>\n","protected":false},"excerpt":{"rendered":"<p>Med februarjem in aprilom 2021 je bila izvedena raziskava o coming outu, h kateri so bile povabljene vse LGBTIQ+ osebe v Sloveniji, vklju\u010dno z osebami, ki \u0161e raziskujejo svojo spolno usmerjenost, identiteto ali izraz. V raziskavi je sodelovalo 477 LGBTIQ+ oseb. Statisti\u010dna analiza: Ajda Kova\u010dVsebinska analiza: Zavod TransAkcijaOblikovanje:&nbsp;Katarina Duri\u010d Produkcija: Zavod TransAkcijaLeto izida: 2021Finan\u010dna podpora: [&hellip;]<\/p>\n","protected":false},"author":2,"featured_media":0,"parent":0,"menu_order":0,"comment_status":"closed","ping_status":"closed","template":"","meta":{"footnotes":""},"class_list":["post-1372","page","type-page","status-publish","hentry"],"_links":{"self":[{"href":"https:\/\/transakcija.si\/translovenija\/wp-json\/wp\/v2\/pages\/1372","targetHints":{"allow":["GET"]}}],"collection":[{"href":"https:\/\/transakcija.si\/translovenija\/wp-json\/wp\/v2\/pages"}],"about":[{"href":"https:\/\/transakcija.si\/translovenija\/wp-json\/wp\/v2\/types\/page"}],"author":[{"embeddable":true,"href":"https:\/\/transakcija.si\/translovenija\/wp-json\/wp\/v2\/users\/2"}],"replies":[{"embeddable":true,"href":"https:\/\/transakcija.si\/translovenija\/wp-json\/wp\/v2\/comments?post=1372"}],"version-history":[{"count":5,"href":"https:\/\/transakcija.si\/translovenija\/wp-json\/wp\/v2\/pages\/1372\/revisions"}],"predecessor-version":[{"id":2619,"href":"https:\/\/transakcija.si\/translovenija\/wp-json\/wp\/v2\/pages\/1372\/revisions\/2619"}],"wp:attachment":[{"href":"https:\/\/transakcija.si\/translovenija\/wp-json\/wp\/v2\/media?parent=1372"}],"curies":[{"name":"wp","href":"https:\/\/api.w.org\/{rel}","templated":true}]}}