{"id":1392,"date":"2024-07-05T13:18:21","date_gmt":"2024-07-05T11:18:21","guid":{"rendered":"https:\/\/translovenia.com\/?page_id=1392"},"modified":"2024-10-05T13:46:37","modified_gmt":"2024-10-05T13:46:37","slug":"prirocnik-med-modro-in-roza","status":"publish","type":"page","link":"https:\/\/transakcija.si\/translovenija\/prirocnik-med-modro-in-roza\/","title":{"rendered":"#priro\u010dnik o transspolnosti &#8220;Med modro in roza&#8221;"},"content":{"rendered":"\n<div class=\"wp-block-group alignfull has-global-padding is-content-justification-center is-layout-constrained wp-container-core-group-is-layout-888b3e69 wp-block-group-is-layout-constrained\" style=\"margin-top:0;margin-bottom:0;padding-top:calc( 0.5 * var(u002du002dwpu002du002dstyleu002du002drootu002du002dpadding-right, var(u002du002dwpu002du002dcustomu002du002dgapu002du002dhorizontal)));padding-right:var(u002du002dwpu002du002dstyleu002du002drootu002du002dpadding-right, var(u002du002dwpu002du002dcustomu002du002dgapu002du002dhorizontal));padding-bottom:calc( 0.5 * var(u002du002dwpu002du002dstyleu002du002drootu002du002dpadding-right, var(u002du002dwpu002du002dcustomu002du002dgapu002du002dhorizontal)));padding-left:var(u002du002dwpu002du002dstyleu002du002drootu002du002dpadding-left, var(u002du002dwpu002du002dcustomu002du002dgapu002du002dhorizontal))\">\n<div style=\"height:calc( 0.25 * var(u002du002dwpu002du002dstyleu002du002drootu002du002dpadding-right, var(u002du002dwpu002du002dcustomu002du002dgapu002du002dhorizontal)))\" aria-hidden=\"true\" class=\"wp-block-spacer\"><\/div>\n\n\n\n<div class=\"wp-block-columns alignwide is-layout-flex wp-container-core-columns-is-layout-28f84493 wp-block-columns-is-layout-flex\">\n<div class=\"wp-block-column is-layout-flow wp-block-column-is-layout-flow\">\n<div class=\"wp-block-columns is-layout-flex wp-container-core-columns-is-layout-28f84493 wp-block-columns-is-layout-flex\">\n<div class=\"wp-block-column is-layout-flow wp-block-column-is-layout-flow\" style=\"flex-basis:33.33%\">\n<figure class=\"wp-block-image size-large\"><img fetchpriority=\"high\" decoding=\"async\" width=\"728\" height=\"1024\" src=\"https:\/\/transakcija.si\/translovenija\/wp-content\/uploads\/2024\/10\/prirocnik-modro-roza-728x1024.png\" alt=\"\" class=\"wp-image-2314\" srcset=\"https:\/\/transakcija.si\/translovenija\/wp-content\/uploads\/2024\/10\/prirocnik-modro-roza-728x1024.png 728w, https:\/\/transakcija.si\/translovenija\/wp-content\/uploads\/2024\/10\/prirocnik-modro-roza-213x300.png 213w, https:\/\/transakcija.si\/translovenija\/wp-content\/uploads\/2024\/10\/prirocnik-modro-roza-768x1081.png 768w, https:\/\/transakcija.si\/translovenija\/wp-content\/uploads\/2024\/10\/prirocnik-modro-roza.png 995w\" sizes=\"(max-width: 728px) 100vw, 728px\" \/><\/figure>\n<\/div>\n\n\n\n<div class=\"wp-block-column is-layout-flow wp-block-column-is-layout-flow\" style=\"flex-basis:66.66%\">\n<p>Namen priro\u010dnika Med modro in roza je ponuditi osnovne informacije o transspolnosti in podporo pri razumevanju lastne spolne identitete v svetu in dru\u017ebi, kjer transspolne osebe te podpore najve\u010dkrat nimajo. Priro\u010dnik poleg trans oseb tako naslavlja tudi vse tiste, ki trans osebe spremljajo na njihovi poti.<\/p>\n\n\n\n<p><strong>Avtorici_ja:<\/strong> Evan Grm in Alenka Mrakov\u010di\u0107<br><strong>Urednik:<\/strong> Linn Julian Koletnik<br><strong>Ilustracije:<\/strong> Nuka Horvat<br><strong>Oblikovanje:<\/strong> Judita Zorman<br><br><strong>Produkcija<\/strong>: Zavod TransAkcija<br><strong>Leto izida: <\/strong>2019<br><strong>Finan\u010dna podpora: <\/strong>Astraea Lesbian Foundation for Justice, Mama Cash, Mestna ob\u010dina Ljubljana, International Trans Fund. <\/p>\n\n\n\n<div class=\"wp-block-buttons is-layout-flex wp-block-buttons-is-layout-flex\">\n<div class=\"wp-block-button\"><a class=\"wp-block-button__link wp-element-button\" href=\"https:\/\/transakcija.si\/translovenija\/wp-content\/uploads\/2024\/10\/prirocnik_2019_med-modro-in-roza.pdf\">PREBERI PRIRO\u010cNIK<\/a><\/div>\n<\/div>\n\n\n\n<div style=\"height:100px\" aria-hidden=\"true\" class=\"wp-block-spacer\"><\/div>\n<\/div>\n<\/div>\n<\/div>\n<\/div>\n<\/div>\n","protected":false},"excerpt":{"rendered":"<p>Namen priro\u010dnika Med modro in roza je ponuditi osnovne informacije o transspolnosti in podporo pri razumevanju lastne spolne identitete v svetu in dru\u017ebi, kjer transspolne osebe te podpore najve\u010dkrat nimajo. Priro\u010dnik poleg trans oseb tako naslavlja tudi vse tiste, ki trans osebe spremljajo na njihovi poti. Avtorici_ja: Evan Grm in Alenka Mrakov\u010di\u0107Urednik: Linn Julian KoletnikIlustracije: [&hellip;]<\/p>\n","protected":false},"author":2,"featured_media":0,"parent":0,"menu_order":0,"comment_status":"closed","ping_status":"closed","template":"","meta":{"footnotes":""},"class_list":["post-1392","page","type-page","status-publish","hentry"],"_links":{"self":[{"href":"https:\/\/transakcija.si\/translovenija\/wp-json\/wp\/v2\/pages\/1392","targetHints":{"allow":["GET"]}}],"collection":[{"href":"https:\/\/transakcija.si\/translovenija\/wp-json\/wp\/v2\/pages"}],"about":[{"href":"https:\/\/transakcija.si\/translovenija\/wp-json\/wp\/v2\/types\/page"}],"author":[{"embeddable":true,"href":"https:\/\/transakcija.si\/translovenija\/wp-json\/wp\/v2\/users\/2"}],"replies":[{"embeddable":true,"href":"https:\/\/transakcija.si\/translovenija\/wp-json\/wp\/v2\/comments?post=1392"}],"version-history":[{"count":4,"href":"https:\/\/transakcija.si\/translovenija\/wp-json\/wp\/v2\/pages\/1392\/revisions"}],"predecessor-version":[{"id":2434,"href":"https:\/\/transakcija.si\/translovenija\/wp-json\/wp\/v2\/pages\/1392\/revisions\/2434"}],"wp:attachment":[{"href":"https:\/\/transakcija.si\/translovenija\/wp-json\/wp\/v2\/media?parent=1392"}],"curies":[{"name":"wp","href":"https:\/\/api.w.org\/{rel}","templated":true}]}}