{"id":1394,"date":"2024-07-05T13:24:01","date_gmt":"2024-07-05T11:24:01","guid":{"rendered":"https:\/\/translovenia.com\/?page_id=1394"},"modified":"2024-10-05T18:28:49","modified_gmt":"2024-10-05T18:28:49","slug":"medijski-prirocnik","status":"publish","type":"page","link":"https:\/\/transakcija.si\/translovenija\/medijski-prirocnik\/","title":{"rendered":"#priro\u010dnik za medijsko poro\u010danje o transspolnosti"},"content":{"rendered":"\n<div class=\"wp-block-group alignfull has-global-padding is-content-justification-center is-layout-constrained wp-container-core-group-is-layout-888b3e69 wp-block-group-is-layout-constrained\" style=\"margin-top:0;margin-bottom:0;padding-top:calc( 0.5 * var(u002du002dwpu002du002dstyleu002du002drootu002du002dpadding-right, var(u002du002dwpu002du002dcustomu002du002dgapu002du002dhorizontal)));padding-right:var(u002du002dwpu002du002dstyleu002du002drootu002du002dpadding-right, var(u002du002dwpu002du002dcustomu002du002dgapu002du002dhorizontal));padding-bottom:calc( 0.5 * var(u002du002dwpu002du002dstyleu002du002drootu002du002dpadding-right, var(u002du002dwpu002du002dcustomu002du002dgapu002du002dhorizontal)));padding-left:var(u002du002dwpu002du002dstyleu002du002drootu002du002dpadding-left, var(u002du002dwpu002du002dcustomu002du002dgapu002du002dhorizontal))\">\n<div style=\"height:calc( 0.25 * var(u002du002dwpu002du002dstyleu002du002drootu002du002dpadding-right, var(u002du002dwpu002du002dcustomu002du002dgapu002du002dhorizontal)))\" aria-hidden=\"true\" class=\"wp-block-spacer\"><\/div>\n\n\n\n<div class=\"wp-block-columns alignwide is-layout-flex wp-container-core-columns-is-layout-28f84493 wp-block-columns-is-layout-flex\">\n<div class=\"wp-block-column is-layout-flow wp-block-column-is-layout-flow\">\n<div style=\"height:23px\" aria-hidden=\"true\" class=\"wp-block-spacer\"><\/div>\n\n\n\n<div class=\"wp-block-columns is-layout-flex wp-container-core-columns-is-layout-28f84493 wp-block-columns-is-layout-flex\">\n<div class=\"wp-block-column is-layout-flow wp-block-column-is-layout-flow\" style=\"flex-basis:33.33%\">\n<figure class=\"wp-block-image size-large\"><img fetchpriority=\"high\" decoding=\"async\" width=\"728\" height=\"1024\" src=\"https:\/\/transakcija.si\/translovenija\/wp-content\/uploads\/2024\/10\/prirocnik-medijski-1-728x1024.png\" alt=\"\" class=\"wp-image-2510\" srcset=\"https:\/\/transakcija.si\/translovenija\/wp-content\/uploads\/2024\/10\/prirocnik-medijski-1-728x1024.png 728w, https:\/\/transakcija.si\/translovenija\/wp-content\/uploads\/2024\/10\/prirocnik-medijski-1-213x300.png 213w, https:\/\/transakcija.si\/translovenija\/wp-content\/uploads\/2024\/10\/prirocnik-medijski-1-768x1081.png 768w, https:\/\/transakcija.si\/translovenija\/wp-content\/uploads\/2024\/10\/prirocnik-medijski-1.png 995w\" sizes=\"(max-width: 728px) 100vw, 728px\" \/><\/figure>\n<\/div>\n\n\n\n<div class=\"wp-block-column is-layout-flow wp-block-column-is-layout-flow\" style=\"flex-basis:66.66%\">\n<p>Priro\u010dnik za medije ponuja orodje, ki na razumljiv in pregleden na\u010din podaja koristne napotke in informacije za spo\u0161tljivo poro\u010danje o transspolnosti v slovenskem medijskem prostoru. <\/p>\n\n\n\n<p><strong>Avtorici_ja:<\/strong> Linn Julian Koletnik in Evan Grm<br><strong>Urednik:<\/strong> Linn Julian Koletnik<br><strong>Ilustracije:<\/strong> Filip Vurnik<br><strong>Oblikovanje:<\/strong> Heidi Pun<br><br><strong>Produkcija: <\/strong>Zavod TransAkcija<br><strong>Leto izida: <\/strong>2017<br><strong>Finan\u010dna podpora: <\/strong>Mestna ob\u010dina Ljubljana, Astraea Lesbian Foundation for Justice, International Trans Fund, Veleposlani\u0161tvo Zdru\u017eenih dr\u017eav Amerike, Ljubljana.<\/p>\n\n\n\n<div class=\"wp-block-buttons is-layout-flex wp-block-buttons-is-layout-flex\">\n<div class=\"wp-block-button\"><a class=\"wp-block-button__link wp-element-button\" href=\"https:\/\/transakcija.si\/translovenija\/wp-content\/uploads\/2024\/10\/prirocnik_2017_medijski-prirocnik.pdf\">PREBERI PRIRO\u010cNIK<\/a><\/div>\n<\/div>\n\n\n\n<div style=\"height:100px\" aria-hidden=\"true\" class=\"wp-block-spacer\"><\/div>\n<\/div>\n<\/div>\n<\/div>\n<\/div>\n<\/div>\n","protected":false},"excerpt":{"rendered":"<p>Priro\u010dnik za medije ponuja orodje, ki na razumljiv in pregleden na\u010din podaja koristne napotke in informacije za spo\u0161tljivo poro\u010danje o transspolnosti v slovenskem medijskem prostoru. Avtorici_ja: Linn Julian Koletnik in Evan GrmUrednik: Linn Julian KoletnikIlustracije: Filip VurnikOblikovanje: Heidi Pun Produkcija: Zavod TransAkcijaLeto izida: 2017Finan\u010dna podpora: Mestna ob\u010dina Ljubljana, Astraea Lesbian Foundation for Justice, International Trans [&hellip;]<\/p>\n","protected":false},"author":2,"featured_media":0,"parent":0,"menu_order":0,"comment_status":"closed","ping_status":"closed","template":"","meta":{"footnotes":""},"class_list":["post-1394","page","type-page","status-publish","hentry"],"_links":{"self":[{"href":"https:\/\/transakcija.si\/translovenija\/wp-json\/wp\/v2\/pages\/1394","targetHints":{"allow":["GET"]}}],"collection":[{"href":"https:\/\/transakcija.si\/translovenija\/wp-json\/wp\/v2\/pages"}],"about":[{"href":"https:\/\/transakcija.si\/translovenija\/wp-json\/wp\/v2\/types\/page"}],"author":[{"embeddable":true,"href":"https:\/\/transakcija.si\/translovenija\/wp-json\/wp\/v2\/users\/2"}],"replies":[{"embeddable":true,"href":"https:\/\/transakcija.si\/translovenija\/wp-json\/wp\/v2\/comments?post=1394"}],"version-history":[{"count":4,"href":"https:\/\/transakcija.si\/translovenija\/wp-json\/wp\/v2\/pages\/1394\/revisions"}],"predecessor-version":[{"id":2530,"href":"https:\/\/transakcija.si\/translovenija\/wp-json\/wp\/v2\/pages\/1394\/revisions\/2530"}],"wp:attachment":[{"href":"https:\/\/transakcija.si\/translovenija\/wp-json\/wp\/v2\/media?parent=1394"}],"curies":[{"name":"wp","href":"https:\/\/api.w.org\/{rel}","templated":true}]}}