{"id":1409,"date":"2024-07-05T13:37:26","date_gmt":"2024-07-05T11:37:26","guid":{"rendered":"https:\/\/translovenia.com\/?page_id=1409"},"modified":"2024-10-05T13:47:07","modified_gmt":"2024-10-05T13:47:07","slug":"clanek-vsi-spoli-so-resnicni","status":"publish","type":"page","link":"https:\/\/transakcija.si\/translovenija\/clanek-vsi-spoli-so-resnicni\/","title":{"rendered":"#\u010dlanek &#8220;Vsi spoli so resni\u010dni&#8221;"},"content":{"rendered":"\n<div class=\"wp-block-group alignfull has-global-padding is-content-justification-center is-layout-constrained wp-container-core-group-is-layout-888b3e69 wp-block-group-is-layout-constrained\" style=\"margin-top:0;margin-bottom:0;padding-top:calc( 0.5 * var(u002du002dwpu002du002dstyleu002du002drootu002du002dpadding-right, var(u002du002dwpu002du002dcustomu002du002dgapu002du002dhorizontal)));padding-right:var(u002du002dwpu002du002dstyleu002du002drootu002du002dpadding-right, var(u002du002dwpu002du002dcustomu002du002dgapu002du002dhorizontal));padding-bottom:calc( 0.5 * var(u002du002dwpu002du002dstyleu002du002drootu002du002dpadding-right, var(u002du002dwpu002du002dcustomu002du002dgapu002du002dhorizontal)));padding-left:var(u002du002dwpu002du002dstyleu002du002drootu002du002dpadding-left, var(u002du002dwpu002du002dcustomu002du002dgapu002du002dhorizontal))\">\n<div style=\"height:calc( 0.25 * var(u002du002dwpu002du002dstyleu002du002drootu002du002dpadding-right, var(u002du002dwpu002du002dcustomu002du002dgapu002du002dhorizontal)))\" aria-hidden=\"true\" class=\"wp-block-spacer\"><\/div>\n\n\n\n<div class=\"wp-block-columns alignwide is-layout-flex wp-container-core-columns-is-layout-28f84493 wp-block-columns-is-layout-flex\">\n<div class=\"wp-block-column is-layout-flow wp-block-column-is-layout-flow\">\n<div class=\"wp-block-columns is-layout-flex wp-container-core-columns-is-layout-28f84493 wp-block-columns-is-layout-flex\">\n<div class=\"wp-block-column is-layout-flow wp-block-column-is-layout-flow\" style=\"flex-basis:33.33%\">\n<figure class=\"wp-block-image size-large\"><img fetchpriority=\"high\" decoding=\"async\" width=\"728\" height=\"1024\" src=\"https:\/\/transakcija.si\/translovenija\/wp-content\/uploads\/2024\/10\/clanek-vsi-spoli-728x1024.png\" alt=\"\" class=\"wp-image-2310\" srcset=\"https:\/\/transakcija.si\/translovenija\/wp-content\/uploads\/2024\/10\/clanek-vsi-spoli-728x1024.png 728w, https:\/\/transakcija.si\/translovenija\/wp-content\/uploads\/2024\/10\/clanek-vsi-spoli-213x300.png 213w, https:\/\/transakcija.si\/translovenija\/wp-content\/uploads\/2024\/10\/clanek-vsi-spoli-768x1081.png 768w, https:\/\/transakcija.si\/translovenija\/wp-content\/uploads\/2024\/10\/clanek-vsi-spoli.png 995w\" sizes=\"(max-width: 728px) 100vw, 728px\" \/><\/figure>\n<\/div>\n\n\n\n<div class=\"wp-block-column is-layout-flow wp-block-column-is-layout-flow\" style=\"flex-basis:66.66%\">\n<p>\u010clanek &#8220;Vsi spoli so resni\u010dni&#8221; delno temelji na prevodu publikacije &#8220;Put u prostranstvo&#8221; (Lezbijska organizacija Rijeka \u00bbLORI\u00ab) iz leta 2012.<\/p>\n\n\n\n<p><strong>Avtor:<\/strong> Linn Julian Koletnik<br><strong>Urednik:<\/strong> Simon Maljevac<br><strong>Oblikovanje:<\/strong> zadruga.traparij<br><br><strong>Produkcija: <\/strong>Dru\u0161tvo Legebitra, Zavod TransAkcija<br><strong>Leto izida: <\/strong>2016<br><strong>Finan\u010dna podpora: <\/strong>Ministrstvo za delo, dru\u017eino, socialne zadeve in enake mo\u017enosti; Mestna ob\u010dina Ljubljana; Fundacija za financiranje invalidskih in humanitarnih organizacij v RS \u2013 FIHO in \u0160tudentska organizacija Univerze v Ljubljani.<\/p>\n\n\n\n<div class=\"wp-block-buttons is-layout-flex wp-block-buttons-is-layout-flex\">\n<div class=\"wp-block-button\"><a class=\"wp-block-button__link wp-element-button\" href=\"https:\/\/transakcija.si\/translovenija\/wp-content\/uploads\/2024\/10\/clanek_2016_vsi-spoli-so-resnicni.pdf\">PREBERI \u010cLANEK<\/a><\/div>\n<\/div>\n\n\n\n<div style=\"height:100px\" aria-hidden=\"true\" class=\"wp-block-spacer\"><\/div>\n<\/div>\n<\/div>\n<\/div>\n<\/div>\n<\/div>\n","protected":false},"excerpt":{"rendered":"<p>\u010clanek &#8220;Vsi spoli so resni\u010dni&#8221; delno temelji na prevodu publikacije &#8220;Put u prostranstvo&#8221; (Lezbijska organizacija Rijeka \u00bbLORI\u00ab) iz leta 2012. Avtor: Linn Julian KoletnikUrednik: Simon MaljevacOblikovanje: zadruga.traparij Produkcija: Dru\u0161tvo Legebitra, Zavod TransAkcijaLeto izida: 2016Finan\u010dna podpora: Ministrstvo za delo, dru\u017eino, socialne zadeve in enake mo\u017enosti; Mestna ob\u010dina Ljubljana; Fundacija za financiranje invalidskih in humanitarnih organizacij v [&hellip;]<\/p>\n","protected":false},"author":2,"featured_media":0,"parent":0,"menu_order":0,"comment_status":"closed","ping_status":"closed","template":"","meta":{"footnotes":""},"class_list":["post-1409","page","type-page","status-publish","hentry"],"_links":{"self":[{"href":"https:\/\/transakcija.si\/translovenija\/wp-json\/wp\/v2\/pages\/1409","targetHints":{"allow":["GET"]}}],"collection":[{"href":"https:\/\/transakcija.si\/translovenija\/wp-json\/wp\/v2\/pages"}],"about":[{"href":"https:\/\/transakcija.si\/translovenija\/wp-json\/wp\/v2\/types\/page"}],"author":[{"embeddable":true,"href":"https:\/\/transakcija.si\/translovenija\/wp-json\/wp\/v2\/users\/2"}],"replies":[{"embeddable":true,"href":"https:\/\/transakcija.si\/translovenija\/wp-json\/wp\/v2\/comments?post=1409"}],"version-history":[{"count":4,"href":"https:\/\/transakcija.si\/translovenija\/wp-json\/wp\/v2\/pages\/1409\/revisions"}],"predecessor-version":[{"id":2437,"href":"https:\/\/transakcija.si\/translovenija\/wp-json\/wp\/v2\/pages\/1409\/revisions\/2437"}],"wp:attachment":[{"href":"https:\/\/transakcija.si\/translovenija\/wp-json\/wp\/v2\/media?parent=1409"}],"curies":[{"name":"wp","href":"https:\/\/api.w.org\/{rel}","templated":true}]}}