{"id":1420,"date":"2024-07-05T17:52:02","date_gmt":"2024-07-05T15:52:02","guid":{"rendered":"https:\/\/translovenia.com\/?page_id=1420"},"modified":"2024-10-16T08:30:41","modified_gmt":"2024-10-16T07:30:41","slug":"zin-kvirantena","status":"publish","type":"page","link":"https:\/\/transakcija.si\/translovenija\/zin-kvirantena\/","title":{"rendered":"#zin &#8220;Kvirantena&#8221;"},"content":{"rendered":"\n<div class=\"wp-block-group alignfull has-global-padding is-content-justification-center is-layout-constrained wp-container-core-group-is-layout-888b3e69 wp-block-group-is-layout-constrained\" style=\"margin-top:0;margin-bottom:0;padding-top:calc( 0.5 * var(u002du002dwpu002du002dstyleu002du002drootu002du002dpadding-right, var(u002du002dwpu002du002dcustomu002du002dgapu002du002dhorizontal)));padding-right:var(u002du002dwpu002du002dstyleu002du002drootu002du002dpadding-right, var(u002du002dwpu002du002dcustomu002du002dgapu002du002dhorizontal));padding-bottom:calc( 0.5 * var(u002du002dwpu002du002dstyleu002du002drootu002du002dpadding-right, var(u002du002dwpu002du002dcustomu002du002dgapu002du002dhorizontal)));padding-left:var(u002du002dwpu002du002dstyleu002du002drootu002du002dpadding-left, var(u002du002dwpu002du002dcustomu002du002dgapu002du002dhorizontal))\">\n<div style=\"height:calc( 0.25 * var(u002du002dwpu002du002dstyleu002du002drootu002du002dpadding-right, var(u002du002dwpu002du002dcustomu002du002dgapu002du002dhorizontal)))\" aria-hidden=\"true\" class=\"wp-block-spacer\"><\/div>\n\n\n\n<div class=\"wp-block-columns alignwide is-layout-flex wp-container-core-columns-is-layout-28f84493 wp-block-columns-is-layout-flex\">\n<div class=\"wp-block-column is-layout-flow wp-block-column-is-layout-flow\">\n<div style=\"height:23px\" aria-hidden=\"true\" class=\"wp-block-spacer\"><\/div>\n\n\n\n<div class=\"wp-block-columns is-layout-flex wp-container-core-columns-is-layout-28f84493 wp-block-columns-is-layout-flex\">\n<div class=\"wp-block-column is-layout-flow wp-block-column-is-layout-flow\" style=\"flex-basis:33.33%\">\n<figure class=\"wp-block-image size-large\"><img fetchpriority=\"high\" decoding=\"async\" width=\"728\" height=\"1024\" src=\"https:\/\/transakcija.si\/translovenija\/wp-content\/uploads\/2024\/10\/zin-kvirantena-728x1024.png\" alt=\"\" class=\"wp-image-2320\" srcset=\"https:\/\/transakcija.si\/translovenija\/wp-content\/uploads\/2024\/10\/zin-kvirantena-728x1024.png 728w, https:\/\/transakcija.si\/translovenija\/wp-content\/uploads\/2024\/10\/zin-kvirantena-213x300.png 213w, https:\/\/transakcija.si\/translovenija\/wp-content\/uploads\/2024\/10\/zin-kvirantena-768x1081.png 768w, https:\/\/transakcija.si\/translovenija\/wp-content\/uploads\/2024\/10\/zin-kvirantena.png 995w\" sizes=\"(max-width: 728px) 100vw, 728px\" \/><\/figure>\n<\/div>\n\n\n\n<div class=\"wp-block-column is-layout-flow wp-block-column-is-layout-flow\" style=\"flex-basis:66.66%\">\n<p>Zin &#8220;Kvirantena&#8221; je nastal kot odgovor na svetovno pandemijo COVID-19 in politi\u010dno dogajanje, ki jo je spremljalo v letu 2020, ko je bila v mnogih dr\u017eavah na porastu avtokracija. Dela za zin so prispevale kvir osebe.<\/p>\n\n\n\n<p><strong>Urednik: <\/strong>Nuka Horvat<br><strong>Asistenca: <\/strong>Evan Grm, Jaka \u0160oster<br><br><strong>Produkcija: <\/strong>Zavod TransAkcija<br><strong>Leto izida: <\/strong>2020<br><strong>Finan\u010dna podpora: <\/strong>Astraea Lesbian Foundation for Justice,\u00a0Mama Cash, International Trans Fund.<\/p>\n\n\n\n<div class=\"wp-block-buttons is-layout-flex wp-block-buttons-is-layout-flex\">\n<div class=\"wp-block-button\"><a class=\"wp-block-button__link wp-element-button\" href=\"https:\/\/www.yumpu.com\/en\/document\/view\/63393388\/zin-kvirantena-queerantine-zine\">PREBERI ZIN<\/a><\/div>\n<\/div>\n\n\n\n<div style=\"height:100px\" aria-hidden=\"true\" class=\"wp-block-spacer\"><\/div>\n<\/div>\n<\/div>\n<\/div>\n<\/div>\n<\/div>\n","protected":false},"excerpt":{"rendered":"<p>Zin &#8220;Kvirantena&#8221; je nastal kot odgovor na svetovno pandemijo COVID-19 in politi\u010dno dogajanje, ki jo je spremljalo v letu 2020, ko je bila v mnogih dr\u017eavah na porastu avtokracija. Dela za zin so prispevale kvir osebe. Urednik: Nuka HorvatAsistenca: Evan Grm, Jaka \u0160oster Produkcija: Zavod TransAkcijaLeto izida: 2020Finan\u010dna podpora: Astraea Lesbian Foundation for Justice,\u00a0Mama Cash, [&hellip;]<\/p>\n","protected":false},"author":2,"featured_media":0,"parent":0,"menu_order":0,"comment_status":"closed","ping_status":"closed","template":"","meta":{"footnotes":""},"class_list":["post-1420","page","type-page","status-publish","hentry"],"_links":{"self":[{"href":"https:\/\/transakcija.si\/translovenija\/wp-json\/wp\/v2\/pages\/1420","targetHints":{"allow":["GET"]}}],"collection":[{"href":"https:\/\/transakcija.si\/translovenija\/wp-json\/wp\/v2\/pages"}],"about":[{"href":"https:\/\/transakcija.si\/translovenija\/wp-json\/wp\/v2\/types\/page"}],"author":[{"embeddable":true,"href":"https:\/\/transakcija.si\/translovenija\/wp-json\/wp\/v2\/users\/2"}],"replies":[{"embeddable":true,"href":"https:\/\/transakcija.si\/translovenija\/wp-json\/wp\/v2\/comments?post=1420"}],"version-history":[{"count":4,"href":"https:\/\/transakcija.si\/translovenija\/wp-json\/wp\/v2\/pages\/1420\/revisions"}],"predecessor-version":[{"id":2621,"href":"https:\/\/transakcija.si\/translovenija\/wp-json\/wp\/v2\/pages\/1420\/revisions\/2621"}],"wp:attachment":[{"href":"https:\/\/transakcija.si\/translovenija\/wp-json\/wp\/v2\/media?parent=1420"}],"curies":[{"name":"wp","href":"https:\/\/api.w.org\/{rel}","templated":true}]}}