{"id":1423,"date":"2024-07-05T17:59:36","date_gmt":"2024-07-05T15:59:36","guid":{"rendered":"https:\/\/translovenia.com\/?page_id=1423"},"modified":"2024-10-05T13:44:29","modified_gmt":"2024-10-05T13:44:29","slug":"zin-upor","status":"publish","type":"page","link":"https:\/\/transakcija.si\/translovenija\/zin-upor\/","title":{"rendered":"&#8220;Uporni\u0161ki femini-zin&#8221;"},"content":{"rendered":"\n<div class=\"wp-block-group alignfull has-global-padding is-content-justification-center is-layout-constrained wp-container-core-group-is-layout-888b3e69 wp-block-group-is-layout-constrained\" style=\"margin-top:0;margin-bottom:0;padding-top:calc( 0.5 * var(u002du002dwpu002du002dstyleu002du002drootu002du002dpadding-right, var(u002du002dwpu002du002dcustomu002du002dgapu002du002dhorizontal)));padding-right:var(u002du002dwpu002du002dstyleu002du002drootu002du002dpadding-right, var(u002du002dwpu002du002dcustomu002du002dgapu002du002dhorizontal));padding-bottom:calc( 0.5 * var(u002du002dwpu002du002dstyleu002du002drootu002du002dpadding-right, var(u002du002dwpu002du002dcustomu002du002dgapu002du002dhorizontal)));padding-left:var(u002du002dwpu002du002dstyleu002du002drootu002du002dpadding-left, var(u002du002dwpu002du002dcustomu002du002dgapu002du002dhorizontal))\">\n<div style=\"height:calc( 0.25 * var(u002du002dwpu002du002dstyleu002du002drootu002du002dpadding-right, var(u002du002dwpu002du002dcustomu002du002dgapu002du002dhorizontal)))\" aria-hidden=\"true\" class=\"wp-block-spacer\"><\/div>\n\n\n\n<div class=\"wp-block-columns alignwide is-layout-flex wp-container-core-columns-is-layout-28f84493 wp-block-columns-is-layout-flex\">\n<div class=\"wp-block-column is-layout-flow wp-block-column-is-layout-flow\">\n<div style=\"height:23px\" aria-hidden=\"true\" class=\"wp-block-spacer\"><\/div>\n\n\n\n<div class=\"wp-block-columns is-layout-flex wp-container-core-columns-is-layout-28f84493 wp-block-columns-is-layout-flex\">\n<div class=\"wp-block-column is-layout-flow wp-block-column-is-layout-flow\" style=\"flex-basis:33.33%\">\n<figure class=\"wp-block-image size-large\"><img fetchpriority=\"high\" decoding=\"async\" width=\"729\" height=\"1024\" src=\"https:\/\/transakcija.si\/translovenija\/wp-content\/uploads\/2024\/10\/image-251-729x1024.png\" alt=\"\" class=\"wp-image-2324\" srcset=\"https:\/\/transakcija.si\/translovenija\/wp-content\/uploads\/2024\/10\/image-251-729x1024.png 729w, https:\/\/transakcija.si\/translovenija\/wp-content\/uploads\/2024\/10\/image-251-213x300.png 213w, https:\/\/transakcija.si\/translovenija\/wp-content\/uploads\/2024\/10\/image-251.png 747w\" sizes=\"(max-width: 729px) 100vw, 729px\" \/><\/figure>\n<\/div>\n\n\n\n<div class=\"wp-block-column is-layout-flow wp-block-column-is-layout-flow\" style=\"flex-basis:66.66%\">\n<p>&#8220;Uporni\u0161ki femini-zin&#8221; ponuja radikalno opolnomo\u010denje. Nastal je v letu 2020 kot izraz kolektivne jeze in upora in ponuja preplet trans, kvir, feministi\u010dnih in dru\u017ebeno kriti\u010dnih vsebin, ki slikajo prihodnost utopi\u010dne, kvir in transfeministi\u010dne dru\u017ebe. <\/p>\n\n\n\n<p><strong>Urednik: <\/strong>Zavod TransAkcija<br><strong>Naslovna ilustracija:<\/strong> Nuka Horvat<br><strong>Oblikovanje:<\/strong>&nbsp;Nuka Horvat<strong><br><\/strong><br><strong>Produkcija: <\/strong>Zavod TransAkcija<br><strong>Koprodukcija:<\/strong> Mladinska aktivisti\u010dna organizacija (MAO), Pritli\u010dje in \u0160KUC &#8211; Lezbi\u010dna \u010detrt<br><strong>Leto izida: <\/strong>2020<br><strong>Finan\u010dna podpora: <\/strong>Astraea Lesbian Foundation for Justice,&nbsp;Mama Cash.<\/p>\n\n\n\n<div class=\"wp-block-buttons is-layout-flex wp-block-buttons-is-layout-flex\">\n<div class=\"wp-block-button\"><a class=\"wp-block-button__link wp-element-button\" href=\"https:\/\/transakcija.si\/translovenija\/wp-content\/uploads\/2024\/10\/zin_2019_uporniski-feminizin.pdf\">PREBERI ZIN<\/a><\/div>\n<\/div>\n\n\n\n<div style=\"height:100px\" aria-hidden=\"true\" class=\"wp-block-spacer\"><\/div>\n<\/div>\n<\/div>\n<\/div>\n<\/div>\n<\/div>\n","protected":false},"excerpt":{"rendered":"<p>&#8220;Uporni\u0161ki femini-zin&#8221; ponuja radikalno opolnomo\u010denje. Nastal je v letu 2020 kot izraz kolektivne jeze in upora in ponuja preplet trans, kvir, feministi\u010dnih in dru\u017ebeno kriti\u010dnih vsebin, ki slikajo prihodnost utopi\u010dne, kvir in transfeministi\u010dne dru\u017ebe. Urednik: Zavod TransAkcijaNaslovna ilustracija: Nuka HorvatOblikovanje:&nbsp;Nuka HorvatProdukcija: Zavod TransAkcijaKoprodukcija: Mladinska aktivisti\u010dna organizacija (MAO), Pritli\u010dje in \u0160KUC &#8211; Lezbi\u010dna \u010detrtLeto izida: 2020Finan\u010dna [&hellip;]<\/p>\n","protected":false},"author":2,"featured_media":0,"parent":0,"menu_order":0,"comment_status":"closed","ping_status":"closed","template":"","meta":{"footnotes":""},"class_list":["post-1423","page","type-page","status-publish","hentry"],"_links":{"self":[{"href":"https:\/\/transakcija.si\/translovenija\/wp-json\/wp\/v2\/pages\/1423","targetHints":{"allow":["GET"]}}],"collection":[{"href":"https:\/\/transakcija.si\/translovenija\/wp-json\/wp\/v2\/pages"}],"about":[{"href":"https:\/\/transakcija.si\/translovenija\/wp-json\/wp\/v2\/types\/page"}],"author":[{"embeddable":true,"href":"https:\/\/transakcija.si\/translovenija\/wp-json\/wp\/v2\/users\/2"}],"replies":[{"embeddable":true,"href":"https:\/\/transakcija.si\/translovenija\/wp-json\/wp\/v2\/comments?post=1423"}],"version-history":[{"count":3,"href":"https:\/\/transakcija.si\/translovenija\/wp-json\/wp\/v2\/pages\/1423\/revisions"}],"predecessor-version":[{"id":2428,"href":"https:\/\/transakcija.si\/translovenija\/wp-json\/wp\/v2\/pages\/1423\/revisions\/2428"}],"wp:attachment":[{"href":"https:\/\/transakcija.si\/translovenija\/wp-json\/wp\/v2\/media?parent=1423"}],"curies":[{"name":"wp","href":"https:\/\/api.w.org\/{rel}","templated":true}]}}