{"id":1444,"date":"2024-07-05T18:37:20","date_gmt":"2024-07-05T16:37:20","guid":{"rendered":"https:\/\/translovenia.com\/?page_id=1444"},"modified":"2024-10-22T12:30:12","modified_gmt":"2024-10-22T11:30:12","slug":"slovar","status":"publish","type":"page","link":"https:\/\/transakcija.si\/translovenija\/slovar\/","title":{"rendered":"Slovar spolne raznolikosti"},"content":{"rendered":"\n<div class=\"wp-block-columns alignwide is-layout-flex wp-container-core-columns-is-layout-28f84493 wp-block-columns-is-layout-flex\">\n<div class=\"wp-block-column is-layout-flow wp-block-column-is-layout-flow\">\n<h4 class=\"wp-block-heading\">Spol<\/h4>\n\n\n\n<p>Spol je dru\u017ebeni mehanizem in osebni identifikator, ki oblikuje na\u0161a \u017eivljenja in interakcije. Za ve\u010dino oseb se izra\u017ea v odnosu med <strong>pripisanim spolom<\/strong>, <strong>spolno identiteto<\/strong> in <strong>spolnim izrazom<\/strong> ter se dru\u017ebeno vrednoti skozi skladnost teh med sabo.<\/p>\n\n\n\n<h4 class=\"wp-block-heading\">Spolni binarizem<\/h4>\n\n\n\n<p>Spolni binarizem je prepri\u010danje, da obstajata le dva spola, mo\u0161ki in \u017eenski, ki sta si nasprotna in se obenem dopolnjujeta.<br><br>Spolni binarizem izrazito vpliva na utrjevanje spolnih <strong>stereotipov<\/strong> ter z njimi povezanih <strong>spolnih<\/strong> <strong>vlog<\/strong> in <strong>spolnih<\/strong> <strong>norm<\/strong>, s tem pa v dru\u017ebi vzdr\u017euje neenako in hierarhi\u010dno razmerje med \u017eenskim in mo\u0161kim spolom ter popolnoma izklju\u010duje osebe drugih spolov.<\/p>\n\n\n\n<h4 class=\"wp-block-heading\">Spolni stereotipi<\/h4>\n\n\n\n<p>Spolni stereotipi so predsodki, po katerih se ljudem pripisuje zna\u010dilnosti in <strong>spolne vloge<\/strong>, ki naj bi jih dolo\u010dal in omejeval njihov spol. Spolni stereotipi obi\u010dajno odra\u017eajo normativne predstave o \u017eenskosti in mo\u0161kosti ter ju prikazujejo kot <strong>binarni nasprotji<\/strong>.<\/p>\n\n\n\n<h4 class=\"wp-block-heading\">Spolne vloge<\/h4>\n\n\n\n<p>Spolne vloge so skupek dru\u017ebenih stali\u0161\u010d o tem, kak\u0161na vedenja so primerna ali za\u017eeljena za osebe nekega spola. \u010ceprav gre za obliko dru\u017ebenih vlog, se pogosto domneva, da so spolne vloge biolo\u0161ko pogojene in zgodovinsko potrjene, s tem pa veljavne. Taka prepri\u010danja utrjujejo <strong>spolne stereotipe<\/strong> in dru\u017ebene neenakosti.<\/p>\n\n\n\n<h4 class=\"wp-block-heading\">Pripisan spol<\/h4>\n\n\n\n<p>Pripisan spol ali <strong>spol, pripisan ob rojstvu<\/strong>, je spol, ki je v ve\u010dini zahodnih dru\u017eb osebam dolo\u010den ob rojstvu glede na izgled genitalij. S pripisom spola oseba v Sloveniji pridobi tudi spolni ozna\u010devalec v osebnih dokumentih in enotno mati\u010dno \u0161tevilko. Pripisan spol je lahko skladen ali neskladen s <strong>spolno identiteto<\/strong> osebe.<\/p>\n\n\n\n<h4 class=\"wp-block-heading\">Spolna identiteta<\/h4>\n\n\n\n<p>Spolna identiteta je osebno do\u017eivljanje lastnega spola oz. spol, s katerim se oseba identificira. Spolna identiteta je lahko skladna ali neskladna s <strong>spolom, pripisanim ob rojstvu<\/strong>.<\/p>\n\n\n\n<h4 class=\"wp-block-heading\">Spolna raznolikost<\/h4>\n\n\n\n<p>Spolna raznolikost, imenovana tudi\u00a0<strong>spolna nenormativnost\u00a0<\/strong>ali redkeje\u00a0spolna neskladnost, je\u00a0izra\u017eanje spola, ki ne ustreza ustaljenim\u00a0spolnim normam\u00a0neke dru\u017ebe.<br><br>Spolno raznolika oseba je lahko<strong> transspolna<\/strong> ali <strong>cisspolna<\/strong> in ima <strong>spolni izraz<\/strong> razli\u010den od spolnega izraza, ki se dru\u017ebeno pripisuje njenemu spolu. Spolna raznolikost lahko vklju\u010duje osebe, ki se identificirajo kot trans, nebinarne, butch, femme, queen, travesti itd.<\/p>\n\n\n\n<h4 class=\"wp-block-heading\">Cisspolnost<\/h4>\n\n\n\n<p>Cisspolnost je lastnost oseb, katerih<strong> spolna identiteta<\/strong> se ujema z njihovim <strong>pripisanim spolom<\/strong>, tj. cisspolnih oseb ali cis oseb. V ve\u010dini zahodnih dru\u017eb obstaja splo\u0161no predvidevanje, da so vse osebe cisspolne, kar imenujemo <strong>cisnormativnost<\/strong>.<\/p>\n\n\n\n<h4 class=\"wp-block-heading\">Interspolnost<\/h4>\n\n\n\n<p>Interspolnost je telesna nejasnost spola v okviru <strong>binarnega spolnega sistema<\/strong> oziroma nezmo\u017enost, da bi se otroku ob rojstvu pripisalo \u017eenski ali mo\u0161ki spol. Interspolnost ni <strong>transspolnost<\/strong>, so pa tudi interspolne osebe lahko transspolne osebe.<br><br>Medicina klasificira interspolnost kot motnjo spolnega razvoja, \u010deprav to ni.\u00a0Interspolnim otrokom se obi\u010dajno pripi\u0161e spol na osnovi medicinskih testov ter se na njih opravi kirur\u0161ke posege za prilagoditev spola, da njihove telesne zna\u010dilnosti bolje ustrezajo <strong>binarnemu spolnemu izrazu<\/strong>.<\/p>\n<\/div>\n\n\n\n<div class=\"wp-block-column is-layout-flow wp-block-column-is-layout-flow\">\n<h4 class=\"wp-block-heading\">Transspolnost<\/h4>\n\n\n\n<p>Transspolnost je lastnost oseb, katerih <strong>spolna identiteta<\/strong> se ne ujema z njihovim <strong>pripisanim spolom<\/strong>, tj. transspolnih oseb ali trans oseb.<br><br>Transspolnost je lahko samostojna identiteta, lahko pa je krovni izraz za vse spolne identitete in <strong>spolne izraze<\/strong>, ki temeljijo na neujemanju s pripisanim spolom, kot so trans \u017eenske, trans mo\u0161ki, <strong>nebinarne <\/strong>osebe, <strong>kvirspolne <\/strong>osebe, <strong>spolno raznolike<\/strong> osebe, <strong>androgine<\/strong> osebe itd. Spolne identitete in izrazi se med seboj ne nujno izklju\u010dujejo.<\/p>\n\n\n\n<h4 class=\"wp-block-heading\">Nebinarnost<\/h4>\n\n\n\n<p>Nebinarnost, pogosto uporabljana kot sopomenka za <strong>kvirspolnost<\/strong>, je lastnost oseb, katerih <strong>spolna identiteta<\/strong> ni v okviru <strong>binarnega spola<\/strong>, tj. oseb, ki niso niti mo\u0161ki niti \u017eenske oz. nebinarnih oseb. Ni nujno, da se vse nebinarne osebe tudi identificirajo kot <strong>transspolne<\/strong>.<br><br>Nebinarnost je lahko samostojna identiteta, lahko pa je krovni izraz za vse spolne identitete in <strong>spolne izraze<\/strong>, ki temeljijo na nebinarnem razumevanju lastnega spola, kot so <strong>aspolne<\/strong> osebe, <strong>spolno fluidne<\/strong> osebe,<strong> demispolne<\/strong> osebe itd.<\/p>\n\n\n\n<h4 class=\"wp-block-heading\">Kvir<\/h4>\n\n\n\n<p>Kvir ali queer je krovni izraz za spolne manj\u0161ine, ki niso heteroseksualne ali <strong>cisspolne<\/strong>. Lahko pomeni tudi skupek osebnih in kulturnih spoznanj in na\u010del o ne-heteroseksualnosti ali ne-cisspolnosti.<br><br>Kvir je lahko tudi samostojna spolna usmerjenost, tj. kvirseksualnost, ali spolna identiteta, tj. <strong>kvirspolnost<\/strong>. Kvirspolnost, pogosto ena\u010dena z <strong>nebinarnostjo<\/strong>, lahko krovno vklju\u010duje ve\u010d identitet, ki so zunaj cisspolnosti.<\/p>\n\n\n\n<h4 class=\"wp-block-heading\">Aspolnost<\/h4>\n\n\n\n<p>Aspolnost je <strong>spolna identiteta<\/strong>, ki opisuje osebo brez spola oz. osebo, ki se ne identificira s katerimkoli spolom ali pa \u010duti popolno odsotnost spolne identitete. Aspolna oseba ni ne mo\u0161ki ne \u017eenska, niti se ne identificira s katero drugo spolno identiteto.<br><br>Aspolne osebe se lahko identifiricajo kot <strong>transspolne<\/strong>, ni pa temu vedno tako. Aspolnost spada med <strong>nebinarne<\/strong> spole, a se ne vse aspolne osebe tudi identificirajo kot nebinarne.<\/p>\n\n\n\n<h4 class=\"wp-block-heading\">Neutrois<\/h4>\n\n\n\n<p>Neutrois je <strong>nebinarna<\/strong> spolna identiteta, pri kateri oseba, ki je neutrois, \u010duti nevtralno <strong>spolno identiteto<\/strong>. \u010ce gre pri <strong>aspolnosti<\/strong> za odsotnost kakr\u0161nekoli spolne identitete, gre pri neutrois ponavadi za delno ali celostno ob\u010dutenje spolne identitete, ki pa je nevtralna.\u00a0<\/p>\n\n\n\n<h4 class=\"wp-block-heading\">Spolna fluidnost<\/h4>\n\n\n\n<p>Spolna fluidnost\u00a0je <strong>spolna identiteta<\/strong> oseb, ki \u010dutijo, da je njihov spol fluiden, tj. se spreminja, ni stati\u010den in prehaja med dvema ali ve\u010d spolnimi identitetami. Spolna fluidnost spada pod <strong>nebinarne<\/strong> identitete in je nefiksna identiteta, ki se spreminja s \u010dasom, glede na okolje ali situacijo.<br><br>Do teh spreminjanj lahko pride pri spolni identiteti ali\u00a0<strong>spolnem izrazu<\/strong>\u00a0osebe. Spolno fluidna oseba lahko v svojem \u017eivljenju izmenjuje razli\u010dne spolne izraze ali izra\u017ea ve\u010d plati razli\u010dnih spolnih zna\u010dilnosti hkrati.<\/p>\n\n\n\n<h4 class=\"wp-block-heading\">Demispolnost<\/h4>\n\n\n\n<p>Demispolnost je krovni izraz za <strong>nebinarne<\/strong>\u00a0spolne identitete, ki do\u017eivljajo svoj spol kot delno v dolo\u010deni spolni identiteti, delno pa v neki drugi. Demispolnost je lahko tudi samostojna <strong>spolna identiteta<\/strong>. Demipunce na primer lahko do\u017eivljajo svoj spol kot delno \u017eenski in delno kot drug, npr. mo\u0161ki, nebinaren, <strong>aspolen<\/strong>, <strong>spolno fluiden<\/strong> itd.<\/p>\n\n\n\n<h4 class=\"wp-block-heading\">Androginost<\/h4>\n\n\n\n<p>Androginost je <strong>spolni izraz<\/strong>, ki ni izklju\u010dno feminin ali izklju\u010dno maskulin, tj. ne vsebuje lastnosti, ki se tipi\u010dno dru\u017ebeno pripisujejo \u017eenskemu ali mo\u0161kemu spolu. Androginost je nezmo\u017enost pripisa <strong>binarnega spola<\/strong> in je preplet dru\u017ebenih norm spolnih izrazov razli\u010dnih spolov.<\/p>\n<\/div>\n<\/div>\n","protected":false},"excerpt":{"rendered":"<p>Spol Spol je dru\u017ebeni mehanizem in osebni identifikator, ki oblikuje na\u0161a \u017eivljenja in interakcije. Za ve\u010dino oseb se izra\u017ea v odnosu med pripisanim spolom, spolno identiteto in spolnim izrazom ter se dru\u017ebeno vrednoti skozi skladnost teh med sabo. Spolni binarizem Spolni binarizem je prepri\u010danje, da obstajata le dva spola, mo\u0161ki in \u017eenski, ki sta si [&hellip;]<\/p>\n","protected":false},"author":2,"featured_media":0,"parent":0,"menu_order":0,"comment_status":"closed","ping_status":"closed","template":"","meta":{"footnotes":""},"class_list":["post-1444","page","type-page","status-publish","hentry"],"_links":{"self":[{"href":"https:\/\/transakcija.si\/translovenija\/wp-json\/wp\/v2\/pages\/1444","targetHints":{"allow":["GET"]}}],"collection":[{"href":"https:\/\/transakcija.si\/translovenija\/wp-json\/wp\/v2\/pages"}],"about":[{"href":"https:\/\/transakcija.si\/translovenija\/wp-json\/wp\/v2\/types\/page"}],"author":[{"embeddable":true,"href":"https:\/\/transakcija.si\/translovenija\/wp-json\/wp\/v2\/users\/2"}],"replies":[{"embeddable":true,"href":"https:\/\/transakcija.si\/translovenija\/wp-json\/wp\/v2\/comments?post=1444"}],"version-history":[{"count":4,"href":"https:\/\/transakcija.si\/translovenija\/wp-json\/wp\/v2\/pages\/1444\/revisions"}],"predecessor-version":[{"id":2704,"href":"https:\/\/transakcija.si\/translovenija\/wp-json\/wp\/v2\/pages\/1444\/revisions\/2704"}],"wp:attachment":[{"href":"https:\/\/transakcija.si\/translovenija\/wp-json\/wp\/v2\/media?parent=1444"}],"curies":[{"name":"wp","href":"https:\/\/api.w.org\/{rel}","templated":true}]}}