{"id":2123,"date":"2024-09-30T23:37:31","date_gmt":"2024-09-30T23:37:31","guid":{"rendered":"https:\/\/transakcija.si\/translovenija\/?page_id=2123"},"modified":"2024-10-22T10:35:25","modified_gmt":"2024-10-22T09:35:25","slug":"trans-pravice","status":"publish","type":"page","link":"https:\/\/transakcija.si\/translovenija\/trans-pravice\/","title":{"rendered":"\u010clovekove pravice trans oseb v\u00a0Sloveniji"},"content":{"rendered":"\n<div class=\"wp-block-columns alignwide is-layout-flex wp-container-core-columns-is-layout-28f84493 wp-block-columns-is-layout-flex\">\n<div class=\"wp-block-column is-layout-flow wp-block-column-is-layout-flow\">\n<p>Spolno raznolike osebe v Sloveniji se soo\u010dajo s pomembnimi izzivi na podro\u010dju uveljavljanja svojih \u010dlovekovih pravic. Kriti\u010dna podro\u010dja vklju\u010dujejo dostop do pravne in zdravstvene oskrbe ter za\u0161\u010dito pred diskriminacijo in nasiljem. Te pravice so pogosto omejene zaradi pomanjkanja pravnih mehanizmov, dolgotrajnih birokratskih postopkov in izklju\u010dujo\u010dih dru\u017ebenih norm.<\/p>\n\n\n\n<p><strong><a href=\"https:\/\/zagovornik.si\/wp-content\/uploads\/2022\/08\/Posebno-porocilo-Polozah-transspolnih-ljudi-v-postopkih-medicinske-potrditve-spolne-identitete-in-pravnega-priznanja-spola-v-Sloveniji.pdf\">Posebno poro\u010dilo Zagovornika na\u010dela enakosti<\/a> <\/strong>iz leta 2021 pri orisu polo\u017eaja transspolnih oseb v Sloveniji&nbsp;izpostavlja klju\u010dne te\u017eave na podro\u010dju pravnega priznanja spola, dostopnosti spolno potrjujo\u010de zdravstvene oskrbe ter pogostih primerov transfobne diskriminacije. Poro\u010dilo poziva k spo\u0161tovanju mednarodnih standardov \u010dlovekovih pravic in enakih mo\u017enosti za transspolne osebe v Sloveniji.<\/p>\n\n\n\n<h4 class=\"wp-block-heading\">Pravno priznanje spola<\/h4>\n\n\n\n<p>Pravno priznanje spola opisuje postopke, s katerimi oseba podatke v svojih osebnih dokumentih uradno uskladi s svojim spolom. To obi\u010dajno vklju\u010duje uradno<strong>&nbsp;spremembo imena<\/strong>&nbsp;in&nbsp;<strong>spremembo podatka o spolu<\/strong>. V Sloveniji sta ta postopka mogo\u010da, vendar pravno priznanje spola ni ustrezno urejeno v zakonu.&nbsp;<strong>Tretja mo\u017enost<\/strong>&nbsp;podatka o spolu za nebinarne osebe ni omogo\u010dena.<\/p>\n\n\n\n<p>Ustrezen postopek spremembe podatka o spolu v osebnih dokumentih je&nbsp;<strong>hiter<\/strong>,&nbsp;<strong>preprost<\/strong>&nbsp;in&nbsp;<strong>administrativen<\/strong>, o njem pa odlo\u010da le oseba sama. Tak\u0161ne so svetovne in evropske smernice, po katerih je podro\u010dje urejeno \u017ee v 11 evropskih dr\u017eavah. V Sloveniji \u0161e ni tako, kot opozarjata tudi Zagovornik na\u010dela enakosti in Varuh \u010dlovekovih pravic.<\/p>\n\n\n\n<p>Za spremembo podatka o spolu morajo osebe v Sloveniji skozi&nbsp;<strong>obvezno psihiatri\u010dno obravnavo<\/strong>&nbsp;in pridobitev<strong>&nbsp;diagnoze du\u0161evnega zdravja<\/strong>. Tak\u0161na ureditev kr\u0161i ve\u010d \u010dlovekovih pravic, in sicer pravico do nedotakljivosti \u010dlovekove telesne in du\u0161evne celovitosti, do osebnega dostojanstva, varnosti, zdravja in zasebnosti (8. \u010dlen Evropske konvencije o \u010dlovekovih pravicah), kot tudi ni v skladu z Ustavo Republike Slovenije (51. \u010dlen URS).<\/p>\n\n\n\n<h4 class=\"wp-block-heading\">Zdravstvena oskrba trans oseb<\/h4>\n\n\n\n<p>Medicinski postopki potrditve spola za transspolne osebe so zakonsko neurejeni in popolnoma prepu\u0161\u010deni zdravstvenemu sistemu, kot v&nbsp;<a href=\"https:\/\/zagovornik.si\/wp-content\/uploads\/2022\/08\/Posebno-porocilo-Polozah-transspolnih-ljudi-v-postopkih-medicinske-potrditve-spolne-identitete-in-pravnega-priznanja-spola-v-Sloveniji.pdf\">poro\u010dilu o polo\u017eaju transspolnih oseb<\/a> iz leta 2021 opozarja tudi Zagovornik na\u010dela enakosti.&nbsp;<\/p>\n\n\n\n<p>Potrditev spola s postopki, kot so hormonska nadomestna terapija in kirur\u0161ki posegi, je v Sloveniji dostopna polnoletnim osebam in jo izvajajo strokovnjaki_nje&nbsp;<strong>Interdisciplinarnega konzilija za potrditev spolne identitete<\/strong>. Ta naj bi deloval po standardih spolno potrjujo\u010de oskrbe, ki jih izdaja mednarodna organizacija&nbsp;<strong>WPATH<\/strong>. Kljub temu trans osebe pogosto poro\u010dajo o<strong>&nbsp;visokih ravneh diskriminacije<\/strong>&nbsp;v zdravstvu.<\/p>\n\n\n\n<h4 class=\"wp-block-heading\">Transfobna diskriminacija<\/h4>\n\n\n\n<p>Slovenska zakonodaja od leta 2016 v&nbsp;<strong>Zakonu o varstvu pred diskriminacijo eksplicitno<\/strong>&nbsp;\u0161\u010diti vse osebe pred diskriminacijo na podlagi spolne identitete in spolnega izraza, vendar se transspolne osebe \u0161e vedno soo\u010dajo s \u0161tevilnimi oblikami&nbsp;<strong>diskriminacije<\/strong>.<\/p>\n\n\n\n<p>Vsaka druga transspolna oseba v Sloveniji ob\u010duti diskriminacijo na razli\u010dnih podro\u010djih \u017eivljenja. Vsaka tretja do\u017eivi diskriminacijo s strani osebja v&nbsp;<strong>zdravstvu<\/strong>&nbsp;ali&nbsp;<strong>socialnem varstvu<\/strong>. Vsaka peta do\u017eivi diskriminacijo, ko poka\u017ee&nbsp;<strong>identifikacijski dokument<\/strong>, ki vsebuje podatek o spolu.<\/p>\n\n\n\n<div class=\"wp-block-columns is-layout-flex wp-container-core-columns-is-layout-28f84493 wp-block-columns-is-layout-flex\">\n<div class=\"wp-block-column is-layout-flow wp-block-column-is-layout-flow\">\n<figure class=\"wp-block-image size-large\"><a href=\"https:\/\/transakcija.si\/translovenija\/raziskava-trans-osebe-o-svojih-izkusnjah-v-zdravstvu\/\"><img fetchpriority=\"high\" decoding=\"async\" width=\"729\" height=\"1024\" src=\"https:\/\/transakcija.si\/translovenija\/wp-content\/uploads\/2024\/10\/raziskava-zdravstvo-1-729x1024.png\" alt=\"Raziskava: Trans osebe o svojih izku\u0161njah v zdravstvu\" class=\"wp-image-2394\" srcset=\"https:\/\/transakcija.si\/translovenija\/wp-content\/uploads\/2024\/10\/raziskava-zdravstvo-1-729x1024.png 729w, https:\/\/transakcija.si\/translovenija\/wp-content\/uploads\/2024\/10\/raziskava-zdravstvo-1-213x300.png 213w, https:\/\/transakcija.si\/translovenija\/wp-content\/uploads\/2024\/10\/raziskava-zdravstvo-1.png 747w\" sizes=\"(max-width: 729px) 100vw, 729px\" \/><\/a><\/figure>\n<\/div>\n\n\n\n<div class=\"wp-block-column is-layout-flow wp-block-column-is-layout-flow\">\n<figure class=\"wp-block-image size-large\"><a href=\"https:\/\/transakcija.si\/translovenija\/2285-2\/\"><img decoding=\"async\" width=\"729\" height=\"1024\" src=\"https:\/\/transakcija.si\/translovenija\/wp-content\/uploads\/2024\/10\/media-report-1-729x1024.png\" alt=\"\" class=\"wp-image-2392\" srcset=\"https:\/\/transakcija.si\/translovenija\/wp-content\/uploads\/2024\/10\/media-report-1-729x1024.png 729w, https:\/\/transakcija.si\/translovenija\/wp-content\/uploads\/2024\/10\/media-report-1-213x300.png 213w, https:\/\/transakcija.si\/translovenija\/wp-content\/uploads\/2024\/10\/media-report-1.png 747w\" sizes=\"(max-width: 729px) 100vw, 729px\" \/><\/a><\/figure>\n<\/div>\n\n\n\n<div class=\"wp-block-column is-layout-flow wp-block-column-is-layout-flow\">\n<figure class=\"wp-block-image size-large\"><a href=\"https:\/\/zagovornik.si\/wp-content\/uploads\/2022\/08\/Posebno-porocilo-Polozah-transspolnih-ljudi-v-postopkih-medicinske-potrditve-spolne-identitete-in-pravnega-priznanja-spola-v-Sloveniji.pdf\"><img decoding=\"async\" width=\"729\" height=\"1024\" src=\"https:\/\/transakcija.si\/translovenija\/wp-content\/uploads\/2024\/10\/zagovornik-729x1024.png\" alt=\"Posebno poro\u010dilo Zagovornika na\u010dela enakosti o polo\u017eaju transspolnih ljudi v postopkih medicinske potrditve spolne identitete in pravnega priznanja spola v Sloveniji \" class=\"wp-image-2328\" srcset=\"https:\/\/transakcija.si\/translovenija\/wp-content\/uploads\/2024\/10\/zagovornik-729x1024.png 729w, https:\/\/transakcija.si\/translovenija\/wp-content\/uploads\/2024\/10\/zagovornik-213x300.png 213w, https:\/\/transakcija.si\/translovenija\/wp-content\/uploads\/2024\/10\/zagovornik.png 747w\" sizes=\"(max-width: 729px) 100vw, 729px\" \/><\/a><\/figure>\n<\/div>\n<\/div>\n<\/div>\n<\/div>\n","protected":false},"excerpt":{"rendered":"<p>Spolno raznolike osebe v Sloveniji se soo\u010dajo s pomembnimi izzivi na podro\u010dju uveljavljanja svojih \u010dlovekovih pravic. Kriti\u010dna podro\u010dja vklju\u010dujejo dostop do pravne in zdravstvene oskrbe ter za\u0161\u010dito pred diskriminacijo in nasiljem. Te pravice so pogosto omejene zaradi pomanjkanja pravnih mehanizmov, dolgotrajnih birokratskih postopkov in izklju\u010dujo\u010dih dru\u017ebenih norm. Posebno poro\u010dilo Zagovornika na\u010dela enakosti iz leta 2021 [&hellip;]<\/p>\n","protected":false},"author":2,"featured_media":0,"parent":0,"menu_order":0,"comment_status":"closed","ping_status":"closed","template":"","meta":{"footnotes":""},"class_list":["post-2123","page","type-page","status-publish","hentry"],"_links":{"self":[{"href":"https:\/\/transakcija.si\/translovenija\/wp-json\/wp\/v2\/pages\/2123","targetHints":{"allow":["GET"]}}],"collection":[{"href":"https:\/\/transakcija.si\/translovenija\/wp-json\/wp\/v2\/pages"}],"about":[{"href":"https:\/\/transakcija.si\/translovenija\/wp-json\/wp\/v2\/types\/page"}],"author":[{"embeddable":true,"href":"https:\/\/transakcija.si\/translovenija\/wp-json\/wp\/v2\/users\/2"}],"replies":[{"embeddable":true,"href":"https:\/\/transakcija.si\/translovenija\/wp-json\/wp\/v2\/comments?post=2123"}],"version-history":[{"count":15,"href":"https:\/\/transakcija.si\/translovenija\/wp-json\/wp\/v2\/pages\/2123\/revisions"}],"predecessor-version":[{"id":2692,"href":"https:\/\/transakcija.si\/translovenija\/wp-json\/wp\/v2\/pages\/2123\/revisions\/2692"}],"wp:attachment":[{"href":"https:\/\/transakcija.si\/translovenija\/wp-json\/wp\/v2\/media?parent=2123"}],"curies":[{"name":"wp","href":"https:\/\/api.w.org\/{rel}","templated":true}]}}