{"id":2153,"date":"2024-10-01T09:46:54","date_gmt":"2024-10-01T09:46:54","guid":{"rendered":"https:\/\/transakcija.si\/translovenija\/?page_id=2153"},"modified":"2024-10-22T10:08:36","modified_gmt":"2024-10-22T09:08:36","slug":"za-trans-osebe","status":"publish","type":"page","link":"https:\/\/transakcija.si\/translovenija\/za-trans-osebe\/","title":{"rendered":"za trans osebe"},"content":{"rendered":"\n<div class=\"wp-block-columns alignwide is-layout-flex wp-container-core-columns-is-layout-28f84493 wp-block-columns-is-layout-flex\">\n<div class=\"wp-block-column is-layout-flow wp-block-column-is-layout-flow\">\n<div class=\"wp-block-columns is-layout-flex wp-container-core-columns-is-layout-28f84493 wp-block-columns-is-layout-flex\">\n<div class=\"wp-block-column is-layout-flow wp-block-column-is-layout-flow\">\n<div class=\"wp-block-columns is-layout-flex wp-container-core-columns-is-layout-28f84493 wp-block-columns-is-layout-flex\">\n<div class=\"wp-block-column has-foreground-color has-quaternary-background-color has-text-color has-background is-layout-flow wp-block-column-is-layout-flow\">\n<div class=\"wp-block-group has-quaternary-background-color has-background is-layout-flow wp-container-core-group-is-layout-e0ea0936 wp-block-group-is-layout-flow\" style=\"margin-top:0px;margin-bottom:0px\">\n<h6 class=\"wp-block-heading has-text-align-left\" id=\"my-story\" style=\"line-height:1\"><a href=\"https:\/\/transakcija.si\/translovenija\/plac-zate\/\" data-type=\"page\" data-id=\"2158\">Plac zate<\/a><\/h6>\n\n\n\n<p class=\"has-text-align-left has-small-font-size\"><strong>Plac zate<\/strong>&nbsp;ob petkih med 14:00 in 18:00 nudi varen prostor in dru\u017ebo trans oseb.<\/p>\n\n\n\n<div class=\"wp-block-buttons is-layout-flex wp-block-buttons-is-layout-flex\">\n<div class=\"wp-block-button has-custom-font-size has-tiny-font-size\"><a class=\"wp-block-button__link has-foreground-background-color has-background wp-element-button\" href=\"https:\/\/transakcija.si\/translovenija\/plac-zate\/\">Ve\u010d<\/a><\/div>\n\n\n\n<div class=\"wp-block-button has-custom-font-size has-tiny-font-size\"><a class=\"wp-block-button__link has-foreground-background-color has-background wp-element-button\" href=\"mailto:info@transakcija.si\">Kontakt<\/a><\/div>\n<\/div>\n<\/div>\n<\/div>\n\n\n\n<div class=\"wp-block-column has-foreground-color has-quaternary-background-color has-text-color has-background is-layout-flow wp-block-column-is-layout-flow\">\n<div class=\"wp-block-group has-quaternary-background-color has-background is-layout-flow wp-container-core-group-is-layout-e0ea0936 wp-block-group-is-layout-flow\" style=\"margin-top:0px;margin-bottom:0px\">\n<h6 class=\"wp-block-heading has-text-align-left\" id=\"my-story\" style=\"line-height:1\"><a href=\"https:\/\/transakcija.si\/translovenija\/binder-shema\/\" data-type=\"page\" data-id=\"2160\">Binder shema<\/a><\/h6>\n\n\n\n<p class=\"has-text-align-left has-small-font-size\"><strong>Binder shema<\/strong>&nbsp;omogo\u010da binderje za trans osebe vseh spolnih identitet.<\/p>\n\n\n\n<div class=\"wp-block-buttons is-layout-flex wp-block-buttons-is-layout-flex\">\n<div class=\"wp-block-button has-custom-font-size has-tiny-font-size\"><a class=\"wp-block-button__link has-foreground-background-color has-background wp-element-button\" href=\"https:\/\/transakcija.si\/translovenija\/binder-shema\/\">Ve\u010d<\/a><\/div>\n\n\n\n<div class=\"wp-block-button has-custom-font-size has-tiny-font-size\"><a class=\"wp-block-button__link has-foreground-background-color has-background wp-element-button\" href=\"mailto:nuka@transakcija.si\">Kontakt<\/a><\/div>\n<\/div>\n<\/div>\n<\/div>\n<\/div>\n<\/div>\n\n\n\n<div class=\"wp-block-column is-layout-flow wp-block-column-is-layout-flow\">\n<div class=\"wp-block-columns is-layout-flex wp-container-core-columns-is-layout-28f84493 wp-block-columns-is-layout-flex\">\n<div class=\"wp-block-column has-foreground-color has-quaternary-background-color has-text-color has-background is-layout-flow wp-block-column-is-layout-flow\">\n<div class=\"wp-block-group has-quaternary-background-color has-background is-layout-flow wp-container-core-group-is-layout-e0ea0936 wp-block-group-is-layout-flow\" style=\"margin-top:0px;margin-bottom:0px\">\n<h6 class=\"wp-block-heading has-text-align-left\" id=\"my-story\" style=\"line-height:1\"><a href=\"https:\/\/transakcija.si\/translovenija\/svetovanje-in-psiholoska-podpora\/\" data-type=\"page\" data-id=\"2165\">Svetovanje in podpora<\/a><\/h6>\n\n\n\n<p class=\"has-text-align-left has-small-font-size\">Trans osebam omogo\u010damo zastonj<strong> <\/strong><a href=\"https:\/\/transakcija.si\/translovenija\/svetovanje-in-psiholoska-podpora\/\" data-type=\"page\" data-id=\"2165\"><strong>svetovanja<\/strong> <strong>in psiholo\u0161ko podporo<\/strong><\/a>.<\/p>\n\n\n\n<div class=\"wp-block-buttons is-layout-flex wp-block-buttons-is-layout-flex\">\n<div class=\"wp-block-button has-custom-font-size has-tiny-font-size\"><a class=\"wp-block-button__link has-foreground-background-color has-background wp-element-button\" href=\"https:\/\/transakcija.si\/translovenija\/svetovanje-in-psiholoska-podpora\/\">Ve\u010d<\/a><\/div>\n\n\n\n<div class=\"wp-block-button has-custom-font-size has-tiny-font-size\"><a class=\"wp-block-button__link has-foreground-background-color has-background wp-element-button\" href=\"mailto:infotransakcija.si\">Kontakt<\/a><\/div>\n<\/div>\n<\/div>\n<\/div>\n\n\n\n<div class=\"wp-block-column has-foreground-color has-quaternary-background-color has-text-color has-background is-layout-flow wp-block-column-is-layout-flow\">\n<div class=\"wp-block-group has-quaternary-background-color has-background is-layout-flow wp-container-core-group-is-layout-e0ea0936 wp-block-group-is-layout-flow\" style=\"margin-top:0px;margin-bottom:0px\">\n<h6 class=\"wp-block-heading has-text-align-left\" id=\"my-story\" style=\"line-height:1\"><a href=\"https:\/\/transakcija.si\/translovenija\/transmsn\/\" data-type=\"page\" data-id=\"1286\">transMSN<\/a><\/h6>\n\n\n\n<p class=\"has-text-align-left has-small-font-size\"><strong>transMSN<\/strong>&nbsp;je anonimna pogovorna storitev za trans osebe. Vsak petek na Instagramu.<\/p>\n\n\n\n<div class=\"wp-block-buttons is-layout-flex wp-block-buttons-is-layout-flex\">\n<div class=\"wp-block-button has-custom-font-size has-tiny-font-size\"><a class=\"wp-block-button__link has-foreground-background-color has-background wp-element-button\" href=\"https:\/\/transakcija.si\/translovenija\/transmsn\/\">Ve\u010d<\/a><\/div>\n\n\n\n<div class=\"wp-block-button has-custom-font-size has-tiny-font-size\"><a class=\"wp-block-button__link has-foreground-background-color has-background wp-element-button\" href=\"http:\/\/instagram.com\/transakcija\">Instagram<\/a><\/div>\n<\/div>\n<\/div>\n<\/div>\n<\/div>\n<\/div>\n<\/div>\n<\/div>\n<\/div>\n\n\n\n<div class=\"wp-block-columns alignwide is-layout-flex wp-container-core-columns-is-layout-28f84493 wp-block-columns-is-layout-flex\">\n<div class=\"wp-block-column is-layout-flow wp-block-column-is-layout-flow\">\n<h4 class=\"wp-block-heading\">Mese\u010dni program<\/h4>\n\n\n<div class=\"r34ics-ajax-container loading\" id=\"r69ded1c8c8e3373\" data-view=\"month\" data-view-is-list-style=\"0\" data-view-is-list-long=\"0\" data-args=\"{&quot;ajax&quot;:&quot;1&quot;,&quot;arrayonly&quot;:null,&quot;attach&quot;:&quot;&quot;,&quot;basicauth&quot;:null,&quot;color&quot;:&quot;&quot;,&quot;columnlabels&quot;:&quot;&quot;,&quot;combinemultiday&quot;:null,&quot;compact&quot;:false,&quot;count&quot;:0,&quot;curlopts&quot;:false,&quot;customoptions&quot;:[&quot;&quot;],&quot;debug&quot;:null,&quot;description&quot;:false,&quot;eventdesc&quot;:1,&quot;eventdl&quot;:false,&quot;eventlocaltime&quot;:null,&quot;extendmultiday&quot;:&quot;&quot;,&quot;feedlabel&quot;:&quot;&quot;,&quot;feedlabelindesc&quot;:false,&quot;fixredundantuids&quot;:null,&quot;format&quot;:&quot;&quot;,&quot;formatmonthyear&quot;:&quot;F Y&quot;,&quot;fulldateintable&quot;:null,&quot;guid&quot;:&quot;r69ded1c8c8e3373&quot;,&quot;guid_static&quot;:&quot;&quot;,&quot;htmltagdate&quot;:&quot;h4&quot;,&quot;htmltageventdesc&quot;:&quot;div&quot;,&quot;htmltageventtitle&quot;:&quot;span&quot;,&quot;htmltagmonth&quot;:&quot;h3&quot;,&quot;htmltagtime&quot;:&quot;span&quot;,&quot;htmltagtitle&quot;:&quot;h2&quot;,&quot;hidealldayindicator&quot;:null,&quot;hidecancelledevents&quot;:null,&quot;hideprivateevents&quot;:null,&quot;hidetentativeevents&quot;:null,&quot;hiderecurrence&quot;:true,&quot;hidetimes&quot;:null,&quot;legacyparser&quot;:null,&quot;legendinline&quot;:false,&quot;legendposition&quot;:null,&quot;legendstyle&quot;:null,&quot;limitdays&quot;:150,&quot;limitdayscustom&quot;:true,&quot;linebreakfix&quot;:null,&quot;linktitles&quot;:true,&quot;location&quot;:true,&quot;mapsource&quot;:&quot;google&quot;,&quot;maskinfo&quot;:false,&quot;method&quot;:false,&quot;monthnav&quot;:&quot;arrows&quot;,&quot;nolink&quot;:null,&quot;nomobile&quot;:null,&quot;nomonthheaders&quot;:null,&quot;nostyle&quot;:null,&quot;organizer&quot;:true,&quot;pagination&quot;:null,&quot;paginationposition&quot;:null,&quot;pastdays&quot;:90,&quot;reload&quot;:0,&quot;resources&quot;:null,&quot;reverse&quot;:false,&quot;sametab&quot;:&quot;local&quot;,&quot;showendtimes&quot;:true,&quot;skip&quot;:0,&quot;skipdomainerrors&quot;:null,&quot;skiprecurrence&quot;:null,&quot;solidcolors&quot;:null,&quot;startdate&quot;:0,&quot;startdate_static&quot;:&quot;&quot;,&quot;stickymonths&quot;:true,&quot;tablebg&quot;:&quot;&quot;,&quot;timeformat&quot;:&quot;H:i&quot;,&quot;title&quot;:false,&quot;toggle&quot;:null,&quot;tz&quot;:&quot;&quot;,&quot;url&quot;:&quot;r34ics-url-670f64d1998644.16194828&quot;,&quot;view&quot;:&quot;month&quot;,&quot;weeknumbers&quot;:null,&quot;whitetext&quot;:null}\">&nbsp;<\/div>\n\n\n\n<div class=\"wp-block-columns is-layout-flex wp-container-core-columns-is-layout-28f84493 wp-block-columns-is-layout-flex\">\n<div class=\"wp-block-column is-layout-flow wp-block-column-is-layout-flow\">\n<h4 class=\"wp-block-heading\">Skupnostni zini<\/h4>\n\n\n\n<div class=\"wp-block-columns is-layout-flex wp-container-core-columns-is-layout-28f84493 wp-block-columns-is-layout-flex\">\n<div class=\"wp-block-column is-layout-flow wp-block-column-is-layout-flow\">\n<figure class=\"wp-block-image size-large\"><a href=\"https:\/\/transakcija.si\/translovenija\/zin-t45678t\/\"><img fetchpriority=\"high\" decoding=\"async\" width=\"729\" height=\"1024\" src=\"https:\/\/transakcija.si\/translovenija\/wp-content\/uploads\/2024\/10\/zin-t45678t-729x1024.png\" alt=\"T45678T: Zin o trans ljubezni\" class=\"wp-image-2321\" srcset=\"https:\/\/transakcija.si\/translovenija\/wp-content\/uploads\/2024\/10\/zin-t45678t-729x1024.png 729w, https:\/\/transakcija.si\/translovenija\/wp-content\/uploads\/2024\/10\/zin-t45678t-213x300.png 213w, https:\/\/transakcija.si\/translovenija\/wp-content\/uploads\/2024\/10\/zin-t45678t.png 747w\" sizes=\"(max-width: 729px) 100vw, 729px\" \/><\/a><\/figure>\n<\/div>\n\n\n\n<div class=\"wp-block-column is-layout-flow wp-block-column-is-layout-flow\">\n<figure class=\"wp-block-image size-large\"><a href=\"https:\/\/transakcija.si\/translovenija\/nebinarni-zin\/\"><img decoding=\"async\" width=\"729\" height=\"1024\" src=\"https:\/\/transakcija.si\/translovenija\/wp-content\/uploads\/2024\/10\/image-242-729x1024.png\" alt=\"\" class=\"wp-image-2323\" srcset=\"https:\/\/transakcija.si\/translovenija\/wp-content\/uploads\/2024\/10\/image-242-729x1024.png 729w, https:\/\/transakcija.si\/translovenija\/wp-content\/uploads\/2024\/10\/image-242-213x300.png 213w, https:\/\/transakcija.si\/translovenija\/wp-content\/uploads\/2024\/10\/image-242.png 747w\" sizes=\"(max-width: 729px) 100vw, 729px\" \/><\/a><\/figure>\n<\/div>\n<\/div>\n<\/div>\n\n\n\n<div class=\"wp-block-column is-layout-flow wp-block-column-is-layout-flow\">\n<h4 class=\"wp-block-heading\">Priro\u010dniki in orodja<\/h4>\n\n\n\n<div class=\"wp-block-columns is-layout-flex wp-container-core-columns-is-layout-28f84493 wp-block-columns-is-layout-flex\">\n<div class=\"wp-block-column is-layout-flow wp-block-column-is-layout-flow\">\n<figure class=\"wp-block-image size-large\"><a href=\"https:\/\/transakcija.si\/translovenija\/prirocnik-o-tranziciji\/\"><img decoding=\"async\" width=\"729\" height=\"1024\" src=\"https:\/\/transakcija.si\/translovenija\/wp-content\/uploads\/2024\/10\/prirocnik-tranzicija-1-729x1024.png\" alt=\"Tranzicija 101: Priro\u010dnik o tranziciji za trans osebe\" class=\"wp-image-2393\" srcset=\"https:\/\/transakcija.si\/translovenija\/wp-content\/uploads\/2024\/10\/prirocnik-tranzicija-1-729x1024.png 729w, https:\/\/transakcija.si\/translovenija\/wp-content\/uploads\/2024\/10\/prirocnik-tranzicija-1-213x300.png 213w, https:\/\/transakcija.si\/translovenija\/wp-content\/uploads\/2024\/10\/prirocnik-tranzicija-1.png 747w\" sizes=\"(max-width: 729px) 100vw, 729px\" \/><\/a><\/figure>\n<\/div>\n\n\n\n<div class=\"wp-block-column is-layout-flow wp-block-column-is-layout-flow\">\n<figure class=\"wp-block-image size-large\"><a href=\"https:\/\/transakcija.si\/translovenija\/mini-zin-mitov-o-medicinski-tranziciji\/\"><img loading=\"lazy\" decoding=\"async\" width=\"728\" height=\"1024\" src=\"https:\/\/transakcija.si\/translovenija\/wp-content\/uploads\/2024\/10\/minizin-1-728x1024.png\" alt=\"\" class=\"wp-image-2508\" srcset=\"https:\/\/transakcija.si\/translovenija\/wp-content\/uploads\/2024\/10\/minizin-1-728x1024.png 728w, https:\/\/transakcija.si\/translovenija\/wp-content\/uploads\/2024\/10\/minizin-1-213x300.png 213w, https:\/\/transakcija.si\/translovenija\/wp-content\/uploads\/2024\/10\/minizin-1-768x1081.png 768w, https:\/\/transakcija.si\/translovenija\/wp-content\/uploads\/2024\/10\/minizin-1.png 995w\" sizes=\"(max-width: 728px) 100vw, 728px\" \/><\/a><\/figure>\n<\/div>\n<\/div>\n<\/div>\n<\/div>\n\n\n\n<p><strong><a href=\"https:\/\/transakcija.si\/translovenija\/publikacije\/\" data-type=\"page\" data-id=\"2141\">Vse publikacije<\/a><\/strong><\/p>\n<\/div>\n<\/div>\n","protected":false},"excerpt":{"rendered":"<p>Plac zate Plac zate&nbsp;ob petkih med 14:00 in 18:00 nudi varen prostor in dru\u017ebo trans oseb. Binder shema Binder shema&nbsp;omogo\u010da binderje za trans osebe vseh spolnih identitet. Svetovanje in podpora Trans osebam omogo\u010damo zastonj svetovanja in psiholo\u0161ko podporo. transMSN transMSN&nbsp;je anonimna pogovorna storitev za trans osebe. Vsak petek na Instagramu. Mese\u010dni program Skupnostni zini Priro\u010dniki [&hellip;]<\/p>\n","protected":false},"author":2,"featured_media":0,"parent":0,"menu_order":0,"comment_status":"closed","ping_status":"closed","template":"","meta":{"footnotes":""},"class_list":["post-2153","page","type-page","status-publish","hentry"],"_links":{"self":[{"href":"https:\/\/transakcija.si\/translovenija\/wp-json\/wp\/v2\/pages\/2153","targetHints":{"allow":["GET"]}}],"collection":[{"href":"https:\/\/transakcija.si\/translovenija\/wp-json\/wp\/v2\/pages"}],"about":[{"href":"https:\/\/transakcija.si\/translovenija\/wp-json\/wp\/v2\/types\/page"}],"author":[{"embeddable":true,"href":"https:\/\/transakcija.si\/translovenija\/wp-json\/wp\/v2\/users\/2"}],"replies":[{"embeddable":true,"href":"https:\/\/transakcija.si\/translovenija\/wp-json\/wp\/v2\/comments?post=2153"}],"version-history":[{"count":26,"href":"https:\/\/transakcija.si\/translovenija\/wp-json\/wp\/v2\/pages\/2153\/revisions"}],"predecessor-version":[{"id":2685,"href":"https:\/\/transakcija.si\/translovenija\/wp-json\/wp\/v2\/pages\/2153\/revisions\/2685"}],"wp:attachment":[{"href":"https:\/\/transakcija.si\/translovenija\/wp-json\/wp\/v2\/media?parent=2153"}],"curies":[{"name":"wp","href":"https:\/\/api.w.org\/{rel}","templated":true}]}}