{"id":2158,"date":"2024-10-01T20:52:16","date_gmt":"2024-10-01T20:52:16","guid":{"rendered":"https:\/\/transakcija.si\/translovenija\/?page_id=2158"},"modified":"2024-10-05T00:42:01","modified_gmt":"2024-10-05T00:42:01","slug":"plac-zate","status":"publish","type":"page","link":"https:\/\/transakcija.si\/translovenija\/plac-zate\/","title":{"rendered":"#plac zate"},"content":{"rendered":"\n<div class=\"wp-block-columns alignwide is-layout-flex wp-container-core-columns-is-layout-28f84493 wp-block-columns-is-layout-flex\">\n<div class=\"wp-block-column is-layout-flow wp-block-column-is-layout-flow\">\n<p><strong>Plac zate<\/strong>&nbsp;je odprt prostor za vse trans in kvir osebe, ki jih zanima pre\u017eivljanje \u010dasa v dru\u017ebi drugih LGBTIQ+ oseb. Plac zate je namenjen osebam vseh starosti, spolnih identitet, usmerjenosti in izrazov ter drugih osebnih okoli\u0161\u010din.<\/p>\n\n\n\n<p>Plac zate je odprt<strong>&nbsp;vsak petek med 14. in 18. uro<\/strong>&nbsp;v prostorih TransAkcije na naslovu&nbsp;<strong>Trg prekomorskih brigad 1<\/strong> (soba 317). Za ve\u010d informacij in podrobnej\u0161i urnik nam lahko pi\u0161e\u0161 preko maila ali instagrama.<\/p>\n\n\n\n<h4 class=\"wp-block-heading\">Kaj vse ponuja Plac zate?<\/h4>\n\n\n\n<div class=\"wp-block-columns is-layout-flex wp-container-core-columns-is-layout-28f84493 wp-block-columns-is-layout-flex\">\n<div class=\"wp-block-column is-layout-flow wp-block-column-is-layout-flow\">\n<ul class=\"wp-block-list\">\n<li>Info o ponudbi storitev za trans osebe v Sloveniji<\/li>\n\n\n\n<li>Info o tranziciji, menjavi dokumentov, coming outu<\/li>\n\n\n\n<li>Info o bindanju in mo\u017enost pridobitve binderja<\/li>\n\n\n\n<li>Info o LGBT+ aktivnostih in dogodkih v Sloveniji<\/li>\n<\/ul>\n<\/div>\n\n\n\n<div class=\"wp-block-column is-layout-flow wp-block-column-is-layout-flow\">\n<ul class=\"wp-block-list\">\n<li>Branje ali izposoja LGBT+ knjig in zinov iz knji\u017enice<\/li>\n\n\n\n<li>Zastonj LGBT+ publikacije, nalepke, zna\u010dke, letaki<\/li>\n\n\n\n<li>Pogovor z drugimi trans osebami o svoji izku\u0161nji<\/li>\n\n\n\n<li>Varen prostor, kjer si lahko, kdor si<\/li>\n<\/ul>\n<\/div>\n<\/div>\n\n\n\n<h4 class=\"wp-block-heading\">Druge storitve za trans osebe<\/h4>\n\n\n\n<div class=\"wp-block-buttons is-layout-flex wp-block-buttons-is-layout-flex\">\n<div class=\"wp-block-button\"><a class=\"wp-block-button__link wp-element-button\" href=\"https:\/\/transakcija.si\/translovenija\/binder-shema\/\">Binder shema<\/a><\/div>\n\n\n\n<div class=\"wp-block-button\"><a class=\"wp-block-button__link wp-element-button\" href=\"https:\/\/transakcija.si\/translovenija\/svetovanje-in-psiholoska-podpora\/\">Svetovanja in psiholo\u0161ka podpora<\/a><\/div>\n\n\n\n<div class=\"wp-block-button\"><a class=\"wp-block-button__link wp-element-button\" href=\"https:\/\/transakcija.si\/translovenija\/transmsn\/\">transMSN<\/a><\/div>\n<\/div>\n<\/div>\n<\/div>\n","protected":false},"excerpt":{"rendered":"<p>Plac zate&nbsp;je odprt prostor za vse trans in kvir osebe, ki jih zanima pre\u017eivljanje \u010dasa v dru\u017ebi drugih LGBTIQ+ oseb. Plac zate je namenjen osebam vseh starosti, spolnih identitet, usmerjenosti in izrazov ter drugih osebnih okoli\u0161\u010din. Plac zate je odprt&nbsp;vsak petek med 14. in 18. uro&nbsp;v prostorih TransAkcije na naslovu&nbsp;Trg prekomorskih brigad 1 (soba 317). [&hellip;]<\/p>\n","protected":false},"author":2,"featured_media":0,"parent":0,"menu_order":0,"comment_status":"closed","ping_status":"closed","template":"","meta":{"footnotes":""},"class_list":["post-2158","page","type-page","status-publish","hentry"],"_links":{"self":[{"href":"https:\/\/transakcija.si\/translovenija\/wp-json\/wp\/v2\/pages\/2158","targetHints":{"allow":["GET"]}}],"collection":[{"href":"https:\/\/transakcija.si\/translovenija\/wp-json\/wp\/v2\/pages"}],"about":[{"href":"https:\/\/transakcija.si\/translovenija\/wp-json\/wp\/v2\/types\/page"}],"author":[{"embeddable":true,"href":"https:\/\/transakcija.si\/translovenija\/wp-json\/wp\/v2\/users\/2"}],"replies":[{"embeddable":true,"href":"https:\/\/transakcija.si\/translovenija\/wp-json\/wp\/v2\/comments?post=2158"}],"version-history":[{"count":4,"href":"https:\/\/transakcija.si\/translovenija\/wp-json\/wp\/v2\/pages\/2158\/revisions"}],"predecessor-version":[{"id":2386,"href":"https:\/\/transakcija.si\/translovenija\/wp-json\/wp\/v2\/pages\/2158\/revisions\/2386"}],"wp:attachment":[{"href":"https:\/\/transakcija.si\/translovenija\/wp-json\/wp\/v2\/media?parent=2158"}],"curies":[{"name":"wp","href":"https:\/\/api.w.org\/{rel}","templated":true}]}}