{"id":2160,"date":"2024-10-01T20:59:00","date_gmt":"2024-10-01T20:59:00","guid":{"rendered":"https:\/\/transakcija.si\/translovenija\/?page_id=2160"},"modified":"2024-10-05T00:42:07","modified_gmt":"2024-10-05T00:42:07","slug":"binder-shema","status":"publish","type":"page","link":"https:\/\/transakcija.si\/translovenija\/binder-shema\/","title":{"rendered":"#binder shema"},"content":{"rendered":"\n<div class=\"wp-block-columns alignwide is-layout-flex wp-container-core-columns-is-layout-28f84493 wp-block-columns-is-layout-flex\">\n<div class=\"wp-block-column is-layout-flow wp-block-column-is-layout-flow\">\n<p>Namen&nbsp;<strong>binder sheme<\/strong>&nbsp;je preprost: \u010dim ve\u010d osebam, ki potrebujejo binder, ga \u017eelimo na dostopen, \u010dim hitrej\u0161i in \u010dim varnej\u0161i na\u010din tudi zagotoviti. Binder shemo nam pomagata omogo\u010dati ponudnika varnih binderjev&nbsp;<strong>GC2B<\/strong>&nbsp;in<strong>&nbsp;Spectrum Outfitters<\/strong>.<\/p>\n\n\n\n<p>Shema deluje po principu skupne solidarnosti. Vsaka oseba sama oceni svoje finan\u010dne zmo\u017enosti in se na podlagi tega odlo\u010di za nakup preko sheme, brezpla\u010dno pridobitev binderja, ali pa donacijo binderja oz. sredstev za nakup.<\/p>\n\n\n\n<h4 class=\"wp-block-heading\">Kako do binderja preko sheme?<\/h4>\n\n\n\n<p>Za pridobitev binderja preko sheme nam pi\u0161i na <a href=\"mailto:nuka@transakcija.si\"><strong>nuka@transakcija.si<\/strong><\/a> ali pa spremljaj na\u0161a socialna omre\u017eja za informacije o skupinskih naro\u010dilih. <\/p>\n\n\n\n<div class=\"wp-block-columns is-layout-flex wp-container-core-columns-is-layout-28f84493 wp-block-columns-is-layout-flex\">\n<div class=\"wp-block-column is-layout-flow wp-block-column-is-layout-flow\">\n<p><strong>Brezpla\u010dna pridobitev binderja<\/strong>&nbsp;je na voljo za vse osebe, ki si ne morejo privo\u0161\u010diti nakupa varnega binderja. V na\u0161ih prostorih si lahko binderje tudi ogleda\u0161 in se prepri\u010da\u0161 o pravi velikosti zase.<\/p>\n<\/div>\n\n\n\n<div class=\"wp-block-column is-layout-flow wp-block-column-is-layout-flow\">\n<p><strong>Nakup binderja preko sheme<\/strong>&nbsp;je na voljo vsem, ki nimajo kreditne kartice za nakup preko spleta, ali naslova za varno dostavo. Binderje naro\u010damo do 3x letno in pri tem krijemo tudi stro\u0161ke dostave.<\/p>\n<\/div>\n\n\n\n<div class=\"wp-block-column is-layout-flow wp-block-column-is-layout-flow\">\n<p><strong>Donacija<\/strong>&nbsp;ali&nbsp;<strong>menjava binderja<\/strong>&nbsp;je omogo\u010dena za osebe, ki jim star binder ni ve\u010d prav ali ga ne potrebujejo. Donacije binderjev nam omogo\u010dajo \u0161ir\u0161o ponudbo binderjev za vse, ki si ga ne morejo privo\u0161\u010diti.<\/p>\n<\/div>\n<\/div>\n\n\n\n<h4 class=\"wp-block-heading\">Druge storitve za trans osebe<\/h4>\n\n\n\n<div class=\"wp-block-buttons is-layout-flex wp-block-buttons-is-layout-flex\">\n<div class=\"wp-block-button\"><a class=\"wp-block-button__link wp-element-button\" href=\"https:\/\/transakcija.si\/translovenija\/plac-zate\/\">Plac zate<\/a><\/div>\n\n\n\n<div class=\"wp-block-button\"><a class=\"wp-block-button__link wp-element-button\" href=\"https:\/\/transakcija.si\/translovenija\/svetovanje-in-psiholoska-podpora\/\">Svetovanja in psiholo\u0161ka podpora<\/a><\/div>\n\n\n\n<div class=\"wp-block-button\"><a class=\"wp-block-button__link wp-element-button\" href=\"https:\/\/transakcija.si\/translovenija\/transmsn\/\">transMSN<\/a><\/div>\n<\/div>\n<\/div>\n<\/div>\n","protected":false},"excerpt":{"rendered":"<p>Namen&nbsp;binder sheme&nbsp;je preprost: \u010dim ve\u010d osebam, ki potrebujejo binder, ga \u017eelimo na dostopen, \u010dim hitrej\u0161i in \u010dim varnej\u0161i na\u010din tudi zagotoviti. Binder shemo nam pomagata omogo\u010dati ponudnika varnih binderjev&nbsp;GC2B&nbsp;in&nbsp;Spectrum Outfitters. Shema deluje po principu skupne solidarnosti. Vsaka oseba sama oceni svoje finan\u010dne zmo\u017enosti in se na podlagi tega odlo\u010di za nakup preko sheme, brezpla\u010dno pridobitev [&hellip;]<\/p>\n","protected":false},"author":2,"featured_media":0,"parent":0,"menu_order":0,"comment_status":"closed","ping_status":"closed","template":"","meta":{"footnotes":""},"class_list":["post-2160","page","type-page","status-publish","hentry"],"_links":{"self":[{"href":"https:\/\/transakcija.si\/translovenija\/wp-json\/wp\/v2\/pages\/2160","targetHints":{"allow":["GET"]}}],"collection":[{"href":"https:\/\/transakcija.si\/translovenija\/wp-json\/wp\/v2\/pages"}],"about":[{"href":"https:\/\/transakcija.si\/translovenija\/wp-json\/wp\/v2\/types\/page"}],"author":[{"embeddable":true,"href":"https:\/\/transakcija.si\/translovenija\/wp-json\/wp\/v2\/users\/2"}],"replies":[{"embeddable":true,"href":"https:\/\/transakcija.si\/translovenija\/wp-json\/wp\/v2\/comments?post=2160"}],"version-history":[{"count":4,"href":"https:\/\/transakcija.si\/translovenija\/wp-json\/wp\/v2\/pages\/2160\/revisions"}],"predecessor-version":[{"id":2387,"href":"https:\/\/transakcija.si\/translovenija\/wp-json\/wp\/v2\/pages\/2160\/revisions\/2387"}],"wp:attachment":[{"href":"https:\/\/transakcija.si\/translovenija\/wp-json\/wp\/v2\/media?parent=2160"}],"curies":[{"name":"wp","href":"https:\/\/api.w.org\/{rel}","templated":true}]}}