{"id":2165,"date":"2024-10-01T21:12:49","date_gmt":"2024-10-01T21:12:49","guid":{"rendered":"https:\/\/transakcija.si\/translovenija\/?page_id=2165"},"modified":"2024-10-05T00:42:21","modified_gmt":"2024-10-05T00:42:21","slug":"svetovanje-in-psiholoska-podpora","status":"publish","type":"page","link":"https:\/\/transakcija.si\/translovenija\/svetovanje-in-psiholoska-podpora\/","title":{"rendered":"svetovanje in psiholo\u0161ka podpora"},"content":{"rendered":"\n<div class=\"wp-block-columns alignwide is-layout-flex wp-container-core-columns-is-layout-28f84493 wp-block-columns-is-layout-flex\">\n<div class=\"wp-block-column is-layout-flow wp-block-column-is-layout-flow\">\n<p>Brezpla\u010dno&nbsp;<strong>medvrstni\u0161ko svetovanje<\/strong>&nbsp;in&nbsp;<strong>psiholo\u0161ka podpora<\/strong>&nbsp;za trans osebe in njihove bli\u017enje ponujata mo\u017enosti pogovora o spolni identiteti ali izrazu, kot tudi pridobitev informacij o temah, kot so tranzicija, urejanje dokumentov, aktivnosti in storitve za LGBTIQ+ osebe itd.<\/p>\n\n\n\n<h4 class=\"wp-block-heading\">Oblike svetovanj in podpore<\/h4>\n\n\n\n<div class=\"wp-block-columns is-layout-flex wp-container-core-columns-is-layout-28f84493 wp-block-columns-is-layout-flex\">\n<div class=\"wp-block-column is-layout-flow wp-block-column-is-layout-flow\">\n<p><strong>Informativna svetovanja<\/strong>&nbsp;za trans osebe in njihove bli\u017enje izvajata Neo Nova (on_a) in Nuka Horvat (on) v \u017eivo, preko videoklica in dopisno preko e-po\u0161te.<\/p>\n\n\n\n<p>S svojim sporo\u010dilom ali poizvedbo o mo\u017enih terminih nam pi\u0161i na <a href=\"mailto:info@transakcija.si\">info@transakcija.si<\/a>.<\/p>\n<\/div>\n\n\n\n<div class=\"wp-block-column is-layout-flow wp-block-column-is-layout-flow\">\n<p><strong>Psiholo\u0161ko podporo<\/strong>&nbsp;za transspolne osebe v stiski izvaja mag. psih. Benyamin Yuu Logar (on) v \u017eivo, preko videoklica ali dopisno preko e-po\u0161te.<\/p>\n\n\n\n<p>S svojim sporo\u010dilom ali poizvedbo o mo\u017enih terminih pi\u0161i Benyaminu na <a href=\"mailto:info@transakcija.si\">benyamin.yuu@transakcija.si<\/a>.<\/p>\n<\/div>\n<\/div>\n\n\n\n<h4 class=\"wp-block-heading\">Samopla\u010dni\u0161ke storitve<\/h4>\n\n\n\n<p>Trans osebam, ki jih zanima&nbsp;<strong>samopla\u010dni\u0161ka psihoterapija<\/strong>, zaradi vklju\u010dujo\u010dih praks pri delu s transspolnimi in spolno raznolikimi osebami priporo\u010damo tudi obisk pri&nbsp;<strong>Barici Blenku\u0161<\/strong>, specializantki transakcijske analize.&nbsp;<a href=\"https:\/\/www.psihoterapija-psihoterapevt.si\/\">Spletna stran<\/a><\/p>\n\n\n\n<h4 class=\"wp-block-heading\">Druge storitve za trans osebe<\/h4>\n\n\n\n<div class=\"wp-block-buttons is-layout-flex wp-block-buttons-is-layout-flex\">\n<div class=\"wp-block-button\"><a class=\"wp-block-button__link wp-element-button\" href=\"https:\/\/transakcija.si\/translovenija\/plac-zate\/\">Plac zate<\/a><\/div>\n\n\n\n<div class=\"wp-block-button\"><a class=\"wp-block-button__link wp-element-button\" href=\"https:\/\/transakcija.si\/translovenija\/binder-shema\/\">Binder shema<\/a><\/div>\n\n\n\n<div class=\"wp-block-button\"><a class=\"wp-block-button__link wp-element-button\" href=\"https:\/\/transakcija.si\/translovenija\/transmsn\/\">transMSN<\/a><\/div>\n<\/div>\n<\/div>\n<\/div>\n","protected":false},"excerpt":{"rendered":"<p>Brezpla\u010dno&nbsp;medvrstni\u0161ko svetovanje&nbsp;in&nbsp;psiholo\u0161ka podpora&nbsp;za trans osebe in njihove bli\u017enje ponujata mo\u017enosti pogovora o spolni identiteti ali izrazu, kot tudi pridobitev informacij o temah, kot so tranzicija, urejanje dokumentov, aktivnosti in storitve za LGBTIQ+ osebe itd. Oblike svetovanj in podpore Informativna svetovanja&nbsp;za trans osebe in njihove bli\u017enje izvajata Neo Nova (on_a) in Nuka Horvat (on) v \u017eivo, [&hellip;]<\/p>\n","protected":false},"author":2,"featured_media":0,"parent":0,"menu_order":0,"comment_status":"closed","ping_status":"closed","template":"","meta":{"footnotes":""},"class_list":["post-2165","page","type-page","status-publish","hentry"],"_links":{"self":[{"href":"https:\/\/transakcija.si\/translovenija\/wp-json\/wp\/v2\/pages\/2165","targetHints":{"allow":["GET"]}}],"collection":[{"href":"https:\/\/transakcija.si\/translovenija\/wp-json\/wp\/v2\/pages"}],"about":[{"href":"https:\/\/transakcija.si\/translovenija\/wp-json\/wp\/v2\/types\/page"}],"author":[{"embeddable":true,"href":"https:\/\/transakcija.si\/translovenija\/wp-json\/wp\/v2\/users\/2"}],"replies":[{"embeddable":true,"href":"https:\/\/transakcija.si\/translovenija\/wp-json\/wp\/v2\/comments?post=2165"}],"version-history":[{"count":3,"href":"https:\/\/transakcija.si\/translovenija\/wp-json\/wp\/v2\/pages\/2165\/revisions"}],"predecessor-version":[{"id":2389,"href":"https:\/\/transakcija.si\/translovenija\/wp-json\/wp\/v2\/pages\/2165\/revisions\/2389"}],"wp:attachment":[{"href":"https:\/\/transakcija.si\/translovenija\/wp-json\/wp\/v2\/media?parent=2165"}],"curies":[{"name":"wp","href":"https:\/\/api.w.org\/{rel}","templated":true}]}}