{"id":2175,"date":"2024-10-01T22:27:41","date_gmt":"2024-10-01T22:27:41","guid":{"rendered":"https:\/\/transakcija.si\/translovenija\/?page_id=2175"},"modified":"2024-10-22T10:06:41","modified_gmt":"2024-10-22T09:06:41","slug":"za-medije","status":"publish","type":"page","link":"https:\/\/transakcija.si\/translovenija\/za-medije\/","title":{"rendered":"za medije"},"content":{"rendered":"\n<div class=\"wp-block-columns alignwide is-layout-flex wp-container-core-columns-is-layout-28f84493 wp-block-columns-is-layout-flex\">\n<div class=\"wp-block-column is-layout-flow wp-block-column-is-layout-flow\">\n<p>Ustrezno medijsko poro\u010danje lahko bistveno prispeva k zmanj\u0161anju stigme in pove\u010danju sprejetja transspolnih oseb v dru\u017ebi. Mediji imajo mo\u010d, da oblikujejo javno mnenje in s spo\u0161tljivim poro\u010danjem, ki je v skladu s&nbsp;<strong>Kodeksom novinarjev Slovenije<\/strong>, lahko ustvarijo bolj vklju\u010dujo\u010do dru\u017ebo.<\/p>\n\n\n\n<h4 class=\"wp-block-heading\">#checklist za medijsko poro\u010danje o trans temah <\/h4>\n\n\n\n<ol class=\"wp-block-list\">\n<li>Poro\u010daj o vsebinah in dogodkih, relevantnih za trans skupnost.<\/li>\n\n\n\n<li>Poslu\u0161aj in vklju\u010duj poglede in mnenja trans oseb v prispevke.<\/li>\n\n\n\n<li>Presodi, ali so vpra\u0161anja, ki jih zastavlja\u0161, relevantna.<\/li>\n\n\n\n<li>Povzemaj resnico in dejstva, ne \u0161pekulacij in stereotipov.<\/li>\n\n\n\n<li>Preusmeri fokus iz zgodb o tranziciji v relevantna vpra\u0161anja.<\/li>\n\n\n\n<li>Prepre\u010duj senzacionalizacijo tematik o spolu v medijih.<\/li>\n\n\n\n<li>Poudarjaj \u0161irino in raznovrstnost spolno raznolikih izku\u0161enj.<\/li>\n\n\n\n<li>Prevzemaj odgovornost za svojo mo\u010d kot medij.<\/li>\n<\/ol>\n\n\n\n<h4 class=\"wp-block-heading\">Izbrane publikacije<\/h4>\n\n\n\n<div class=\"wp-block-columns is-layout-flex wp-container-core-columns-is-layout-28f84493 wp-block-columns-is-layout-flex\">\n<div class=\"wp-block-column is-layout-flow wp-block-column-is-layout-flow\">\n<figure class=\"wp-block-image size-large\"><a href=\"https:\/\/transakcija.si\/translovenija\/2285-2\/\"><img fetchpriority=\"high\" decoding=\"async\" width=\"729\" height=\"1024\" src=\"https:\/\/transakcija.si\/translovenija\/wp-content\/uploads\/2024\/10\/media-report-1-729x1024.png\" alt=\"Poro\u010dilo: Medijsko poro\u010danje o transspolnosti v letu 2024\" class=\"wp-image-2392\" srcset=\"https:\/\/transakcija.si\/translovenija\/wp-content\/uploads\/2024\/10\/media-report-1-729x1024.png 729w, https:\/\/transakcija.si\/translovenija\/wp-content\/uploads\/2024\/10\/media-report-1-213x300.png 213w, https:\/\/transakcija.si\/translovenija\/wp-content\/uploads\/2024\/10\/media-report-1.png 747w\" sizes=\"(max-width: 729px) 100vw, 729px\" \/><\/a><\/figure>\n<\/div>\n\n\n\n<div class=\"wp-block-column is-layout-flow wp-block-column-is-layout-flow\">\n<figure class=\"wp-block-image size-large\"><img decoding=\"async\" width=\"728\" height=\"1024\" src=\"https:\/\/transakcija.si\/translovenija\/wp-content\/uploads\/2024\/10\/minizin-1-728x1024.png\" alt=\"Mini zin mitov o medicinski tranziciji\" class=\"wp-image-2508\" srcset=\"https:\/\/transakcija.si\/translovenija\/wp-content\/uploads\/2024\/10\/minizin-1-728x1024.png 728w, https:\/\/transakcija.si\/translovenija\/wp-content\/uploads\/2024\/10\/minizin-1-213x300.png 213w, https:\/\/transakcija.si\/translovenija\/wp-content\/uploads\/2024\/10\/minizin-1-768x1081.png 768w, https:\/\/transakcija.si\/translovenija\/wp-content\/uploads\/2024\/10\/minizin-1.png 995w\" sizes=\"(max-width: 728px) 100vw, 728px\" \/><\/figure>\n<\/div>\n\n\n\n<div class=\"wp-block-column is-layout-flow wp-block-column-is-layout-flow\">\n<figure class=\"wp-block-image size-large\"><a href=\"https:\/\/transakcija.si\/translovenija\/medijski-prirocnik\/\"><img decoding=\"async\" width=\"728\" height=\"1024\" src=\"https:\/\/transakcija.si\/translovenija\/wp-content\/uploads\/2024\/10\/prirocnik-medijski-1-728x1024.png\" alt=\"\" class=\"wp-image-2510\" srcset=\"https:\/\/transakcija.si\/translovenija\/wp-content\/uploads\/2024\/10\/prirocnik-medijski-1-728x1024.png 728w, https:\/\/transakcija.si\/translovenija\/wp-content\/uploads\/2024\/10\/prirocnik-medijski-1-213x300.png 213w, https:\/\/transakcija.si\/translovenija\/wp-content\/uploads\/2024\/10\/prirocnik-medijski-1-768x1081.png 768w, https:\/\/transakcija.si\/translovenija\/wp-content\/uploads\/2024\/10\/prirocnik-medijski-1.png 995w\" sizes=\"(max-width: 728px) 100vw, 728px\" \/><\/a><\/figure>\n<\/div>\n<\/div>\n\n\n\n<h4 class=\"wp-block-heading\">Kodeks novinarjev Slovenije<\/h4>\n\n\n\n<p><strong>17. \u010dlen<\/strong><br>Novinar spo\u0161tuje pravico posameznika do zasebnosti in se izogiba senzacionalisti\u010dnemu in neupravi\u010denemu razkrivanju njegove zasebnosti v javnosti. \/&#8230;\/ Novinar se mora zavedati, da lahko z zbiranjem ter objavo informacij, fotografij in posnetkov \u0161kodi posameznikom, ki niso vajeni medijske in javne pozornosti.<\/p>\n\n\n\n<p><strong>20. \u010dlen<\/strong><br>Novinar se mora izogibati narodnostnim, rasnim, spolnim, starostnim, verskim, geografskim in drugim stereotipom ter podrobnostim, ki so povezane s spolnimi nagnjenji, invalidnostjo, fizi\u010dnim videzom, socialnim polo\u017eajem ali drugimi osebnimi okoli\u0161\u010dinami posameznikov in skupin.<\/p>\n\n\n\n<p><strong>21. \u010dlen<\/strong><br>Spodbujanje k nasilju, \u0161irjenje sovra\u0161tva in nestrpnosti ter druge oblike sovra\u017enega govora so nedopustni. Novinar jih ne sme dopustiti, \u010de pa to ni mogo\u010de, se mora nanje nemudoma odzvati oziroma jih obsoditi.<\/p>\n\n\n\n<h4 class=\"wp-block-heading\">Izobra\u017eevanja in seminarji<\/h4>\n\n\n\n<div class=\"wp-block-buttons is-layout-flex wp-block-buttons-is-layout-flex\">\n<div class=\"wp-block-button\"><a class=\"wp-block-button__link wp-element-button\" href=\"https:\/\/transakcija.si\/translovenija\/transmisija\/\">Letno strokovno sre\u010danje #transmisija<\/a><\/div>\n\n\n\n<div class=\"wp-block-button\"><a class=\"wp-block-button__link wp-element-button\" href=\"https:\/\/transakcija.si\/translovenija\/izobrazevalna-ponudba\/\">Izobra\u017eevanja za organizacije in kolektive<\/a><\/div>\n<\/div>\n<\/div>\n<\/div>\n","protected":false},"excerpt":{"rendered":"<p>Ustrezno medijsko poro\u010danje lahko bistveno prispeva k zmanj\u0161anju stigme in pove\u010danju sprejetja transspolnih oseb v dru\u017ebi. Mediji imajo mo\u010d, da oblikujejo javno mnenje in s spo\u0161tljivim poro\u010danjem, ki je v skladu s&nbsp;Kodeksom novinarjev Slovenije, lahko ustvarijo bolj vklju\u010dujo\u010do dru\u017ebo. #checklist za medijsko poro\u010danje o trans temah Izbrane publikacije Kodeks novinarjev Slovenije 17. \u010dlenNovinar spo\u0161tuje pravico [&hellip;]<\/p>\n","protected":false},"author":2,"featured_media":0,"parent":0,"menu_order":0,"comment_status":"closed","ping_status":"closed","template":"","meta":{"footnotes":""},"class_list":["post-2175","page","type-page","status-publish","hentry"],"_links":{"self":[{"href":"https:\/\/transakcija.si\/translovenija\/wp-json\/wp\/v2\/pages\/2175","targetHints":{"allow":["GET"]}}],"collection":[{"href":"https:\/\/transakcija.si\/translovenija\/wp-json\/wp\/v2\/pages"}],"about":[{"href":"https:\/\/transakcija.si\/translovenija\/wp-json\/wp\/v2\/types\/page"}],"author":[{"embeddable":true,"href":"https:\/\/transakcija.si\/translovenija\/wp-json\/wp\/v2\/users\/2"}],"replies":[{"embeddable":true,"href":"https:\/\/transakcija.si\/translovenija\/wp-json\/wp\/v2\/comments?post=2175"}],"version-history":[{"count":10,"href":"https:\/\/transakcija.si\/translovenija\/wp-json\/wp\/v2\/pages\/2175\/revisions"}],"predecessor-version":[{"id":2684,"href":"https:\/\/transakcija.si\/translovenija\/wp-json\/wp\/v2\/pages\/2175\/revisions\/2684"}],"wp:attachment":[{"href":"https:\/\/transakcija.si\/translovenija\/wp-json\/wp\/v2\/media?parent=2175"}],"curies":[{"name":"wp","href":"https:\/\/api.w.org\/{rel}","templated":true}]}}