{"id":2182,"date":"2024-10-02T07:52:56","date_gmt":"2024-10-02T07:52:56","guid":{"rendered":"https:\/\/transakcija.si\/translovenija\/?page_id=2182"},"modified":"2024-10-15T21:48:19","modified_gmt":"2024-10-15T20:48:19","slug":"transformacije","status":"publish","type":"page","link":"https:\/\/transakcija.si\/translovenija\/transformacije\/","title":{"rendered":"#transformacije"},"content":{"rendered":"\n<div class=\"wp-block-columns alignwide is-layout-flex wp-container-core-columns-is-layout-28f84493 wp-block-columns-is-layout-flex\">\n<div class=\"wp-block-column is-layout-flow wp-block-column-is-layout-flow\">\n<figure class=\"wp-block-image size-full\"><img fetchpriority=\"high\" decoding=\"async\" width=\"2070\" height=\"1377\" src=\"https:\/\/transakcija.si\/translovenija\/wp-content\/uploads\/2024\/07\/dsc_0018.png\" alt=\"\" class=\"wp-image-1907\" srcset=\"https:\/\/transakcija.si\/translovenija\/wp-content\/uploads\/2024\/07\/dsc_0018.png 2070w, https:\/\/transakcija.si\/translovenija\/wp-content\/uploads\/2024\/07\/dsc_0018-300x200.png 300w, https:\/\/transakcija.si\/translovenija\/wp-content\/uploads\/2024\/07\/dsc_0018-1024x681.png 1024w, https:\/\/transakcija.si\/translovenija\/wp-content\/uploads\/2024\/07\/dsc_0018-768x511.png 768w, https:\/\/transakcija.si\/translovenija\/wp-content\/uploads\/2024\/07\/dsc_0018-1536x1022.png 1536w, https:\/\/transakcija.si\/translovenija\/wp-content\/uploads\/2024\/07\/dsc_0018-2048x1362.png 2048w\" sizes=\"(max-width: 2070px) 100vw, 2070px\" \/><\/figure>\n\n\n\n<p><strong>#transformacije<\/strong>&nbsp;so festival spolne raznolikosti, ki poteka od leta 2016 vsako leto novembra kot meseca vidnosti transspolnosti. V okviru festivala vsako leto poteka tudi strokovno sre\u010danje&nbsp;<a href=\"https:\/\/transakcija.si\/translovenija\/transmisija\/\" data-type=\"page\" data-id=\"2177\"><strong>#transmisija<\/strong><\/a>.<\/p>\n\n\n\n<p>#transformacije so namenjene izpostavljanju tematik in vpra\u0161anj, pomembnih za spolno raznolike osebe v Sloveniji in \u0161ir\u0161e, povezovanju trans oseb, naslovitvi odlo\u010devalk_, strokovnih javnosti, zaveznic_ in drugih klju\u010dnih skupin, krepitvi iniciativ za \u010dlovekove pravice transspolnih oseb in ustvarjanju skupnostnih resursov.<\/p>\n\n\n\n<div class=\"wp-block-media-text is-stacked-on-mobile has-quaternary-background-color has-background\" style=\"grid-template-columns:24% auto\"><figure class=\"wp-block-media-text__media\"><img decoding=\"async\" width=\"640\" height=\"400\" src=\"https:\/\/transakcija.si\/translovenija\/wp-content\/uploads\/2024\/10\/hp1-1.png\" alt=\"\" class=\"wp-image-2562 size-full\" srcset=\"https:\/\/transakcija.si\/translovenija\/wp-content\/uploads\/2024\/10\/hp1-1.png 640w, https:\/\/transakcija.si\/translovenija\/wp-content\/uploads\/2024\/10\/hp1-1-300x188.png 300w\" sizes=\"(max-width: 640px) 100vw, 640px\" \/><\/figure><div class=\"wp-block-media-text__content\">\n<p><strong><a href=\"https:\/\/transakcija.si\/translovenija\/transformacije-2024\/\" data-type=\"page\" data-id=\"2463\">trans:formacije 2024<\/a><\/strong><br><em>&#8220;spol kot ogledalo dru\u017ebe&#8221;<\/em><\/p>\n\n\n\n<p>3.-30. 11. 2024<\/p>\n<\/div><\/div>\n\n\n\n<h4 class=\"wp-block-heading\">Arhiv preteklih #transformacij<\/h4>\n\n\n\n<ul class=\"wp-block-list\">\n<li><strong>Na koncu jezika<\/strong>&nbsp;2023<\/li>\n\n\n\n<li><strong>Depatologizirajte nas&nbsp;<\/strong>2022<\/li>\n\n\n\n<li><strong>Skupnosti&nbsp;<\/strong>2021<\/li>\n\n\n\n<li><strong>Upor&nbsp;<\/strong>2020<\/li>\n\n\n\n<li><strong>Naredi sam_a&nbsp;<\/strong>2019<\/li>\n\n\n\n<li><strong>Dovolj \u010dakanja&nbsp;<\/strong>2018<\/li>\n\n\n\n<li><strong>Samoidentifikacija&nbsp;<\/strong>2017<\/li>\n\n\n\n<li><strong>TransFormacije <\/strong>2016<\/li>\n<\/ul>\n<\/div>\n<\/div>\n","protected":false},"excerpt":{"rendered":"<p>#transformacije&nbsp;so festival spolne raznolikosti, ki poteka od leta 2016 vsako leto novembra kot meseca vidnosti transspolnosti. V okviru festivala vsako leto poteka tudi strokovno sre\u010danje&nbsp;#transmisija. #transformacije so namenjene izpostavljanju tematik in vpra\u0161anj, pomembnih za spolno raznolike osebe v Sloveniji in \u0161ir\u0161e, povezovanju trans oseb, naslovitvi odlo\u010devalk_, strokovnih javnosti, zaveznic_ in drugih klju\u010dnih skupin, krepitvi iniciativ [&hellip;]<\/p>\n","protected":false},"author":2,"featured_media":0,"parent":0,"menu_order":0,"comment_status":"closed","ping_status":"closed","template":"","meta":{"footnotes":""},"class_list":["post-2182","page","type-page","status-publish","hentry"],"_links":{"self":[{"href":"https:\/\/transakcija.si\/translovenija\/wp-json\/wp\/v2\/pages\/2182","targetHints":{"allow":["GET"]}}],"collection":[{"href":"https:\/\/transakcija.si\/translovenija\/wp-json\/wp\/v2\/pages"}],"about":[{"href":"https:\/\/transakcija.si\/translovenija\/wp-json\/wp\/v2\/types\/page"}],"author":[{"embeddable":true,"href":"https:\/\/transakcija.si\/translovenija\/wp-json\/wp\/v2\/users\/2"}],"replies":[{"embeddable":true,"href":"https:\/\/transakcija.si\/translovenija\/wp-json\/wp\/v2\/comments?post=2182"}],"version-history":[{"count":5,"href":"https:\/\/transakcija.si\/translovenija\/wp-json\/wp\/v2\/pages\/2182\/revisions"}],"predecessor-version":[{"id":2580,"href":"https:\/\/transakcija.si\/translovenija\/wp-json\/wp\/v2\/pages\/2182\/revisions\/2580"}],"wp:attachment":[{"href":"https:\/\/transakcija.si\/translovenija\/wp-json\/wp\/v2\/media?parent=2182"}],"curies":[{"name":"wp","href":"https:\/\/api.w.org\/{rel}","templated":true}]}}