{"id":2185,"date":"2024-10-02T08:10:46","date_gmt":"2024-10-02T08:10:46","guid":{"rendered":"https:\/\/transakcija.si\/translovenija\/?page_id=2185"},"modified":"2024-10-16T09:57:43","modified_gmt":"2024-10-16T08:57:43","slug":"izobrazevalna-ponudba","status":"publish","type":"page","link":"https:\/\/transakcija.si\/translovenija\/izobrazevalna-ponudba\/","title":{"rendered":"izobra\u017eevalna ponudba"},"content":{"rendered":"\n<div class=\"wp-block-columns alignwide is-layout-flex wp-container-core-columns-is-layout-28f84493 wp-block-columns-is-layout-flex\">\n<div class=\"wp-block-column is-layout-flow wp-block-column-is-layout-flow\">\n<p>TransAkcija za strokovne javnosti, nevladne organizacije, podjetja in druge kolektive nudi&nbsp;<strong>izobra\u017eevanja<\/strong>&nbsp;z namenom osve\u0161\u010danja o ustreznem delu s spolno raznolikimi osebami ter obravnavi vklju\u010dujo\u010dih pristopov pri svojem delu in nasploh.<\/p>\n\n\n\n<p>Cilji izobra\u017eevanj so&nbsp;<strong>predstaviti osrednje koncepte spola, spolne identitete in izraza<\/strong>&nbsp;ter&nbsp;<strong>\u010dlovekovih pravic transspolnih oseb<\/strong>, orisati&nbsp;<strong>polo\u017eaj trans oseb v Sloveniji<\/strong>&nbsp;in prispevati k&nbsp;<strong>bolj\u0161emu zavezni\u0161tvu<\/strong>.<\/p>\n\n\n\n<div class=\"wp-block-buttons is-layout-flex wp-block-buttons-is-layout-flex\">\n<div class=\"wp-block-button\"><a class=\"wp-block-button__link wp-element-button\" href=\"https:\/\/transakcija.si\/translovenija\/transmisija\/\">Letno strokovno sre\u010danje <strong>#transmisija<\/strong><\/a><\/div>\n\n\n\n<div class=\"wp-block-button\"><a class=\"wp-block-button__link wp-element-button\" href=\"https:\/\/transakcija.si\/translovenija\/transformacije\/\">Festival spolne raznolikosti <strong>#transformacije<\/strong><\/a><\/div>\n<\/div>\n\n\n\n<h4 class=\"wp-block-heading\">Aktualna predavanja in delavnice<\/h4>\n\n\n\n<div class=\"wp-block-media-text is-stacked-on-mobile has-quaternary-background-color has-background\" style=\"grid-template-columns:15% auto\"><figure class=\"wp-block-media-text__media\"><img fetchpriority=\"high\" decoding=\"async\" width=\"784\" height=\"784\" src=\"https:\/\/transakcija.si\/translovenija\/wp-content\/uploads\/2024\/06\/ikona2.png\" alt=\"\" class=\"wp-image-18 size-full\" srcset=\"https:\/\/transakcija.si\/translovenija\/wp-content\/uploads\/2024\/06\/ikona2.png 784w, https:\/\/transakcija.si\/translovenija\/wp-content\/uploads\/2024\/06\/ikona2-300x300.png 300w, https:\/\/transakcija.si\/translovenija\/wp-content\/uploads\/2024\/06\/ikona2-150x150.png 150w, https:\/\/transakcija.si\/translovenija\/wp-content\/uploads\/2024\/06\/ikona2-768x768.png 768w\" sizes=\"(max-width: 784px) 100vw, 784px\" \/><\/figure><div class=\"wp-block-media-text__content\">\n<p>&#8220;<strong>Trans 101<\/strong>&#8220;<\/p>\n\n\n\n<p>Predavanje o transspolnosti ter pogovor o vklju\u010dujo\u010dih praksah<\/p>\n<\/div><\/div>\n\n\n\n<div class=\"wp-block-media-text is-stacked-on-mobile has-quaternary-background-color has-background\" style=\"grid-template-columns:15% auto\"><figure class=\"wp-block-media-text__media\"><img fetchpriority=\"high\" decoding=\"async\" width=\"784\" height=\"784\" src=\"https:\/\/transakcija.si\/translovenija\/wp-content\/uploads\/2024\/06\/ikona2.png\" alt=\"\" class=\"wp-image-18 size-full\" srcset=\"https:\/\/transakcija.si\/translovenija\/wp-content\/uploads\/2024\/06\/ikona2.png 784w, https:\/\/transakcija.si\/translovenija\/wp-content\/uploads\/2024\/06\/ikona2-300x300.png 300w, https:\/\/transakcija.si\/translovenija\/wp-content\/uploads\/2024\/06\/ikona2-150x150.png 150w, https:\/\/transakcija.si\/translovenija\/wp-content\/uploads\/2024\/06\/ikona2-768x768.png 768w\" sizes=\"(max-width: 784px) 100vw, 784px\" \/><\/figure><div class=\"wp-block-media-text__content\">\n<p>&#8220;<strong>T+ roza<\/strong>&#8220;<\/p>\n\n\n\n<p>Delavnica o zavezni\u0161tvu za LGBTAIQ+ nevladne organizacije in kolektive<\/p>\n<\/div><\/div>\n\n\n\n<p>Predavanja, delavnice in druga izobra\u017eevalna sre\u010danja vedno prilagodimo posebnostim okolij, iz katerih izhajajo kolektivi, pri katerih izobra\u017eevanja izvajamo. Za ve\u010d informacij o ponudbi nam pi\u0161ite, da se pogovorimo o prilagoditvi izvedbe glede na va\u0161e potrebe in \u017eelje. <a href=\"mailto:info@transakcija.si\">Kontakt<\/a><\/p>\n<\/div>\n<\/div>\n","protected":false},"excerpt":{"rendered":"<p>TransAkcija za strokovne javnosti, nevladne organizacije, podjetja in druge kolektive nudi&nbsp;izobra\u017eevanja&nbsp;z namenom osve\u0161\u010danja o ustreznem delu s spolno raznolikimi osebami ter obravnavi vklju\u010dujo\u010dih pristopov pri svojem delu in nasploh. Cilji izobra\u017eevanj so&nbsp;predstaviti osrednje koncepte spola, spolne identitete in izraza&nbsp;ter&nbsp;\u010dlovekovih pravic transspolnih oseb, orisati&nbsp;polo\u017eaj trans oseb v Sloveniji&nbsp;in prispevati k&nbsp;bolj\u0161emu zavezni\u0161tvu. Aktualna predavanja in delavnice &#8220;Trans [&hellip;]<\/p>\n","protected":false},"author":2,"featured_media":0,"parent":0,"menu_order":0,"comment_status":"closed","ping_status":"closed","template":"","meta":{"footnotes":""},"class_list":["post-2185","page","type-page","status-publish","hentry"],"_links":{"self":[{"href":"https:\/\/transakcija.si\/translovenija\/wp-json\/wp\/v2\/pages\/2185","targetHints":{"allow":["GET"]}}],"collection":[{"href":"https:\/\/transakcija.si\/translovenija\/wp-json\/wp\/v2\/pages"}],"about":[{"href":"https:\/\/transakcija.si\/translovenija\/wp-json\/wp\/v2\/types\/page"}],"author":[{"embeddable":true,"href":"https:\/\/transakcija.si\/translovenija\/wp-json\/wp\/v2\/users\/2"}],"replies":[{"embeddable":true,"href":"https:\/\/transakcija.si\/translovenija\/wp-json\/wp\/v2\/comments?post=2185"}],"version-history":[{"count":3,"href":"https:\/\/transakcija.si\/translovenija\/wp-json\/wp\/v2\/pages\/2185\/revisions"}],"predecessor-version":[{"id":2631,"href":"https:\/\/transakcija.si\/translovenija\/wp-json\/wp\/v2\/pages\/2185\/revisions\/2631"}],"wp:attachment":[{"href":"https:\/\/transakcija.si\/translovenija\/wp-json\/wp\/v2\/media?parent=2185"}],"curies":[{"name":"wp","href":"https:\/\/api.w.org\/{rel}","templated":true}]}}