{"id":2190,"date":"2024-10-02T08:55:39","date_gmt":"2024-10-02T08:55:39","guid":{"rendered":"https:\/\/transakcija.si\/translovenija\/?page_id=2190"},"modified":"2024-10-05T18:23:36","modified_gmt":"2024-10-05T18:23:36","slug":"za-zdravstvene-institucije-in-osebje","status":"publish","type":"page","link":"https:\/\/transakcija.si\/translovenija\/za-zdravstvene-institucije-in-osebje\/","title":{"rendered":"za zdravstvene institucije in osebje"},"content":{"rendered":"\n<div class=\"wp-block-columns alignwide is-layout-flex wp-container-core-columns-is-layout-28f84493 wp-block-columns-is-layout-flex\">\n<div class=\"wp-block-column is-layout-flow wp-block-column-is-layout-flow\">\n<p>Dostopna, celostna in vklju\u010dujo\u010da zdravstvena oskrba je klju\u010dna za dobrobit spolno raznolikih oseb ter bistveno vpliva na kakovost njihovih \u017eivljenj. Zdravstvene institucije nosijo odgovornost, da zagotavljajo spolno potrjujo\u010do nego, ki temelji na sodobnih, preverjenih in strokovnih smernicah ter mednarodnih standardih, kot so WPATH standardi oskrbe za transspolno zdravje.<\/p>\n\n\n\n<h4 class=\"wp-block-heading\">Poudarki WPATH standardov oskrbe 8<\/h4>\n\n\n\n<ol class=\"wp-block-list\">\n<li><strong>Celovit pristop k oskrbi&nbsp;<\/strong>trans oseb naj zagotavlja vklju\u010denost zdravstvenih strokovnjakov_inj&nbsp;<strong>razli\u010dnih strok<\/strong>.<\/li>\n\n\n\n<li><strong>Diagnosti\u010dna merila<\/strong> naj se posodobijo in menjajo koncept spolne disforije s<strong>&nbsp;spolno neskladnostjo<\/strong>.<\/li>\n\n\n\n<li><strong>Nebinarne identitete<\/strong>&nbsp;naj bodo v postopku medicinske tranzicije upo\u0161tevane in pripoznane.<\/li>\n\n\n\n<li><strong>Spolno potrjujo\u010da oskrba<\/strong>&nbsp;naj temelji na informiranem soglasju in avtonomiji trans oseb\u200b.<\/li>\n<\/ol>\n\n\n\n<h4 class=\"wp-block-heading\">Izbrane publikacije<\/h4>\n\n\n\n<div class=\"wp-block-columns is-layout-flex wp-container-core-columns-is-layout-28f84493 wp-block-columns-is-layout-flex\">\n<div class=\"wp-block-column is-layout-flow wp-block-column-is-layout-flow\">\n<figure class=\"wp-block-image size-large\"><a href=\"https:\/\/transakcija.si\/translovenija\/raziskava-trans-osebe-o-svojih-izkusnjah-v-zdravstvu\/\"><img fetchpriority=\"high\" decoding=\"async\" width=\"729\" height=\"1024\" src=\"https:\/\/transakcija.si\/translovenija\/wp-content\/uploads\/2024\/10\/raziskava-zdravstvo-1-729x1024.png\" alt=\"Raziskava: Trans osebe o svojih izku\u0161njah v zdravstvu\" class=\"wp-image-2394\" srcset=\"https:\/\/transakcija.si\/translovenija\/wp-content\/uploads\/2024\/10\/raziskava-zdravstvo-1-729x1024.png 729w, https:\/\/transakcija.si\/translovenija\/wp-content\/uploads\/2024\/10\/raziskava-zdravstvo-1-213x300.png 213w, https:\/\/transakcija.si\/translovenija\/wp-content\/uploads\/2024\/10\/raziskava-zdravstvo-1.png 747w\" sizes=\"(max-width: 729px) 100vw, 729px\" \/><\/a><\/figure>\n<\/div>\n\n\n\n<div class=\"wp-block-column is-layout-flow wp-block-column-is-layout-flow\">\n<figure class=\"wp-block-image size-large\"><a href=\"https:\/\/transakcija.si\/translovenija\/prirocnik-o-tranziciji\/\"><img decoding=\"async\" width=\"729\" height=\"1024\" src=\"https:\/\/transakcija.si\/translovenija\/wp-content\/uploads\/2024\/10\/prirocnik-tranzicija-1-729x1024.png\" alt=\"Tranzicija 101: Priro\u010dnik o tranziciji za trans osebe\" class=\"wp-image-2393\" srcset=\"https:\/\/transakcija.si\/translovenija\/wp-content\/uploads\/2024\/10\/prirocnik-tranzicija-1-729x1024.png 729w, https:\/\/transakcija.si\/translovenija\/wp-content\/uploads\/2024\/10\/prirocnik-tranzicija-1-213x300.png 213w, https:\/\/transakcija.si\/translovenija\/wp-content\/uploads\/2024\/10\/prirocnik-tranzicija-1.png 747w\" sizes=\"(max-width: 729px) 100vw, 729px\" \/><\/a><\/figure>\n<\/div>\n\n\n\n<div class=\"wp-block-column is-layout-flow wp-block-column-is-layout-flow\">\n<figure class=\"wp-block-image size-large\"><a href=\"https:\/\/transakcija.si\/translovenija\/mini-zin-mitov-o-medicinski-tranziciji\/\"><img decoding=\"async\" width=\"728\" height=\"1024\" src=\"https:\/\/transakcija.si\/translovenija\/wp-content\/uploads\/2024\/10\/minizin-1-728x1024.png\" alt=\"\" class=\"wp-image-2508\" srcset=\"https:\/\/transakcija.si\/translovenija\/wp-content\/uploads\/2024\/10\/minizin-1-728x1024.png 728w, https:\/\/transakcija.si\/translovenija\/wp-content\/uploads\/2024\/10\/minizin-1-213x300.png 213w, https:\/\/transakcija.si\/translovenija\/wp-content\/uploads\/2024\/10\/minizin-1-768x1081.png 768w, https:\/\/transakcija.si\/translovenija\/wp-content\/uploads\/2024\/10\/minizin-1.png 995w\" sizes=\"(max-width: 728px) 100vw, 728px\" \/><\/a><\/figure>\n<\/div>\n<\/div>\n\n\n\n<h4 class=\"wp-block-heading\">Priporo\u010dila zdravstvenemu osebju za spolno potrjujo\u010do obravnavo<\/h4>\n\n\n\n<ol class=\"wp-block-list\">\n<li><strong>Uporaba pravilne terminologije:<\/strong>&nbsp;Spo\u0161tujte spolno identiteto oseb z uporabo njihovih izbranih imen in zaimkov.<\/li>\n\n\n\n<li><strong>Individualiziran pristop:<\/strong>&nbsp;Prisluhnite osebam, upo\u0161tevajte razli\u010dnost izku\u0161enj spolno raznolikih oseb in prilagodite obravnavo specifi\u010dnim potrebam. <\/li>\n\n\n\n<li><strong>Skladnost z aktualnimi mednarodnimi smernicami:<\/strong>&nbsp;Upo\u0161tevajte WPATH SOC-8 in druge mednarodne standarde za transspolno zdravje.<\/li>\n\n\n\n<li><strong>Strokovno izpopolnjevanje:<\/strong>&nbsp;Redno se izobra\u017eujte o transspolnih temah in spolno potrjujo\u010di oskrbi.<\/li>\n<\/ol>\n\n\n\n<h4 class=\"wp-block-heading\">Izobra\u017eevanja in seminarji<\/h4>\n\n\n\n<div class=\"wp-block-buttons is-layout-flex wp-block-buttons-is-layout-flex\">\n<div class=\"wp-block-button\"><a class=\"wp-block-button__link wp-element-button\" href=\"https:\/\/transakcija.si\/translovenija\/izobrazevalna-ponudba\/\">Izobra\u017eevanja za organizacije in kolektive<\/a><\/div>\n\n\n\n<div class=\"wp-block-button\"><a class=\"wp-block-button__link wp-element-button\" href=\"https:\/\/transakcija.si\/translovenija\/transmisija\/\">Letno strokovno sre\u010danje <strong>#transmisija<\/strong><\/a><\/div>\n<\/div>\n<\/div>\n<\/div>\n","protected":false},"excerpt":{"rendered":"<p>Dostopna, celostna in vklju\u010dujo\u010da zdravstvena oskrba je klju\u010dna za dobrobit spolno raznolikih oseb ter bistveno vpliva na kakovost njihovih \u017eivljenj. Zdravstvene institucije nosijo odgovornost, da zagotavljajo spolno potrjujo\u010do nego, ki temelji na sodobnih, preverjenih in strokovnih smernicah ter mednarodnih standardih, kot so WPATH standardi oskrbe za transspolno zdravje. Poudarki WPATH standardov oskrbe 8 Izbrane publikacije [&hellip;]<\/p>\n","protected":false},"author":2,"featured_media":0,"parent":0,"menu_order":0,"comment_status":"closed","ping_status":"closed","template":"","meta":{"footnotes":""},"class_list":["post-2190","page","type-page","status-publish","hentry"],"_links":{"self":[{"href":"https:\/\/transakcija.si\/translovenija\/wp-json\/wp\/v2\/pages\/2190","targetHints":{"allow":["GET"]}}],"collection":[{"href":"https:\/\/transakcija.si\/translovenija\/wp-json\/wp\/v2\/pages"}],"about":[{"href":"https:\/\/transakcija.si\/translovenija\/wp-json\/wp\/v2\/types\/page"}],"author":[{"embeddable":true,"href":"https:\/\/transakcija.si\/translovenija\/wp-json\/wp\/v2\/users\/2"}],"replies":[{"embeddable":true,"href":"https:\/\/transakcija.si\/translovenija\/wp-json\/wp\/v2\/comments?post=2190"}],"version-history":[{"count":6,"href":"https:\/\/transakcija.si\/translovenija\/wp-json\/wp\/v2\/pages\/2190\/revisions"}],"predecessor-version":[{"id":2520,"href":"https:\/\/transakcija.si\/translovenija\/wp-json\/wp\/v2\/pages\/2190\/revisions\/2520"}],"wp:attachment":[{"href":"https:\/\/transakcija.si\/translovenija\/wp-json\/wp\/v2\/media?parent=2190"}],"curies":[{"name":"wp","href":"https:\/\/api.w.org\/{rel}","templated":true}]}}