{"id":2192,"date":"2024-10-02T13:28:07","date_gmt":"2024-10-02T13:28:07","guid":{"rendered":"https:\/\/transakcija.si\/translovenija\/?page_id=2192"},"modified":"2024-10-16T08:26:31","modified_gmt":"2024-10-16T07:26:31","slug":"za-starse-in-sole","status":"publish","type":"page","link":"https:\/\/transakcija.si\/translovenija\/za-starse-in-sole\/","title":{"rendered":"za star\u0161e in \u0161ole"},"content":{"rendered":"\n<div class=\"wp-block-columns alignwide is-layout-flex wp-container-core-columns-is-layout-28f84493 wp-block-columns-is-layout-flex\">\n<div class=\"wp-block-column is-layout-flow wp-block-column-is-layout-flow\">\n<p>Dru\u017einsko in \u0161olsko okolje sta klju\u010dna za zdrav razvoj ter prva prostora, kjer lahko otrok svobodno izrazi svojo identiteto in formira dobro du\u0161evno zdravje. Star\u0161i in \u0161ole nosijo odgovornost, da zagotovijo varno okolje, ki temelji na razumevanju, sprejemanju in spo\u0161tovanju spolne raznolikosti, pri \u010demer sta temeljni vodili odprta komunikacija ter aktivna podpora.<\/p>\n\n\n\n<h4 class=\"wp-block-heading\">Priporo\u010dila za \u0161ole za vklju\u010devanje spolne raznolikosti<\/h4>\n\n\n\n<ol class=\"wp-block-list\">\n<li><strong>Uvedba celovitih politik o nediskriminaciji<\/strong>: Razvijte in izvajajte jasne politike, ki \u0161\u010ditijo u\u010denke_ce glede na spolno identiteto in izraz.<\/li>\n\n\n\n<li><strong>Vklju\u010dujo\u010da u\u010dna snov<\/strong>: Vklju\u010dite teme o spolu v u\u010dne na\u010drte na vseh stopnjah izobra\u017eevanja, da spodbujate razumevanje in sprejemanje. <\/li>\n\n\n\n<li><strong>Zagotovitev varnih objektov<\/strong>: Omogo\u010dite dostop do spolno vklju\u010dujo\u010dih strani\u0161\u010d in garderob. Ustanovite protokole, ki prednostno obravnavajo udobje in zasebnost u\u010denk_cev.<\/li>\n\n\n\n<li><strong>Podpora vklju\u010devanju v izven\u0161olske dejavnosti<\/strong>: Zagotovite, da lahko vse osebe polno sodelujejo v izven\u0161olskih dejavnostih, vklju\u010dno s \u0161portom in kro\u017eki, v skladu z njihovo spolno identiteto.<\/li>\n\n\n\n<li><strong>Politike proti ustrahovanju<\/strong> <strong>in odprta komunikacija<\/strong>: Uvedite politike, ki izrecno zagotavljajo za\u0161\u010dito za LGBTIQ+ u\u010dence_ke pred ustrahovanjem in nadlegovanjem. Poskrbite, da osebje u\u010dinkovito in ob\u010dutljivo reagira na incidente\u200b. Vzpostavite odzivne mehanizme, preko katerih lahko osebe varno izrazijo svoje potrebe in skrbi\u200b.<\/li>\n\n\n\n<li><strong>Usposabljanje osebja o delu s spolno raznolikimi osebami<\/strong>: Izvajajte usposabljanja in razvojne delavnice za u\u010ditelje in osebje, ki se osredoto\u010dajo na vpra\u0161anja spolne identitete ter na posebne potrebe spolno raznolikih oseb.<\/li>\n\n\n\n<li><strong>Sodelovanje z LGBTIQ+ organizacijami<\/strong>: Sodelujte z lokalnimi LGBTIQ+ organizacijami za zagotavljanje virov, podpore in programov, prilagojenih potrebam transspolnih u\u010denk_cev. To sodelovanje lahko izbolj\u0161a podporo in ozave\u0161\u010denost skupnosti\u200b.<\/li>\n<\/ol>\n\n\n\n<h4 class=\"wp-block-heading\">Izbrane publikacije<\/h4>\n\n\n\n<div class=\"wp-block-columns is-layout-flex wp-container-core-columns-is-layout-28f84493 wp-block-columns-is-layout-flex\">\n<div class=\"wp-block-column is-layout-flow wp-block-column-is-layout-flow\">\n<figure class=\"wp-block-image size-large\"><a href=\"https:\/\/transakcija.si\/translovenija\/prirocnik-med-modro-in-roza\/\"><img fetchpriority=\"high\" decoding=\"async\" width=\"728\" height=\"1024\" src=\"https:\/\/transakcija.si\/translovenija\/wp-content\/uploads\/2024\/10\/prirocnik-modro-roza-728x1024.png\" alt=\"Med modro in roza: Priro\u010dnik o transspolnosti\" class=\"wp-image-2314\" srcset=\"https:\/\/transakcija.si\/translovenija\/wp-content\/uploads\/2024\/10\/prirocnik-modro-roza-728x1024.png 728w, https:\/\/transakcija.si\/translovenija\/wp-content\/uploads\/2024\/10\/prirocnik-modro-roza-213x300.png 213w, https:\/\/transakcija.si\/translovenija\/wp-content\/uploads\/2024\/10\/prirocnik-modro-roza-768x1081.png 768w, https:\/\/transakcija.si\/translovenija\/wp-content\/uploads\/2024\/10\/prirocnik-modro-roza.png 995w\" sizes=\"(max-width: 728px) 100vw, 728px\" \/><\/a><\/figure>\n<\/div>\n\n\n\n<div class=\"wp-block-column is-layout-flow wp-block-column-is-layout-flow\">\n<figure class=\"wp-block-image size-large\"><a href=\"https:\/\/transakcija.si\/translovenija\/zin-coming-out\/\"><img decoding=\"async\" width=\"728\" height=\"1024\" src=\"https:\/\/transakcija.si\/translovenija\/wp-content\/uploads\/2024\/10\/zin-coming-out-728x1024.png\" alt=\"Coming out zin\" class=\"wp-image-2319\" srcset=\"https:\/\/transakcija.si\/translovenija\/wp-content\/uploads\/2024\/10\/zin-coming-out-728x1024.png 728w, https:\/\/transakcija.si\/translovenija\/wp-content\/uploads\/2024\/10\/zin-coming-out-213x300.png 213w, https:\/\/transakcija.si\/translovenija\/wp-content\/uploads\/2024\/10\/zin-coming-out-768x1081.png 768w, https:\/\/transakcija.si\/translovenija\/wp-content\/uploads\/2024\/10\/zin-coming-out.png 995w\" sizes=\"(max-width: 728px) 100vw, 728px\" \/><\/a><\/figure>\n<\/div>\n\n\n\n<div class=\"wp-block-column is-layout-flow wp-block-column-is-layout-flow\">\n<figure class=\"wp-block-image size-large\"><a href=\"https:\/\/transakcija.si\/translovenija\/mini-zin-mitov-o-medicinski-tranziciji\/\"><img decoding=\"async\" width=\"728\" height=\"1024\" src=\"https:\/\/transakcija.si\/translovenija\/wp-content\/uploads\/2024\/10\/minizin-1-728x1024.png\" alt=\"\" class=\"wp-image-2508\" srcset=\"https:\/\/transakcija.si\/translovenija\/wp-content\/uploads\/2024\/10\/minizin-1-728x1024.png 728w, https:\/\/transakcija.si\/translovenija\/wp-content\/uploads\/2024\/10\/minizin-1-213x300.png 213w, https:\/\/transakcija.si\/translovenija\/wp-content\/uploads\/2024\/10\/minizin-1-768x1081.png 768w, https:\/\/transakcija.si\/translovenija\/wp-content\/uploads\/2024\/10\/minizin-1.png 995w\" sizes=\"(max-width: 728px) 100vw, 728px\" \/><\/a><\/figure>\n<\/div>\n<\/div>\n\n\n\n<h4 class=\"wp-block-heading\">Priporo\u010dila za star\u0161e za podporo transspolnemu otroku<\/h4>\n\n\n\n<ol class=\"wp-block-list\">\n<li><strong>Sprejemajte in potrjujte otrokovo identiteto<\/strong>: Potrdite otrokovo spolno identiteto s spo\u0161tovanjem njegovih izbir glede imena in zaimkov. Pomembno je, da se otrok po\u010duti sprejetega in razumljenega.<\/li>\n\n\n\n<li><strong>Izobra\u017eujte se o spolu in spolni raznolikosti<\/strong>: Spoznajte se z razli\u010dnimi koncepti spolne identitete in raznolikosti, da boste bolje razumeli izku\u0161nje svojega otroka in mu lahko nudili ustrezno podporo.<\/li>\n\n\n\n<li><strong>Spodbujajte odprto komunikacijo<\/strong>: Ustvarite varno in odprto okolje, kjer se lahko va\u0161 otrok brez strahu izrazi. Spra\u0161ujte ga o njegovih ob\u010dutkih in izku\u0161njah ter poslu\u0161ajte brez presojanja.<\/li>\n\n\n\n<li><strong>Podpirajte otroka pri raziskovanju sebe<\/strong>: \u010ce va\u0161 otrok razmi\u0161lja o tranziciji, ga podprite pri raziskovanju te poti. Pomagajte mu najti vire in skupine, ki lahko nudijo pomo\u010d in nasvete.<\/li>\n\n\n\n<li><strong>Zagotovite varnost in za\u0161\u010dito<\/strong>: Bodite pozorni na morebitno ustrahovanje ali diskriminacijo v \u0161oli in drugod. Aktivno delujte, da za\u0161\u010ditite otroka in zagotovite njegovo varnost .<\/li>\n\n\n\n<li><strong>Poi\u0161\u010dite strokovno pomo\u010d in podporo skupnosti<\/strong>: Pove\u017eite se z lokalnimi organizacijami, ki vam lahko nudijo svetovanje in podporo. \u010ce se zdi potrebno, poi\u0161\u010dite strokovno pomo\u010d, kot je terapija.<\/li>\n\n\n\n<li><strong>Spodbujajte vklju\u010denost v dru\u017eabne dejavnosti<\/strong>: Pomagajte otroku, da se vklju\u010di v aktivnosti, ki ga zanimajo, in ga podprite pri iskanju odnosov, v katerih je sprejet tak, kot je.<\/li>\n<\/ol>\n\n\n\n<figure class=\"wp-block-embed is-type-video is-provider-youtube wp-block-embed-youtube wp-embed-aspect-16-9 wp-has-aspect-ratio\"><div class=\"wp-block-embed__wrapper\">\n<iframe title=\"Med modro in roza: Nika in tovarna igra\u010d\" width=\"500\" height=\"281\" src=\"https:\/\/www.youtube.com\/embed\/zDrhrbCVfto?feature=oembed\" frameborder=\"0\" allow=\"accelerometer; autoplay; clipboard-write; encrypted-media; gyroscope; picture-in-picture; web-share\" referrerpolicy=\"strict-origin-when-cross-origin\" allowfullscreen><\/iframe>\n<\/div><\/figure>\n\n\n\n<div class=\"wp-block-buttons is-layout-flex wp-block-buttons-is-layout-flex\">\n<div class=\"wp-block-button\"><a class=\"wp-block-button__link wp-element-button\" href=\"https:\/\/transakcija.si\/translovenija\/izobrazevalna-ponudba\/\">Izobra\u017eevanja za organizacije in kolektive<\/a><\/div>\n\n\n\n<div class=\"wp-block-button\"><a class=\"wp-block-button__link wp-element-button\" href=\"https:\/\/transakcija.si\/translovenija\/transmisija\/\">Letno strokovno sre\u010danje <strong>#transmisija<\/strong><\/a><\/div>\n<\/div>\n<\/div>\n<\/div>\n","protected":false},"excerpt":{"rendered":"<p>Dru\u017einsko in \u0161olsko okolje sta klju\u010dna za zdrav razvoj ter prva prostora, kjer lahko otrok svobodno izrazi svojo identiteto in formira dobro du\u0161evno zdravje. Star\u0161i in \u0161ole nosijo odgovornost, da zagotovijo varno okolje, ki temelji na razumevanju, sprejemanju in spo\u0161tovanju spolne raznolikosti, pri \u010demer sta temeljni vodili odprta komunikacija ter aktivna podpora. Priporo\u010dila za \u0161ole [&hellip;]<\/p>\n","protected":false},"author":2,"featured_media":0,"parent":0,"menu_order":0,"comment_status":"closed","ping_status":"closed","template":"","meta":{"footnotes":""},"class_list":["post-2192","page","type-page","status-publish","hentry"],"_links":{"self":[{"href":"https:\/\/transakcija.si\/translovenija\/wp-json\/wp\/v2\/pages\/2192","targetHints":{"allow":["GET"]}}],"collection":[{"href":"https:\/\/transakcija.si\/translovenija\/wp-json\/wp\/v2\/pages"}],"about":[{"href":"https:\/\/transakcija.si\/translovenija\/wp-json\/wp\/v2\/types\/page"}],"author":[{"embeddable":true,"href":"https:\/\/transakcija.si\/translovenija\/wp-json\/wp\/v2\/users\/2"}],"replies":[{"embeddable":true,"href":"https:\/\/transakcija.si\/translovenija\/wp-json\/wp\/v2\/comments?post=2192"}],"version-history":[{"count":6,"href":"https:\/\/transakcija.si\/translovenija\/wp-json\/wp\/v2\/pages\/2192\/revisions"}],"predecessor-version":[{"id":2614,"href":"https:\/\/transakcija.si\/translovenija\/wp-json\/wp\/v2\/pages\/2192\/revisions\/2614"}],"wp:attachment":[{"href":"https:\/\/transakcija.si\/translovenija\/wp-json\/wp\/v2\/media?parent=2192"}],"curies":[{"name":"wp","href":"https:\/\/api.w.org\/{rel}","templated":true}]}}