{"id":2232,"date":"2024-10-02T14:53:57","date_gmt":"2024-10-02T14:53:57","guid":{"rendered":"https:\/\/transakcija.si\/translovenija\/?page_id=2232"},"modified":"2024-10-22T10:33:18","modified_gmt":"2024-10-22T09:33:18","slug":"podpri-nas","status":"publish","type":"page","link":"https:\/\/transakcija.si\/translovenija\/podpri-nas\/","title":{"rendered":"Podpri nas"},"content":{"rendered":"\n<div class=\"wp-block-columns alignwide is-layout-flex wp-container-core-columns-is-layout-28f84493 wp-block-columns-is-layout-flex\">\n<div class=\"wp-block-column is-layout-flow wp-block-column-is-layout-flow\">\n<p>S pomo\u010djo donacij lahko v zavodu razvijamo neodvisne programe in publikacije, zagotavljamo materiale za podporo skupnosti ter krepimo na\u0161e vsebine. <\/p>\n\n\n\n<p>\u010ce \u017eeli\u0161 podpreti TransAkcijo z donacijo, lahko to stori\u0161 z nakazilom na na\u0161 transakcijski ra\u010dun SI56 6100 00011342 848. Zavod Transfeministi\u010dna iniciativa TransAkcija, Endliherjeva 10, Ljubljana; z namenom &#8216;DONACIJA&#8217;. <\/p>\n\n\n\n<p>\u010ce \u017eeli\u0161 donirati specifi\u010dno za na\u0161o solidarnostno shemo, v namen dopi\u0161i &#8216;DONACIJA &#8211; SOLIDARNOSTNA SHEMA&#8217;. <\/p>\n\n\n\n<p>Cenimo tvojo podporo in vsak evro vlo\u017eimo nazaj v skupnost. Hvala!<\/p>\n<\/div>\n<\/div>\n","protected":false},"excerpt":{"rendered":"<p>S pomo\u010djo donacij lahko v zavodu razvijamo neodvisne programe in publikacije, zagotavljamo materiale za podporo skupnosti ter krepimo na\u0161e vsebine. \u010ce \u017eeli\u0161 podpreti TransAkcijo z donacijo, lahko to stori\u0161 z nakazilom na na\u0161 transakcijski ra\u010dun SI56 6100 00011342 848. Zavod Transfeministi\u010dna iniciativa TransAkcija, Endliherjeva 10, Ljubljana; z namenom &#8216;DONACIJA&#8217;. \u010ce \u017eeli\u0161 donirati specifi\u010dno za na\u0161o [&hellip;]<\/p>\n","protected":false},"author":2,"featured_media":0,"parent":0,"menu_order":0,"comment_status":"closed","ping_status":"closed","template":"","meta":{"footnotes":""},"class_list":["post-2232","page","type-page","status-publish","hentry"],"_links":{"self":[{"href":"https:\/\/transakcija.si\/translovenija\/wp-json\/wp\/v2\/pages\/2232","targetHints":{"allow":["GET"]}}],"collection":[{"href":"https:\/\/transakcija.si\/translovenija\/wp-json\/wp\/v2\/pages"}],"about":[{"href":"https:\/\/transakcija.si\/translovenija\/wp-json\/wp\/v2\/types\/page"}],"author":[{"embeddable":true,"href":"https:\/\/transakcija.si\/translovenija\/wp-json\/wp\/v2\/users\/2"}],"replies":[{"embeddable":true,"href":"https:\/\/transakcija.si\/translovenija\/wp-json\/wp\/v2\/comments?post=2232"}],"version-history":[{"count":3,"href":"https:\/\/transakcija.si\/translovenija\/wp-json\/wp\/v2\/pages\/2232\/revisions"}],"predecessor-version":[{"id":2689,"href":"https:\/\/transakcija.si\/translovenija\/wp-json\/wp\/v2\/pages\/2232\/revisions\/2689"}],"wp:attachment":[{"href":"https:\/\/transakcija.si\/translovenija\/wp-json\/wp\/v2\/media?parent=2232"}],"curies":[{"name":"wp","href":"https:\/\/api.w.org\/{rel}","templated":true}]}}