{"id":2265,"date":"2024-10-02T20:49:25","date_gmt":"2024-10-02T20:49:25","guid":{"rendered":"https:\/\/transakcija.si\/translovenija\/?page_id=2265"},"modified":"2024-10-05T13:40:35","modified_gmt":"2024-10-05T13:40:35","slug":"transpektive","status":"publish","type":"page","link":"https:\/\/transakcija.si\/translovenija\/transpektive\/","title":{"rendered":"#transpektive"},"content":{"rendered":"\n<div class=\"wp-block-group alignfull has-global-padding is-content-justification-center is-layout-constrained wp-container-core-group-is-layout-888b3e69 wp-block-group-is-layout-constrained\" style=\"margin-top:0;margin-bottom:0;padding-top:calc( 0.5 * var(u002du002dwpu002du002dstyleu002du002drootu002du002dpadding-right, var(u002du002dwpu002du002dcustomu002du002dgapu002du002dhorizontal)));padding-right:var(u002du002dwpu002du002dstyleu002du002drootu002du002dpadding-right, var(u002du002dwpu002du002dcustomu002du002dgapu002du002dhorizontal));padding-bottom:calc( 0.5 * var(u002du002dwpu002du002dstyleu002du002drootu002du002dpadding-right, var(u002du002dwpu002du002dcustomu002du002dgapu002du002dhorizontal)));padding-left:var(u002du002dwpu002du002dstyleu002du002drootu002du002dpadding-left, var(u002du002dwpu002du002dcustomu002du002dgapu002du002dhorizontal))\">\n<div style=\"height:calc( 0.25 * var(u002du002dwpu002du002dstyleu002du002drootu002du002dpadding-right, var(u002du002dwpu002du002dcustomu002du002dgapu002du002dhorizontal)))\" aria-hidden=\"true\" class=\"wp-block-spacer\"><\/div>\n\n\n\n<div class=\"wp-block-columns alignwide is-layout-flex wp-container-core-columns-is-layout-28f84493 wp-block-columns-is-layout-flex\">\n<div class=\"wp-block-column is-layout-flow wp-block-column-is-layout-flow\">\n<div style=\"height:23px\" aria-hidden=\"true\" class=\"wp-block-spacer\"><\/div>\n\n\n\n<div class=\"wp-block-columns is-layout-flex wp-container-core-columns-is-layout-28f84493 wp-block-columns-is-layout-flex\">\n<div class=\"wp-block-column is-layout-flow wp-block-column-is-layout-flow\" style=\"flex-basis:33.33%\">\n<figure class=\"wp-block-image size-large\"><img fetchpriority=\"high\" decoding=\"async\" width=\"729\" height=\"1024\" src=\"https:\/\/transakcija.si\/translovenija\/wp-content\/uploads\/2024\/10\/transpektive1-729x1024.png\" alt=\"\" class=\"wp-image-2402\" srcset=\"https:\/\/transakcija.si\/translovenija\/wp-content\/uploads\/2024\/10\/transpektive1-729x1024.png 729w, https:\/\/transakcija.si\/translovenija\/wp-content\/uploads\/2024\/10\/transpektive1-213x300.png 213w, https:\/\/transakcija.si\/translovenija\/wp-content\/uploads\/2024\/10\/transpektive1.png 747w\" sizes=\"(max-width: 729px) 100vw, 729px\" \/><\/figure>\n<\/div>\n\n\n\n<div class=\"wp-block-column is-layout-flow wp-block-column-is-layout-flow\" style=\"flex-basis:66.66%\">\n<p>#transpektiva je program TransAkcije, ki se je izvajal med 2017 in 2023 in je v ospredje postavljal osebne zgodbe in poglede trans oseb.  \u0160tevilni prispevki, ki so nastali skozi leta in v katerih so osebe pisale o svojih izku\u0161njah, komentirale dru\u017ebene spone in naslavljale skupnost, danes stojijo kot arhiv in malo okno v nekatere zgodbe nekaterih ljudi skozi \u010das. <\/p>\n\n\n\n<p><strong>Avtorice_ji: <\/strong>Tova Per Peterka, Lea Aymard, Filip Vurnik, Heidi Pun, Lars Pihlar, Evan Grm, Linn Julian Koletnik, Martin Gramc, Nuka Horvat, Tzophek, Tina \u0160mid, Uro\u0161 Prah, Dan \u010ce\u010d, Vesna Novak, Jaka \u0160oster, T, Karmen Da\u0161, S. K., Nai \u0160tagar, neo, trans \u017eenske ob 8. marcu 2018 in nebinarne osebe ob dnevu nebinarnosti 2023<strong><br><\/strong><br><strong>Produkcija: <\/strong>Zavod TransAkcija<br><strong>Leto izida: <\/strong>2024<\/p>\n\n\n\n<div class=\"wp-block-buttons is-layout-flex wp-block-buttons-is-layout-flex\">\n<div class=\"wp-block-button\"><a class=\"wp-block-button__link wp-element-button\" href=\"https:\/\/transakcija.si\/translovenija\/wp-content\/uploads\/2024\/10\/transpektive17-23.pdf\">PREBERI TRANSPEKTIVE<\/a><\/div>\n<\/div>\n\n\n\n<div style=\"height:100px\" aria-hidden=\"true\" class=\"wp-block-spacer\"><\/div>\n<\/div>\n<\/div>\n<\/div>\n<\/div>\n<\/div>\n","protected":false},"excerpt":{"rendered":"<p>#transpektiva je program TransAkcije, ki se je izvajal med 2017 in 2023 in je v ospredje postavljal osebne zgodbe in poglede trans oseb. \u0160tevilni prispevki, ki so nastali skozi leta in v katerih so osebe pisale o svojih izku\u0161njah, komentirale dru\u017ebene spone in naslavljale skupnost, danes stojijo kot arhiv in malo okno v nekatere zgodbe [&hellip;]<\/p>\n","protected":false},"author":2,"featured_media":0,"parent":0,"menu_order":0,"comment_status":"closed","ping_status":"closed","template":"","meta":{"footnotes":""},"class_list":["post-2265","page","type-page","status-publish","hentry"],"_links":{"self":[{"href":"https:\/\/transakcija.si\/translovenija\/wp-json\/wp\/v2\/pages\/2265","targetHints":{"allow":["GET"]}}],"collection":[{"href":"https:\/\/transakcija.si\/translovenija\/wp-json\/wp\/v2\/pages"}],"about":[{"href":"https:\/\/transakcija.si\/translovenija\/wp-json\/wp\/v2\/types\/page"}],"author":[{"embeddable":true,"href":"https:\/\/transakcija.si\/translovenija\/wp-json\/wp\/v2\/users\/2"}],"replies":[{"embeddable":true,"href":"https:\/\/transakcija.si\/translovenija\/wp-json\/wp\/v2\/comments?post=2265"}],"version-history":[{"count":3,"href":"https:\/\/transakcija.si\/translovenija\/wp-json\/wp\/v2\/pages\/2265\/revisions"}],"predecessor-version":[{"id":2420,"href":"https:\/\/transakcija.si\/translovenija\/wp-json\/wp\/v2\/pages\/2265\/revisions\/2420"}],"wp:attachment":[{"href":"https:\/\/transakcija.si\/translovenija\/wp-json\/wp\/v2\/media?parent=2265"}],"curies":[{"name":"wp","href":"https:\/\/api.w.org\/{rel}","templated":true}]}}