{"id":2276,"date":"2024-10-02T21:32:26","date_gmt":"2024-10-02T21:32:26","guid":{"rendered":"https:\/\/transakcija.si\/translovenija\/?page_id=2276"},"modified":"2024-10-16T10:09:54","modified_gmt":"2024-10-16T09:09:54","slug":"prirocnik-o-tranziciji","status":"publish","type":"page","link":"https:\/\/transakcija.si\/translovenija\/prirocnik-o-tranziciji\/","title":{"rendered":"#priro\u010dnik o tranziciji &#8220;Tranzicija 101&#8221;"},"content":{"rendered":"\n<div class=\"wp-block-group alignfull has-global-padding is-content-justification-center is-layout-constrained wp-container-core-group-is-layout-888b3e69 wp-block-group-is-layout-constrained\" style=\"margin-top:0;margin-bottom:0;padding-top:calc( 0.5 * var(u002du002dwpu002du002dstyleu002du002drootu002du002dpadding-right, var(u002du002dwpu002du002dcustomu002du002dgapu002du002dhorizontal)));padding-right:var(u002du002dwpu002du002dstyleu002du002drootu002du002dpadding-right, var(u002du002dwpu002du002dcustomu002du002dgapu002du002dhorizontal));padding-bottom:calc( 0.5 * var(u002du002dwpu002du002dstyleu002du002drootu002du002dpadding-right, var(u002du002dwpu002du002dcustomu002du002dgapu002du002dhorizontal)));padding-left:var(u002du002dwpu002du002dstyleu002du002drootu002du002dpadding-left, var(u002du002dwpu002du002dcustomu002du002dgapu002du002dhorizontal))\">\n<div style=\"height:calc( 0.25 * var(u002du002dwpu002du002dstyleu002du002drootu002du002dpadding-right, var(u002du002dwpu002du002dcustomu002du002dgapu002du002dhorizontal)))\" aria-hidden=\"true\" class=\"wp-block-spacer\"><\/div>\n\n\n\n<div class=\"wp-block-columns alignwide is-layout-flex wp-container-core-columns-is-layout-28f84493 wp-block-columns-is-layout-flex\">\n<div class=\"wp-block-column is-layout-flow wp-block-column-is-layout-flow\">\n<div style=\"height:23px\" aria-hidden=\"true\" class=\"wp-block-spacer\"><\/div>\n\n\n\n<div class=\"wp-block-columns is-layout-flex wp-container-core-columns-is-layout-28f84493 wp-block-columns-is-layout-flex\">\n<div class=\"wp-block-column is-layout-flow wp-block-column-is-layout-flow\" style=\"flex-basis:33.33%\">\n<figure class=\"wp-block-image size-large\"><a href=\"https:\/\/transakcija.si\/translovenija\/wp-content\/uploads\/2024\/10\/tranzicija-101.pdf\"><img fetchpriority=\"high\" decoding=\"async\" width=\"729\" height=\"1024\" src=\"https:\/\/transakcija.si\/translovenija\/wp-content\/uploads\/2024\/10\/prirocnik-tranzicija-1-729x1024.png\" alt=\"\" class=\"wp-image-2393\" srcset=\"https:\/\/transakcija.si\/translovenija\/wp-content\/uploads\/2024\/10\/prirocnik-tranzicija-1-729x1024.png 729w, https:\/\/transakcija.si\/translovenija\/wp-content\/uploads\/2024\/10\/prirocnik-tranzicija-1-213x300.png 213w, https:\/\/transakcija.si\/translovenija\/wp-content\/uploads\/2024\/10\/prirocnik-tranzicija-1.png 747w\" sizes=\"(max-width: 729px) 100vw, 729px\" \/><\/a><\/figure>\n<\/div>\n\n\n\n<div class=\"wp-block-column is-layout-flow wp-block-column-is-layout-flow\" style=\"flex-basis:66.66%\">\n<p>&#8220;Tranzicija 101&#8221;&nbsp;je prakti\u010den vodnik, ki natan\u010dno obravnava razli\u010dne vidike procesov socialne in medicinske tranzicije, vklju\u010dujo\u010d iz\u010drpne informacije o medicinskih postopkih in procesu spremembe dokumentov. Priro\u010dnik ponuja tudi dragocene nasvete za star\u0161e, prijatelje_ice in strokovnjake_inje, ki \u017eelijo podpreti spolno raznolike osebe na njihovi poti. Ta zbirka virov predstavlja pomembno orodje za razumevanje, sprejemanje in uresni\u010devanje pravic vseh, ki se spopadajo z izzivi tranzicije.<\/p>\n\n\n\n<p><strong>Urednik: <\/strong>Zavod TransAkcija<strong><br><\/strong><br><strong>Produkcija: <\/strong>Zavod TransAkcija<br><strong>Leto izida: <\/strong>2024<\/p>\n\n\n\n<div class=\"wp-block-buttons is-layout-flex wp-block-buttons-is-layout-flex\">\n<div class=\"wp-block-button\"><a class=\"wp-block-button__link wp-element-button\" href=\"https:\/\/transakcija.si\/translovenija\/wp-content\/uploads\/2024\/10\/tranzicija-101.pdf\">PREBERI PRIRO\u010cNIK<\/a><\/div>\n<\/div>\n\n\n\n<div style=\"height:100px\" aria-hidden=\"true\" class=\"wp-block-spacer\"><\/div>\n<\/div>\n<\/div>\n<\/div>\n<\/div>\n<\/div>\n","protected":false},"excerpt":{"rendered":"<p>&#8220;Tranzicija 101&#8221;&nbsp;je prakti\u010den vodnik, ki natan\u010dno obravnava razli\u010dne vidike procesov socialne in medicinske tranzicije, vklju\u010dujo\u010d iz\u010drpne informacije o medicinskih postopkih in procesu spremembe dokumentov. Priro\u010dnik ponuja tudi dragocene nasvete za star\u0161e, prijatelje_ice in strokovnjake_inje, ki \u017eelijo podpreti spolno raznolike osebe na njihovi poti. Ta zbirka virov predstavlja pomembno orodje za razumevanje, sprejemanje in uresni\u010devanje pravic [&hellip;]<\/p>\n","protected":false},"author":2,"featured_media":0,"parent":0,"menu_order":0,"comment_status":"closed","ping_status":"closed","template":"","meta":{"footnotes":""},"class_list":["post-2276","page","type-page","status-publish","hentry"],"_links":{"self":[{"href":"https:\/\/transakcija.si\/translovenija\/wp-json\/wp\/v2\/pages\/2276","targetHints":{"allow":["GET"]}}],"collection":[{"href":"https:\/\/transakcija.si\/translovenija\/wp-json\/wp\/v2\/pages"}],"about":[{"href":"https:\/\/transakcija.si\/translovenija\/wp-json\/wp\/v2\/types\/page"}],"author":[{"embeddable":true,"href":"https:\/\/transakcija.si\/translovenija\/wp-json\/wp\/v2\/users\/2"}],"replies":[{"embeddable":true,"href":"https:\/\/transakcija.si\/translovenija\/wp-json\/wp\/v2\/comments?post=2276"}],"version-history":[{"count":5,"href":"https:\/\/transakcija.si\/translovenija\/wp-json\/wp\/v2\/pages\/2276\/revisions"}],"predecessor-version":[{"id":2635,"href":"https:\/\/transakcija.si\/translovenija\/wp-json\/wp\/v2\/pages\/2276\/revisions\/2635"}],"wp:attachment":[{"href":"https:\/\/transakcija.si\/translovenija\/wp-json\/wp\/v2\/media?parent=2276"}],"curies":[{"name":"wp","href":"https:\/\/api.w.org\/{rel}","templated":true}]}}