{"id":2285,"date":"2024-10-02T21:46:30","date_gmt":"2024-10-02T21:46:30","guid":{"rendered":"https:\/\/transakcija.si\/translovenija\/?page_id=2285"},"modified":"2024-10-16T08:29:02","modified_gmt":"2024-10-16T07:29:02","slug":"2285-2","status":"publish","type":"page","link":"https:\/\/transakcija.si\/translovenija\/2285-2\/","title":{"rendered":"#poro\u010dilo o medijskem poro\u010danju o transspolnosti v letu 2024"},"content":{"rendered":"\n<div class=\"wp-block-group alignfull has-global-padding is-content-justification-center is-layout-constrained wp-container-core-group-is-layout-888b3e69 wp-block-group-is-layout-constrained\" style=\"margin-top:0;margin-bottom:0;padding-top:calc( 0.5 * var(u002du002dwpu002du002dstyleu002du002drootu002du002dpadding-right, var(u002du002dwpu002du002dcustomu002du002dgapu002du002dhorizontal)));padding-right:var(u002du002dwpu002du002dstyleu002du002drootu002du002dpadding-right, var(u002du002dwpu002du002dcustomu002du002dgapu002du002dhorizontal));padding-bottom:calc( 0.5 * var(u002du002dwpu002du002dstyleu002du002drootu002du002dpadding-right, var(u002du002dwpu002du002dcustomu002du002dgapu002du002dhorizontal)));padding-left:var(u002du002dwpu002du002dstyleu002du002drootu002du002dpadding-left, var(u002du002dwpu002du002dcustomu002du002dgapu002du002dhorizontal))\">\n<div style=\"height:calc( 0.25 * var(u002du002dwpu002du002dstyleu002du002drootu002du002dpadding-right, var(u002du002dwpu002du002dcustomu002du002dgapu002du002dhorizontal)))\" aria-hidden=\"true\" class=\"wp-block-spacer\"><\/div>\n\n\n\n<div class=\"wp-block-columns alignwide is-layout-flex wp-container-core-columns-is-layout-28f84493 wp-block-columns-is-layout-flex\">\n<div class=\"wp-block-column is-layout-flow wp-block-column-is-layout-flow\">\n<div style=\"height:23px\" aria-hidden=\"true\" class=\"wp-block-spacer\"><\/div>\n\n\n\n<div class=\"wp-block-columns is-layout-flex wp-container-core-columns-is-layout-28f84493 wp-block-columns-is-layout-flex\">\n<div class=\"wp-block-column is-layout-flow wp-block-column-is-layout-flow\" style=\"flex-basis:33.33%\">\n<figure class=\"wp-block-image size-large\"><img fetchpriority=\"high\" decoding=\"async\" width=\"729\" height=\"1024\" src=\"https:\/\/transakcija.si\/translovenija\/wp-content\/uploads\/2024\/10\/media-report-1-729x1024.png\" alt=\"\" class=\"wp-image-2392\" srcset=\"https:\/\/transakcija.si\/translovenija\/wp-content\/uploads\/2024\/10\/media-report-1-729x1024.png 729w, https:\/\/transakcija.si\/translovenija\/wp-content\/uploads\/2024\/10\/media-report-1-213x300.png 213w, https:\/\/transakcija.si\/translovenija\/wp-content\/uploads\/2024\/10\/media-report-1.png 747w\" sizes=\"(max-width: 729px) 100vw, 729px\" \/><\/figure>\n<\/div>\n\n\n\n<div class=\"wp-block-column is-layout-flow wp-block-column-is-layout-flow\" style=\"flex-basis:66.66%\">\n<p>&#8220;Poro\u010dilo o medijskem poro\u010danju o transspolnosti v letu 2024&#8221;&nbsp;analizira, kako so slovenski mediji v preteklem letu obravnavali teme, povezane s transspolnostjo, ter oceni ustreznost in kakovost poro\u010danja z gledi\u0161\u010da dru\u017ebene odgovornosti. Poro\u010dilo razkriva klju\u010dne trende in izzive, s katerimi se soo\u010dajo novinarke_ pri prikazovanju transspolnih oseb, spodbuja odprto razpravo in prispeva k razumevanju kompleksnosti spolno raznolikih identitet ter njihovega mesta v javnem prostoru.<\/p>\n\n\n\n<p><strong>Avtorstvo in uredni\u0161tvo: <\/strong>Neo Nova<br><strong>Podatkovna analiza: <\/strong>Neo Nova, Oliver Poker\u017enik<br><br><strong>Produkcija: <\/strong>Zavod TransAkcija<br><strong>Leto izida: <\/strong>2024<\/p>\n\n\n\n<div class=\"wp-block-buttons is-layout-flex wp-block-buttons-is-layout-flex\">\n<div class=\"wp-block-button\"><a class=\"wp-block-button__link wp-element-button\">KMALU!<\/a><\/div>\n<\/div>\n\n\n\n<div style=\"height:100px\" aria-hidden=\"true\" class=\"wp-block-spacer\"><\/div>\n<\/div>\n<\/div>\n<\/div>\n<\/div>\n<\/div>\n","protected":false},"excerpt":{"rendered":"<p>&#8220;Poro\u010dilo o medijskem poro\u010danju o transspolnosti v letu 2024&#8221;&nbsp;analizira, kako so slovenski mediji v preteklem letu obravnavali teme, povezane s transspolnostjo, ter oceni ustreznost in kakovost poro\u010danja z gledi\u0161\u010da dru\u017ebene odgovornosti. Poro\u010dilo razkriva klju\u010dne trende in izzive, s katerimi se soo\u010dajo novinarke_ pri prikazovanju transspolnih oseb, spodbuja odprto razpravo in prispeva k razumevanju kompleksnosti spolno [&hellip;]<\/p>\n","protected":false},"author":2,"featured_media":0,"parent":0,"menu_order":0,"comment_status":"closed","ping_status":"closed","template":"","meta":{"footnotes":""},"class_list":["post-2285","page","type-page","status-publish","hentry"],"_links":{"self":[{"href":"https:\/\/transakcija.si\/translovenija\/wp-json\/wp\/v2\/pages\/2285","targetHints":{"allow":["GET"]}}],"collection":[{"href":"https:\/\/transakcija.si\/translovenija\/wp-json\/wp\/v2\/pages"}],"about":[{"href":"https:\/\/transakcija.si\/translovenija\/wp-json\/wp\/v2\/types\/page"}],"author":[{"embeddable":true,"href":"https:\/\/transakcija.si\/translovenija\/wp-json\/wp\/v2\/users\/2"}],"replies":[{"embeddable":true,"href":"https:\/\/transakcija.si\/translovenija\/wp-json\/wp\/v2\/comments?post=2285"}],"version-history":[{"count":6,"href":"https:\/\/transakcija.si\/translovenija\/wp-json\/wp\/v2\/pages\/2285\/revisions"}],"predecessor-version":[{"id":2618,"href":"https:\/\/transakcija.si\/translovenija\/wp-json\/wp\/v2\/pages\/2285\/revisions\/2618"}],"wp:attachment":[{"href":"https:\/\/transakcija.si\/translovenija\/wp-json\/wp\/v2\/media?parent=2285"}],"curies":[{"name":"wp","href":"https:\/\/api.w.org\/{rel}","templated":true}]}}