{"id":2287,"date":"2024-10-02T21:55:19","date_gmt":"2024-10-02T21:55:19","guid":{"rendered":"https:\/\/transakcija.si\/translovenija\/?page_id=2287"},"modified":"2024-10-05T14:02:38","modified_gmt":"2024-10-05T14:02:38","slug":"raziskava-trans-osebe-o-svojih-izkusnjah-v-zdravstvu","status":"publish","type":"page","link":"https:\/\/transakcija.si\/translovenija\/raziskava-trans-osebe-o-svojih-izkusnjah-v-zdravstvu\/","title":{"rendered":"#raziskava &#8220;Trans osebe o svojih izku\u0161njah v zdravstvu&#8221;"},"content":{"rendered":"\n<div class=\"wp-block-group alignfull has-global-padding is-content-justification-center is-layout-constrained wp-container-core-group-is-layout-888b3e69 wp-block-group-is-layout-constrained\" style=\"margin-top:0;margin-bottom:0;padding-top:calc( 0.5 * var(u002du002dwpu002du002dstyleu002du002drootu002du002dpadding-right, var(u002du002dwpu002du002dcustomu002du002dgapu002du002dhorizontal)));padding-right:var(u002du002dwpu002du002dstyleu002du002drootu002du002dpadding-right, var(u002du002dwpu002du002dcustomu002du002dgapu002du002dhorizontal));padding-bottom:calc( 0.5 * var(u002du002dwpu002du002dstyleu002du002drootu002du002dpadding-right, var(u002du002dwpu002du002dcustomu002du002dgapu002du002dhorizontal)));padding-left:var(u002du002dwpu002du002dstyleu002du002drootu002du002dpadding-left, var(u002du002dwpu002du002dcustomu002du002dgapu002du002dhorizontal))\">\n<div style=\"height:calc( 0.25 * var(u002du002dwpu002du002dstyleu002du002drootu002du002dpadding-right, var(u002du002dwpu002du002dcustomu002du002dgapu002du002dhorizontal)))\" aria-hidden=\"true\" class=\"wp-block-spacer\"><\/div>\n\n\n\n<div class=\"wp-block-columns alignwide is-layout-flex wp-container-core-columns-is-layout-28f84493 wp-block-columns-is-layout-flex\">\n<div class=\"wp-block-column is-layout-flow wp-block-column-is-layout-flow\">\n<div style=\"height:23px\" aria-hidden=\"true\" class=\"wp-block-spacer\"><\/div>\n\n\n\n<div class=\"wp-block-columns is-layout-flex wp-container-core-columns-is-layout-28f84493 wp-block-columns-is-layout-flex\">\n<div class=\"wp-block-column is-layout-flow wp-block-column-is-layout-flow\" style=\"flex-basis:33.33%\">\n<figure class=\"wp-block-image size-large\"><img fetchpriority=\"high\" decoding=\"async\" width=\"729\" height=\"1024\" src=\"https:\/\/transakcija.si\/translovenija\/wp-content\/uploads\/2024\/10\/raziskava-zdravstvo-1-729x1024.png\" alt=\"\" class=\"wp-image-2394\" srcset=\"https:\/\/transakcija.si\/translovenija\/wp-content\/uploads\/2024\/10\/raziskava-zdravstvo-1-729x1024.png 729w, https:\/\/transakcija.si\/translovenija\/wp-content\/uploads\/2024\/10\/raziskava-zdravstvo-1-213x300.png 213w, https:\/\/transakcija.si\/translovenija\/wp-content\/uploads\/2024\/10\/raziskava-zdravstvo-1.png 747w\" sizes=\"(max-width: 729px) 100vw, 729px\" \/><\/figure>\n<\/div>\n\n\n\n<div class=\"wp-block-column is-layout-flow wp-block-column-is-layout-flow\" style=\"flex-basis:66.66%\">\n<p>Raziskava &#8220;Trans osebe o svojih izku\u0161njah v zdravstvu&#8221;&nbsp;nudi vpogled v izku\u0161nje oseb, ki so bile v \u010dasu raziskave v procesu medicinske tranzicije v Sloveniji ali so jo nedavno zaklju\u010dile. Raziskava osvetljuje klju\u010dne izzive, s katerimi se trans osebe sre\u010dujejo v zdravni\u0161kih postopkih, ter nudi vpogled v dostopnost in kakovost zdravstvene oskrbe za trans osebe v Sloveniji. Namen raziskave je prispevek k razumevanju potreb spolno raznolikih oseb v Sloveniji in izbolj\u0161anju njihove izku\u0161nje v zdravstvu.<\/p>\n\n\n\n<p><strong>Uredni\u0161tvo: <\/strong>Zavod TransAkcija<br><strong>Analiza podatkov<\/strong>: Neo Nova<strong><br><\/strong><br><strong>Produkcija: <\/strong>Zavod TransAkcija<br><strong>Leto izida: <\/strong>2024<\/p>\n\n\n\n<div class=\"wp-block-buttons is-layout-flex wp-block-buttons-is-layout-flex\">\n<div class=\"wp-block-button\"><a class=\"wp-block-button__link wp-element-button\">KMALU!<\/a><\/div>\n<\/div>\n\n\n\n<div style=\"height:100px\" aria-hidden=\"true\" class=\"wp-block-spacer\"><\/div>\n<\/div>\n<\/div>\n<\/div>\n<\/div>\n<\/div>\n","protected":false},"excerpt":{"rendered":"<p>Raziskava &#8220;Trans osebe o svojih izku\u0161njah v zdravstvu&#8221;&nbsp;nudi vpogled v izku\u0161nje oseb, ki so bile v \u010dasu raziskave v procesu medicinske tranzicije v Sloveniji ali so jo nedavno zaklju\u010dile. Raziskava osvetljuje klju\u010dne izzive, s katerimi se trans osebe sre\u010dujejo v zdravni\u0161kih postopkih, ter nudi vpogled v dostopnost in kakovost zdravstvene oskrbe za trans osebe v [&hellip;]<\/p>\n","protected":false},"author":2,"featured_media":0,"parent":0,"menu_order":0,"comment_status":"closed","ping_status":"closed","template":"","meta":{"footnotes":""},"class_list":["post-2287","page","type-page","status-publish","hentry"],"_links":{"self":[{"href":"https:\/\/transakcija.si\/translovenija\/wp-json\/wp\/v2\/pages\/2287","targetHints":{"allow":["GET"]}}],"collection":[{"href":"https:\/\/transakcija.si\/translovenija\/wp-json\/wp\/v2\/pages"}],"about":[{"href":"https:\/\/transakcija.si\/translovenija\/wp-json\/wp\/v2\/types\/page"}],"author":[{"embeddable":true,"href":"https:\/\/transakcija.si\/translovenija\/wp-json\/wp\/v2\/users\/2"}],"replies":[{"embeddable":true,"href":"https:\/\/transakcija.si\/translovenija\/wp-json\/wp\/v2\/comments?post=2287"}],"version-history":[{"count":4,"href":"https:\/\/transakcija.si\/translovenija\/wp-json\/wp\/v2\/pages\/2287\/revisions"}],"predecessor-version":[{"id":2455,"href":"https:\/\/transakcija.si\/translovenija\/wp-json\/wp\/v2\/pages\/2287\/revisions\/2455"}],"wp:attachment":[{"href":"https:\/\/transakcija.si\/translovenija\/wp-json\/wp\/v2\/media?parent=2287"}],"curies":[{"name":"wp","href":"https:\/\/api.w.org\/{rel}","templated":true}]}}