{"id":2457,"date":"2024-10-05T15:04:57","date_gmt":"2024-10-05T15:04:57","guid":{"rendered":"https:\/\/transakcija.si\/translovenija\/?page_id=2457"},"modified":"2024-10-16T08:13:06","modified_gmt":"2024-10-16T07:13:06","slug":"spotlight","status":"publish","type":"page","link":"https:\/\/transakcija.si\/translovenija\/spotlight\/","title":{"rendered":"November: mesec transspolnosti"},"content":{"rendered":"\n<div class=\"wp-block-columns alignwide is-layout-flex wp-container-core-columns-is-layout-28f84493 wp-block-columns-is-layout-flex\">\n<div class=\"wp-block-column is-layout-flow wp-block-column-is-layout-flow\">\n<p>November je mesec transspolnosti, namenjen ozave\u0161\u010danju o vpra\u0161anjih in polo\u017eaju trans skupnosti, dvigovanju vidnosti trans oseb v dru\u017ebi in praznovanju spolne raznolikosti v vseh njenih \u2013 in na\u0161ih oblikah.  <\/p>\n\n\n\n<p>Zavod TransAkcija v novembru prireja <strong><a href=\"https:\/\/transakcija.si\/translovenija\/transformacije\/\" data-type=\"page\" data-id=\"2182\">trans:formacije<\/a><\/strong>, festival spolne raznolikosti, ki \u017ee od leta 2016 zdru\u017euje kvir dogodke, vsebine in skupnosti, v prizadevanjih osvetliti stanje, \u017eelje in potrebe spolno raznolikih oseb v Sloveniji tu in zdaj. <\/p>\n\n\n\n<p>Mesec transspolnosti vklju\u010duje tudi <strong>dan spomina na \u017ertve transfobije<\/strong> (TDOR), ki ga obele\u017eimo <strong>20. novembra<\/strong>. Ta dan je namenjen spominu na osebe, ki so v preteklem letu po vsem svetu umrle zaradi transfobnega nasilja. Vsako leto novembra se svetovna skupnost tako posveti dru\u017einam, prijateljem in bli\u017enjim, ki so izgubili \u017eivljenja zaradi nasilja in predsodkov. Ta dan je postal svetovno sti\u010di\u0161\u010de skupnosti, ki le skozi kolektiven upor postaja odpornej\u0161a na sistemsko diskriminacijo.<\/p>\n\n\n\n<p>Datum dneva spomina na \u017ertve transfobije je povezan z zgodovinskim umorom trans \u017eenske v Zdru\u017eenih dr\u017eavah Amerike. Potem ko je porota v Massachusettsu oprostila Williama Palmerja za umor Chanelle Pickett, 23-letne temnopolte trans \u017eenske, ki je bila ubita 20. novembra 1995, je bila 28. novembra 1998 v svojem stanovanju v Allstonu najdena umorjena 35-letna Rita Hester. Umor Rite Hester je spodbudil trans aktivistko Gwen Smith iz San Francisca, da je ustvarila spletni projekt &#8220;Remembering Our Dead&#8221; za umorjene trans in spolno raznolike osebe. Leta 1999 je tako potekal prvi dan spomina na \u017ertve transfobije.<\/p>\n\n\n\n<p>Krovna evropska trans organizacija <strong>Transgender Europe <\/strong>(TGEU) v okviru dneva spomina na \u017ertve transfobije letno objavi poro\u010dilo raziskovalnega projekta <strong><a href=\"https:\/\/www.tgeu.org\/trans-murder-monitoring\/\">Trans Murder Monitoring<\/a><\/strong> (TMM), s katerim od leta 2009 sistemati\u010dno spremlja, zbira in analizira poro\u010dila o umorih trans in spolno raznolikih oseb po vsem svetu. Namen projekta je osvetlitev posledic transfobne diskriminacije, zaradi katerih so spolno raznolike osebe podvr\u017eene ve\u010djemu tveganju za nasilje.<\/p>\n<\/div>\n<\/div>\n","protected":false},"excerpt":{"rendered":"<p>November je mesec transspolnosti, namenjen ozave\u0161\u010danju o vpra\u0161anjih in polo\u017eaju trans skupnosti, dvigovanju vidnosti trans oseb v dru\u017ebi in praznovanju spolne raznolikosti v vseh njenih \u2013 in na\u0161ih oblikah. Zavod TransAkcija v novembru prireja trans:formacije, festival spolne raznolikosti, ki \u017ee od leta 2016 zdru\u017euje kvir dogodke, vsebine in skupnosti, v prizadevanjih osvetliti stanje, \u017eelje in [&hellip;]<\/p>\n","protected":false},"author":2,"featured_media":0,"parent":0,"menu_order":0,"comment_status":"closed","ping_status":"closed","template":"","meta":{"footnotes":""},"class_list":["post-2457","page","type-page","status-publish","hentry"],"_links":{"self":[{"href":"https:\/\/transakcija.si\/translovenija\/wp-json\/wp\/v2\/pages\/2457","targetHints":{"allow":["GET"]}}],"collection":[{"href":"https:\/\/transakcija.si\/translovenija\/wp-json\/wp\/v2\/pages"}],"about":[{"href":"https:\/\/transakcija.si\/translovenija\/wp-json\/wp\/v2\/types\/page"}],"author":[{"embeddable":true,"href":"https:\/\/transakcija.si\/translovenija\/wp-json\/wp\/v2\/users\/2"}],"replies":[{"embeddable":true,"href":"https:\/\/transakcija.si\/translovenija\/wp-json\/wp\/v2\/comments?post=2457"}],"version-history":[{"count":3,"href":"https:\/\/transakcija.si\/translovenija\/wp-json\/wp\/v2\/pages\/2457\/revisions"}],"predecessor-version":[{"id":2601,"href":"https:\/\/transakcija.si\/translovenija\/wp-json\/wp\/v2\/pages\/2457\/revisions\/2601"}],"wp:attachment":[{"href":"https:\/\/transakcija.si\/translovenija\/wp-json\/wp\/v2\/media?parent=2457"}],"curies":[{"name":"wp","href":"https:\/\/api.w.org\/{rel}","templated":true}]}}