{"id":2463,"date":"2024-10-05T15:37:58","date_gmt":"2024-10-05T15:37:58","guid":{"rendered":"https:\/\/transakcija.si\/translovenija\/?page_id=2463"},"modified":"2024-10-22T10:30:52","modified_gmt":"2024-10-22T09:30:52","slug":"transformacije-2024","status":"publish","type":"page","link":"https:\/\/transakcija.si\/translovenija\/transformacije-2024\/","title":{"rendered":"trans:formacije 2024: &#8220;spol kot ogledalo dru\u017ebe&#8221;"},"content":{"rendered":"\n<div class=\"wp-block-columns alignwide is-layout-flex wp-container-core-columns-is-layout-28f84493 wp-block-columns-is-layout-flex\">\n<div class=\"wp-block-column is-layout-flow wp-block-column-is-layout-flow\">\n<p>S trans mesecem novembrom naznanjamo <strong>trans:formacije<\/strong>, festival spolne raznolikosti in prostor raziskovanja spola kot oprijemljivega, nefiksnega, spremenljivega konstrukta. Tema v fokusu je <strong>spol kot ogledalo dru\u017ebe<\/strong>; razmislek o tem, kako ospoljene dru\u017ebene interakcije odsevajo na\u0161e vrednote, prepri\u010danja in pristranskosti.<\/p>\n\n\n\n<p>V letu 2024 se zrcalimo v kompleksnosti dru\u017ebenega diskurza, ki ga oblikuje spol. Na\u0161a razumevanja in normativi se oblikujejo skozi kulturne, politi\u010dne in socialne kontekste: \u201cspol\u201d nas odseva, se v nas odseva.<\/p>\n\n\n\n<p>Spol se na eni strani slika stati\u010dno in omejujo\u010de, dru\u017eba pa z njim podvr\u017eena sankcijam za odklonskost. Mediji senzacionalizirajo, \u0161port kaznuje, zdravstvo privilegira tiste, ki \u201cpassajo\u201d.&nbsp;Kvir ka\u017ee drugo, bolj dinami\u010dno ogledalo: ko ospoljen diskurz postaja nekaj oprijemljivega, nefiksnega, spremenljivega, postane spol \u2013 tako kot me same \u2013 vreden raziskovanja.<\/p>\n\n\n\n<h4 class=\"wp-block-heading\">Dogodki festivala <\/h4>\n\n\n\n<div class=\"wp-block-columns is-layout-flex wp-container-core-columns-is-layout-28f84493 wp-block-columns-is-layout-flex\">\n<div class=\"wp-block-column is-layout-flow wp-block-column-is-layout-flow\">\n<figure class=\"wp-block-image size-full\"><a href=\"https:\/\/drive.google.com\/drive\/folders\/1e8Ok0Gw_s3bYqWxhTlX8HELAv4-H22ZH?usp=sharing\"><img fetchpriority=\"high\" decoding=\"async\" width=\"1879\" height=\"1188\" src=\"https:\/\/transakcija.si\/translovenija\/wp-content\/uploads\/2024\/10\/New-Guide.png\" alt=\"\" class=\"wp-image-2598\" srcset=\"https:\/\/transakcija.si\/translovenija\/wp-content\/uploads\/2024\/10\/New-Guide.png 1879w, https:\/\/transakcija.si\/translovenija\/wp-content\/uploads\/2024\/10\/New-Guide-300x190.png 300w, https:\/\/transakcija.si\/translovenija\/wp-content\/uploads\/2024\/10\/New-Guide-1024x647.png 1024w, https:\/\/transakcija.si\/translovenija\/wp-content\/uploads\/2024\/10\/New-Guide-768x486.png 768w, https:\/\/transakcija.si\/translovenija\/wp-content\/uploads\/2024\/10\/New-Guide-1536x971.png 1536w\" sizes=\"(max-width: 1879px) 100vw, 1879px\" \/><\/a><\/figure>\n\n\n\n<div class=\"wp-block-group has-quaternary-background-color has-background is-layout-flow wp-container-core-group-is-layout-e0ea0936 wp-block-group-is-layout-flow\" style=\"margin-top:0px;margin-bottom:0px\">\n<h6 class=\"wp-block-heading has-text-align-left\" id=\"my-story\" style=\"line-height:1\"><strong><a href=\"https:\/\/drive.google.com\/drive\/folders\/1e8Ok0Gw_s3bYqWxhTlX8HELAv4-H22ZH?usp=sharing\">transCON<\/a><\/strong><\/h6>\n\n\n\n<p class=\"has-small-font-size\"><strong>[KONVENCIJA TRANS KULTURE]<\/strong><\/p>\n\n\n\n<p class=\"has-text-align-left has-small-font-size\">3. 11. 2024 | Sokolski dom Tabor<\/p>\n\n\n\n<div class=\"wp-block-buttons is-layout-flex wp-block-buttons-is-layout-flex\">\n<div class=\"wp-block-button has-custom-font-size has-tiny-font-size\"><a class=\"wp-block-button__link has-foreground-background-color has-background wp-element-button\" href=\"https:\/\/drive.google.com\/drive\/folders\/1e8Ok0Gw_s3bYqWxhTlX8HELAv4-H22ZH?usp=sharing\">Preberi ve\u010d!<\/a><\/div>\n<\/div>\n<\/div>\n<\/div>\n\n\n\n<div class=\"wp-block-column is-layout-flow wp-block-column-is-layout-flow\">\n<figure class=\"wp-block-image size-full\"><img decoding=\"async\" width=\"640\" height=\"400\" src=\"https:\/\/transakcija.si\/translovenija\/wp-content\/uploads\/2024\/10\/e2.png\" alt=\"\" class=\"wp-image-2570\" srcset=\"https:\/\/transakcija.si\/translovenija\/wp-content\/uploads\/2024\/10\/e2.png 640w, https:\/\/transakcija.si\/translovenija\/wp-content\/uploads\/2024\/10\/e2-300x188.png 300w\" sizes=\"(max-width: 640px) 100vw, 640px\" \/><\/figure>\n\n\n\n<div class=\"wp-block-group has-quaternary-background-color has-background is-layout-flow wp-container-core-group-is-layout-e0ea0936 wp-block-group-is-layout-flow\" style=\"margin-top:0px;margin-bottom:0px\">\n<h6 class=\"wp-block-heading has-text-align-left\" id=\"my-story\" style=\"line-height:1\">Spol na radarju<\/h6>\n\n\n\n<p class=\"has-text-align-left has-small-font-size\"><strong>[TRANS_MISIJA XI]<\/strong><\/p>\n\n\n\n<p class=\"has-text-align-left has-small-font-size\">19. 11. 2024 | Pritli\u010dje<\/p>\n\n\n\n<div class=\"wp-block-buttons is-layout-flex wp-block-buttons-is-layout-flex\">\n<div class=\"wp-block-button has-custom-font-size has-tiny-font-size\"><a class=\"wp-block-button__link has-foreground-background-color has-background wp-element-button\">Kmalu!<\/a><\/div>\n<\/div>\n<\/div>\n<\/div>\n\n\n\n<div class=\"wp-block-column is-layout-flow wp-block-column-is-layout-flow\">\n<figure class=\"wp-block-image size-full\"><img decoding=\"async\" width=\"640\" height=\"400\" src=\"https:\/\/transakcija.si\/translovenija\/wp-content\/uploads\/2024\/10\/e3.png\" alt=\"\" class=\"wp-image-2571\" srcset=\"https:\/\/transakcija.si\/translovenija\/wp-content\/uploads\/2024\/10\/e3.png 640w, https:\/\/transakcija.si\/translovenija\/wp-content\/uploads\/2024\/10\/e3-300x188.png 300w\" sizes=\"(max-width: 640px) 100vw, 640px\" \/><\/figure>\n\n\n\n<div class=\"wp-block-group has-quaternary-background-color has-background is-layout-flow wp-container-core-group-is-layout-e0ea0936 wp-block-group-is-layout-flow\" style=\"margin-top:0px;margin-bottom:0px\">\n<h6 class=\"wp-block-heading has-text-align-left\" id=\"my-story\" style=\"line-height:1\">Tiskovni shod<\/h6>\n\n\n\n<p class=\"has-small-font-size\"><strong>[SKUPNOSTNA AKCIJA]<\/strong><\/p>\n\n\n\n<p class=\"has-text-align-left has-small-font-size\">20. 11. 2024 | Ljubljana<\/p>\n\n\n\n<div class=\"wp-block-buttons is-layout-flex wp-block-buttons-is-layout-flex\">\n<div class=\"wp-block-button has-custom-font-size has-tiny-font-size\"><a class=\"wp-block-button__link has-foreground-background-color has-background wp-element-button\">Kmalu!<\/a><\/div>\n<\/div>\n<\/div>\n<\/div>\n<\/div>\n\n\n\n<div class=\"wp-block-columns is-layout-flex wp-container-core-columns-is-layout-28f84493 wp-block-columns-is-layout-flex\">\n<div class=\"wp-block-column is-layout-flow wp-block-column-is-layout-flow\">\n<div class=\"wp-block-columns is-layout-flex wp-container-core-columns-is-layout-28f84493 wp-block-columns-is-layout-flex\">\n<div class=\"wp-block-column is-layout-flow wp-block-column-is-layout-flow\">\n<figure class=\"wp-block-image size-full\"><img loading=\"lazy\" decoding=\"async\" width=\"640\" height=\"400\" src=\"https:\/\/transakcija.si\/translovenija\/wp-content\/uploads\/2024\/10\/e4.png\" alt=\"\" class=\"wp-image-2572\" srcset=\"https:\/\/transakcija.si\/translovenija\/wp-content\/uploads\/2024\/10\/e4.png 640w, https:\/\/transakcija.si\/translovenija\/wp-content\/uploads\/2024\/10\/e4-300x188.png 300w\" sizes=\"(max-width: 640px) 100vw, 640px\" \/><\/figure>\n\n\n\n<div class=\"wp-block-group has-quaternary-background-color has-background is-layout-flow wp-container-core-group-is-layout-e0ea0936 wp-block-group-is-layout-flow\" style=\"margin-top:0px;margin-bottom:0px\">\n<h6 class=\"wp-block-heading has-text-align-left\" id=\"my-story\" style=\"line-height:1\">Pop-up dru\u017e: Maribor<\/h6>\n\n\n\n<p class=\"has-small-font-size\"><strong>[DELAVNICA &amp; DRU\u017dENJE]<\/strong><\/p>\n\n\n\n<p class=\"has-text-align-left has-small-font-size\">8. 11. 2024 | Kulturni inkubator Maribor<\/p>\n\n\n\n<div class=\"wp-block-buttons is-layout-flex wp-block-buttons-is-layout-flex\">\n<div class=\"wp-block-button has-custom-font-size has-tiny-font-size\"><a class=\"wp-block-button__link has-foreground-background-color has-background wp-element-button\">Kmalu!<\/a><\/div>\n<\/div>\n<\/div>\n<\/div>\n\n\n\n<div class=\"wp-block-column is-layout-flow wp-block-column-is-layout-flow\">\n<figure class=\"wp-block-image size-full\"><img loading=\"lazy\" decoding=\"async\" width=\"640\" height=\"400\" src=\"https:\/\/transakcija.si\/translovenija\/wp-content\/uploads\/2024\/10\/e5.png\" alt=\"\" class=\"wp-image-2573\" srcset=\"https:\/\/transakcija.si\/translovenija\/wp-content\/uploads\/2024\/10\/e5.png 640w, https:\/\/transakcija.si\/translovenija\/wp-content\/uploads\/2024\/10\/e5-300x188.png 300w\" sizes=\"(max-width: 640px) 100vw, 640px\" \/><\/figure>\n\n\n\n<div class=\"wp-block-group has-quaternary-background-color has-background is-layout-flow wp-container-core-group-is-layout-e0ea0936 wp-block-group-is-layout-flow\" style=\"margin-top:0px;margin-bottom:0px\">\n<h6 class=\"wp-block-heading has-text-align-left\" id=\"my-story\" style=\"line-height:1\">Pop-up dru\u017e: Koper<\/h6>\n\n\n\n<p class=\"has-small-font-size\"><strong>[DELAVNICA &amp; DRU\u017dENJE]<\/strong><\/p>\n\n\n\n<p class=\"has-text-align-left has-small-font-size\">14. 11. 2024 | CMK Koper<\/p>\n\n\n\n<div class=\"wp-block-buttons is-layout-flex wp-block-buttons-is-layout-flex\">\n<div class=\"wp-block-button has-custom-font-size has-tiny-font-size\"><a class=\"wp-block-button__link has-foreground-background-color has-background wp-element-button\">Kmalu!<\/a><\/div>\n<\/div>\n<\/div>\n<\/div>\n<\/div>\n<\/div>\n\n\n\n<div class=\"wp-block-column is-layout-flow wp-block-column-is-layout-flow\">\n<div class=\"wp-block-columns is-layout-flex wp-container-core-columns-is-layout-28f84493 wp-block-columns-is-layout-flex\">\n<div class=\"wp-block-column is-layout-flow wp-block-column-is-layout-flow\">\n<figure class=\"wp-block-image size-full\"><img loading=\"lazy\" decoding=\"async\" width=\"640\" height=\"400\" src=\"https:\/\/transakcija.si\/translovenija\/wp-content\/uploads\/2024\/10\/e6.png\" alt=\"\" class=\"wp-image-2575\" srcset=\"https:\/\/transakcija.si\/translovenija\/wp-content\/uploads\/2024\/10\/e6.png 640w, https:\/\/transakcija.si\/translovenija\/wp-content\/uploads\/2024\/10\/e6-300x188.png 300w\" sizes=\"(max-width: 640px) 100vw, 640px\" \/><\/figure>\n\n\n\n<div class=\"wp-block-group has-quaternary-background-color has-background is-layout-flow wp-container-core-group-is-layout-e0ea0936 wp-block-group-is-layout-flow\" style=\"margin-top:0px;margin-bottom:0px\">\n<h6 class=\"wp-block-heading has-text-align-left\" id=\"my-story\" style=\"line-height:1\">TransAkcija + Pritli\u010dje praznujeta 10. rojstni dan <\/h6>\n\n\n\n<p class=\"has-small-font-size\"><strong>[PRAZNOVANJE]<\/strong><\/p>\n\n\n\n<p class=\"has-text-align-left has-small-font-size\">28. 11. 2024 | Pritli\u010dje<\/p>\n\n\n\n<div class=\"wp-block-buttons is-layout-flex wp-block-buttons-is-layout-flex\">\n<div class=\"wp-block-button has-custom-font-size has-tiny-font-size\"><a class=\"wp-block-button__link has-foreground-background-color has-background wp-element-button\">Kmalu!<\/a><\/div>\n<\/div>\n<\/div>\n<\/div>\n\n\n\n<div class=\"wp-block-column is-layout-flow wp-block-column-is-layout-flow\">\n<figure class=\"wp-block-image size-full\"><img loading=\"lazy\" decoding=\"async\" width=\"640\" height=\"400\" src=\"https:\/\/transakcija.si\/translovenija\/wp-content\/uploads\/2024\/10\/e7.png\" alt=\"\" class=\"wp-image-2574\" srcset=\"https:\/\/transakcija.si\/translovenija\/wp-content\/uploads\/2024\/10\/e7.png 640w, https:\/\/transakcija.si\/translovenija\/wp-content\/uploads\/2024\/10\/e7-300x188.png 300w\" sizes=\"(max-width: 640px) 100vw, 640px\" \/><\/figure>\n\n\n\n<div class=\"wp-block-group has-quaternary-background-color has-background is-layout-flow wp-container-core-group-is-layout-e0ea0936 wp-block-group-is-layout-flow\" style=\"margin-top:0px;margin-bottom:0px\">\n<h6 class=\"wp-block-heading has-text-align-left\" id=\"my-story\" style=\"line-height:1\">Zrcalce, zrcalce<\/h6>\n\n\n\n<p class=\"has-small-font-size\"><strong>[\u017dUR]<\/strong><\/p>\n\n\n\n<p class=\"has-text-align-left has-small-font-size\">30. 11. 2024 | Monokel<\/p>\n\n\n\n<div class=\"wp-block-buttons is-layout-flex wp-block-buttons-is-layout-flex\">\n<div class=\"wp-block-button has-custom-font-size has-tiny-font-size\"><a class=\"wp-block-button__link has-foreground-background-color has-background wp-element-button\">Kmalu!<\/a><\/div>\n<\/div>\n<\/div>\n<\/div>\n<\/div>\n<\/div>\n<\/div>\n<\/div>\n<\/div>\n","protected":false},"excerpt":{"rendered":"<p>S trans mesecem novembrom naznanjamo trans:formacije, festival spolne raznolikosti in prostor raziskovanja spola kot oprijemljivega, nefiksnega, spremenljivega konstrukta. Tema v fokusu je spol kot ogledalo dru\u017ebe; razmislek o tem, kako ospoljene dru\u017ebene interakcije odsevajo na\u0161e vrednote, prepri\u010danja in pristranskosti. V letu 2024 se zrcalimo v kompleksnosti dru\u017ebenega diskurza, ki ga oblikuje spol. Na\u0161a razumevanja in [&hellip;]<\/p>\n","protected":false},"author":2,"featured_media":0,"parent":0,"menu_order":0,"comment_status":"closed","ping_status":"closed","template":"","meta":{"footnotes":""},"class_list":["post-2463","page","type-page","status-publish","hentry"],"_links":{"self":[{"href":"https:\/\/transakcija.si\/translovenija\/wp-json\/wp\/v2\/pages\/2463","targetHints":{"allow":["GET"]}}],"collection":[{"href":"https:\/\/transakcija.si\/translovenija\/wp-json\/wp\/v2\/pages"}],"about":[{"href":"https:\/\/transakcija.si\/translovenija\/wp-json\/wp\/v2\/types\/page"}],"author":[{"embeddable":true,"href":"https:\/\/transakcija.si\/translovenija\/wp-json\/wp\/v2\/users\/2"}],"replies":[{"embeddable":true,"href":"https:\/\/transakcija.si\/translovenija\/wp-json\/wp\/v2\/comments?post=2463"}],"version-history":[{"count":11,"href":"https:\/\/transakcija.si\/translovenija\/wp-json\/wp\/v2\/pages\/2463\/revisions"}],"predecessor-version":[{"id":2687,"href":"https:\/\/transakcija.si\/translovenija\/wp-json\/wp\/v2\/pages\/2463\/revisions\/2687"}],"wp:attachment":[{"href":"https:\/\/transakcija.si\/translovenija\/wp-json\/wp\/v2\/media?parent=2463"}],"curies":[{"name":"wp","href":"https:\/\/api.w.org\/{rel}","templated":true}]}}